{"id":13650,"date":"2025-10-11T18:16:47","date_gmt":"2025-10-11T10:16:47","guid":{"rendered":"https:\/\/green-grasshopper-921422.hostingersite.com\/?post_type=product&#038;p=13650"},"modified":"2025-12-15T21:31:04","modified_gmt":"2025-12-15T13:31:04","slug":"sfog-crystal-bar-s85-600-puffs-tpd-vape","status":"publish","type":"product","link":"https:\/\/agoravape.com\/es\/product\/sfog-crystal-bar-s85-600-puffs-tpd-vape\/","title":{"rendered":"SFOG Crystal Bar S85 600 inhalaciones | Sabor compatible con TPD en una barra econ\u00f3mica"},"content":{"rendered":"<h2 data-v-md-heading=\"what-about-the-sfog-crystal-bar-s85-600-mouth-vape-that-meets-tpd-standards\" data-v-md-line=\"3\">\u00bfQu\u00e9 pasa con el vaporizador de boca SFOG Crystal Bar S85 600 que cumple con los est\u00e1ndares TPD?<\/h2>\n<p data-v-md-line=\"4\">Si buscas un vaporizador desechable sencillo y f\u00e1cil de usar, el SFOG Crystal Bar S85 es la opci\u00f3n ideal. Utiliza un tanque de 2 ml con sales de nicotina al 2 % (20 mg\/ml) y ofrece hasta 600 caladas. Sin botones, f\u00e1cil y pr\u00e1ctico. Disfruta de una experiencia de humo limpia y estable que se adapta a tus necesidades.<\/p>\n<p data-v-md-line=\"6\">Si buscas un sabor confiable en cualquier momento y lugar, este es tu elecci\u00f3n ideal. Este vaporizador es compacto, con solo 17 x 17 x 104 mil\u00edmetros, lo que lo hace f\u00e1cil de llevar en cualquier bolsillo. Quiz\u00e1s pienses que un vaporizador de 600 caladas es delgado, pero sus 50 gramos te brindan tranquilidad y no te har\u00e1n sentir pesado en absoluto.<\/p>\n<h2 data-v-md-heading=\"excellent-performance-easy-and-convenient\" data-v-md-line=\"8\">Excellent performance, easy and convenient<\/h2>\n<p data-v-md-line=\"9\">La resistencia de malla de 1.2 \u03a9 integrada garantiza un sabor consistente desde el primer bocado hasta el \u00faltimo. La resistencia de malla calienta el e-l\u00edquido de manera uniforme, garantizando que cada bocado sea tan delicioso como el anterior. Inhala para activarlo; simplemente inhala suavemente para activarlo. No necesitas ajustar la configuraci\u00f3n; es f\u00e1cil de usar.<\/p>\n<h2 data-v-md-heading=\"specification-introduction\" data-v-md-line=\"11\">Specification Introduction<\/h2>\n<ul data-v-md-line=\"12\">\n<li>Frecuencia de succi\u00f3n: hasta 600 veces<\/li>\n<li>Nicotina: 2% (20 mg\/mL) de sal de nicotina<\/li>\n<li>Working principle: Activated by inhalation<\/li>\n<li>Carga: No necesita carga (una sola vez, no recargable)<\/li>\n<li>Status: Ready to use upon unboxing<\/li>\n<\/ul>\n<h2 data-v-md-heading=\"full-range-of-flavors\" data-v-md-line=\"18\">Gama completa de sabores<\/h2>\n<ul data-v-md-line=\"19\">\n<li>Triple Mango<\/li>\n<li>Mel\u00f3n triple dulce<\/li>\n<li>Cereza burbuja<\/li>\n<li>Watermelon Ice<\/li>\n<li>Coca Cola<\/li>\n<li>Lemon and lime<\/li>\n<li>Hielo azul loco<\/li>\n<li>Hielo de pi\u00f1a<\/li>\n<li>Strawberry kiwi fruit<\/li>\n<li>Hielo de mentol<\/li>\n<li>Red Bull de fresa<\/li>\n<li>Sue\u00f1os de verano<\/li>\n<li>Hielo gomoso blanco<\/li>\n<li>Peach Ice<\/li>\n<li>Cherry Cola<\/li>\n<\/ul>\n<h2 data-v-md-heading=\"for-you-for-your-business\" data-v-md-line=\"35\">For you, for your business<\/h2>\n<p data-v-md-line=\"36\">Puede comprar la Barra de Cristal SFOG S85 por separado para uso personal o guardarla en su tienda. Ofrecemos 300 cajas de cart\u00f3n al por mayor y opciones de expositores. Trabajamos con socios de confianza como UPS, DPD y DHL para realizar env\u00edos DDP, lo que permite procesar los aranceles con antelaci\u00f3n y evitar problemas aduaneros.<\/p>\n<p data-v-md-line=\"38\">El S85 cumple plenamente con las normas TPD y se vende en Europa con una capacidad de 2 mililitros y un contenido de sales de nicotina de 20 miligramos. Si busca un cartucho desechable de 600 paquetes con el que los clientes ya est\u00e1n familiarizados, este producto se puede a\u00f1adir f\u00e1cilmente a cualquier estante.<\/p>\n<h2 data-v-md-heading=\"why-do-you-like-it\" data-v-md-line=\"40\">Why do you like it<\/h2>\n<ul data-v-md-line=\"41\">\n<li>Succi\u00f3n masiva: hasta 600 bocanadas significan menos recargas y compras de \u00faltimo momento.<\/li>\n<li>Sal de nicotina que cumple con los est\u00e1ndares TPD: 20 mg de sal de nicotina suave, con un sabor completo y sin sensaci\u00f3n picante.<\/li>\n<li>No necesita cargarse: simplemente rec\u00f3jalo y \u00faselo. Termine su uso en cuanto se agote.<\/li>\n<li>Bobina de malla: proporciona un sabor consistente y una experiencia de succi\u00f3n confiable en todo momento.<\/li>\n<\/ul>\n<h2 data-v-md-heading=\"why-collaborate-with-agoravape\" data-v-md-line=\"46\">Why collaborate with AgoraVape?<\/h2>\n<p data-v-md-line=\"47\">Solo vendemos productos 100 % genuinos de canales confiables que cumplen con los est\u00e1ndares TPD. Disfrutar\u00e1 de precios al por mayor con descuento, atenci\u00f3n al cliente eficiente y entregas r\u00e1pidas DDP dentro de la Uni\u00f3n Europea y el Reino Unido. Realizamos una estricta verificaci\u00f3n de edad en los puntos de venta y establecemos pol\u00edticas claras de devoluci\u00f3n y reembolso. \u00bfDesea comprar vaporizadores SFOG Crystal Bar S85 600 que cumplan con los est\u00e1ndares TPD? Cont\u00e1ctenos y seleccionaremos una gama de productos de vapeo que le encantar\u00e1n.<\/p>","protected":false},"excerpt":{"rendered":"<p>What about the SFOG Crystal Bar S85 600 mouth vape that meets TPD standards? If you want a simple and<\/p>","protected":false},"featured_media":13676,"comment_status":"open","ping_status":"closed","template":"","meta":[],"product_brand":[208],"product_cat":[124,189,176,174,175,193,135,181,173,186,180,190],"product_tag":[],"class_list":{"0":"post-13650","1":"product","2":"type-product","3":"status-publish","4":"has-post-thumbnail","6":"product_brand-sfog","7":"product_cat-vape-by-brand","8":"product_cat-20mg-standard-nicotine-vapes","9":"product_cat-beverage","10":"product_cat-fruit-flavors","11":"product_cat-icy-mint","12":"product_cat-mesh-coil","13":"product_cat-sfog","14":"product_cat-up-to-600-puffs-tpd-compliant","15":"product_cat-vape-by-flavor-profile","16":"product_cat-vape-by-nicotine-strength","17":"product_cat-vape-by-puff-count","18":"product_cat-vape-by-feature-or-type","20":"first","21":"instock","22":"shipping-taxable","23":"purchasable","24":"product-type-variable","25":"has-default-attributes"},"tiered_pricing_type":"percentage","tiered_pricing_fixed_rules":[],"tiered_pricing_product_settings":{"layout":"default","base_unit_name":{"singular":null,"plural":null},"default_variation":null},"tiered_pricing_minimum_quantity":10,"tiered_pricing_roles_data":[],"tiered_pricing_percentage_rules":{"30":"29","50":"35","100":"40","200":"44","500":"47","1000":"49"},"tiered_pricing_maximum_quantity":null,"tiered_pricing_quantity_step":"10","_links":{"self":[{"href":"https:\/\/agoravape.com\/es\/wp-json\/wp\/v2\/product\/13650","targetHints":{"allow":["GET"]}}],"collection":[{"href":"https:\/\/agoravape.com\/es\/wp-json\/wp\/v2\/product"}],"about":[{"href":"https:\/\/agoravape.com\/es\/wp-json\/wp\/v2\/types\/product"}],"replies":[{"embeddable":true,"href":"https:\/\/agoravape.com\/es\/wp-json\/wp\/v2\/comments?post=13650"}],"version-history":[{"count":0,"href":"https:\/\/agoravape.com\/es\/wp-json\/wp\/v2\/product\/13650\/revisions"}],"wp:featuredmedia":[{"embeddable":true,"href":"https:\/\/agoravape.com\/es\/wp-json\/wp\/v2\/media\/13676"}],"wp:attachment":[{"href":"https:\/\/agoravape.com\/es\/wp-json\/wp\/v2\/media?parent=13650"}],"wp:term":[{"taxonomy":"product_brand","embeddable":true,"href":"https:\/\/agoravape.com\/es\/wp-json\/wp\/v2\/product_brand?post=13650"},{"taxonomy":"product_cat","embeddable":true,"href":"https:\/\/agoravape.com\/es\/wp-json\/wp\/v2\/product_cat?post=13650"},{"taxonomy":"product_tag","embeddable":true,"href":"https:\/\/agoravape.com\/es\/wp-json\/wp\/v2\/product_tag?post=13650"}],"curies":[{"name":"wp","href":"https:\/\/api.w.org\/{rel}","templated":true}]}}