{"id":13732,"date":"2025-10-11T21:10:03","date_gmt":"2025-10-11T13:10:03","guid":{"rendered":"https:\/\/green-grasshopper-921422.hostingersite.com\/?post_type=product&#038;p=13732"},"modified":"2026-01-19T22:07:30","modified_gmt":"2026-01-19T14:07:30","slug":"fihp-12000-puffs-led-display-vape","status":"publish","type":"product","link":"https:\/\/agoravape.com\/es\/product\/fihp-12000-puffs-led-display-vape\/","title":{"rendered":"FIHP 12000 Puffs - Vapeo con pantalla LED y resistencia de malla | Sabor duradero con control sencillo"},"content":{"rendered":"<h2 data-v-md-heading=\"what-are-the-advantages-of-fihp-12000-led-display-screen-mesh-coil-electronic-cigarettes\" data-v-md-line=\"3\"><img loading=\"lazy\" decoding=\"async\" class=\"size-full wp-image-13746 alignright\" src=\"https:\/\/agoravape.com\/wp-content\/uploads\/2025\/10\/FIHP-12000-Puffs-LED-Display-Mesh-Coil-Vape_Agora_vape-1.webp\" alt=\"\" width=\"800\" height=\"800\" srcset=\"https:\/\/agoravape.com\/wp-content\/uploads\/2025\/10\/FIHP-12000-Puffs-LED-Display-Mesh-Coil-Vape_Agora_vape-1.webp 800w, https:\/\/agoravape.com\/wp-content\/uploads\/2025\/10\/FIHP-12000-Puffs-LED-Display-Mesh-Coil-Vape_Agora_vape-1-600x600.webp 600w, https:\/\/agoravape.com\/wp-content\/uploads\/2025\/10\/FIHP-12000-Puffs-LED-Display-Mesh-Coil-Vape_Agora_vape-1-300x300.webp 300w, https:\/\/agoravape.com\/wp-content\/uploads\/2025\/10\/FIHP-12000-Puffs-LED-Display-Mesh-Coil-Vape_Agora_vape-1-150x150.webp 150w, https:\/\/agoravape.com\/wp-content\/uploads\/2025\/10\/FIHP-12000-Puffs-LED-Display-Mesh-Coil-Vape_Agora_vape-1-768x768.webp 768w\" sizes=\"auto, (max-width: 800px) 100vw, 800px\" \/><\/h2>\n<h2 data-v-md-heading=\"what-are-the-advantages-of-fihp-12000-led-display-screen-mesh-coil-electronic-cigarettes\" data-v-md-line=\"3\">\u00bfCu\u00e1les son las ventajas de los cigarrillos electr\u00f3nicos de bobina de malla con pantalla LED FIHP 12000?<\/h2>\n<p data-v-md-line=\"4\">Si est\u00e1s cansado de cambiar de vaporizador cada pocos d\u00edas, este producto te simplificar\u00e1 la vida. El FIHP 12000 ofrece hasta 12\u00a0000 puertos, una resistencia de malla para una succi\u00f3n suave y una pantalla LED para una f\u00e1cil visibilidad. No te preocupes, simplemente c\u00f3gelo y disfr\u00fatalo.<\/p>\n<p data-v-md-line=\"6\">Es ideal para quienes buscan un sabor estable y una bater\u00eda de larga duraci\u00f3n sin necesidad de configuraciones complejas. Quieren una experiencia limpia y consistente en cualquier momento y lugar. Este producto satisface sus necesidades.<\/p>\n<h2 data-v-md-heading=\"excellent-performance-easy-and-convenient\" data-v-md-line=\"8\">Excellent performance, easy and convenient<\/h2>\n<p data-v-md-line=\"9\">La bobina de malla de 1.0 \u03a9 garantiza un sabor consistente. Esto significa que el sabor del primer y el \u00faltimo bocado es casi id\u00e9ntico. Quiz\u00e1s pienses que el olor de los dispositivos de alta succi\u00f3n se desvanecer\u00e1 gradualmente, pero la bobina de malla se mantiene estable. Cuando la bater\u00eda est\u00e9 baja, puedes usar un cable de datos tipo C para cargarlo. Este podr\u00eda ser el mismo cable que usas en tu tel\u00e9fono. Es muy sencillo.<\/p>\n<h2 data-v-md-heading=\"specification-introduction\" data-v-md-line=\"11\">Specification Introduction<\/h2>\n<ul data-v-md-line=\"12\">\n<li>Frecuencia de succi\u00f3n: hasta 12000 veces<\/li>\n<li>Contenido de nicotina: est\u00e1ndar 2% (20 mg\/mL); los pedidos de marca privada pueden proporcionar un contenido de nicotina del 5%.<\/li>\n<li>Capacidad de e-l\u00edquido: 20 mililitros<\/li>\n<li>M\u00e9todo de activaci\u00f3n: Se puede utilizar sin configuraci\u00f3n.<\/li>\n<li>M\u00e9todo de carga: Interfaz USB tipo C<\/li>\n<li>Estado: Aceite prellenado, recargable<\/li>\n<\/ul>\n<h2 data-v-md-heading=\"complete-flavor-series\" data-v-md-line=\"19\">Serie completa de sabores<\/h2>\n<ul data-v-md-line=\"20\">\n<li>Rico y refrescante<\/li>\n<li>Las uvas son refrescantes<\/li>\n<li>Cereza<\/li>\n<li>Blueberries and raspberries<\/li>\n<li>Strawberry kiwi fruit<\/li>\n<li>Mixed berries<\/li>\n<li>Sand\u00eda fresa<\/li>\n<li>Chicle de sand\u00eda<\/li>\n<li>Melocot\u00f3n, mango, pi\u00f1a<\/li>\n<li>Kiwi, passion fruit, guava<\/li>\n<\/ul>\n<h2 data-v-md-heading=\"for-you-and-your-business\" data-v-md-line=\"31\">For you and your business<\/h2>\n<p data-v-md-line=\"32\">\u00bfLo compras para ti? Recibir\u00e1s un vaporizador de larga duraci\u00f3n con un sabor estable y carga r\u00e1pida. F\u00e1cil de usar. \u00bfQuieres tenerlo en tu tienda? Ofrecemos paquetes al por mayor de 200 unidades por caja. El peso de la caja de cart\u00f3n es de 17,5 kg, lo que facilita el almacenamiento y el transporte.<\/p>\n<p data-v-md-line=\"34\">Colaboramos con socios de confianza como UPS, DPD y DHL para utilizar el transporte DDP (Entrega con Derechos Pagados) y garantizar un despacho de aduanas sin contratiempos para sus mercanc\u00edas. Usted puede centrarse en las ventas y nosotros nos encargamos de la documentaci\u00f3n pertinente.<\/p>\n<h2 data-v-md-heading=\"why-do-you-like-it\" data-v-md-line=\"36\">Why do you like it<\/h2>\n<ul data-v-md-line=\"37\">\n<li>M\u00faltiples ciclos de succi\u00f3n: mayor vida \u00fatil, sin necesidad de reemplazo frecuente del equipo.<\/li>\n<li>Selecci\u00f3n del contenido de nicotina: el uso diario puede elegir el 2% de nicotina, mientras que las marcas privadas pueden elegir el 5% de nicotina.<\/li>\n<li>Recargable: 20ml de nicotina, aprovecha hasta la \u00faltima gota.<\/li>\n<li>N\u00facleo atomizador de malla: mantiene un sabor consistente con cada succi\u00f3n.<\/li>\n<\/ul>\n<h2 data-v-md-heading=\"why-choose-to-collaborate-with-agoravape\" data-v-md-line=\"42\">Why choose to collaborate with AgoraVape?<\/h2>\n<p data-v-md-line=\"43\">Solo suministramos productos 100 % originales de nuestras marcas de confianza. Los clientes empresariales que compren cigarrillos electr\u00f3nicos FIHP 12000 con pantalla LED y bobina de malla disfrutar\u00e1n de descuentos al por mayor, atenci\u00f3n al cliente r\u00e1pida y un servicio de entrega r\u00e1pido y fiable. Cont\u00e1ctenos para conseguir un dispositivo que valga la pena recomprar para sus clientes.<\/p>\n<p data-v-md-line=\"43\"><img loading=\"lazy\" decoding=\"async\" class=\"aligncenter size-full wp-image-13747\" src=\"https:\/\/agoravape.com\/wp-content\/uploads\/2025\/10\/FIHP-12000-Puffs-LED-Display-Mesh-Coil-Vape_Agora_vape-2.webp\" alt=\"\" width=\"800\" height=\"800\" srcset=\"https:\/\/agoravape.com\/wp-content\/uploads\/2025\/10\/FIHP-12000-Puffs-LED-Display-Mesh-Coil-Vape_Agora_vape-2.webp 800w, https:\/\/agoravape.com\/wp-content\/uploads\/2025\/10\/FIHP-12000-Puffs-LED-Display-Mesh-Coil-Vape_Agora_vape-2-600x600.webp 600w, https:\/\/agoravape.com\/wp-content\/uploads\/2025\/10\/FIHP-12000-Puffs-LED-Display-Mesh-Coil-Vape_Agora_vape-2-300x300.webp 300w, https:\/\/agoravape.com\/wp-content\/uploads\/2025\/10\/FIHP-12000-Puffs-LED-Display-Mesh-Coil-Vape_Agora_vape-2-150x150.webp 150w, https:\/\/agoravape.com\/wp-content\/uploads\/2025\/10\/FIHP-12000-Puffs-LED-Display-Mesh-Coil-Vape_Agora_vape-2-768x768.webp 768w\" sizes=\"auto, (max-width: 800px) 100vw, 800px\" \/><\/p>","protected":false},"excerpt":{"rendered":"<p>\u00bfCu\u00e1les son las ventajas de FIHP 12000 LED pantalla de malla de los cigarrillos electr\u00f3nicos de bobina? Si est\u00e1 cansado de cambiar su<\/p>","protected":false},"featured_media":13757,"comment_status":"open","ping_status":"closed","template":"","meta":[],"product_brand":[209],"product_cat":[124,185,1634,189,177,136,174,175,193,191,173,186,180,190,192],"product_tag":[],"class_list":{"0":"post-13732","1":"product","2":"type-product","3":"status-publish","4":"has-post-thumbnail","6":"product_brand-fihp","7":"product_cat-vape-by-brand","8":"product_cat-10000-puffs-high-capacity","9":"product_cat-12000-puffs","10":"product_cat-20mg-standard-nicotine-vapes","11":"product_cat-dessert-sweets","12":"product_cat-fihp","13":"product_cat-fruit-flavors","14":"product_cat-icy-mint","15":"product_cat-mesh-coil","16":"product_cat-rechargeable-disposables","17":"product_cat-vape-by-flavor-profile","18":"product_cat-vape-by-nicotine-strength","19":"product_cat-vape-by-puff-count","20":"product_cat-vape-by-feature-or-type","21":"product_cat-vapes-with-screens","23":"first","24":"onbackorder","25":"shipping-taxable","26":"purchasable","27":"product-type-variable","28":"has-default-attributes"},"tiered_pricing_type":"percentage","tiered_pricing_fixed_rules":[],"tiered_pricing_product_settings":{"layout":"default","base_unit_name":{"singular":null,"plural":null},"default_variation":null},"tiered_pricing_minimum_quantity":10,"tiered_pricing_roles_data":[],"tiered_pricing_percentage_rules":{"50":"35","100":"40","200":"44","500":"47","1000":"49"},"tiered_pricing_maximum_quantity":null,"tiered_pricing_quantity_step":"10","_links":{"self":[{"href":"https:\/\/agoravape.com\/es\/wp-json\/wp\/v2\/product\/13732","targetHints":{"allow":["GET"]}}],"collection":[{"href":"https:\/\/agoravape.com\/es\/wp-json\/wp\/v2\/product"}],"about":[{"href":"https:\/\/agoravape.com\/es\/wp-json\/wp\/v2\/types\/product"}],"replies":[{"embeddable":true,"href":"https:\/\/agoravape.com\/es\/wp-json\/wp\/v2\/comments?post=13732"}],"version-history":[{"count":0,"href":"https:\/\/agoravape.com\/es\/wp-json\/wp\/v2\/product\/13732\/revisions"}],"wp:featuredmedia":[{"embeddable":true,"href":"https:\/\/agoravape.com\/es\/wp-json\/wp\/v2\/media\/13757"}],"wp:attachment":[{"href":"https:\/\/agoravape.com\/es\/wp-json\/wp\/v2\/media?parent=13732"}],"wp:term":[{"taxonomy":"product_brand","embeddable":true,"href":"https:\/\/agoravape.com\/es\/wp-json\/wp\/v2\/product_brand?post=13732"},{"taxonomy":"product_cat","embeddable":true,"href":"https:\/\/agoravape.com\/es\/wp-json\/wp\/v2\/product_cat?post=13732"},{"taxonomy":"product_tag","embeddable":true,"href":"https:\/\/agoravape.com\/es\/wp-json\/wp\/v2\/product_tag?post=13732"}],"curies":[{"name":"wp","href":"https:\/\/api.w.org\/{rel}","templated":true}]}}