{"id":13762,"date":"2025-10-11T21:27:21","date_gmt":"2025-10-11T13:27:21","guid":{"rendered":"https:\/\/green-grasshopper-921422.hostingersite.com\/?post_type=product&#038;p=13762"},"modified":"2026-01-19T22:07:25","modified_gmt":"2026-01-19T14:07:25","slug":"fihp-15000-puffs-led-display-vape","status":"publish","type":"product","link":"https:\/\/agoravape.com\/es\/product\/fihp-15000-puffs-led-display-vape\/","title":{"rendered":"Vape desechable FIHP con pantalla LED de 15000 caladas | Grandes caladas. Pantalla clara. Sin complicaciones."},"content":{"rendered":"<h2 data-v-md-heading=\"what-about-disposable-vapes-with-fihp-15000-led-display-screens\" data-v-md-line=\"3\"><\/h2>\n<h2 data-v-md-heading=\"what-about-disposable-vapes-with-fihp-15000-led-display-screens\" data-v-md-line=\"3\">\u00bfQu\u00e9 pasa con los vapes desechables con pantallas LED FIHP 15000?<\/h2>\n<p data-v-md-line=\"4\">Si est\u00e1s cansado de los vaporizadores desechables que se agotan cuando m\u00e1s los necesitas, sin duda querr\u00e1s echarle un vistazo a este producto. El vaporizador desechable FIHP con pantalla LED de 15\u00a0000 puertos est\u00e1 dise\u00f1ado para un uso prolongado. Es f\u00e1cil de usar, tiene un rendimiento fiable, un sabor excelente y no requiere ninguna intervenci\u00f3n.<\/p>\n<p data-v-md-line=\"6\">Si buscas un vaporizador desechable de gran capacidad y f\u00e1cil de usar, este producto es la mejor opci\u00f3n. Sin botones ni men\u00fas, solo una suave succi\u00f3n. Quiz\u00e1s pienses que un vaporizador de tanta capacidad es voluminoso, pero sorprendentemente, es muy asequible.<\/p>\n<h2 data-v-md-heading=\"excellent-performance-no-need-for-any-operation\" data-v-md-line=\"8\">Excelente rendimiento, sin necesidad de ninguna operaci\u00f3n.<\/h2>\n<p data-v-md-line=\"9\">La bobina de malla mantiene un sabor limpio y consistente desde el primer bocado hasta el \u00faltimo. No sentir\u00e1 olor a quemado durante una semana de uso. Su bater\u00eda recargable de 650 mAh con interfaz tipo C facilita la carga del tel\u00e9fono con un cable de carga. La pantalla LED es n\u00edtida a simple vista, lo que le permite tener todo bajo control en todo momento.<\/p>\n<h2 data-v-md-heading=\"specification-overview\" data-v-md-line=\"11\">Specification Overview<\/h2>\n<ul data-v-md-line=\"12\">\n<li>Suction frequency: up to 15000 times<\/li>\n<li>Contenido de nicotina: 2 %. Las marcas blancas pueden disfrutar de un descuento del 5 %, pero deben cumplir con la normativa local.<\/li>\n<li>Working principle: Activated by inhalation<\/li>\n<li>Charging: Standard Type-C USB interface<\/li>\n<li>Status: Ready to use out of the box<\/li>\n<\/ul>\n<p data-v-md-line=\"18\">Otros detalles:<\/p>\n<ul data-v-md-line=\"19\">\n<li>Coil: Mesh coil<\/li>\n<li>E-liquid capacity: 22 milliliters<\/li>\n<li>Battery: 650mAh<\/li>\n<li>Funci\u00f3n: Pantalla LED<\/li>\n<\/ul>\n<h2 data-v-md-heading=\"full-range-of-flavors\" data-v-md-line=\"25\">Gama completa de sabores<\/h2>\n<ul data-v-md-line=\"26\">\n<li>Se\u00f1or Azul<\/li>\n<li>Pista de hielo azul<\/li>\n<li>Watermelon Ice<\/li>\n<li>bebidas energ\u00e9ticas<\/li>\n<li>Grape Ice<\/li>\n<li>Peach Ice<\/li>\n<li>Kiwi, passion fruit, guava<\/li>\n<li>Strawberry kiwi fruit<\/li>\n<li>Melocot\u00f3n, mango, pi\u00f1a<\/li>\n<li>Fresa, frambuesa, cereza<\/li>\n<\/ul>\n<h2 data-v-md-heading=\"for-you-for-your-business\" data-v-md-line=\"37\">For you, for your business<\/h2>\n<p data-v-md-line=\"38\">Puede elegir con confianza y tambi\u00e9n comprar para sus estantes. Ofrecemos cajas al por mayor de 200 unidades por caja, lo que le permite tener los sabores m\u00e1s populares a mano en cualquier momento sin necesidad de reabastecimiento frecuente. Trabajamos con socios de confianza como UPS, DPD y DHL para realizar env\u00edos con entrega con derechos pagados (DDP), lo que significa que no tendr\u00e1 que pagar aranceles aduaneros ni se encontrar\u00e1 con imprevistos en la aduana.<\/p>\n<h2 data-v-md-heading=\"why-do-you-like-it\" data-v-md-line=\"40\">Why do you like it<\/h2>\n<ul data-v-md-line=\"41\">\n<li>Gran capacidad para fumar: duradero y de larga duraci\u00f3n, sin necesidad de comprar cigarrillos nuevos con frecuencia.<\/li>\n<li>Selecci\u00f3n de concentraci\u00f3n de nicotina: Elija la concentraci\u00f3n que se adapte a su mercado o preferencia<\/li>\n<li>Recargable: Puedes utilizar todos los e-l\u00edquidos adquiridos<\/li>\n<li>N\u00facleo atomizador de malla: puede brindar un sabor estable y duradero en todo momento.<\/li>\n<li>Pantalla LED: estado claro de un vistazo, lo que le permite realizar un seguimiento del estado actual en cualquier momento<\/li>\n<\/ul>\n<h2 data-v-md-heading=\"why-choose-agoravape\" data-v-md-line=\"47\">\u00bfPor qu\u00e9 elegir AgoraVape?<\/h2>\n<p data-v-md-line=\"48\">Solo vendemos productos 100% originales y no tenemos ninguna duda al respecto. Los clientes comerciales pueden disfrutar de precios al por mayor altamente competitivos, soporte confiable y un servicio de env\u00edo r\u00e1pido y confiable para su vaporizador desechable FIHP 15000 con pantalla LED. Si desea adquirir un dispositivo que sus clientes realmente apreciar\u00e1n, cont\u00e1ctenos.<\/p>","protected":false},"excerpt":{"rendered":"<p>\u00bfQu\u00e9 le parecen los vapeadores desechables con pantallas LED FIHP 15000? Si est\u00e1 cansado de los vapeadores desechables que se utilizan<\/p>","protected":false},"featured_media":13784,"comment_status":"open","ping_status":"closed","template":"","meta":[],"product_brand":[209],"product_cat":[124,185,1635,189,176,136,174,175,193,191,173,186,180,190,192],"product_tag":[],"class_list":{"0":"post-13762","1":"product","2":"type-product","3":"status-publish","4":"has-post-thumbnail","6":"product_brand-fihp","7":"product_cat-vape-by-brand","8":"product_cat-10000-puffs-high-capacity","9":"product_cat-15000-puffs","10":"product_cat-20mg-standard-nicotine-vapes","11":"product_cat-beverage","12":"product_cat-fihp","13":"product_cat-fruit-flavors","14":"product_cat-icy-mint","15":"product_cat-mesh-coil","16":"product_cat-rechargeable-disposables","17":"product_cat-vape-by-flavor-profile","18":"product_cat-vape-by-nicotine-strength","19":"product_cat-vape-by-puff-count","20":"product_cat-vape-by-feature-or-type","21":"product_cat-vapes-with-screens","23":"first","24":"onbackorder","25":"shipping-taxable","26":"purchasable","27":"product-type-variable","28":"has-default-attributes"},"tiered_pricing_type":"percentage","tiered_pricing_fixed_rules":[],"tiered_pricing_product_settings":{"layout":"default","base_unit_name":{"singular":null,"plural":null},"default_variation":null},"tiered_pricing_minimum_quantity":10,"tiered_pricing_roles_data":[],"tiered_pricing_percentage_rules":{"50":"35","100":"40","200":"44","500":"47","1000":"49"},"tiered_pricing_maximum_quantity":null,"tiered_pricing_quantity_step":"10","_links":{"self":[{"href":"https:\/\/agoravape.com\/es\/wp-json\/wp\/v2\/product\/13762","targetHints":{"allow":["GET"]}}],"collection":[{"href":"https:\/\/agoravape.com\/es\/wp-json\/wp\/v2\/product"}],"about":[{"href":"https:\/\/agoravape.com\/es\/wp-json\/wp\/v2\/types\/product"}],"replies":[{"embeddable":true,"href":"https:\/\/agoravape.com\/es\/wp-json\/wp\/v2\/comments?post=13762"}],"version-history":[{"count":0,"href":"https:\/\/agoravape.com\/es\/wp-json\/wp\/v2\/product\/13762\/revisions"}],"wp:featuredmedia":[{"embeddable":true,"href":"https:\/\/agoravape.com\/es\/wp-json\/wp\/v2\/media\/13784"}],"wp:attachment":[{"href":"https:\/\/agoravape.com\/es\/wp-json\/wp\/v2\/media?parent=13762"}],"wp:term":[{"taxonomy":"product_brand","embeddable":true,"href":"https:\/\/agoravape.com\/es\/wp-json\/wp\/v2\/product_brand?post=13762"},{"taxonomy":"product_cat","embeddable":true,"href":"https:\/\/agoravape.com\/es\/wp-json\/wp\/v2\/product_cat?post=13762"},{"taxonomy":"product_tag","embeddable":true,"href":"https:\/\/agoravape.com\/es\/wp-json\/wp\/v2\/product_tag?post=13762"}],"curies":[{"name":"wp","href":"https:\/\/api.w.org\/{rel}","templated":true}]}}