{"id":13804,"date":"2025-10-11T21:39:53","date_gmt":"2025-10-11T13:39:53","guid":{"rendered":"https:\/\/green-grasshopper-921422.hostingersite.com\/?post_type=product&#038;p=13804"},"modified":"2026-02-22T15:15:12","modified_gmt":"2026-02-22T14:15:12","slug":"fihp-shisha-hookah-12000-bocanadas-dtl-vape","status":"publish","type":"product","link":"https:\/\/agoravape.com\/es\/product\/fihp-shisha-hookah-12000-puffs-dtl-vape\/","title":{"rendered":"FIHP Shisha Hookah 12000 Puffs DTL LED Vape | Long-Lasting DTL Flavour with Easy USB-C Charging"},"content":{"rendered":"<h2 data-v-md-heading=\"what-are-the-highlights-of-the-fihp-shisha-hookah-12000-dtl-led-vape\" data-v-md-line=\"3\"><\/h2>\n<h2 data-v-md-heading=\"what-are-the-highlights-of-the-fihp-shisha-hookah-12000-dtl-led-vape\" data-v-md-line=\"3\">\u00bfCu\u00e1les son los aspectos m\u00e1s destacados del vaporizador FIHP Shisha Hookah 12000 DTL LED?<\/h2>\n<p data-v-md-line=\"4\">Si est\u00e1s cansado de los vaporizadores desechables que se agotan justo despu\u00e9s de fumar, te recomendamos este producto. La shisha FIHP ofrece hasta 12\u00a0000 puertos y su succi\u00f3n DTL es suave, lo que permite obtener un vapor delicioso sin necesidad de usarla.<\/p>\n<p data-v-md-line=\"6\">Es ideal para quienes buscan un vapeo duradero, pr\u00e1ctico y consistente, adem\u00e1s de f\u00e1cil de usar. No requiere ajustes ni botones. Simplemente inhala limpiamente, con una pantalla LED clara y carga confiable cuando la necesites.<\/p>\n<h2 data-v-md-heading=\"excellent-performance-without-any-complex-operations\" data-v-md-line=\"8\">Excelente rendimiento sin operaciones complejas.<\/h2>\n<p data-v-md-line=\"9\">La bobina de malla se encuentra en el n\u00facleo del dispositivo, lo que hace que cada bocado sea tan delicioso como el primero. Mantiene un sabor distintivo y equilibrado. Cuando la bater\u00eda se agota, no se necesita un cable de datos especial. Simplemente con\u00e9ctalo a un cargador tipo C est\u00e1ndar para seguir us\u00e1ndolo. F\u00e1cil de usar.<\/p>\n<h2 data-v-md-heading=\"specification-overview\" data-v-md-line=\"11\">Specification Overview<\/h2>\n<ul data-v-md-line=\"12\">\n<li>Frecuencia de succi\u00f3n: hasta 12000 veces<\/li>\n<li>Contenido de nicotina: 6 miligramos<\/li>\n<li>Working principle: Activate with just one puff<\/li>\n<li>M\u00e9todo de carga: puerto USB tipo C est\u00e1ndar<\/li>\n<li>Status: Ready to use upon unboxing<\/li>\n<\/ul>\n<h2 data-v-md-heading=\"full-range-of-flavors\" data-v-md-line=\"18\">Gama completa de sabores<\/h2>\n<ul data-v-md-line=\"19\">\n<li>Watermelon Ice<\/li>\n<li>Grape Ice<\/li>\n<li>Blueberries and raspberries<\/li>\n<li>Strawberry kiwi fruit<\/li>\n<li>Mixed berries<\/li>\n<li>Sand\u00eda fresa<\/li>\n<li>Chicle de sand\u00eda<\/li>\n<li>Melocot\u00f3n Mang Pi\u00f1a<\/li>\n<li>Kiwi, passion fruit, guava<\/li>\n<li>Fresa, frambuesa, cereza<\/li>\n<\/ul>\n<h2 data-v-md-heading=\"for-you-for-your-business\" data-v-md-line=\"30\">For you, for your business<\/h2>\n<p data-v-md-line=\"31\">Puede elegir uno para usted o abastecerlo para su tienda. Se venden en cajas al por mayor, con 200 unidades por caja, lo que facilita su almacenamiento y transporte. El peso total de la caja de cart\u00f3n es de aproximadamente 20 kilogramos, lo que simplifica su planificaci\u00f3n log\u00edstica.<\/p>\n<p data-v-md-line=\"33\">Ofrecemos servicios DDP con impuestos pagados a trav\u00e9s de socios de confianza como UPS, DPD y DHL, con env\u00edos a toda Europa para garantizar una entrega sin problemas de su pedido y evitar problemas aduaneros. Si vende productos con nicotina, aseg\u00farese de cumplir con la normativa local de su mercado.<\/p>\n<h2 data-v-md-heading=\"why-do-you-like-it\" data-v-md-line=\"35\">Why do you like it<\/h2>\n<ul data-v-md-line=\"36\">\n<li>Gran capacidad de succi\u00f3n: duradera y de larga duraci\u00f3n, sin necesidad de reemplazo frecuente.<\/li>\n<li>Selecci\u00f3n de concentraci\u00f3n de nicotina: si prefiere un sabor m\u00e1s suave, puede elegir una concentraci\u00f3n estable de 6 mg.<\/li>\n<li>Recargable: El e-l\u00edquido que compraste durar\u00e1 hasta que se agote.<\/li>\n<li>Bobina de malla: puede brindar un sabor estable y rico en todo momento.<\/li>\n<li>Succi\u00f3n fina: La succi\u00f3n suave produce un humo natural y suave.<\/li>\n<\/ul>\n<h2 data-v-md-heading=\"why-choose-to-collaborate-with-agoravape\" data-v-md-line=\"42\">Why choose to collaborate with AgoraVape?<\/h2>\n<p data-v-md-line=\"43\">Como uno de los distribuidores de vaporizadores m\u00e1s confiables de Europa, solo vendemos productos 100 % genuinos. Para clientes comerciales, esto significa que los vaporizadores FIHP Shisha Hookah 12000 Puffs DTL LED ofrecen precios al por mayor con descuento, atenci\u00f3n al cliente eficiente y entregas r\u00e1pidas y confiables. Cont\u00e1ctenos y prepare un dispositivo confiable para sus clientes.<\/p>","protected":false},"excerpt":{"rendered":"<p>\u00bfCu\u00e1les son los aspectos m\u00e1s destacados de la FIHP Shisha Hookah 12000 DTL LED vape? Si est\u00e1s cansado de los vapeadores desechables<\/p>","protected":false},"featured_media":13811,"comment_status":"open","ping_status":"closed","template":"","meta":[],"product_brand":[209],"product_cat":[124,185,1634,189,177,136,174,193,191,173,186,180,190,192],"product_tag":[],"class_list":{"0":"post-13804","1":"product","2":"type-product","3":"status-publish","4":"has-post-thumbnail","6":"product_brand-fihp","7":"product_cat-vape-by-brand","8":"product_cat-10000-puffs-high-capacity","9":"product_cat-12000-puffs","10":"product_cat-20mg-standard-nicotine-vapes","11":"product_cat-dessert-sweets","12":"product_cat-fihp","13":"product_cat-fruit-flavors","14":"product_cat-mesh-coil","15":"product_cat-rechargeable-disposables","16":"product_cat-vape-by-flavor-profile","17":"product_cat-vape-by-nicotine-strength","18":"product_cat-vape-by-puff-count","19":"product_cat-vape-by-feature-or-type","20":"product_cat-vapes-with-screens","22":"first","23":"onbackorder","24":"shipping-taxable","25":"purchasable","26":"product-type-variable","27":"has-default-attributes"},"tiered_pricing_type":"percentage","tiered_pricing_fixed_rules":[],"tiered_pricing_product_settings":{"layout":"default","base_unit_name":{"singular":null,"plural":null},"default_variation":null},"tiered_pricing_minimum_quantity":10,"tiered_pricing_roles_data":[],"tiered_pricing_percentage_rules":{"50":"35","100":"40","200":"44","500":"47","1000":"49"},"tiered_pricing_maximum_quantity":null,"tiered_pricing_quantity_step":"10","_links":{"self":[{"href":"https:\/\/agoravape.com\/es\/wp-json\/wp\/v2\/product\/13804","targetHints":{"allow":["GET"]}}],"collection":[{"href":"https:\/\/agoravape.com\/es\/wp-json\/wp\/v2\/product"}],"about":[{"href":"https:\/\/agoravape.com\/es\/wp-json\/wp\/v2\/types\/product"}],"replies":[{"embeddable":true,"href":"https:\/\/agoravape.com\/es\/wp-json\/wp\/v2\/comments?post=13804"}],"version-history":[{"count":0,"href":"https:\/\/agoravape.com\/es\/wp-json\/wp\/v2\/product\/13804\/revisions"}],"wp:featuredmedia":[{"embeddable":true,"href":"https:\/\/agoravape.com\/es\/wp-json\/wp\/v2\/media\/13811"}],"wp:attachment":[{"href":"https:\/\/agoravape.com\/es\/wp-json\/wp\/v2\/media?parent=13804"}],"wp:term":[{"taxonomy":"product_brand","embeddable":true,"href":"https:\/\/agoravape.com\/es\/wp-json\/wp\/v2\/product_brand?post=13804"},{"taxonomy":"product_cat","embeddable":true,"href":"https:\/\/agoravape.com\/es\/wp-json\/wp\/v2\/product_cat?post=13804"},{"taxonomy":"product_tag","embeddable":true,"href":"https:\/\/agoravape.com\/es\/wp-json\/wp\/v2\/product_tag?post=13804"}],"curies":[{"name":"wp","href":"https:\/\/api.w.org\/{rel}","templated":true}]}}