{"id":13830,"date":"2025-10-12T09:58:04","date_gmt":"2025-10-12T01:58:04","guid":{"rendered":"https:\/\/green-grasshopper-921422.hostingersite.com\/?post_type=product&#038;p=13830"},"modified":"2026-01-19T22:07:13","modified_gmt":"2026-01-19T14:07:13","slug":"airmez-matrix-30k-puffs-touch-pad-vape","status":"publish","type":"product","link":"https:\/\/agoravape.com\/es\/product\/airmez-matrix-30k-puffs-touch-pad-vape\/","title":{"rendered":"Airmez Matrix 30.000 bocanadas Touch Pad Dual Mesh Vape | Sabor duradero, f\u00e1cil control"},"content":{"rendered":"<h2 data-v-md-heading=\"what-are-the-highlights-of-the-airmez-matrix-30k-touchpad-dual-mesh-vape\" data-v-md-line=\"3\"><img loading=\"lazy\" decoding=\"async\" class=\"aligncenter size-full wp-image-13842\" src=\"https:\/\/agoravape.com\/wp-content\/uploads\/2025\/10\/Airmez-Matrix-30K-Puffs-Touch-Pad-Dual-Mesh-Vape_Agora_vape-1.webp\" alt=\"\" width=\"2080\" height=\"2080\" srcset=\"https:\/\/agoravape.com\/wp-content\/uploads\/2025\/10\/Airmez-Matrix-30K-Puffs-Touch-Pad-Dual-Mesh-Vape_Agora_vape-1.webp 2080w, https:\/\/agoravape.com\/wp-content\/uploads\/2025\/10\/Airmez-Matrix-30K-Puffs-Touch-Pad-Dual-Mesh-Vape_Agora_vape-1-600x600.webp 600w, https:\/\/agoravape.com\/wp-content\/uploads\/2025\/10\/Airmez-Matrix-30K-Puffs-Touch-Pad-Dual-Mesh-Vape_Agora_vape-1-1200x1200.webp 1200w, https:\/\/agoravape.com\/wp-content\/uploads\/2025\/10\/Airmez-Matrix-30K-Puffs-Touch-Pad-Dual-Mesh-Vape_Agora_vape-1-300x300.webp 300w, https:\/\/agoravape.com\/wp-content\/uploads\/2025\/10\/Airmez-Matrix-30K-Puffs-Touch-Pad-Dual-Mesh-Vape_Agora_vape-1-1024x1024.webp 1024w, https:\/\/agoravape.com\/wp-content\/uploads\/2025\/10\/Airmez-Matrix-30K-Puffs-Touch-Pad-Dual-Mesh-Vape_Agora_vape-1-150x150.webp 150w, https:\/\/agoravape.com\/wp-content\/uploads\/2025\/10\/Airmez-Matrix-30K-Puffs-Touch-Pad-Dual-Mesh-Vape_Agora_vape-1-768x768.webp 768w, https:\/\/agoravape.com\/wp-content\/uploads\/2025\/10\/Airmez-Matrix-30K-Puffs-Touch-Pad-Dual-Mesh-Vape_Agora_vape-1-1536x1536.webp 1536w, https:\/\/agoravape.com\/wp-content\/uploads\/2025\/10\/Airmez-Matrix-30K-Puffs-Touch-Pad-Dual-Mesh-Vape_Agora_vape-1-2048x2048.webp 2048w\" sizes=\"auto, (max-width: 2080px) 100vw, 2080px\" \/><\/h2>\n<h2 data-v-md-heading=\"what-are-the-highlights-of-the-airmez-matrix-30k-touchpad-dual-mesh-vape\" data-v-md-line=\"3\">What are the highlights of the Airmez Matrix 30K touchpad dual mesh vape?<\/h2>\n<p data-v-md-line=\"4\">If you\u2019re tired of the hassle of running out of fuel at once when you first try a certain flavor, then the Airmez Matrix 30K is worth a try. It is designed specifically for those who pursue large mouthfuls, rich flavors, and easy handling.<\/p>\n<p data-v-md-line=\"6\">It is equipped with a sensitive touchpad and a clear 2.1-inch screen, making it easy for you to adjust the air intake and check the battery level. You may feel that vapes with such a large mouth count are a bit bulky, but Matrix is practical enough for daily carrying.<\/p>\n<h2 data-v-md-heading=\"excellent-performance-easy-and-convenient\" data-v-md-line=\"8\">Excellent performance, easy and convenient<\/h2>\n<p data-v-md-line=\"9\">The double mesh coil (1.2 \u03a9) is its key. It can be heated evenly, ensuring a smooth and smooth taste from start to finish with each suction. When the battery is low, simply plug in the Type-C data cable to continue using it. No need for special chargers, saving time and effort.<\/p>\n<h2 data-v-md-heading=\"specification-introduction\" data-v-md-line=\"11\">Specification Introduction<\/h2>\n<ul data-v-md-line=\"12\">\n<li>Suction frequency: up to 30000 times<\/li>\n<li>Nicotine: 5% nicotine salt<\/li>\n<li>Working principle: Activated by inhalation<\/li>\n<li>Charging: Standard Type-C USB interface<\/li>\n<li>Status: Ready to use out of the box<\/li>\n<li>E-liquid capacity: 22 milliliters<\/li>\n<li>Battery: 800 mAh rechargeable battery<\/li>\n<li>Airflow: adjustable through touch screen<\/li>\n<li>Screen: 2.1-inch display screen for easy viewing<\/li>\n<\/ul>\n<h2 data-v-md-heading=\"multiple-flavor-options\" data-v-md-line=\"22\">Multiple flavor options<\/h2>\n<ul data-v-md-line=\"23\">\n<li>Watermelon Ice<\/li>\n<li>Ice blueberries<\/li>\n<li>Blueberries and raspberries<\/li>\n<li>Strawberry Ice<\/li>\n<li>Grape Ice<\/li>\n<li>Mixed berries<\/li>\n<li>Dragon fruit<\/li>\n<li>Strawberry kiwi fruit<\/li>\n<li>Kiwi, passion fruit, guava<\/li>\n<li>Blue acid raspberry<\/li>\n<li>Cherry Cola<\/li>\n<li>Lemon and lime<\/li>\n<\/ul>\n<h2 data-v-md-heading=\"for-you-for-your-business\" data-v-md-line=\"36\">For you, for your business<\/h2>\n<p data-v-md-line=\"37\">You can choose Airmez Matrix 30K for personal use or purchase it for your store. The wholesale packaging is simple. Five display racks form a box, with 200 pieces per box. We ship within Europe via trusted carriers such as UPS, DPD, and DHL via DDP, so the tariffs are covered and there will be no unexpected customs issues.<\/p>\n<p data-v-md-line=\"39\">Regulations vary from country to country. Matrix contains 22 milliliters of e-liquid and 5% nicotine, which may not be allowed in all countries. Please check the local TPD\/TRRP regulations before purchasing or storing. We will conduct age verification on applicable orders and only supply genuine products.<\/p>\n<h2 data-v-md-heading=\"why-do-you-like-it\" data-v-md-line=\"41\">Why do you like it<\/h2>\n<ul data-v-md-line=\"42\">\n<li>Massive suction: No need to change equipment, you can have more time to enjoy your taste.<\/li>\n<li>High concentration nicotine option: 5% nicotine salt, providing a rich and satisfying smoking experience.<\/li>\n<li>Rechargeable: Use the Type-C interface to use all the e-liquids you purchase.<\/li>\n<li>N\u00facleo atomizador de doble malla: se puede obtener un humo consistente y un sabor puro con cada succi\u00f3n.<\/li>\n<li>Entrada ajustable: aj\u00fastela para una succi\u00f3n m\u00e1s fuerte o abra la entrada para disfrutar de una experiencia m\u00e1s ligera y suave.<\/li>\n<li>Panel t\u00e1ctil + pantalla: control r\u00e1pido y claro sin adivinar.<\/li>\n<\/ul>\n<h2 data-v-md-heading=\"why-collaborate-with-agoravape\" data-v-md-line=\"49\">Why collaborate with AgoraVape?<\/h2>\n<p data-v-md-line=\"50\">Solo vendemos productos 100% genuinos y no tenemos ninguna duda al respecto. Disfruta de precios al por mayor altamente competitivos, servicios de entrega DDP confiables dentro de Europa y seguimiento preciso de UPS, DPD o DHL. El pago se realiza a trav\u00e9s de una pasarela segura y tus datos siempre est\u00e1n protegidos. Si tienes alg\u00fan problema, nuestro equipo profesional de devoluciones y soporte te ayudar\u00e1 a resolverlo f\u00e1cilmente. \u00bfQuieres comprar el vaporizador Airmez Matrix 30K Puffs de doble malla con panel t\u00e1ctil? Cont\u00e1ctanos y te ayudaremos a presentar r\u00e1pidamente los sabores que tus clientes realmente necesitan.<\/p>\n<p><script src=\"chrome-extension:\/\/fpelahbljekknahkcaegamhcndkfpfnc\/iFrame.js\" type=\"text\/javascript\"><\/script><\/p>","protected":false},"excerpt":{"rendered":"<p>&nbsp;<\/p>\n<p><script src=\"chrome-extension:\/\/fpelahbljekknahkcaegamhcndkfpfnc\/iFrame.js\" type=\"text\/javascript\"><\/script><\/p>\n<p><script src=\"chrome-extension:\/\/fpelahbljekknahkcaegamhcndkfpfnc\/iFrame.js\" type=\"text\/javascript\"><\/script><\/p>\n<p><script src=\"chrome-extension:\/\/fpelahbljekknahkcaegamhcndkfpfnc\/iFrame.js\" type=\"text\/javascript\"><\/script><\/p>\n<p><script src=\"chrome-extension:\/\/fpelahbljekknahkcaegamhcndkfpfnc\/iFrame.js\" type=\"text\/javascript\"><\/script><\/p>","protected":false},"featured_media":13857,"comment_status":"open","ping_status":"closed","template":"","meta":[],"product_brand":[210],"product_cat":[124,185,194,137,176,174,175,193,191,173,186,180,190,192],"product_tag":[],"class_list":{"0":"post-13830","1":"product","2":"type-product","3":"status-publish","4":"has-post-thumbnail","6":"product_brand-airmez","7":"product_cat-vape-by-brand","8":"product_cat-10000-puffs-high-capacity","9":"product_cat-adjustable-airflow","10":"product_cat-airmez","11":"product_cat-beverage","12":"product_cat-fruit-flavors","13":"product_cat-icy-mint","14":"product_cat-mesh-coil","15":"product_cat-rechargeable-disposables","16":"product_cat-vape-by-flavor-profile","17":"product_cat-vape-by-nicotine-strength","18":"product_cat-vape-by-puff-count","19":"product_cat-vape-by-feature-or-type","20":"product_cat-vapes-with-screens","22":"first","23":"onbackorder","24":"shipping-taxable","25":"purchasable","26":"product-type-variable","27":"has-default-attributes"},"tiered_pricing_type":"percentage","tiered_pricing_fixed_rules":[],"tiered_pricing_product_settings":{"layout":"default","base_unit_name":{"singular":null,"plural":null},"default_variation":null},"tiered_pricing_minimum_quantity":10,"tiered_pricing_roles_data":[],"tiered_pricing_percentage_rules":{"30":"29","50":"35","100":"40","200":"44","500":"47","1000":"49"},"tiered_pricing_maximum_quantity":null,"tiered_pricing_quantity_step":"10","_links":{"self":[{"href":"https:\/\/agoravape.com\/es\/wp-json\/wp\/v2\/product\/13830","targetHints":{"allow":["GET"]}}],"collection":[{"href":"https:\/\/agoravape.com\/es\/wp-json\/wp\/v2\/product"}],"about":[{"href":"https:\/\/agoravape.com\/es\/wp-json\/wp\/v2\/types\/product"}],"replies":[{"embeddable":true,"href":"https:\/\/agoravape.com\/es\/wp-json\/wp\/v2\/comments?post=13830"}],"version-history":[{"count":0,"href":"https:\/\/agoravape.com\/es\/wp-json\/wp\/v2\/product\/13830\/revisions"}],"wp:featuredmedia":[{"embeddable":true,"href":"https:\/\/agoravape.com\/es\/wp-json\/wp\/v2\/media\/13857"}],"wp:attachment":[{"href":"https:\/\/agoravape.com\/es\/wp-json\/wp\/v2\/media?parent=13830"}],"wp:term":[{"taxonomy":"product_brand","embeddable":true,"href":"https:\/\/agoravape.com\/es\/wp-json\/wp\/v2\/product_brand?post=13830"},{"taxonomy":"product_cat","embeddable":true,"href":"https:\/\/agoravape.com\/es\/wp-json\/wp\/v2\/product_cat?post=13830"},{"taxonomy":"product_tag","embeddable":true,"href":"https:\/\/agoravape.com\/es\/wp-json\/wp\/v2\/product_tag?post=13830"}],"curies":[{"name":"wp","href":"https:\/\/api.w.org\/{rel}","templated":true}]}}