{"id":13872,"date":"2025-10-12T12:39:45","date_gmt":"2025-10-12T04:39:45","guid":{"rendered":"https:\/\/green-grasshopper-921422.hostingersite.com\/?post_type=product&#038;p=13872"},"modified":"2026-01-19T22:07:06","modified_gmt":"2026-01-19T14:07:06","slug":"auriculares-airmez-xbeat-40k-puffs-vape","status":"publish","type":"product","link":"https:\/\/agoravape.com\/es\/product\/airmez-xbeat-40k-puffs-vape-headphones\/","title":{"rendered":"Vaporizador Airmez Xbeat de 40\u00a0000 caladas con auriculares de alta fidelidad | Potentes caladas y audio integrado"},"content":{"rendered":"<h2 data-v-md-heading=\"what-are-the-advantages-of-using-airmez-xbeat-40k-to-smoke-vapes-and-pairing-it-with-hi-fi-headphones\" data-v-md-line=\"3\"><img loading=\"lazy\" decoding=\"async\" class=\"aligncenter size-full wp-image-13901\" src=\"https:\/\/agoravape.com\/wp-content\/uploads\/2025\/10\/Airmez-Xbeat-40K-Puffs-Vape-with-Hi-Fi-Headphones-SUMMER-DREAM_Agora_vape-16.webp\" alt=\"\" width=\"2080\" height=\"2080\" srcset=\"https:\/\/agoravape.com\/wp-content\/uploads\/2025\/10\/Airmez-Xbeat-40K-Puffs-Vape-with-Hi-Fi-Headphones-SUMMER-DREAM_Agora_vape-16.webp 2080w, https:\/\/agoravape.com\/wp-content\/uploads\/2025\/10\/Airmez-Xbeat-40K-Puffs-Vape-with-Hi-Fi-Headphones-SUMMER-DREAM_Agora_vape-16-600x600.webp 600w, https:\/\/agoravape.com\/wp-content\/uploads\/2025\/10\/Airmez-Xbeat-40K-Puffs-Vape-with-Hi-Fi-Headphones-SUMMER-DREAM_Agora_vape-16-1200x1200.webp 1200w, https:\/\/agoravape.com\/wp-content\/uploads\/2025\/10\/Airmez-Xbeat-40K-Puffs-Vape-with-Hi-Fi-Headphones-SUMMER-DREAM_Agora_vape-16-300x300.webp 300w, https:\/\/agoravape.com\/wp-content\/uploads\/2025\/10\/Airmez-Xbeat-40K-Puffs-Vape-with-Hi-Fi-Headphones-SUMMER-DREAM_Agora_vape-16-1024x1024.webp 1024w, https:\/\/agoravape.com\/wp-content\/uploads\/2025\/10\/Airmez-Xbeat-40K-Puffs-Vape-with-Hi-Fi-Headphones-SUMMER-DREAM_Agora_vape-16-150x150.webp 150w, https:\/\/agoravape.com\/wp-content\/uploads\/2025\/10\/Airmez-Xbeat-40K-Puffs-Vape-with-Hi-Fi-Headphones-SUMMER-DREAM_Agora_vape-16-768x768.webp 768w, https:\/\/agoravape.com\/wp-content\/uploads\/2025\/10\/Airmez-Xbeat-40K-Puffs-Vape-with-Hi-Fi-Headphones-SUMMER-DREAM_Agora_vape-16-1536x1536.webp 1536w, https:\/\/agoravape.com\/wp-content\/uploads\/2025\/10\/Airmez-Xbeat-40K-Puffs-Vape-with-Hi-Fi-Headphones-SUMMER-DREAM_Agora_vape-16-2048x2048.webp 2048w\" sizes=\"auto, (max-width: 2080px) 100vw, 2080px\" \/><\/h2>\n<h2 data-v-md-heading=\"what-are-the-advantages-of-using-airmez-xbeat-40k-to-smoke-vapes-and-pairing-it-with-hi-fi-headphones\" data-v-md-line=\"3\">\u00bfCu\u00e1les son las ventajas de usar Airmez Xbeat 40K para fumar vapes y combinarlo con auriculares Hi Fi?<\/h2>\n<p data-v-md-line=\"4\">Si no te gusta que los vaporizadores se queden sin bater\u00eda a mitad de semana, este producto es perfecto para ti. Airmez Xbeat ofrece hasta 40\u00a0000 puertos de succi\u00f3n y est\u00e1 equipado con audio Bluetooth de alta fidelidad, lo que te permite escuchar m\u00fasica en cualquier momento y lugar, est\u00e9s donde est\u00e9s.<\/p>\n<p data-v-md-line=\"6\">Si buscas un vaporizador confiable, sabroso y sin preocupaciones, este producto es tu opci\u00f3n ideal. Tiene una apariencia elegante, una sensaci\u00f3n c\u00f3moda y un dise\u00f1o magn\u00e9tico que te permite mantener todo organizado. La funci\u00f3n de audio no es opcional. Es compatible con Bluetooth 5.0 y se empareja de forma fluida y c\u00f3moda.<\/p>\n<h2 data-v-md-heading=\"excellent-performance-no-need-for-complex-operations\" data-v-md-line=\"8\">Excellent performance, no need for complex operations<\/h2>\n<p data-v-md-line=\"9\">El n\u00facleo de Xbeat es la bobina de malla de 0.8 \u03a9 de segunda generaci\u00f3n, que garantiza un sabor consistente desde el primer bocado hasta el \u00faltimo. El dise\u00f1o de doble entrada te ayuda a encontrar el estilo de succi\u00f3n ideal. Cuando la bater\u00eda est\u00e9 baja, simplemente conecta el cable de datos Tipo C para cargarlo por completo. Es muy sencillo. Quiz\u00e1s pienses que estos auriculares son solo un truco, pero su audio Hi-Fi utiliza tecnolog\u00eda Bluetooth 5.0 y su dise\u00f1o es muy ingenioso.<\/p>\n<h2 data-v-md-heading=\"specification-introduction\" data-v-md-line=\"11\">Specification Introduction<\/h2>\n<ul data-v-md-line=\"12\">\n<li>Frecuencia de succi\u00f3n: hasta 40000 veces<\/li>\n<li>Contenido de nicotina: 5% (50 mg)<\/li>\n<li>Working principle: Activated by inhalation<\/li>\n<li>Charging: Standard Type-C USB interface<\/li>\n<li>Bater\u00eda: bater\u00eda recargable de 1000 mAh<\/li>\n<li>E-l\u00edquido: 22 mililitros<\/li>\n<li>Volumen de admisi\u00f3n: doble ajustable<\/li>\n<li>N\u00facleo de atomizaci\u00f3n: n\u00facleo de atomizaci\u00f3n de malla de segunda generaci\u00f3n, 0,8 \u03a9<\/li>\n<li>Dise\u00f1o: Superficie de pintura lisa con componentes magn\u00e9ticos.<\/li>\n<li>Status: Ready to use upon unboxing<\/li>\n<\/ul>\n<h2 data-v-md-heading=\"full-range-of-flavors\" data-v-md-line=\"23\">Gama completa de sabores<\/h2>\n<ul data-v-md-line=\"24\">\n<li>\n<div>\n<div>FRESA SAND\u00cdA UVA<\/div>\n<\/div>\n<\/li>\n<li>\n<div>\n<div>SUE\u00d1O DE VERANO<\/div>\n<\/div>\n<\/li>\n<li>\n<div>\n<div>KIWI UVA FRAMBUESA<\/div>\n<\/div>\n<\/li>\n<li>\n<div>\n<div>COLA DE CEREZA CON GAS<\/div>\n<\/div>\n<\/li>\n<li>\n<div>\n<div>SE\u00d1OR AZUL<\/div>\n<\/div>\n<\/li>\n<li>\n<div>\n<div>KIWI DE FRESA<\/div>\n<\/div>\n<\/li>\n<li>\n<div>\n<div>Pl\u00e1tano y ar\u00e1ndanos<\/div>\n<\/div>\n<\/li>\n<li>\n<div>\n<div>DOBLE MANZANA<\/div>\n<\/div>\n<\/li>\n<li>\n<div>\n<div>HELADO DE AR\u00c1NDANOS<\/div>\n<\/div>\n<\/li>\n<li>\n<div>\n<div>HELADO DE SAND\u00cdA<\/div>\n<\/div>\n<\/li>\n<li>\n<div>\n<div>PONCHE TROPICAL<\/div>\n<\/div>\n<\/li>\n<li>\n<div>\n<div>MELOCOT\u00d3N JUGOSO<\/div>\n<\/div>\n<\/li>\n<li>\n<div>\n<div>COMO UNA Cola<\/div>\n<\/div>\n<\/li>\n<li>\n<div>HELADO DE PI\u00d1A<\/div>\n<\/li>\n<li>\n<div>\n<div>HELADO DE MANGO<\/div>\n<\/div>\n<\/li>\n<\/ul>\n<h2 data-v-md-heading=\"for-you-for-your-business\" data-v-md-line=\"39\">For you, for your business<\/h2>\n<p data-v-md-line=\"40\">Puedes comprar el Airmez Xbeat 40K por tu cuenta o a\u00f1adirlo a tu tienda. El expositor tiene 5 unidades por caja, y la caja grande tiene capacidad para 200 unidades. Ofrecemos servicios de Entrega con Derechos Pagados (DDP) a trav\u00e9s de socios de confianza como UPS, DPD y DHL, para que los pedidos se entreguen en aduana, evitando imprevistos en la aduana. Si es necesario, verificaremos la edad durante el proceso de compra y la entrega.<\/p>\n<h2 data-v-md-heading=\"why-do-you-like-it\" data-v-md-line=\"42\">Why do you like it<\/h2>\n<ul data-v-md-line=\"43\">\n<li>M\u00faltiples bocanadas: duradero y de larga duraci\u00f3n, sin necesidad de comprar cigarrillos nuevos con frecuencia.<\/li>\n<li>5% de nicotina: para quienes prefieren sabores m\u00e1s fuertes, puede proporcionar una experiencia fuerte y satisfactoria.<\/li>\n<li>Interfaz tipo C recargable: puedes usar todo el e-l\u00edquido comprado y cargarlo usando el mismo cable de datos que tu tel\u00e9fono.<\/li>\n<li>N\u00facleo atomizador de malla de segunda generaci\u00f3n: sabor consistente, succi\u00f3n suave y sin obstrucciones en todo momento.<\/li>\n<li>Doble entrada: ya sea que prefieras firmeza o transpirabilidad, puedes ajustar tu m\u00e9todo de succi\u00f3n preferido.<\/li>\n<li>Audio Hi-Fi Bluetooth 5.0: escucha c\u00f3moda en cualquier momento y en cualquier lugar.<\/li>\n<\/ul>\n<h2 data-v-md-heading=\"why-choose-agoravape\" data-v-md-line=\"50\">\u00bfPor qu\u00e9 elegir AgoraVape?<\/h2>\n<p data-v-md-line=\"51\">Somos uno de los distribuidores de vapeo m\u00e1s confiables de Europa y solo ofrecemos productos 100 % genuinos. Las empresas que adquieran los vapeadores Airmez Xbeat 40K (con auriculares Hi-Fi) disfrutar\u00e1n de precios al por mayor con descuento, soporte t\u00e9cnico confiable y servicios de entrega DDP r\u00e1pidos y confiables. Contacte con nuestro equipo para preparar un producto que sus clientes deseen volver a comprar.<\/p>","protected":false},"excerpt":{"rendered":"<p>&nbsp;<\/p>\n<p><script src=\"chrome-extension:\/\/fpelahbljekknahkcaegamhcndkfpfnc\/iFrame.js\" type=\"text\/javascript\"><\/script><\/p>\n<p><script src=\"chrome-extension:\/\/fpelahbljekknahkcaegamhcndkfpfnc\/iFrame.js\" type=\"text\/javascript\"><\/script><\/p>\n<p><script src=\"chrome-extension:\/\/fpelahbljekknahkcaegamhcndkfpfnc\/iFrame.js\" type=\"text\/javascript\"><\/script><\/p>","protected":false},"featured_media":13900,"comment_status":"open","ping_status":"closed","template":"","meta":[],"product_brand":[210],"product_cat":[124,185,189,137,177,174,175,193,191,179,173,186,180,190],"product_tag":[],"class_list":{"0":"post-13872","1":"product","2":"type-product","3":"status-publish","4":"has-post-thumbnail","6":"product_brand-airmez","7":"product_cat-vape-by-brand","8":"product_cat-10000-puffs-high-capacity","9":"product_cat-20mg-standard-nicotine-vapes","10":"product_cat-airmez","11":"product_cat-dessert-sweets","12":"product_cat-fruit-flavors","13":"product_cat-icy-mint","14":"product_cat-mesh-coil","15":"product_cat-rechargeable-disposables","16":"product_cat-unique-blends","17":"product_cat-vape-by-flavor-profile","18":"product_cat-vape-by-nicotine-strength","19":"product_cat-vape-by-puff-count","20":"product_cat-vape-by-feature-or-type","22":"first","23":"onbackorder","24":"shipping-taxable","25":"purchasable","26":"product-type-variable","27":"has-default-attributes"},"tiered_pricing_type":"percentage","tiered_pricing_fixed_rules":[],"tiered_pricing_product_settings":{"layout":"default","base_unit_name":{"singular":null,"plural":null},"default_variation":null},"tiered_pricing_minimum_quantity":10,"tiered_pricing_roles_data":[],"tiered_pricing_percentage_rules":{"30":"29","50":"35","100":"40","200":"44","500":"47","1000":"49"},"tiered_pricing_maximum_quantity":null,"tiered_pricing_quantity_step":"10","_links":{"self":[{"href":"https:\/\/agoravape.com\/es\/wp-json\/wp\/v2\/product\/13872","targetHints":{"allow":["GET"]}}],"collection":[{"href":"https:\/\/agoravape.com\/es\/wp-json\/wp\/v2\/product"}],"about":[{"href":"https:\/\/agoravape.com\/es\/wp-json\/wp\/v2\/types\/product"}],"replies":[{"embeddable":true,"href":"https:\/\/agoravape.com\/es\/wp-json\/wp\/v2\/comments?post=13872"}],"version-history":[{"count":0,"href":"https:\/\/agoravape.com\/es\/wp-json\/wp\/v2\/product\/13872\/revisions"}],"wp:featuredmedia":[{"embeddable":true,"href":"https:\/\/agoravape.com\/es\/wp-json\/wp\/v2\/media\/13900"}],"wp:attachment":[{"href":"https:\/\/agoravape.com\/es\/wp-json\/wp\/v2\/media?parent=13872"}],"wp:term":[{"taxonomy":"product_brand","embeddable":true,"href":"https:\/\/agoravape.com\/es\/wp-json\/wp\/v2\/product_brand?post=13872"},{"taxonomy":"product_cat","embeddable":true,"href":"https:\/\/agoravape.com\/es\/wp-json\/wp\/v2\/product_cat?post=13872"},{"taxonomy":"product_tag","embeddable":true,"href":"https:\/\/agoravape.com\/es\/wp-json\/wp\/v2\/product_tag?post=13872"}],"curies":[{"name":"wp","href":"https:\/\/api.w.org\/{rel}","templated":true}]}}