{"id":14049,"date":"2025-10-12T15:59:26","date_gmt":"2025-10-12T07:59:26","guid":{"rendered":"https:\/\/green-grasshopper-921422.hostingersite.com\/?post_type=product&#038;p=14049"},"modified":"2026-01-19T22:06:53","modified_gmt":"2026-01-19T14:06:53","slug":"fumud-15k-puffs-mesh-coil-vape","status":"publish","type":"product","link":"https:\/\/agoravape.com\/es\/product\/fumud-15k-puffs-mesh-coil-vape\/","title":{"rendered":"Vapeador de malla recargable Fumud 15K Puffs | Sabor duradero, f\u00e1cil de usar"},"content":{"rendered":"<h2 data-v-md-heading=\"what-is-the-charm-of-fumud-15k-rechargeable-mesh-coil-vape\" data-v-md-line=\"3\">\u00bfCu\u00e1l es el encanto del vaporizador de bobina de malla recargable Fumud 15K?<\/h2>\n<p data-v-md-line=\"4\">Si est\u00e1s cansado de esos vapeadores que se quedan sin bater\u00eda a mitad de semana, definitivamente vale la pena echarle un vistazo a este producto. El Fumud 15K tiene 25 mililitros de abundante e-l\u00edquido, lo que te permite hasta 15\u00a0000 caladas, y es recargable, lo que te permite sacarle el m\u00e1ximo provecho.<\/p>\n<p data-v-md-line=\"6\">Si buscas un sabor suave y confiable, este producto es la opci\u00f3n ideal. Solo dale una calada para activarlo; la resistencia de malla hace que cada calada sea suave y deliciosa. Puedes elegir una concentraci\u00f3n de nicotina del 2% o del 5% y elegir el sabor que mejor se adapte a tu estado de \u00e1nimo.<\/p>\n<h2 data-v-md-heading=\"excellent-performance-easy-and-convenient\" data-v-md-line=\"8\">Excellent performance, easy and convenient<\/h2>\n<p data-v-md-line=\"9\">La resistencia de malla de 0.9 \u03a9 es el n\u00facleo de este dispositivo, por lo que cada inhalaci\u00f3n es tan deliciosa como el primer sabor. Quiz\u00e1s pienses que despu\u00e9s de unas cuantas caladas el sabor se volver\u00e1 m\u00e1s suave, pero este atomizador se mantiene constante. Cuando la bater\u00eda est\u00e9 baja, simplemente usa el cable de carga habitual del tel\u00e9fono y c\u00e1rgalo a trav\u00e9s de la interfaz Tipo C. Sin botones ni men\u00fas, es f\u00e1cil de usar.<\/p>\n<h2 data-v-md-heading=\"specification-introduction\" data-v-md-line=\"11\">Specification Introduction<\/h2>\n<ul data-v-md-line=\"12\">\n<li>Suction frequency: up to 15000 times<\/li>\n<li>Contenido de nicotina: 2% y 5% opcional<\/li>\n<li>Working principle: Activated by inhalation<\/li>\n<li>Charging: Standard Type-C USB interface<\/li>\n<li>Status: Ready to use out of the box<\/li>\n<\/ul>\n<h2 data-v-md-heading=\"full-range-of-flavors\" data-v-md-line=\"18\">Gama completa de sabores<\/h2>\n<ul data-v-md-line=\"19\">\n<li>Sabor a fresa y sand\u00eda<\/li>\n<li>Sabor a kiwi, maracuy\u00e1 y guayaba<\/li>\n<li>Sabor a ar\u00e1ndano helado<\/li>\n<li>Sabor a melocot\u00f3n y mango<\/li>\n<li>Strawberry Ice<\/li>\n<li>Sabor a frutos rojos mixtos<\/li>\n<li>Hielo fragante<\/li>\n<li>Grape Ice<\/li>\n<li>Peach Ice<\/li>\n<li>Agua con sabor a fresa y lim\u00f3n<\/li>\n<li>Hielo de fruta del drag\u00f3n<\/li>\n<li>Sabor a lim\u00f3n y lima<\/li>\n<li>Sabor a triple baya<\/li>\n<li>Sabor a cereza<\/li>\n<li>Sabor a manzana \u00e1cida<\/li>\n<li>Sabor a agua de lim\u00f3n rosa<\/li>\n<\/ul>\n<h2 data-v-md-heading=\"for-you-for-your-business\" data-v-md-line=\"36\">For you, for your business<\/h2>\n<p data-v-md-line=\"37\">Puede elegir Fumud 15K para uso personal o guardarlo en su tienda. La caja de exhibici\u00f3n al por mayor contiene 10 unidades, y la cantidad por caja var\u00eda seg\u00fan el almac\u00e9n, para que pueda planificar su inventario de forma razonable. Trabajamos con socios de confianza como UPS, DPD y DHL para ofrecer servicios de entrega DDP, lo que garantiza que no tendr\u00e1 ning\u00fan problema en la aduana.<\/p>\n<p data-v-md-line=\"39\">\u00bfDesea obtener m\u00e1s informaci\u00f3n sobre su sistema? SKU: Airmez\u2011Fumud\u201115K. Cantidades t\u00edpicas por caja: 100 unidades de Polonia, 160 unidades de Shenzhen y 200 unidades de Alemania.<\/p>\n<h2 data-v-md-heading=\"why-do-you-like-it\" data-v-md-line=\"41\">Why do you like it<\/h2>\n<ul data-v-md-line=\"42\">\n<li>Gran capacidad de succi\u00f3n: duradero y de larga duraci\u00f3n, sin necesidad de comprar cartuchos nuevos con frecuencia.<\/li>\n<li>Selecci\u00f3n del contenido de nicotina: elija 2% o 5% de nicotina seg\u00fan su preferencia.<\/li>\n<li>Recargable: el e-l\u00edquido de 25 ml se puede reciclar sin desperdiciar una gota.<\/li>\n<li>N\u00facleo atomizador de malla: puede brindar un sabor estable y duradero en todo momento.<\/li>\n<\/ul>\n<h2 data-v-md-heading=\"why-choose-to-collaborate-with-agoravape\" data-v-md-line=\"47\">Why choose to collaborate with AgoraVape?<\/h2>\n<p data-v-md-line=\"48\">Solo vendemos productos 100 % genuinos, con precios de mayoreo justos y un soporte t\u00e9cnico confiable. Si tiene un negocio, los vapeadores de malla recargables Fumud 15K Puffs ofrecen un servicio de entrega r\u00e1pido, confiable y con impuestos incluidos. Reserve un dispositivo que valga la pena devolver a sus clientes.<\/p>","protected":false},"excerpt":{"rendered":"<p>&nbsp;<\/p>\n<p><script src=\"chrome-extension:\/\/fpelahbljekknahkcaegamhcndkfpfnc\/iFrame.js\" type=\"text\/javascript\"><\/script><\/p>\n<p><script src=\"chrome-extension:\/\/fpelahbljekknahkcaegamhcndkfpfnc\/iFrame.js\" type=\"text\/javascript\"><\/script><\/p>\n<p><script src=\"chrome-extension:\/\/fpelahbljekknahkcaegamhcndkfpfnc\/iFrame.js\" type=\"text\/javascript\"><\/script><\/p>","protected":false},"featured_media":14085,"comment_status":"open","ping_status":"closed","template":"","meta":[],"product_brand":[210],"product_cat":[124,185,189,137,174,175,193,191,173,186,180,190],"product_tag":[],"class_list":{"0":"post-14049","1":"product","2":"type-product","3":"status-publish","4":"has-post-thumbnail","6":"product_brand-airmez","7":"product_cat-vape-by-brand","8":"product_cat-10000-puffs-high-capacity","9":"product_cat-20mg-standard-nicotine-vapes","10":"product_cat-airmez","11":"product_cat-fruit-flavors","12":"product_cat-icy-mint","13":"product_cat-mesh-coil","14":"product_cat-rechargeable-disposables","15":"product_cat-vape-by-flavor-profile","16":"product_cat-vape-by-nicotine-strength","17":"product_cat-vape-by-puff-count","18":"product_cat-vape-by-feature-or-type","20":"first","21":"onbackorder","22":"shipping-taxable","23":"purchasable","24":"product-type-variable","25":"has-default-attributes"},"tiered_pricing_type":"percentage","tiered_pricing_fixed_rules":[],"tiered_pricing_product_settings":{"layout":"default","base_unit_name":{"singular":null,"plural":null},"default_variation":null},"tiered_pricing_minimum_quantity":10,"tiered_pricing_roles_data":[],"tiered_pricing_percentage_rules":{"30":"29","50":"35","100":"40","200":"44","500":"47","1000":"49"},"tiered_pricing_maximum_quantity":null,"tiered_pricing_quantity_step":"10","_links":{"self":[{"href":"https:\/\/agoravape.com\/es\/wp-json\/wp\/v2\/product\/14049","targetHints":{"allow":["GET"]}}],"collection":[{"href":"https:\/\/agoravape.com\/es\/wp-json\/wp\/v2\/product"}],"about":[{"href":"https:\/\/agoravape.com\/es\/wp-json\/wp\/v2\/types\/product"}],"replies":[{"embeddable":true,"href":"https:\/\/agoravape.com\/es\/wp-json\/wp\/v2\/comments?post=14049"}],"version-history":[{"count":0,"href":"https:\/\/agoravape.com\/es\/wp-json\/wp\/v2\/product\/14049\/revisions"}],"wp:featuredmedia":[{"embeddable":true,"href":"https:\/\/agoravape.com\/es\/wp-json\/wp\/v2\/media\/14085"}],"wp:attachment":[{"href":"https:\/\/agoravape.com\/es\/wp-json\/wp\/v2\/media?parent=14049"}],"wp:term":[{"taxonomy":"product_brand","embeddable":true,"href":"https:\/\/agoravape.com\/es\/wp-json\/wp\/v2\/product_brand?post=14049"},{"taxonomy":"product_cat","embeddable":true,"href":"https:\/\/agoravape.com\/es\/wp-json\/wp\/v2\/product_cat?post=14049"},{"taxonomy":"product_tag","embeddable":true,"href":"https:\/\/agoravape.com\/es\/wp-json\/wp\/v2\/product_tag?post=14049"}],"curies":[{"name":"wp","href":"https:\/\/api.w.org\/{rel}","templated":true}]}}