{"id":14145,"date":"2025-10-12T21:46:50","date_gmt":"2025-10-12T13:46:50","guid":{"rendered":"https:\/\/green-grasshopper-921422.hostingersite.com\/?post_type=product&#038;p=14145"},"modified":"2026-01-30T17:28:32","modified_gmt":"2026-01-30T09:28:32","slug":"aivono-aim-fatmax-50k-puffs-dtl-shisha-vape","status":"publish","type":"product","link":"https:\/\/agoravape.com\/es\/product\/aivono-aim-fatmax-50k-puffs-dtl-shisha-vape\/","title":{"rendered":"Vapeador de shisha Aivono Aim Fatmax 50.000 bocanadas DTL | Un sabor DTL excepcional que dura hasta el final"},"content":{"rendered":"<h2 data-v-md-heading=\"what-are-the-advantages-of-using-aivono-aim-fatmax-50k-to-smoke-dtl-hookah\" data-v-md-line=\"3\"><img loading=\"lazy\" decoding=\"async\" class=\"aligncenter size-full wp-image-14144\" src=\"https:\/\/agoravape.com\/wp-content\/uploads\/2025\/10\/Aivono-Aim-Fatmax-50K-Puffs-DTL-Shisha-Vape_Agora_vape-1-scaled.webp\" alt=\"\" width=\"2560\" height=\"1312\" srcset=\"https:\/\/agoravape.com\/wp-content\/uploads\/2025\/10\/Aivono-Aim-Fatmax-50K-Puffs-DTL-Shisha-Vape_Agora_vape-1-scaled.webp 2560w, https:\/\/agoravape.com\/wp-content\/uploads\/2025\/10\/Aivono-Aim-Fatmax-50K-Puffs-DTL-Shisha-Vape_Agora_vape-1-scaled-1200x615.webp 1200w, https:\/\/agoravape.com\/wp-content\/uploads\/2025\/10\/Aivono-Aim-Fatmax-50K-Puffs-DTL-Shisha-Vape_Agora_vape-1-300x154.webp 300w, https:\/\/agoravape.com\/wp-content\/uploads\/2025\/10\/Aivono-Aim-Fatmax-50K-Puffs-DTL-Shisha-Vape_Agora_vape-1-1024x525.webp 1024w, https:\/\/agoravape.com\/wp-content\/uploads\/2025\/10\/Aivono-Aim-Fatmax-50K-Puffs-DTL-Shisha-Vape_Agora_vape-1-768x394.webp 768w, https:\/\/agoravape.com\/wp-content\/uploads\/2025\/10\/Aivono-Aim-Fatmax-50K-Puffs-DTL-Shisha-Vape_Agora_vape-1-1536x787.webp 1536w, https:\/\/agoravape.com\/wp-content\/uploads\/2025\/10\/Aivono-Aim-Fatmax-50K-Puffs-DTL-Shisha-Vape_Agora_vape-1-2048x1050.webp 2048w\" sizes=\"auto, (max-width: 2560px) 100vw, 2560px\" \/><\/h2>\n<h2 data-v-md-heading=\"what-are-the-advantages-of-using-aivono-aim-fatmax-50k-to-smoke-dtl-hookah\" data-v-md-line=\"3\">What are the advantages of using Aivono Aim Fatmax 50K to smoke DTL hookah?<\/h2>\n<p data-v-md-line=\"4\">If you want a long-lasting and durable hookah style vape, this product will help you easily get started. Aivono Aim Fatmax can suck up to 50000 puffs and has a consistently rich DTL texture.<\/p>\n<p data-v-md-line=\"6\">It is suitable for all those who enjoy a smooth, transparent, and rich blend of hookah flavors. No need for tedious operations, no need for complex settings, reliable performance, and the taste you truly expect.<\/p>\n<h2 data-v-md-heading=\"excellent-performance-without-any-complexity\" data-v-md-line=\"8\">Excellent performance without any complexity<\/h2>\n<p data-v-md-line=\"9\">The 0.6 \u03a9 mesh coil drives the taste, making every bite pure and full without any sluggishness. You can also get convenient battery level display and e-liquid level display, which means that unexpected situations during noon will be reduced. When the battery is low, simply plug in the Type-C data cable to charge using the same data cable as the phone. Easy to use.<\/p>\n<h2 data-v-md-heading=\"specification-overview\" data-v-md-line=\"11\">Specification Overview<\/h2>\n<ul data-v-md-line=\"12\">\n<li>Suction frequency: up to 50000 times<\/li>\n<li>Nicotine content: 0%, 2%, 3%, 5% (specific supply may vary by region)<\/li>\n<li>Coil: 0.6 \u03a9 mesh coil<\/li>\n<li>E-liquid capacity: 30 milliliters<\/li>\n<li>Battery: 800 mAh rechargeable battery<\/li>\n<li>Working principle: DTL suction, screen assisted operation, easy to operate<\/li>\n<li>Charging: Standard Type-C USB interface<\/li>\n<li>Display screen: battery and e-liquid level indicator<\/li>\n<li>Status: Ready to use upon unboxing<\/li>\n<\/ul>\n<h2 data-v-md-heading=\"multiple-flavor-options\" data-v-md-line=\"22\">Multiple flavor options<\/h2>\n<ul data-v-md-line=\"23\">\n<li>Cherry Raspberry<\/li>\n<li>Double Apples<\/li>\n<li>Grape mint<\/li>\n<li>Blueberry Gum<\/li>\n<li>Love 66 (passion fruit, blood orange, mint)<\/li>\n<li>Lucid Dream (Blueberry Lemon Mint)<\/li>\n<li>Lush Ice (watermelon ice)<\/li>\n<li>Peach Ice<\/li>\n<li>Berry Ice<\/li>\n<li>Strawberry Panqu (mature strawberries and refreshing fruits)<\/li>\n<\/ul>\n<h2 data-v-md-heading=\"for-you-and-your-company\" data-v-md-line=\"34\">For you and your company<\/h2>\n<p data-v-md-line=\"35\">You can purchase Aivono Aim Fatmax 50K for yourself or add it to your store. We provide 140 wholesale cardboard boxes that can be shipped at any time. If your customers want durable DTL disposable e-liquid that can blend seamlessly with the flavor of hookah, then this is a wise choice.<\/p>\n<p data-v-md-line=\"37\">Ofrecemos servicios de entrega DDP en toda Europa a trav\u00e9s de socios de confianza como UPS, DPD y DHL, garantizando precios transparentes y sin problemas aduaneros inesperados. Disfruta de seguimiento de entrega y una facturaci\u00f3n fiable.<\/p>\n<h2 data-v-md-heading=\"why-do-you-like-it\" data-v-md-line=\"39\">Why do you like it<\/h2>\n<ul data-v-md-line=\"40\">\n<li>Succi\u00f3n masiva: hasta 50K de succi\u00f3n significa menos compras repetidas y mayor valor.<\/li>\n<li>Selecci\u00f3n de nicotina: elija la concentraci\u00f3n de nicotina adecuada para su d\u00eda.<\/li>\n<li>Recargable: aprovecha al m\u00e1ximo cada gota del e-l\u00edquido de 30 ml que compres.<\/li>\n<li>Bobina de malla: sabor consistente, experiencia DTL suave.<\/li>\n<li>Pantalla inteligente: los niveles de bater\u00eda y e-l\u00edquido son claros a simple vista, lo que garantiza que nunca te quedes atascado.<\/li>\n<\/ul>\n<h2 data-v-md-heading=\"why-collaborate-with-agoravape\" data-v-md-line=\"46\">Why collaborate with AgoraVape?<\/h2>\n<p data-v-md-line=\"47\">Solo vendemos productos 100% genuinos y garantizamos la calidad de los productos que enviamos. Nuestros clientes B2B disfrutan de precios al por mayor con descuento, soporte t\u00e9cnico eficiente y entregas r\u00e1pidas DDP para los vaporizadores de cachimba Aivono Aim Fatmax 50K Puffs DTL. Si busca un producto desechable DTL confiable y de alta capacidad que atraiga clientes, no dude en contactarnos.<\/p>","protected":false},"excerpt":{"rendered":"<p>\u00bfCu\u00e1les son las ventajas de usar Aivono Aim Fatmax 50K para fumar narguile DTL? Si desea una<\/p>","protected":false},"featured_media":14166,"comment_status":"open","ping_status":"closed","template":"","meta":[],"product_brand":[211],"product_cat":[124,187,185,189,1641,138,174,175,193,191,179,173,186,180,190,192],"product_tag":[],"class_list":{"0":"post-14145","1":"product","2":"type-product","3":"status-publish","4":"has-post-thumbnail","6":"product_brand-aivono","7":"product_cat-vape-by-brand","8":"product_cat-0mg-nicotine-free-vapes","9":"product_cat-10000-puffs-high-capacity","10":"product_cat-20mg-standard-nicotine-vapes","11":"product_cat-50000-puffs","12":"product_cat-aivono","13":"product_cat-fruit-flavors","14":"product_cat-icy-mint","15":"product_cat-mesh-coil","16":"product_cat-rechargeable-disposables","17":"product_cat-unique-blends","18":"product_cat-vape-by-flavor-profile","19":"product_cat-vape-by-nicotine-strength","20":"product_cat-vape-by-puff-count","21":"product_cat-vape-by-feature-or-type","22":"product_cat-vapes-with-screens","24":"first","25":"instock","26":"shipping-taxable","27":"purchasable","28":"product-type-variable","29":"has-default-attributes"},"tiered_pricing_type":"percentage","tiered_pricing_fixed_rules":[],"tiered_pricing_product_settings":{"layout":"default","base_unit_name":{"singular":null,"plural":null},"default_variation":null},"tiered_pricing_minimum_quantity":10,"tiered_pricing_roles_data":[],"tiered_pricing_percentage_rules":{"30":"29","50":"35","100":"40","200":"44","500":"47","1000":"49"},"tiered_pricing_maximum_quantity":null,"tiered_pricing_quantity_step":"10","_links":{"self":[{"href":"https:\/\/agoravape.com\/es\/wp-json\/wp\/v2\/product\/14145","targetHints":{"allow":["GET"]}}],"collection":[{"href":"https:\/\/agoravape.com\/es\/wp-json\/wp\/v2\/product"}],"about":[{"href":"https:\/\/agoravape.com\/es\/wp-json\/wp\/v2\/types\/product"}],"replies":[{"embeddable":true,"href":"https:\/\/agoravape.com\/es\/wp-json\/wp\/v2\/comments?post=14145"}],"version-history":[{"count":0,"href":"https:\/\/agoravape.com\/es\/wp-json\/wp\/v2\/product\/14145\/revisions"}],"wp:featuredmedia":[{"embeddable":true,"href":"https:\/\/agoravape.com\/es\/wp-json\/wp\/v2\/media\/14166"}],"wp:attachment":[{"href":"https:\/\/agoravape.com\/es\/wp-json\/wp\/v2\/media?parent=14145"}],"wp:term":[{"taxonomy":"product_brand","embeddable":true,"href":"https:\/\/agoravape.com\/es\/wp-json\/wp\/v2\/product_brand?post=14145"},{"taxonomy":"product_cat","embeddable":true,"href":"https:\/\/agoravape.com\/es\/wp-json\/wp\/v2\/product_cat?post=14145"},{"taxonomy":"product_tag","embeddable":true,"href":"https:\/\/agoravape.com\/es\/wp-json\/wp\/v2\/product_tag?post=14145"}],"curies":[{"name":"wp","href":"https:\/\/api.w.org\/{rel}","templated":true}]}}