{"id":14170,"date":"2025-10-12T22:04:18","date_gmt":"2025-10-12T14:04:18","guid":{"rendered":"https:\/\/green-grasshopper-921422.hostingersite.com\/?post_type=product&#038;p=14170"},"modified":"2026-01-19T22:06:46","modified_gmt":"2026-01-19T14:06:46","slug":"aivono-aim-flame-30k-puffs-dual-airflow-vape","status":"publish","type":"product","link":"https:\/\/agoravape.com\/es\/product\/aivono-aim-flame-30k-puffs-dual-airflow-vape\/","title":{"rendered":"Aivono Aim Flame 30K Puffs Dual Airflow Vape | Big Puffs with Easy Adjustable Draw"},"content":{"rendered":"<h2 data-v-md-heading=\"what-are-the-highlights-of-the-aivono-aim-flame-30k-dual-intake-vape\" data-v-md-line=\"3\">What are the highlights of the Aivono Aim Flame 30K dual intake vape?<\/h2>\n<p data-v-md-line=\"4\">If you\u2019re tired of using disposable vapes before the weekend, this product is definitely worth a look. Aivono Aim Flame has a capacity of up to 30000 ports, with simple operation and smooth suction. You can adjust it according to your preferences.<\/p>\n<p data-v-md-line=\"6\">If you want a reliable, stable taste, and no need for frequent replacement vape, then this product is the ideal choice. It has dual intake adjustment function, allowing you to easily suck out a tighter texture or a wider field of view. In addition, it is equipped with convenient battery and e-liquid indicator lights to remind you when you need to charge or replace the device.<\/p>\n<h2 data-v-md-heading=\"excellent-performance-easy-and-convenient\" data-v-md-line=\"8\">Excellent performance, easy and convenient<\/h2>\n<p data-v-md-line=\"9\">The core of Aim Flame is a double mesh coil. That\u2019s why every bite remains clean and refreshing, with a consistent taste. When the battery is low, you can charge it through Type-C using the cables commonly used on your phone. It also features a child lock for peace of mind, and the fast charging function allows you to easily enjoy the fun of vapes.<\/p>\n<h2 data-v-md-heading=\"specification-introduction\" data-v-md-line=\"11\">Specification Introduction<\/h2>\n<ul data-v-md-line=\"12\">\n<li>Suction frequency: up to 30000 times<\/li>\n<li>Nicotine content: 2%, 3%, or 5%<\/li>\n<li>Working principle: Activate with just one puff<\/li>\n<li>Charging: Type-C USB interface<\/li>\n<li>Status: Ready to use out of the box<\/li>\n<li>E-liquid capacity: 25 milliliters<\/li>\n<li>Atomizing core: 1.2 \u03a9 double mesh<\/li>\n<li>Battery: 650 mAh rechargeable 13450 pure cobalt battery<\/li>\n<li>Air intake: Dual adjustable air intake<\/li>\n<li>Display screen: battery level and e-liquid level indicator lights<\/li>\n<li>Safety: Child lock<\/li>\n<li>Size and weight: 48 \u00d7 82mm, 87g<\/li>\n<\/ul>\n<h2 data-v-md-heading=\"for-you-for-your-business\" data-v-md-line=\"25\">For you, for your business<\/h2>\n<p data-v-md-line=\"26\">You can use Aivono Aim Flame 30K for personal use or add it to your store. The wholesale cardboard boxes contain 200 units, making it easy to keep the shelves fully loaded and satisfying customers.<\/p>\n<p data-v-md-line=\"28\">We ship through trusted partners such as UPS, DPD, and DHL on a DDP basis after tax payment. Your order will be delivered on time and have tracking records to avoid any accidents at customs.<\/p>\n<h2 data-v-md-heading=\"why-do-you-like-it\" data-v-md-line=\"30\">Why do you like it<\/h2>\n<ul data-v-md-line=\"31\">\n<li>Large suction capacity: longer suction time, no need to frequently purchase new cartridges.<\/li>\n<li>Selecci\u00f3n de nicotina: elige la concentraci\u00f3n que se adapte a tu dosis diaria.<\/li>\n<li>Recargable: Te quedar\u00e1s sin e-l\u00edquido cada vez que lo compres.<\/li>\n<li>Bobina de malla: mantiene una textura consistente con cada succi\u00f3n.<\/li>\n<li>Admisi\u00f3n ajustable: puede cambiar entre succi\u00f3n firme y succi\u00f3n ligera.<\/li>\n<\/ul>\n<h2 data-v-md-heading=\"why-choose-to-collaborate-with-agoravape\" data-v-md-line=\"37\">Why choose to collaborate with AgoraVape?<\/h2>\n<p data-v-md-line=\"38\">Solo vendemos productos 100% genuinos y no tenemos ninguna duda al respecto. Si compra los vaporizadores de doble entrada Aivono Aim Flame 30K al por mayor, recibir\u00e1 descuentos, soporte confiable y env\u00edo r\u00e1pido y seguro. Cont\u00e1ctenos y le proporcionaremos a sus clientes dispositivos que realmente les encantar\u00e1n.<\/p>","protected":false},"excerpt":{"rendered":"<p>\u00bfCu\u00e1les son las caracter\u00edsticas m\u00e1s destacadas del vapeador de doble entrada Aivono Aim Flame 30K? Si est\u00e1s cansado de usar vapeadores desechables<\/p>","protected":false},"featured_media":14185,"comment_status":"open","ping_status":"closed","template":"","meta":[],"product_brand":[211],"product_cat":[124,185,189,1637,194,138,196,174,175,193,191,173,186,180,190,192],"product_tag":[],"class_list":{"0":"post-14170","1":"product","2":"type-product","3":"status-publish","4":"has-post-thumbnail","6":"product_brand-aivono","7":"product_cat-vape-by-brand","8":"product_cat-10000-puffs-high-capacity","9":"product_cat-20mg-standard-nicotine-vapes","10":"product_cat-30000-puffs","11":"product_cat-adjustable-airflow","12":"product_cat-aivono","13":"product_cat-child-safety-features","14":"product_cat-fruit-flavors","15":"product_cat-icy-mint","16":"product_cat-mesh-coil","17":"product_cat-rechargeable-disposables","18":"product_cat-vape-by-flavor-profile","19":"product_cat-vape-by-nicotine-strength","20":"product_cat-vape-by-puff-count","21":"product_cat-vape-by-feature-or-type","22":"product_cat-vapes-with-screens","24":"first","25":"onbackorder","26":"shipping-taxable","27":"purchasable","28":"product-type-variable","29":"has-default-attributes"},"tiered_pricing_type":"percentage","tiered_pricing_fixed_rules":[],"tiered_pricing_product_settings":{"layout":"default","base_unit_name":{"singular":null,"plural":null},"default_variation":null},"tiered_pricing_minimum_quantity":10,"tiered_pricing_roles_data":[],"tiered_pricing_percentage_rules":{"30":"29","50":"35","100":"40","200":"44","500":"47","1000":"49"},"tiered_pricing_maximum_quantity":null,"tiered_pricing_quantity_step":"10","_links":{"self":[{"href":"https:\/\/agoravape.com\/es\/wp-json\/wp\/v2\/product\/14170","targetHints":{"allow":["GET"]}}],"collection":[{"href":"https:\/\/agoravape.com\/es\/wp-json\/wp\/v2\/product"}],"about":[{"href":"https:\/\/agoravape.com\/es\/wp-json\/wp\/v2\/types\/product"}],"replies":[{"embeddable":true,"href":"https:\/\/agoravape.com\/es\/wp-json\/wp\/v2\/comments?post=14170"}],"version-history":[{"count":0,"href":"https:\/\/agoravape.com\/es\/wp-json\/wp\/v2\/product\/14170\/revisions"}],"wp:featuredmedia":[{"embeddable":true,"href":"https:\/\/agoravape.com\/es\/wp-json\/wp\/v2\/media\/14185"}],"wp:attachment":[{"href":"https:\/\/agoravape.com\/es\/wp-json\/wp\/v2\/media?parent=14170"}],"wp:term":[{"taxonomy":"product_brand","embeddable":true,"href":"https:\/\/agoravape.com\/es\/wp-json\/wp\/v2\/product_brand?post=14170"},{"taxonomy":"product_cat","embeddable":true,"href":"https:\/\/agoravape.com\/es\/wp-json\/wp\/v2\/product_cat?post=14170"},{"taxonomy":"product_tag","embeddable":true,"href":"https:\/\/agoravape.com\/es\/wp-json\/wp\/v2\/product_tag?post=14170"}],"curies":[{"name":"wp","href":"https:\/\/api.w.org\/{rel}","templated":true}]}}