{"id":14195,"date":"2025-10-12T22:12:57","date_gmt":"2025-10-12T14:12:57","guid":{"rendered":"https:\/\/green-grasshopper-921422.hostingersite.com\/?post_type=product&#038;p=14195"},"modified":"2025-12-31T22:59:31","modified_gmt":"2025-12-31T14:59:31","slug":"aivono-aim-flash-35k-puffs-dual-mesh-vape","status":"publish","type":"product","link":"https:\/\/agoravape.com\/es\/product\/aivono-aim-flash-35k-puffs-dual-mesh-vape\/","title":{"rendered":"Aivono Aim Flash 35K Puffs Dual Mesh Disposable Vape | Big Puffs, Consistent Flavour"},"content":{"rendered":"<h2 data-v-md-heading=\"what-are-the-highlights-of-the-aivono-aim-flash-35k-dual-network-disposable-vape\" data-v-md-line=\"3\">\u00bfCu\u00e1les son los aspectos m\u00e1s destacados del vaporizador desechable de red dual Aivono Aim Flash 35K?<\/h2>\n<p data-v-md-line=\"4\">Si est\u00e1s cansado de los vapeadores desechables que caducan en pocos d\u00edas, este producto cambiar\u00e1 tu experiencia. El Aivono Aim Flash cuenta con n\u00facleos dobles y capacidad para hasta 35\u00a0000 bocanadas, lo que te permite mantener un sabor intenso de principio a fin. Si buscas un vapeador duradero, con un sabor excelente y que no requiera una configuraci\u00f3n ni un mantenimiento tediosos, es la opci\u00f3n ideal.<\/p>\n<p data-v-md-line=\"6\">Quiz\u00e1s pienses que el sabor disminuir\u00e1 gradualmente despu\u00e9s de usar el dispositivo durante tanto tiempo, pero el dise\u00f1o de doble malla mantiene una succi\u00f3n suave y constante en todo momento. Simplemente elige tu sabor y concentraci\u00f3n de nicotina favoritos, y podr\u00e1s empezar f\u00e1cilmente.<\/p>\n<h2 data-v-md-heading=\"excellent-performance-no-need-for-complex-operations\" data-v-md-line=\"8\">Excellent performance, no need for complex operations<\/h2>\n<p data-v-md-line=\"9\">El n\u00facleo dual es lo m\u00e1s destacado de este producto. Se calienta de manera uniforme, lo que te permite disfrutar de un sabor intenso y puro con cada calada. Cuando la bater\u00eda est\u00e9 baja, puedes cargarlo a trav\u00e9s de la interfaz tipo C; el cable de carga puede ser el mismo que el del tel\u00e9fono. Sin botones ni men\u00fas. Solo respira y estar\u00e1 listo para usar.<\/p>\n<h2 data-v-md-heading=\"specification-introduction\" data-v-md-line=\"11\">Specification Introduction<\/h2>\n<ul data-v-md-line=\"12\">\n<li>N\u00famero de succiones: hasta 35000 succiones<\/li>\n<li>Capacidad de e-l\u00edquido: 28 mililitros<\/li>\n<li>Bater\u00eda: bater\u00eda recargable de 850 mAh<\/li>\n<li>N\u00facleo atomizador: malla doble de 1,0 \u03a9<\/li>\n<li>Concentraci\u00f3n de nicotina: 0%, 2%, 3% y 5% opcional<\/li>\n<li>Charging: Type-C USB interface<\/li>\n<li>Working principle: Activate with just one puff<\/li>\n<li>Status: Ready to use upon unboxing<\/li>\n<\/ul>\n<h2 data-v-md-heading=\"full-range-of-flavors\" data-v-md-line=\"21\">Gama completa de sabores<\/h2>\n<ul data-v-md-line=\"22\">\n<li>Batido de fresa<\/li>\n<li>Sand\u00eda fresa<\/li>\n<li>Frambuesa Cereza<\/li>\n<li>Batido de ar\u00e1ndanos<\/li>\n<li>Lim\u00f3n como<\/li>\n<li>Jugo de durazno<\/li>\n<li>Ar\u00e1ndanos y uvas<\/li>\n<li>Chicle de sand\u00eda<\/li>\n<li>manzanas agrias<\/li>\n<li>Mango Pi\u00f1a<\/li>\n<li>Rancho Azul<\/li>\n<li>Batido de sand\u00eda<\/li>\n<li>Batido de uva<\/li>\n<li>Mixed berries<\/li>\n<li>Kiwi fresa<\/li>\n<\/ul>\n<h2 data-v-md-heading=\"for-you-for-your-business\" data-v-md-line=\"38\">For you, for your business<\/h2>\n<p data-v-md-line=\"39\">Puedes comprar el Aivono Aim Flash 35K para uso personal o a\u00f1adirlo a tu tienda. Ofrecemos embalaje al por mayor, y la cantidad puede variar seg\u00fan el lote. Cont\u00e1ctanos y te confirmaremos el tama\u00f1o actual del embalaje de tu pedido.<\/p>\n<p data-v-md-line=\"41\">Ofrecemos servicios de Entrega con Derechos Pagados (DDP) a trav\u00e9s de socios de confianza como UPS, DPD y DHL en toda Europa para garantizar que reciba su env\u00edo DDP y evitar imprevistos aduaneros. El pedido es rastreable. El embalaje es confidencial. El pago se procesa a trav\u00e9s de una pasarela segura.<\/p>\n<h2 data-v-md-heading=\"why-do-you-like-it\" data-v-md-line=\"43\">Why do you like it<\/h2>\n<ul data-v-md-line=\"44\">\n<li>Succi\u00f3n masiva: duradera y de larga duraci\u00f3n, sin necesidad de reemplazo frecuente de vaporizadores.<\/li>\n<li>Selecci\u00f3n de nicotina: elija la concentraci\u00f3n que se adapte a sus preferencias y regulaciones locales.<\/li>\n<li>Recargable: utiliza todos los e-l\u00edquidos adquiridos.<\/li>\n<li>Bobina de malla: desde el primer bocado hasta el \u00faltimo, el sabor se mantiene constante.<\/li>\n<\/ul>\n<h2 data-v-md-heading=\"quick-explanation-of-compliance\" data-v-md-line=\"49\">Explicaci\u00f3n r\u00e1pida del cumplimiento<\/h2>\n<p data-v-md-line=\"50\">El suministro de nicotina var\u00eda seg\u00fan el mercado. Ofrecemos opciones que cumplen con los est\u00e1ndares TPD\/TRRP seg\u00fan sea necesario y podemos ofrecer recomendaciones sobre la concentraci\u00f3n de e-l\u00edquido permitida en su pa\u00eds o regi\u00f3n. Todo el inventario es genuino y viene con etiquetas claras e informaci\u00f3n de seguridad.<\/p>\n<h2 data-v-md-heading=\"why-choose-to-collaborate-with-agoravape\" data-v-md-line=\"52\">Why choose to collaborate with AgoraVape?<\/h2>\n<p data-v-md-line=\"53\">Somos uno de los distribuidores de vapeo de confianza en Europa y solo vendemos productos originales. Las empresas disfrutan de precios al por mayor con descuento, soporte t\u00e9cnico r\u00e1pido y entregas r\u00e1pidas DDP para los vapeadores desechables Aivono Aim Flash 35K. Ofrecemos opciones OEM\/ODM bajo petici\u00f3n. Cont\u00e1ctenos para reservar un dispositivo de confianza para sus clientes.<\/p>","protected":false},"excerpt":{"rendered":"<p>&nbsp;<\/p>","protected":false},"featured_media":14215,"comment_status":"open","ping_status":"closed","template":"","meta":[],"product_brand":[211],"product_cat":[124,187,185,189,138,174,175,193,191,173,186,180,190],"product_tag":[],"class_list":{"0":"post-14195","1":"product","2":"type-product","3":"status-publish","4":"has-post-thumbnail","6":"product_brand-aivono","7":"product_cat-vape-by-brand","8":"product_cat-0mg-nicotine-free-vapes","9":"product_cat-10000-puffs-high-capacity","10":"product_cat-20mg-standard-nicotine-vapes","11":"product_cat-aivono","12":"product_cat-fruit-flavors","13":"product_cat-icy-mint","14":"product_cat-mesh-coil","15":"product_cat-rechargeable-disposables","16":"product_cat-vape-by-flavor-profile","17":"product_cat-vape-by-nicotine-strength","18":"product_cat-vape-by-puff-count","19":"product_cat-vape-by-feature-or-type","21":"first","22":"instock","23":"shipping-taxable","24":"purchasable","25":"product-type-variable","26":"has-default-attributes"},"tiered_pricing_type":"percentage","tiered_pricing_fixed_rules":[],"tiered_pricing_product_settings":{"layout":"default","base_unit_name":{"singular":null,"plural":null},"default_variation":null},"tiered_pricing_minimum_quantity":10,"tiered_pricing_roles_data":[],"tiered_pricing_percentage_rules":{"30":"29","50":"35","100":"40","200":"44","500":"47","1000":"49"},"tiered_pricing_maximum_quantity":null,"tiered_pricing_quantity_step":"10","_links":{"self":[{"href":"https:\/\/agoravape.com\/es\/wp-json\/wp\/v2\/product\/14195","targetHints":{"allow":["GET"]}}],"collection":[{"href":"https:\/\/agoravape.com\/es\/wp-json\/wp\/v2\/product"}],"about":[{"href":"https:\/\/agoravape.com\/es\/wp-json\/wp\/v2\/types\/product"}],"replies":[{"embeddable":true,"href":"https:\/\/agoravape.com\/es\/wp-json\/wp\/v2\/comments?post=14195"}],"version-history":[{"count":0,"href":"https:\/\/agoravape.com\/es\/wp-json\/wp\/v2\/product\/14195\/revisions"}],"wp:featuredmedia":[{"embeddable":true,"href":"https:\/\/agoravape.com\/es\/wp-json\/wp\/v2\/media\/14215"}],"wp:attachment":[{"href":"https:\/\/agoravape.com\/es\/wp-json\/wp\/v2\/media?parent=14195"}],"wp:term":[{"taxonomy":"product_brand","embeddable":true,"href":"https:\/\/agoravape.com\/es\/wp-json\/wp\/v2\/product_brand?post=14195"},{"taxonomy":"product_cat","embeddable":true,"href":"https:\/\/agoravape.com\/es\/wp-json\/wp\/v2\/product_cat?post=14195"},{"taxonomy":"product_tag","embeddable":true,"href":"https:\/\/agoravape.com\/es\/wp-json\/wp\/v2\/product_tag?post=14195"}],"curies":[{"name":"wp","href":"https:\/\/api.w.org\/{rel}","templated":true}]}}