{"id":14233,"date":"2025-10-12T22:25:23","date_gmt":"2025-10-12T14:25:23","guid":{"rendered":"https:\/\/green-grasshopper-921422.hostingersite.com\/?post_type=product&#038;p=14233"},"modified":"2026-03-27T06:21:43","modified_gmt":"2026-03-27T05:21:43","slug":"aivono-aim-magic-20k-puffs-top-fill-vape","status":"publish","type":"product","link":"https:\/\/agoravape.com\/es\/product\/aivono-aim-magic-20k-puffs-top-fill-vape\/","title":{"rendered":"Aivono Aim Magic 20K Puffs - Vape desechable de llenado superior | Comodidad duradera con un sabor intenso"},"content":{"rendered":"<h2 data-v-md-heading=\"what-are-the-advantages-of-aivono-aim-magic-20k-suction-top-injection-disposable-vape\" data-v-md-line=\"3\"><\/h2>\n<h2 data-v-md-heading=\"what-are-the-advantages-of-aivono-aim-magic-20k-suction-top-injection-disposable-vape\" data-v-md-line=\"3\">\u00bfCu\u00e1les son las ventajas del vaporizador desechable de inyecci\u00f3n con succi\u00f3n superior Aivono Aim Magic 20K?<\/h2>\n<p data-v-md-line=\"4\">Si est\u00e1s cansado de cambiar de vaporizador cada pocos d\u00edas, este producto sin duda te revitalizar\u00e1. El Aivono Aim Magic tiene una capacidad de succi\u00f3n de hasta 20\u00a0000 rpm, es compacto y port\u00e1til, lo que te permite disfrutar f\u00e1cilmente de una bater\u00eda de larga duraci\u00f3n.<\/p>\n<p data-v-md-line=\"6\">Para quienes buscan un sabor estable y un uso diario c\u00f3modo, es sin duda la opci\u00f3n ideal. La pantalla clara del nivel de bater\u00eda y e-l\u00edquido permite controlar el estado en cualquier momento. Sin accidentes durante el viaje, uso fluido.<\/p>\n<h2 data-v-md-heading=\"excellent-performance-worry-free\" data-v-md-line=\"8\">Excellent performance, worry free<\/h2>\n<p data-v-md-line=\"9\">Las resistencias de malla doble de 1.0 \u03a9 integradas garantizan que cada bocado sea tan delicioso como el primer sorbo. Sabor estable y humo n\u00edtido. Cuando la bater\u00eda est\u00e9 baja, puedes usar el cable de datos tipo C que usas habitualmente en tu tel\u00e9fono para cargarlo. Sencillo y pr\u00e1ctico. El dise\u00f1o de carga superior facilita el mantenimiento y la carga en entornos B2B.<\/p>\n<h2 data-v-md-heading=\"specification-introduction\" data-v-md-line=\"11\">Specification Introduction<\/h2>\n<ul data-v-md-line=\"12\">\n<li>Frecuencia de succi\u00f3n: hasta 20000 veces<\/li>\n<li>Contenido de nicotina: 0%, 2%, 3% o 5%<\/li>\n<li>Working principle: Activate with just one puff<\/li>\n<li>M\u00e9todo de carga: Interfaz USB tipo C<\/li>\n<li>Capacidad de e-l\u00edquido: 26 mililitros<\/li>\n<li>N\u00facleo atomizador: malla doble de 1,0 \u03a9<\/li>\n<li>Bater\u00eda: bater\u00eda recargable de 600 mAh<\/li>\n<li>Pantalla de visualizaci\u00f3n: visualizaci\u00f3n del nivel de bater\u00eda y visualizaci\u00f3n del nivel de e-l\u00edquido<\/li>\n<li>Status: Ready to use upon unboxing<\/li>\n<\/ul>\n<h2 data-v-md-heading=\"full-range-of-flavors\" data-v-md-line=\"22\">Gama completa de sabores<\/h2>\n<ul data-v-md-line=\"23\">\n<li>Batido de ar\u00e1ndanos<\/li>\n<li>Batido de fresa<\/li>\n<li>Batido de sand\u00eda<\/li>\n<li>Batido de pi\u00f1a y coco<\/li>\n<li>Batido de pi\u00f1a y mango<\/li>\n<li>Batido de frutos rojos<\/li>\n<li>Batido de fresa y sand\u00eda<\/li>\n<li>Batido de ar\u00e1ndanos<\/li>\n<li>Batido de melocot\u00f3n<\/li>\n<li>Helado de fresa<\/li>\n<\/ul>\n<h2 data-v-md-heading=\"for-you-and-your-business\" data-v-md-line=\"34\">For you and your business<\/h2>\n<p data-v-md-line=\"35\">Puedes comprar un dispositivo para uso personal o abastecerlo para tu tienda. Las cajas de cart\u00f3n al por mayor tienen capacidad para 200 unidades, lo que te permite planificar f\u00e1cilmente tu inventario. Ofrecemos servicios de env\u00edo DDP con impuestos incluidos con socios de confianza como UPS DPD y DHL, para que no haya contratiempos en la aduana.<\/p>\n<p data-v-md-line=\"37\">Para equipos B2B, Aim Magic puede transportar contenedores vac\u00edos para que los clientes los llenen por s\u00ed mismos. Adem\u00e1s, tambi\u00e9n puede elegir logotipos luminosos personalizados para que su marca destaque en los estantes.<\/p>\n<h2 data-v-md-heading=\"why-do-you-like-it\" data-v-md-line=\"39\">Why do you like it<\/h2>\n<ul data-v-md-line=\"40\">\n<li>Fumar masivamente: duradero y de larga duraci\u00f3n, sin necesidad de comprar cigarrillos nuevos con frecuencia.<\/li>\n<li>Selecci\u00f3n de nicotina: elige la concentraci\u00f3n adecuada para tu uso diario.<\/li>\n<li>Recargable: Utilizas todos los e-l\u00edquidos que compres.<\/li>\n<li>Bobina de malla: proporciona una experiencia consistente y deliciosa en todo momento.<\/li>\n<li>Pantalla inteligente: proporciona una vista clara de los niveles de bater\u00eda y e-l\u00edquido para que pueda planificar con anticipaci\u00f3n.<\/li>\n<li>Inyecci\u00f3n de aceite superior: Tanto el equipo de operaci\u00f3n como los usuarios a granel pueden inyectar aceite f\u00e1cilmente.<\/li>\n<\/ul>\n<h2 data-v-md-heading=\"why-collaborate-with-agoravape\" data-v-md-line=\"47\">Why collaborate with AgoraVape?<\/h2>\n<p data-v-md-line=\"48\">Solo vendemos productos 100 % genuinos y garantizamos la calidad de los productos que enviamos. Para clientes comerciales, esto significa que los vaporizadores desechables con aceite y succi\u00f3n superior Aivono Aim Magic 20K ofrecen precios de mayoreo con descuento, atenci\u00f3n al cliente confiable y log\u00edstica r\u00e1pida y confiable. Cont\u00e1ctanos y compra un dispositivo que tus clientes realmente apreciar\u00e1n.<\/p>","protected":false},"excerpt":{"rendered":"<p>\u00bfCu\u00e1les son las ventajas del vapeador desechable Aivono Aim Magic 20K de inyecci\u00f3n superior por succi\u00f3n? Si est\u00e1 cansado de cambiar<\/p>","protected":false},"featured_media":14264,"comment_status":"open","ping_status":"closed","template":"","meta":[],"product_brand":[211],"product_cat":[124,187,185,1636,189,138,174,175,193,191,173,186,180,190,192],"product_tag":[],"class_list":{"0":"post-14233","1":"product","2":"type-product","3":"status-publish","4":"has-post-thumbnail","6":"product_brand-aivono","7":"product_cat-vape-by-brand","8":"product_cat-0mg-nicotine-free-vapes","9":"product_cat-10000-puffs-high-capacity","10":"product_cat-20000-puffs","11":"product_cat-20mg-standard-nicotine-vapes","12":"product_cat-aivono","13":"product_cat-fruit-flavors","14":"product_cat-icy-mint","15":"product_cat-mesh-coil","16":"product_cat-rechargeable-disposables","17":"product_cat-vape-by-flavor-profile","18":"product_cat-vape-by-nicotine-strength","19":"product_cat-vape-by-puff-count","20":"product_cat-vape-by-feature-or-type","21":"product_cat-vapes-with-screens","23":"first","24":"instock","25":"shipping-taxable","26":"purchasable","27":"product-type-variable","28":"has-default-attributes"},"tiered_pricing_type":"percentage","tiered_pricing_fixed_rules":[],"tiered_pricing_product_settings":{"layout":"default","base_unit_name":{"singular":null,"plural":null},"default_variation":null},"tiered_pricing_minimum_quantity":10,"tiered_pricing_roles_data":[],"tiered_pricing_percentage_rules":{"30":"29","50":"35","100":"40","200":"44","500":"47","1000":"49"},"tiered_pricing_maximum_quantity":null,"tiered_pricing_quantity_step":"10","_links":{"self":[{"href":"https:\/\/agoravape.com\/es\/wp-json\/wp\/v2\/product\/14233","targetHints":{"allow":["GET"]}}],"collection":[{"href":"https:\/\/agoravape.com\/es\/wp-json\/wp\/v2\/product"}],"about":[{"href":"https:\/\/agoravape.com\/es\/wp-json\/wp\/v2\/types\/product"}],"replies":[{"embeddable":true,"href":"https:\/\/agoravape.com\/es\/wp-json\/wp\/v2\/comments?post=14233"}],"version-history":[{"count":1,"href":"https:\/\/agoravape.com\/es\/wp-json\/wp\/v2\/product\/14233\/revisions"}],"predecessor-version":[{"id":29828,"href":"https:\/\/agoravape.com\/es\/wp-json\/wp\/v2\/product\/14233\/revisions\/29828"}],"wp:featuredmedia":[{"embeddable":true,"href":"https:\/\/agoravape.com\/es\/wp-json\/wp\/v2\/media\/14264"}],"wp:attachment":[{"href":"https:\/\/agoravape.com\/es\/wp-json\/wp\/v2\/media?parent=14233"}],"wp:term":[{"taxonomy":"product_brand","embeddable":true,"href":"https:\/\/agoravape.com\/es\/wp-json\/wp\/v2\/product_brand?post=14233"},{"taxonomy":"product_cat","embeddable":true,"href":"https:\/\/agoravape.com\/es\/wp-json\/wp\/v2\/product_cat?post=14233"},{"taxonomy":"product_tag","embeddable":true,"href":"https:\/\/agoravape.com\/es\/wp-json\/wp\/v2\/product_tag?post=14233"}],"curies":[{"name":"wp","href":"https:\/\/api.w.org\/{rel}","templated":true}]}}