{"id":14308,"date":"2025-10-13T12:34:56","date_gmt":"2025-10-13T04:34:56","guid":{"rendered":"https:\/\/green-grasshopper-921422.hostingersite.com\/?post_type=product&#038;p=14308"},"modified":"2025-12-15T21:30:55","modified_gmt":"2025-12-15T13:30:55","slug":"elf-box-crystal-bar-600-puffs-tpd-vape","status":"publish","type":"product","link":"https:\/\/agoravape.com\/es\/product\/elf-box-crystal-bar-600-puffs-tpd-vape\/","title":{"rendered":"Barra de cristal Elf Box de 600 inhalaciones | Sabor confiable que cumple con la normativa TPD"},"content":{"rendered":"<h2 data-v-md-heading=\"what-are-the-advantages-of-elf-box-crystal-bar-600-tpd-compliant-vapes\" data-v-md-line=\"3\"><img loading=\"lazy\" decoding=\"async\" class=\"aligncenter size-full wp-image-14330\" src=\"https:\/\/agoravape.com\/wp-content\/uploads\/2025\/10\/Elf-Box-Crystal-Bar-600-Puffs-TPD-Compliant-Vape_BLUE-RAZZ_Agora_vape-11.webp\" alt=\"\" width=\"1920\" height=\"1080\" srcset=\"https:\/\/agoravape.com\/wp-content\/uploads\/2025\/10\/Elf-Box-Crystal-Bar-600-Puffs-TPD-Compliant-Vape_BLUE-RAZZ_Agora_vape-11.webp 1920w, https:\/\/agoravape.com\/wp-content\/uploads\/2025\/10\/Elf-Box-Crystal-Bar-600-Puffs-TPD-Compliant-Vape_BLUE-RAZZ_Agora_vape-11-1200x675.webp 1200w, https:\/\/agoravape.com\/wp-content\/uploads\/2025\/10\/Elf-Box-Crystal-Bar-600-Puffs-TPD-Compliant-Vape_BLUE-RAZZ_Agora_vape-11-300x169.webp 300w, https:\/\/agoravape.com\/wp-content\/uploads\/2025\/10\/Elf-Box-Crystal-Bar-600-Puffs-TPD-Compliant-Vape_BLUE-RAZZ_Agora_vape-11-1024x576.webp 1024w, https:\/\/agoravape.com\/wp-content\/uploads\/2025\/10\/Elf-Box-Crystal-Bar-600-Puffs-TPD-Compliant-Vape_BLUE-RAZZ_Agora_vape-11-768x432.webp 768w, https:\/\/agoravape.com\/wp-content\/uploads\/2025\/10\/Elf-Box-Crystal-Bar-600-Puffs-TPD-Compliant-Vape_BLUE-RAZZ_Agora_vape-11-1536x864.webp 1536w\" sizes=\"auto, (max-width: 1920px) 100vw, 1920px\" \/><\/h2>\n<h2 data-v-md-heading=\"what-are-the-advantages-of-elf-box-crystal-bar-600-tpd-compliant-vapes\" data-v-md-line=\"3\">\u00bfCu\u00e1les son las ventajas de los vapes compatibles con Elf Box Crystal Bar 600 TPD?<\/h2>\n<p data-v-md-line=\"4\">Si buscas un vaporizador desechable sencillo y f\u00e1cil de usar, esta es la opci\u00f3n ideal. El Elf Box Crystal Bar cuenta con un cuerpo compacto y transparente que ofrece hasta 600 bocanadas de satisfacci\u00f3n. Es c\u00f3modo de sostener y cabe f\u00e1cilmente en cualquier bolsillo.<\/p>\n<p data-v-md-line=\"6\">Si buscas un vaporizador fiable, delicioso y f\u00e1cil de usar, este es tu elecci\u00f3n ideal. Sin botones ni men\u00fas, disfruta de un sabor suave desde el primer bocado hasta el \u00faltimo. Puede que un vaporizador de 600 caladas te parezca pesado, pero este es ligero y sencillo.<\/p>\n<h2 data-v-md-heading=\"excellent-performance-without-any-complexity\" data-v-md-line=\"8\">Excellent performance without any complexity<\/h2>\n<p data-v-md-line=\"9\">El n\u00facleo del Crystal Bar es una bobina de malla. Esto permite que cada inhalaci\u00f3n se caliente uniformemente y mantenga un sabor consistente. Se activa por succi\u00f3n, y solo necesitas succionar suavemente para disfrutarlo. No te preocupes por la carga, ya que la bater\u00eda integrada de 500 mAh tiene capacidad para 2 mililitros de e-l\u00edquido. Abre la caja y empieza a usarlo.<\/p>\n<h2 data-v-md-heading=\"specification-introduction\" data-v-md-line=\"11\">Specification Introduction<\/h2>\n<ul data-v-md-line=\"12\">\n<li>Frecuencia de succi\u00f3n: hasta 600 veces<\/li>\n<li>Nicotina: 0% (0 mg) y 2% (20 mg) son dos opciones que cumplen con la TPD<\/li>\n<li>Nota: El 5% de las versiones son aplicables a mercados no pertenecientes a la UE y no se venden en regiones TPD.<\/li>\n<li>Working principle: Activated by inhalation<\/li>\n<li>M\u00e9todo de carga: No es necesario cargar (desechable)<\/li>\n<li>Capacidad de e-l\u00edquido: 2 mililitros<\/li>\n<li>Bobina: tipo malla<\/li>\n<li>Status: Ready to use upon unboxing<\/li>\n<\/ul>\n<h2 data-v-md-heading=\"full-range-of-flavors\" data-v-md-line=\"21\">Gama completa de sabores<\/h2>\n<ul data-v-md-line=\"22\">\n<li>Helado de cereza<\/li>\n<li>Strawberry Ice<\/li>\n<li>Grape Ice<\/li>\n<li>Mixed berries<\/li>\n<li>Pista de hielo azul<\/li>\n<li>Watermelon Ice<\/li>\n<li>Sand\u00eda fresa<\/li>\n<li>Pista de hielo azul<\/li>\n<li>Peach Ice<\/li>\n<li>Kiwi y maracuy\u00e1<\/li>\n<\/ul>\n<h2 data-v-md-heading=\"for-you-for-your-business\" data-v-md-line=\"33\">For you, for your business<\/h2>\n<p data-v-md-line=\"34\">C\u00f3mpralo t\u00fa mismo, f\u00e1cil y c\u00f3modo. Elige un sabor, elige la nicotina y disfruta de 600 experiencias pr\u00e1cticas, f\u00e1ciles de llevar.<\/p>\n<p data-v-md-line=\"36\">\u00bfTiene una tienda f\u00edsica o en l\u00ednea? Nos adaptamos a sus necesidades. Inventario al por mayor: 10 piezas por caja interior y 400 piezas por caja exterior. Trabajamos con socios de confianza como UPS, DPD y DHL para realizar env\u00edos dentro de Europa con entrega con derechos pagados (DDP), lo que le permite disfrutar de la entrega DDP y evitar problemas aduaneros.<\/p>\n<h2 data-v-md-heading=\"why-do-you-like-it\" data-v-md-line=\"38\">Why do you like it<\/h2>\n<ul data-v-md-line=\"39\">\n<li>Gran capacidad para fumar: hasta 600 cigarrillos, por lo que no tendr\u00e1 que salir corriendo temporalmente para reemplazar el cartucho.<\/li>\n<li>Selecci\u00f3n del contenido de nicotina: 0 miligramos o 20 miligramos, para satisfacer sus preferencias<\/li>\n<li>Cero preocupaciones: sin botones, sin necesidad de cargar, c\u00f3modo de llevar.<\/li>\n<li>N\u00facleo atomizador de malla: brinda un sabor suave, duradero y puro.<\/li>\n<li>Port\u00e1til y f\u00e1cil de transportar: el cuerpo liviano y transparente lo hace c\u00f3modo de llevar.<\/li>\n<li>Cumple con los est\u00e1ndares TPD: capacidad de 2 mililitros, concentraci\u00f3n de nicotina en cumplimiento con las regulaciones de la UE, lo que le proporciona tranquilidad y tranquilidad.<\/li>\n<\/ul>\n<h2 data-v-md-heading=\"why-choose-to-collaborate-with-agoravape\" data-v-md-line=\"46\">Why choose to collaborate with AgoraVape?<\/h2>\n<p data-v-md-line=\"47\">Solo vendemos productos 100 % genuinos de proveedores verificados. Esto significa que sus clientes pueden confiar en las aut\u00e9nticas barras de cristal Elf Box. Disfrute de precios al por mayor con descuento, atenci\u00f3n al cliente eficiente y entrega r\u00e1pida DDP dentro de Europa. Pagos seguros y devoluciones transparentes lo simplifican todo. Cont\u00e1ctenos para adquirir un producto desechable de 600 piezas de eficacia comprobada y sus clientes sin duda volver\u00e1n.<\/p>","protected":false},"excerpt":{"rendered":"<p>&nbsp;<\/p>\n<p><script src=\"chrome-extension:\/\/fpelahbljekknahkcaegamhcndkfpfnc\/iFrame.js\" type=\"text\/javascript\"><\/script><\/p>\n<p><script src=\"chrome-extension:\/\/fpelahbljekknahkcaegamhcndkfpfnc\/iFrame.js\" type=\"text\/javascript\"><\/script><\/p>\n<p><script src=\"chrome-extension:\/\/fpelahbljekknahkcaegamhcndkfpfnc\/iFrame.js\" type=\"text\/javascript\"><\/script><\/p>\n<p><script src=\"chrome-extension:\/\/fpelahbljekknahkcaegamhcndkfpfnc\/iFrame.js\" type=\"text\/javascript\"><\/script><\/p>\n<p><script src=\"chrome-extension:\/\/fpelahbljekknahkcaegamhcndkfpfnc\/iFrame.js\" type=\"text\/javascript\"><\/script><\/p>","protected":false},"featured_media":14329,"comment_status":"open","ping_status":"closed","template":"","meta":[],"product_brand":[212],"product_cat":[124,187,189,139,174,175,181,173,186,180,190],"product_tag":[],"class_list":{"0":"post-14308","1":"product","2":"type-product","3":"status-publish","4":"has-post-thumbnail","6":"product_brand-elf-box","7":"product_cat-vape-by-brand","8":"product_cat-0mg-nicotine-free-vapes","9":"product_cat-20mg-standard-nicotine-vapes","10":"product_cat-elf-box","11":"product_cat-fruit-flavors","12":"product_cat-icy-mint","13":"product_cat-up-to-600-puffs-tpd-compliant","14":"product_cat-vape-by-flavor-profile","15":"product_cat-vape-by-nicotine-strength","16":"product_cat-vape-by-puff-count","17":"product_cat-vape-by-feature-or-type","19":"first","20":"instock","21":"shipping-taxable","22":"purchasable","23":"product-type-variable","24":"has-default-attributes"},"tiered_pricing_type":"percentage","tiered_pricing_fixed_rules":[],"tiered_pricing_product_settings":{"layout":"default","base_unit_name":{"singular":null,"plural":null},"default_variation":null},"tiered_pricing_minimum_quantity":10,"tiered_pricing_roles_data":[],"tiered_pricing_percentage_rules":{"100":"40","200":"44","500":"47","1000":"49"},"tiered_pricing_maximum_quantity":null,"tiered_pricing_quantity_step":"10","_links":{"self":[{"href":"https:\/\/agoravape.com\/es\/wp-json\/wp\/v2\/product\/14308","targetHints":{"allow":["GET"]}}],"collection":[{"href":"https:\/\/agoravape.com\/es\/wp-json\/wp\/v2\/product"}],"about":[{"href":"https:\/\/agoravape.com\/es\/wp-json\/wp\/v2\/types\/product"}],"replies":[{"embeddable":true,"href":"https:\/\/agoravape.com\/es\/wp-json\/wp\/v2\/comments?post=14308"}],"version-history":[{"count":0,"href":"https:\/\/agoravape.com\/es\/wp-json\/wp\/v2\/product\/14308\/revisions"}],"wp:featuredmedia":[{"embeddable":true,"href":"https:\/\/agoravape.com\/es\/wp-json\/wp\/v2\/media\/14329"}],"wp:attachment":[{"href":"https:\/\/agoravape.com\/es\/wp-json\/wp\/v2\/media?parent=14308"}],"wp:term":[{"taxonomy":"product_brand","embeddable":true,"href":"https:\/\/agoravape.com\/es\/wp-json\/wp\/v2\/product_brand?post=14308"},{"taxonomy":"product_cat","embeddable":true,"href":"https:\/\/agoravape.com\/es\/wp-json\/wp\/v2\/product_cat?post=14308"},{"taxonomy":"product_tag","embeddable":true,"href":"https:\/\/agoravape.com\/es\/wp-json\/wp\/v2\/product_tag?post=14308"}],"curies":[{"name":"wp","href":"https:\/\/api.w.org\/{rel}","templated":true}]}}