{"id":14381,"date":"2025-10-13T13:12:29","date_gmt":"2025-10-13T05:12:29","guid":{"rendered":"https:\/\/green-grasshopper-921422.hostingersite.com\/?post_type=product&#038;p=14381"},"modified":"2025-12-15T21:30:54","modified_gmt":"2025-12-15T13:30:54","slug":"elf-box-rgb14000-14k-puffs-rgb-vape","status":"publish","type":"product","link":"https:\/\/agoravape.com\/es\/product\/elf-box-rgb14000-14k-puffs-rgb-vape\/","title":{"rendered":"Elf Box RGB14000 Puffs 14K con luz RGB y cord\u00f3n | Caladas de larga duraci\u00f3n y f\u00e1cil recarga"},"content":{"rendered":"<h2 data-v-md-heading=\"what-are-the-advantages-of-elf-box-rgb14000-with-a-suction-capacity-of-14k-equipped-with-rgb-lights-and-hanging-ropes\" data-v-md-line=\"3\">\u00bfCu\u00e1les son las ventajas de Elf Box RGB14000 con una capacidad de succi\u00f3n de 14K, equipada con luces RGB y cuerdas para colgar?<\/h2>\n<p data-v-md-line=\"4\">Si est\u00e1s cansado de gastar tu e-l\u00edquido desechable demasiado r\u00e1pido, este producto es tu opci\u00f3n ideal. El Elf Box RGB14000 tiene una capacidad de succi\u00f3n de hasta 14\u00a0000 puertos y est\u00e1 equipado con luces RGB de colores y una pr\u00e1ctica cuerda para colgarlo f\u00e1cilmente en cualquier momento.<\/p>\n<p data-v-md-line=\"6\">Es ideal para quienes desean disfrutar f\u00e1cilmente de una deliciosa experiencia de vapeo. Ofrece diversas concentraciones de nicotina, una amplia capacidad de e-l\u00edquido de 25 mililitros y un sabor duradero. Quiz\u00e1s pienses que un vaporizador con tanta potencia parezca voluminoso, pero es sorprendentemente ligero: pesa tan solo 100 gramos.<\/p>\n<h2 data-v-md-heading=\"excellent-performance-without-any-complexity\" data-v-md-line=\"8\">Excellent performance without any complexity<\/h2>\n<p data-v-md-line=\"9\">N\u00facleo atomizador de malla de 1.0 \u03a9, sabor suave, sabor intenso. Tras una semana de uso, no sentir\u00e1 olor a quemado. Cuando la bater\u00eda est\u00e9 baja, puede cargarlo con el cable tipo C, el mismo que se usa en la mayor\u00eda de los tel\u00e9fonos. Con\u00e9ctelo, recargue y podr\u00e1 seguir us\u00e1ndolo.<\/p>\n<h2 data-v-md-heading=\"specification-introduction\" data-v-md-line=\"11\">Specification Introduction<\/h2>\n<ul data-v-md-line=\"12\">\n<li>Frecuencia de succi\u00f3n: hasta 14000 veces<\/li>\n<li>Contenido de nicotina: 0%\/2%\/3%\/5%<\/li>\n<li>Working principle: Activate with just one puff<\/li>\n<li>Charging: Standard Type-C USB interface<\/li>\n<li>Status: Ready to use out of the box<\/li>\n<li>E-liquid capacity: 25 milliliters<\/li>\n<li>N\u00facleo atomizador: malla de 1,0 \u03a9<\/li>\n<li>Bater\u00eda: 600 mAh (18250)<\/li>\n<li>Tama\u00f1o y peso: 35 \u00d7 36 \u00d7 133,5 mil\u00edmetros, aproximadamente 100 gramos<\/li>\n<li>Caracter\u00edsticas adicionales: tira de luz RGB y cord\u00f3n correspondiente<\/li>\n<li>Embalaje: 10 piezas por caja, 200 piezas por caja<\/li>\n<\/ul>\n<h2 data-v-md-heading=\"full-range-of-flavors\" data-v-md-line=\"24\">Gama completa de sabores<\/h2>\n<ul data-v-md-line=\"25\">\n<li>Sabor a fresa y sand\u00eda<\/li>\n<li>Sabor a batido de ar\u00e1ndanos<\/li>\n<li>Sabor a batido de fresa<\/li>\n<li>Sabor a batido de uva<\/li>\n<li>Sabor a batido de menta<\/li>\n<li>Sabor a Red Bull<\/li>\n<li>Doble sabor a manzana<\/li>\n<li>Sabor a batido fragante<\/li>\n<li>Sabor a melocot\u00f3n y sabor a mango.<\/li>\n<li>Refresco con sabor a cereza<\/li>\n<\/ul>\n<h2 data-v-md-heading=\"for-you-and-for-your-business-as-well\" data-v-md-line=\"36\">For you, and for your business as well<\/h2>\n<p data-v-md-line=\"37\">Puede comprar unidades individuales para uso personal o para la gesti\u00f3n de inventario. El embalaje al por mayor incluye cajas de 10 y 200 piezas, lo que facilita la planificaci\u00f3n. Ofrecemos servicios de entrega DDP a trav\u00e9s de socios de confianza como UPS, DPD y DHL, lo que le permite obtener precios transparentes y evitar problemas aduaneros.<\/p>\n<h2 data-v-md-heading=\"why-do-you-like-it\" data-v-md-line=\"39\">Why do you like it<\/h2>\n<ul data-v-md-line=\"40\">\n<li>Fumar masivamente: duradero y de larga duraci\u00f3n, sin necesidad de comprar cigarrillos nuevos con frecuencia.<\/li>\n<li>Selecci\u00f3n de nicotina: elige la concentraci\u00f3n que se adapte a tus necesidades diarias.<\/li>\n<li>Recargable: Puedes utilizar todo el e-l\u00edquido que compres en cada ocasi\u00f3n.<\/li>\n<li>N\u00facleo atomizador de malla: puede brindar un sabor estable y duradero en todo momento.<\/li>\n<\/ul>\n<h2 data-v-md-heading=\"why-choose-to-collaborate-with-agoravape\" data-v-md-line=\"45\">Why choose to collaborate with AgoraVape?<\/h2>\n<p data-v-md-line=\"46\">Solo vendemos productos 100 % originales, lo que le permite comprender plenamente los productos que ha adquirido. Para empresas, esto significa que puede disfrutar de precios al por mayor estables, soporte t\u00e9cnico confiable y entregas r\u00e1pidas DDP en toda Europa para las tiras de luz y cordones Elf Box RGB14000 14K RGB. Cont\u00e1ctenos para adquirir el dispositivo que realmente le encanta para sus clientes.<\/p>","protected":false},"excerpt":{"rendered":"<p>&nbsp;<\/p>\n<p><script src=\"chrome-extension:\/\/fpelahbljekknahkcaegamhcndkfpfnc\/iFrame.js\" type=\"text\/javascript\"><\/script><\/p>\n<p><script src=\"chrome-extension:\/\/fpelahbljekknahkcaegamhcndkfpfnc\/iFrame.js\" type=\"text\/javascript\"><\/script><\/p>\n<p><script src=\"chrome-extension:\/\/fpelahbljekknahkcaegamhcndkfpfnc\/iFrame.js\" type=\"text\/javascript\"><\/script><\/p>\n<p><script src=\"chrome-extension:\/\/fpelahbljekknahkcaegamhcndkfpfnc\/iFrame.js\" type=\"text\/javascript\"><\/script><\/p>\n<p><script src=\"chrome-extension:\/\/fpelahbljekknahkcaegamhcndkfpfnc\/iFrame.js\" type=\"text\/javascript\"><\/script><\/p>","protected":false},"featured_media":14402,"comment_status":"open","ping_status":"closed","template":"","meta":[],"product_brand":[212],"product_cat":[124,187,185,189,176,139,174,175,193,191,173,186,180,190],"product_tag":[],"class_list":{"0":"post-14381","1":"product","2":"type-product","3":"status-publish","4":"has-post-thumbnail","6":"product_brand-elf-box","7":"product_cat-vape-by-brand","8":"product_cat-0mg-nicotine-free-vapes","9":"product_cat-10000-puffs-high-capacity","10":"product_cat-20mg-standard-nicotine-vapes","11":"product_cat-beverage","12":"product_cat-elf-box","13":"product_cat-fruit-flavors","14":"product_cat-icy-mint","15":"product_cat-mesh-coil","16":"product_cat-rechargeable-disposables","17":"product_cat-vape-by-flavor-profile","18":"product_cat-vape-by-nicotine-strength","19":"product_cat-vape-by-puff-count","20":"product_cat-vape-by-feature-or-type","22":"first","23":"instock","24":"shipping-taxable","25":"purchasable","26":"product-type-variable","27":"has-default-attributes"},"tiered_pricing_type":"percentage","tiered_pricing_fixed_rules":[],"tiered_pricing_product_settings":{"layout":"default","base_unit_name":{"singular":null,"plural":null},"default_variation":null},"tiered_pricing_minimum_quantity":10,"tiered_pricing_roles_data":[],"tiered_pricing_percentage_rules":{"30":"29","50":"35","100":"40","200":"44","500":"47","1000":"49"},"tiered_pricing_maximum_quantity":null,"tiered_pricing_quantity_step":"10","_links":{"self":[{"href":"https:\/\/agoravape.com\/es\/wp-json\/wp\/v2\/product\/14381","targetHints":{"allow":["GET"]}}],"collection":[{"href":"https:\/\/agoravape.com\/es\/wp-json\/wp\/v2\/product"}],"about":[{"href":"https:\/\/agoravape.com\/es\/wp-json\/wp\/v2\/types\/product"}],"replies":[{"embeddable":true,"href":"https:\/\/agoravape.com\/es\/wp-json\/wp\/v2\/comments?post=14381"}],"version-history":[{"count":0,"href":"https:\/\/agoravape.com\/es\/wp-json\/wp\/v2\/product\/14381\/revisions"}],"wp:featuredmedia":[{"embeddable":true,"href":"https:\/\/agoravape.com\/es\/wp-json\/wp\/v2\/media\/14402"}],"wp:attachment":[{"href":"https:\/\/agoravape.com\/es\/wp-json\/wp\/v2\/media?parent=14381"}],"wp:term":[{"taxonomy":"product_brand","embeddable":true,"href":"https:\/\/agoravape.com\/es\/wp-json\/wp\/v2\/product_brand?post=14381"},{"taxonomy":"product_cat","embeddable":true,"href":"https:\/\/agoravape.com\/es\/wp-json\/wp\/v2\/product_cat?post=14381"},{"taxonomy":"product_tag","embeddable":true,"href":"https:\/\/agoravape.com\/es\/wp-json\/wp\/v2\/product_tag?post=14381"}],"curies":[{"name":"wp","href":"https:\/\/api.w.org\/{rel}","templated":true}]}}