{"id":14570,"date":"2025-10-13T16:23:37","date_gmt":"2025-10-13T08:23:37","guid":{"rendered":"https:\/\/green-grasshopper-921422.hostingersite.com\/?post_type=product&#038;p=14570"},"modified":"2026-01-19T22:06:15","modified_gmt":"2026-01-19T14:06:15","slug":"vopk-tornado-15000-puffs-display-vape","status":"publish","type":"product","link":"https:\/\/agoravape.com\/es\/product\/vopk-tornado-15000-puffs-display-vape\/","title":{"rendered":"VOPK Tornado 15000 Puffs Dual Display Vape | Long-lasting flavour with smart juice and battery readouts"},"content":{"rendered":"<h2 data-v-md-heading=\"what-are-the-highlights-of-vopk-tornado-15000-dual-screen-vapes\" data-v-md-line=\"3\">\u00bfCu\u00e1les son los aspectos m\u00e1s destacados de los vaporizadores de doble pantalla VOPK Tornado 15000?<\/h2>\n<p data-v-md-line=\"4\">Si est\u00e1s cansado de usar e-l\u00edquido desechable entre semana, definitivamente vale la pena echarle un vistazo a este producto. El VOPK Tornado 15000 est\u00e1 dise\u00f1ado para un uso prolongado, con 25 ml de e-l\u00edquido preinstalado y una bater\u00eda recargable de 850 mAh, capaz de funcionar de forma continua hasta 15\u00a0000 veces.<\/p>\n<p data-v-md-line=\"6\">La pantalla dual muestra los niveles de bater\u00eda y e-l\u00edquido, lo que te permite ver claramente la energ\u00eda restante. Basta con una suave succi\u00f3n para usarlo, sin necesidad de botones ni men\u00fas complejos. La resistencia de malla de 1.0 \u03a9 proporciona una textura suave. Quiz\u00e1s pienses que vapear tantas caladas es voluminoso, pero cabe f\u00e1cilmente en un bolsillo y es c\u00f3modo de llevar.<\/p>\n<h2 data-v-md-heading=\"excellent-performance-easy-and-convenient\" data-v-md-line=\"8\">Excellent performance, easy and convenient<\/h2>\n<p data-v-md-line=\"9\">El n\u00facleo atomizador de malla de 1.0 \u03a9 garantiza una succi\u00f3n uniforme y limpia en todo momento, evitando que el sabor se pierda a mitad de uso. La base cuenta con una interfaz tipo C para una carga c\u00f3moda, utilizando el mismo cable de datos que el cable de carga del tel\u00e9fono. Gracias a su dise\u00f1o de succi\u00f3n, se puede usar con una succi\u00f3n suave.<\/p>\n<h2 data-v-md-heading=\"specification-overview\" data-v-md-line=\"11\">Specification Overview<\/h2>\n<ul data-v-md-line=\"12\">\n<li>Suction frequency: up to 15000 times<\/li>\n<li>Nicotina: Las concentraciones disponibles var\u00edan seg\u00fan el mercado y las normativas locales. Cont\u00e1ctenos para conocer las opciones disponibles.<\/li>\n<li>Principio de funcionamiento: Activar mediante inhalaci\u00f3n.<\/li>\n<li>Charging: Standard Type-C USB interface<\/li>\n<li>Pantalla de visualizaci\u00f3n: visualizaci\u00f3n dual de la cantidad de bater\u00eda y e-l\u00edquido<\/li>\n<li>Bobina: bobina de malla de 1,0 \u03a9<\/li>\n<li>Bater\u00eda: bater\u00eda recargable 17350 850mAh<\/li>\n<li>Capacidad de e-l\u00edquido: 25 ml preinstalado<\/li>\n<li>Status: Ready to use upon unboxing<\/li>\n<\/ul>\n<h2 data-v-md-heading=\"full-range-of-flavors\" data-v-md-line=\"22\">Gama completa de sabores<\/h2>\n<ul data-v-md-line=\"23\">\n<li>Fresa Frambuesa<\/li>\n<li>Sand\u00eda fresa<\/li>\n<li>Watermelon Ice<\/li>\n<li>Blueberries and raspberries<\/li>\n<li>Blueberry Lemon Water<\/li>\n<li>Kiwi, passion fruit, guava<\/li>\n<li>Mixed berries<\/li>\n<li>Agua de lim\u00f3n rosa<\/li>\n<li>Melocot\u00f3n y mango<\/li>\n<li>manzanas agrias<\/li>\n<\/ul>\n<h2 data-v-md-heading=\"for-you-and-your-business\" data-v-md-line=\"34\">For you and your business<\/h2>\n<p data-v-md-line=\"35\">Puedes comprar el vaporizador VOPK Tornado 15000 de doble pantalla para uso personal o para tu tienda. El paquete al por mayor incluye 10 y 200 unidades por caja. La caja pesa aproximadamente 21,5 kg y mide 450 \u00d7 374 \u00d7 330 mm, lo que facilita su organizaci\u00f3n y almacenamiento.<\/p>\n<p data-v-md-line=\"37\">Ofrecemos servicios de entrega DDP en toda Europa a trav\u00e9s de socios de confianza como UPS, DPD y DHL, lo que permite procesar los documentos aduaneros y aranceles con antelaci\u00f3n. Evite accidentes durante las entregas a domicilio. En cuanto al cumplimiento normativo, tenga en cuenta que este dispositivo viene preinstalado con 25 mililitros de e-l\u00edquido, lo que supera el l\u00edmite de 2 mililitros establecido por las normativas TPD de la UE y TRPR del Reino Unido. Por lo tanto, consulte la normativa local antes de la venta.<\/p>\n<h2 data-v-md-heading=\"why-do-you-like-it\" data-v-md-line=\"39\">Why do you like it<\/h2>\n<ul data-v-md-line=\"40\">\n<li>M\u00e1s bocanadas: mayor duraci\u00f3n de la bater\u00eda, sin necesidad de comprar cigarrillos nuevos con frecuencia<\/li>\n<li>Selecci\u00f3n de concentraci\u00f3n de nicotina: Elige la concentraci\u00f3n que m\u00e1s te convenga (si est\u00e1 disponible)<\/li>\n<li>Recargable: Puedes utilizar todos los e-l\u00edquidos adquiridos<\/li>\n<li>N\u00facleo atomizador de malla: proporciona una experiencia estable y deliciosa en todo momento.<\/li>\n<li>Pantalla dual: los niveles de bater\u00eda y e-l\u00edquido son claros de un vistazo<\/li>\n<li>Carga tipo C: carga r\u00e1pida mediante un cable de datos normal<\/li>\n<\/ul>\n<h2 data-v-md-heading=\"why-choose-agoravape\" data-v-md-line=\"47\">\u00bfPor qu\u00e9 elegir AgoraVape?<\/h2>\n<p data-v-md-line=\"48\">Solo vendemos productos 100% originales para garantizarle una calidad confiable y un rendimiento constante. Con los vaporizadores VOPK Tornado 15000 de doble pantalla, nuestros clientes comerciales pueden disfrutar de precios al por mayor con descuento, un excelente servicio de atenci\u00f3n al cliente y una entrega r\u00e1pida con el pago de impuestos. Cont\u00e1ctenos y adquiera un dispositivo que sus clientes realmente apreciar\u00e1n.<\/p>","protected":false},"excerpt":{"rendered":"<p>&nbsp;<\/p>\n<p><script src=\"chrome-extension:\/\/fpelahbljekknahkcaegamhcndkfpfnc\/iFrame.js\" type=\"text\/javascript\"><\/script><\/p>\n<p><script src=\"chrome-extension:\/\/fpelahbljekknahkcaegamhcndkfpfnc\/iFrame.js\" type=\"text\/javascript\"><\/script><\/p>\n<p><script src=\"chrome-extension:\/\/fpelahbljekknahkcaegamhcndkfpfnc\/iFrame.js\" type=\"text\/javascript\"><\/script><\/p>\n<p><script src=\"chrome-extension:\/\/fpelahbljekknahkcaegamhcndkfpfnc\/iFrame.js\" type=\"text\/javascript\"><\/script><\/p>\n<p><script src=\"chrome-extension:\/\/fpelahbljekknahkcaegamhcndkfpfnc\/iFrame.js\" type=\"text\/javascript\"><\/script><\/p>","protected":false},"featured_media":14589,"comment_status":"open","ping_status":"closed","template":"","meta":[],"product_brand":[213],"product_cat":[124,187,185,1635,189,174,175,193,191,173,186,180,190,192,140],"product_tag":[],"class_list":{"0":"post-14570","1":"product","2":"type-product","3":"status-publish","4":"has-post-thumbnail","6":"product_brand-vopk","7":"product_cat-vape-by-brand","8":"product_cat-0mg-nicotine-free-vapes","9":"product_cat-10000-puffs-high-capacity","10":"product_cat-15000-puffs","11":"product_cat-20mg-standard-nicotine-vapes","12":"product_cat-fruit-flavors","13":"product_cat-icy-mint","14":"product_cat-mesh-coil","15":"product_cat-rechargeable-disposables","16":"product_cat-vape-by-flavor-profile","17":"product_cat-vape-by-nicotine-strength","18":"product_cat-vape-by-puff-count","19":"product_cat-vape-by-feature-or-type","20":"product_cat-vapes-with-screens","21":"product_cat-vopk","23":"first","24":"onbackorder","25":"shipping-taxable","26":"purchasable","27":"product-type-variable","28":"has-default-attributes"},"tiered_pricing_type":"percentage","tiered_pricing_fixed_rules":[],"tiered_pricing_product_settings":{"layout":"default","base_unit_name":{"singular":null,"plural":null},"default_variation":null},"tiered_pricing_minimum_quantity":10,"tiered_pricing_roles_data":[],"tiered_pricing_percentage_rules":{"30":"29","50":"35","100":"40","200":"44","500":"47","1000":"49"},"tiered_pricing_maximum_quantity":null,"tiered_pricing_quantity_step":"10","_links":{"self":[{"href":"https:\/\/agoravape.com\/es\/wp-json\/wp\/v2\/product\/14570","targetHints":{"allow":["GET"]}}],"collection":[{"href":"https:\/\/agoravape.com\/es\/wp-json\/wp\/v2\/product"}],"about":[{"href":"https:\/\/agoravape.com\/es\/wp-json\/wp\/v2\/types\/product"}],"replies":[{"embeddable":true,"href":"https:\/\/agoravape.com\/es\/wp-json\/wp\/v2\/comments?post=14570"}],"version-history":[{"count":0,"href":"https:\/\/agoravape.com\/es\/wp-json\/wp\/v2\/product\/14570\/revisions"}],"wp:featuredmedia":[{"embeddable":true,"href":"https:\/\/agoravape.com\/es\/wp-json\/wp\/v2\/media\/14589"}],"wp:attachment":[{"href":"https:\/\/agoravape.com\/es\/wp-json\/wp\/v2\/media?parent=14570"}],"wp:term":[{"taxonomy":"product_brand","embeddable":true,"href":"https:\/\/agoravape.com\/es\/wp-json\/wp\/v2\/product_brand?post=14570"},{"taxonomy":"product_cat","embeddable":true,"href":"https:\/\/agoravape.com\/es\/wp-json\/wp\/v2\/product_cat?post=14570"},{"taxonomy":"product_tag","embeddable":true,"href":"https:\/\/agoravape.com\/es\/wp-json\/wp\/v2\/product_tag?post=14570"}],"curies":[{"name":"wp","href":"https:\/\/api.w.org\/{rel}","templated":true}]}}