{"id":14646,"date":"2025-10-13T22:44:12","date_gmt":"2025-10-13T14:44:12","guid":{"rendered":"https:\/\/green-grasshopper-921422.hostingersite.com\/?post_type=product&#038;p=14646"},"modified":"2026-02-22T15:15:47","modified_gmt":"2026-02-22T14:15:47","slug":"vapen-drta-12000-bocanadas-vape-recargable","status":"publish","type":"product","link":"https:\/\/agoravape.com\/es\/product\/vapen-drta-12000-puffs-refillable-vape\/","title":{"rendered":"Vapen DRTA 12000 Puffs Refillable Disposable Vape | Big Capacity, Simple Refills"},"content":{"rendered":"<h2 data-v-md-heading=\"what-are-the-advantages-of-vapen-drta-12000-refillable-disposable-vapes\" data-v-md-line=\"3\"><img loading=\"lazy\" decoding=\"async\" class=\"size-full wp-image-14665 alignright\" src=\"https:\/\/agoravape.com\/wp-content\/uploads\/2025\/10\/Vapen-DRTA-12000-Puffs-Refillable-Disposable-Vape_Agora_vape-8.webp\" alt=\"\" width=\"1000\" height=\"1000\" srcset=\"https:\/\/agoravape.com\/wp-content\/uploads\/2025\/10\/Vapen-DRTA-12000-Puffs-Refillable-Disposable-Vape_Agora_vape-8.webp 1000w, https:\/\/agoravape.com\/wp-content\/uploads\/2025\/10\/Vapen-DRTA-12000-Puffs-Refillable-Disposable-Vape_Agora_vape-8-600x600.webp 600w, https:\/\/agoravape.com\/wp-content\/uploads\/2025\/10\/Vapen-DRTA-12000-Puffs-Refillable-Disposable-Vape_Agora_vape-8-300x300.webp 300w, https:\/\/agoravape.com\/wp-content\/uploads\/2025\/10\/Vapen-DRTA-12000-Puffs-Refillable-Disposable-Vape_Agora_vape-8-150x150.webp 150w, https:\/\/agoravape.com\/wp-content\/uploads\/2025\/10\/Vapen-DRTA-12000-Puffs-Refillable-Disposable-Vape_Agora_vape-8-768x768.webp 768w\" sizes=\"auto, (max-width: 1000px) 100vw, 1000px\" \/><\/h2>\n<h2 data-v-md-heading=\"what-are-the-advantages-of-vapen-drta-12000-refillable-disposable-vapes\" data-v-md-line=\"3\">What are the advantages of Vapen DRTA 12000 refillable disposable vapes?<\/h2>\n<p data-v-md-line=\"4\">If you\u2019re tired of changing devices every few days, then this product will make your life easier. The Vapen DRTA features a refillable design that allows for up to 12000 refills, allowing you to keep the same device and add e-liquid as needed.<\/p>\n<p data-v-md-line=\"6\">It is suitable for anyone who wants long-lasting use without worrying. Clear e-liquid and battery level display allows you to know at a glance when you need to refuel or charge. No need to guess, easy and convenient.<\/p>\n<h2 data-v-md-heading=\"excellent-performance-easy-and-convenient\" data-v-md-line=\"8\">Excellent performance, easy and convenient<\/h2>\n<p data-v-md-line=\"9\">DRTA adopts an intelligent coil and e-liquid separation layout, which helps to maintain a fresh taste and reduce oil stains. From the first bite to the last bite, you can enjoy a consistent taste. When the battery is low, you can plug in the Type-C data cable to continue using it. It is the same charger used for most phones, so you may already have one.<\/p>\n<h2 data-v-md-heading=\"specification-overview\" data-v-md-line=\"11\">Specification Overview<\/h2>\n<p data-v-md-line=\"12\"><strong>N\u00famero de succiones<\/strong>:hasta 12000 succiones<br \/>\n<strong>Nicotina<\/strong>: 2% (20mg\/mL) and 5% (50mg\/mL) are optional<br \/>\n<strong>capacidad de e-l\u00edquido<\/strong>: 24 milliliters<br \/>\n<strong>Bater\u00eda<\/strong>:Bater\u00eda recargable de 650 mAh<br \/>\n<strong>Cargando<\/strong>: Puerto USB tipo C est\u00e1ndar<br \/>\n<strong>Pantalla de visualizaci\u00f3n<\/strong>: e-liquid level and battery indicator lights<br \/>\n<strong>Principio de funcionamiento<\/strong>: A disposable device that can be refilled with oil, equipped with an atomizing core and e-liquid separation device<br \/>\n<strong>Estado<\/strong>Listo para usar al desempaquetarlo<\/p>\n<p data-v-md-line=\"21\">Note: Nicotine concentration varies by country\/region. Many EU markets do not allow the use of 5% nicotine concentration. Please make sure to check local regulations.<\/p>\n<h2 data-v-md-heading=\"full-range-of-flavors\" data-v-md-line=\"23\">Gama completa de sabores<\/h2>\n<ul data-v-md-line=\"24\">\n<li>Watermelon Ice<\/li>\n<li>Pista de hielo azul<\/li>\n<li>Helado de fresa y sand\u00eda<\/li>\n<li>Helado de fresa y kiwi<\/li>\n<li>White Mamba Ice (Strawberry, Dragon Fruit)<\/li>\n<li>Love 66 Ice (passion fruit, melon, watermelon, mint)<\/li>\n<li>Blue Acid Raspberry Ice<\/li>\n<li>Kiwi, passion fruit, guava ice<\/li>\n<li>Peach Ice<\/li>\n<li>Cranberry Cherry Blueberry Ice<\/li>\n<li>Helado de melocot\u00f3n, mango y pi\u00f1a<\/li>\n<li>Cherry soda ice<\/li>\n<li>Hawaiian ice (sweet mango, pineapple, mint)<\/li>\n<li>Ladies\u2019 Kira Ice (Melon, Mango, Berry, Mint)<\/li>\n<li>Black Dragon Ice (Dragon Fruit, Lemon)<\/li>\n<\/ul>\n<h2 data-v-md-heading=\"for-you-and-your-business\" data-v-md-line=\"40\">For you and your business<\/h2>\n<p data-v-md-line=\"41\">If you want large capacity and easy to replenish ice, choose one for yourself. If you run a store, you can purchase DRTA ice in bulk. We provide 10 ice cubes per display box and 200 ice cubes per box, so you can easily plan your shelves and cash flow.<\/p>\n<p data-v-md-line=\"43\">We collaborate with trusted partners such as UPS, DPD, and DHL to provide DDP delivery services across Europe. This means we provide you with home delivery service after tax payment, so you won\u2019t encounter any accidents at customs. Easy to understand and predictable.<\/p>\n<h2 data-v-md-heading=\"why-do-you-like-it\" data-v-md-line=\"45\">Why do you like it<\/h2>\n<ul data-v-md-line=\"46\">\n<li>Massive Smoke Bullets: Up to 12000 puffs, eliminating the need to constantly purchase new devices.<\/li>\n<li>Nicotine selection: Choose a nicotine content of 2% or 5% based on your preferences and local regulations.<\/li>\n<li>Recargable: Puedes utilizar todo el e-l\u00edquido que compres porque puedes cargar la bater\u00eda.<\/li>\n<li>Pantalla clara: las luces indicadoras de bater\u00eda y e-l\u00edquido eliminan la necesidad de preocuparse por rellenar y cargar.<\/li>\n<li>Dise\u00f1o recargable de aceite: el dise\u00f1o de separaci\u00f3n de bobina y e-l\u00edquido ayuda a mantener un sabor constante.<\/li>\n<\/ul>\n<h2 data-v-md-heading=\"why-choose-to-collaborate-with-agoravape\" data-v-md-line=\"52\">Why choose to collaborate with AgoraVape?<\/h2>\n<p data-v-md-line=\"53\">Solo vendemos productos 100 % originales y nos responsabilizamos de ello. Si es un comprador comercial, puede disfrutar de precios al por mayor con descuento, soporte confiable y un servicio de entrega DDP r\u00e1pido y confiable para los vapeadores desechables recargables Vapen DRTA 12000. Si desea adquirir un equipo de recarga duradero y confiable, cont\u00e1ctenos.<\/p>","protected":false},"excerpt":{"rendered":"<p>\u00bfCu\u00e1les son las ventajas de los vaporizadores desechables recargables Vapen DRTA 12000? Si est\u00e1s cansado de cambiar de dispositivo cada pocos d\u00edas,<\/p>","protected":false},"featured_media":14644,"comment_status":"open","ping_status":"closed","template":"","meta":[],"product_brand":[214],"product_cat":[124,185,1634,189,174,175,191,179,173,186,180,190,141],"product_tag":[],"class_list":{"0":"post-14646","1":"product","2":"type-product","3":"status-publish","4":"has-post-thumbnail","6":"product_brand-vapen","7":"product_cat-vape-by-brand","8":"product_cat-10000-puffs-high-capacity","9":"product_cat-12000-puffs","10":"product_cat-20mg-standard-nicotine-vapes","11":"product_cat-fruit-flavors","12":"product_cat-icy-mint","13":"product_cat-rechargeable-disposables","14":"product_cat-unique-blends","15":"product_cat-vape-by-flavor-profile","16":"product_cat-vape-by-nicotine-strength","17":"product_cat-vape-by-puff-count","18":"product_cat-vape-by-feature-or-type","19":"product_cat-vapen","21":"first","22":"instock","23":"shipping-taxable","24":"purchasable","25":"product-type-variable","26":"has-default-attributes"},"tiered_pricing_type":"percentage","tiered_pricing_fixed_rules":[],"tiered_pricing_product_settings":{"layout":"default","base_unit_name":{"singular":null,"plural":null},"default_variation":null},"tiered_pricing_minimum_quantity":10,"tiered_pricing_roles_data":[],"tiered_pricing_percentage_rules":{"50":"35","100":"40","200":"44","500":"47","1000":"49"},"tiered_pricing_maximum_quantity":null,"tiered_pricing_quantity_step":"10","_links":{"self":[{"href":"https:\/\/agoravape.com\/es\/wp-json\/wp\/v2\/product\/14646","targetHints":{"allow":["GET"]}}],"collection":[{"href":"https:\/\/agoravape.com\/es\/wp-json\/wp\/v2\/product"}],"about":[{"href":"https:\/\/agoravape.com\/es\/wp-json\/wp\/v2\/types\/product"}],"replies":[{"embeddable":true,"href":"https:\/\/agoravape.com\/es\/wp-json\/wp\/v2\/comments?post=14646"}],"version-history":[{"count":0,"href":"https:\/\/agoravape.com\/es\/wp-json\/wp\/v2\/product\/14646\/revisions"}],"wp:featuredmedia":[{"embeddable":true,"href":"https:\/\/agoravape.com\/es\/wp-json\/wp\/v2\/media\/14644"}],"wp:attachment":[{"href":"https:\/\/agoravape.com\/es\/wp-json\/wp\/v2\/media?parent=14646"}],"wp:term":[{"taxonomy":"product_brand","embeddable":true,"href":"https:\/\/agoravape.com\/es\/wp-json\/wp\/v2\/product_brand?post=14646"},{"taxonomy":"product_cat","embeddable":true,"href":"https:\/\/agoravape.com\/es\/wp-json\/wp\/v2\/product_cat?post=14646"},{"taxonomy":"product_tag","embeddable":true,"href":"https:\/\/agoravape.com\/es\/wp-json\/wp\/v2\/product_tag?post=14646"}],"curies":[{"name":"wp","href":"https:\/\/api.w.org\/{rel}","templated":true}]}}