{"id":14887,"date":"2025-10-14T12:55:00","date_gmt":"2025-10-14T04:55:00","guid":{"rendered":"https:\/\/green-grasshopper-921422.hostingersite.com\/?post_type=product&#038;p=14887"},"modified":"2026-03-30T17:51:48","modified_gmt":"2026-03-30T15:51:48","slug":"arymi-k-stick-28000-puffs-dual-pod-vape","status":"publish","type":"product","link":"https:\/\/agoravape.com\/es\/product\/arymi-k-stick-28000-puffs-dual-pod-vape\/","title":{"rendered":"Arymi K-Stick - Vape desechable de doble c\u00e1psula (28\u00a0000 inhalaciones) | Gran capacidad simplificada"},"content":{"rendered":"<h2 data-v-md-heading=\"what-about-the-arymi-k-stick-28000-dual-cartridge-disposable-vape\" data-v-md-line=\"3\"><img loading=\"lazy\" decoding=\"async\" class=\"aligncenter size-full wp-image-14917\" src=\"https:\/\/agoravape.com\/wp-content\/uploads\/2025\/10\/1_Agora_vape.webp\" alt=\"\" width=\"1280\" height=\"1280\" srcset=\"https:\/\/agoravape.com\/wp-content\/uploads\/2025\/10\/1_Agora_vape.webp 1280w, https:\/\/agoravape.com\/wp-content\/uploads\/2025\/10\/1_Agora_vape-600x600.webp 600w, https:\/\/agoravape.com\/wp-content\/uploads\/2025\/10\/1_Agora_vape-1200x1200.webp 1200w, https:\/\/agoravape.com\/wp-content\/uploads\/2025\/10\/1_Agora_vape-300x300.webp 300w, https:\/\/agoravape.com\/wp-content\/uploads\/2025\/10\/1_Agora_vape-1024x1024.webp 1024w, https:\/\/agoravape.com\/wp-content\/uploads\/2025\/10\/1_Agora_vape-150x150.webp 150w, https:\/\/agoravape.com\/wp-content\/uploads\/2025\/10\/1_Agora_vape-768x768.webp 768w\" sizes=\"auto, (max-width: 1280px) 100vw, 1280px\" \/><\/h2>\n<h2 data-v-md-heading=\"what-about-the-arymi-k-stick-28000-dual-cartridge-disposable-vape\" data-v-md-line=\"3\">\u00bfQu\u00e9 pasa con el vaporizador desechable de cartucho doble Arymi K-Stick 28000?<\/h2>\n<p data-v-md-line=\"4\">Si est\u00e1s cansado de los vapes desechables que se agotan en pocos d\u00edas, este producto sin duda te llamar\u00e1 la atenci\u00f3n. El Arymi K-Stick tiene una enorme capacidad de 28\u00a0000 caladas y un dise\u00f1o de cartucho doble, especialmente dise\u00f1ado para un uso prolongado y un sabor estable.<\/p>\n<p data-v-md-line=\"6\">Si buscas un vaporizador fiable y pr\u00e1ctico, este es la opci\u00f3n ideal. Sin men\u00fa ni botones, solo tienes que cogerlo y aspirarlo. Quiz\u00e1s pienses que este vaporizador, con su gran boquilla, es voluminoso, pero sorprendentemente es muy f\u00e1cil de transportar: mide 137 mm de alto y 28 mm de di\u00e1metro. Ofrece una sensaci\u00f3n de solidez y pesa solo 122 gramos, lo que lo hace muy f\u00e1cil de transportar.<\/p>\n<h2 data-v-md-heading=\"excellent-performance-easy-and-convenient\" data-v-md-line=\"8\">Excellent performance, easy and convenient<\/h2>\n<p data-v-md-line=\"9\">K-Stick utiliza bobinas de doble malla para garantizar un sabor consistente desde el primer bocado hasta el \u00faltimo. El dise\u00f1o de cartucho doble y la tecnolog\u00eda de separaci\u00f3n de bobinas de l\u00edquido se complementan, ayudando a mantener el e-l\u00edquido fresco y reduciendo la posibilidad de fugas de aceite durante el almacenamiento o el viaje. Adem\u00e1s, est\u00e1 equipado con boquillas intercambiables que permiten cambiar f\u00e1cilmente entre cartuchos con un suave giro, manteniendo as\u00ed un sabor fresco.<\/p>\n<h2 data-v-md-heading=\"specification-overview\" data-v-md-line=\"11\">Specification Overview<\/h2>\n<p data-v-md-line=\"12\"><strong>Frecuencia de succi\u00f3n<\/strong>:hasta 28000 veces<br \/>\n<strong>Contenido de nicotina<\/strong>:5% (50 miligramos)<br \/>\n<strong>Principio de funcionamiento<\/strong>:Se activa por inhalaci\u00f3n<br \/>\n<strong>M\u00e9todo de carga<\/strong>: Fabricante no especificado<br \/>\n<strong>Estado<\/strong>Listo para usar al desempaquetarlo<br \/>\n<strong>Tama\u00f1o<\/strong>: \u03c6 28 \u00d7 137 mil\u00edmetros<br \/>\n<strong>Peso \u00fanico<\/strong>:122 gramos<\/p>\n<h2 data-v-md-heading=\"for-you-for-your-business\" data-v-md-line=\"20\">For you, for your business<\/h2>\n<p data-v-md-line=\"21\">Puedes usar el <a class=\"wpil_keyword_link\" href=\"https:\/\/agoravape.com\/es\/marca\/arymi\/\" target=\"_blank\" rel=\"noopener\" title=\"ARYMI\" data-wpil-keyword-link=\"linked\" data-wpil-monitor-id=\"7180\">Arymi<\/a> K-Stick para uso personal o para comprar para su tienda. El embalaje al por mayor es sencillo y f\u00e1cil de entender. La caja interior tiene capacidad para 10 unidades. La caja exterior tiene capacidad para 15 cajas interiores, lo que suma un total de 150 unidades. Esto facilita la previsi\u00f3n y la planificaci\u00f3n de los estantes.<\/p>\n<p data-v-md-line=\"23\">Enviamos sus pedidos a trav\u00e9s de socios de confianza como UPS, DPD y DHL mediante el sistema DDP con impuestos incluidos en toda Europa para garantizar un despacho de aduanas sin problemas. El suministro y las opciones de nicotina pueden variar seg\u00fan el pa\u00eds o la regi\u00f3n, por lo que le recomendamos consultar la normativa local antes de realizar un pedido.<\/p>\n<h2 data-v-md-heading=\"why-do-you-like-it\" data-v-md-line=\"25\">Why do you like it<\/h2>\n<p data-v-md-line=\"26\"><strong>Recuento de bocas grandes<\/strong>:mayor tiempo de uso, sin necesidad de reemplazar el equipo con frecuencia.<br \/>\n<strong>Mayor contenido de nicotina<\/strong>:Un contenido de nicotina del 5% es adecuado para los usuarios que prefieren un sabor m\u00e1s fuerte.<br \/>\n<strong>Dise\u00f1o de cartucho doble<\/strong>:Mayor capacidad, f\u00e1cil de cambiar, aporta un sabor fresco.<br \/>\n<strong>Bobinas de doble malla<\/strong>:Sabor consistente y succi\u00f3n suave.<br \/>\n<strong>Separaci\u00f3n del n\u00facleo por atomizaci\u00f3n de aceite<\/strong>:Ayuda a mantener el e-l\u00edquido fresco y a reducir las fugas de aceite.<\/p>\n<h2 data-v-md-heading=\"why-choose-to-collaborate-with-agoravape\" data-v-md-line=\"32\">Why choose to collaborate with AgoraVape?<\/h2>\n<p data-v-md-line=\"33\">Solo vendemos productos 100 % genuinos con especificaciones claras y fiables. Para clientes comerciales, esto significa que el vaporizador desechable Arymi K-Stick 28000 pack con cartuchos dobles ofrece precios competitivos al por mayor, soporte de respuesta r\u00e1pida y entrega r\u00e1pida DDP. \u00bfDesea reservar un dispositivo que nuestros clientes volver\u00e1n a comprar? Cont\u00e1ctenos y lo gestionaremos.<\/p>","protected":false},"excerpt":{"rendered":"<p>What about the Arymi K-Stick 28000 dual cartridge disposable vape? If you are tired of disposable vapes that can be<\/p>","protected":false},"featured_media":14916,"comment_status":"open","ping_status":"closed","template":"","meta":[],"product_brand":[216],"product_cat":[124,185,143,177,195,174,175,193,191,178,173,186,180,190],"product_tag":[],"class_list":{"0":"post-14887","1":"product","2":"type-product","3":"status-publish","4":"has-post-thumbnail","6":"product_brand-arymi","7":"product_cat-vape-by-brand","8":"product_cat-10000-puffs-high-capacity","9":"product_cat-arymi","10":"product_cat-dessert-sweets","11":"product_cat-dual-flavor-switch","12":"product_cat-fruit-flavors","13":"product_cat-icy-mint","14":"product_cat-mesh-coil","15":"product_cat-rechargeable-disposables","16":"product_cat-tobacco","17":"product_cat-vape-by-flavor-profile","18":"product_cat-vape-by-nicotine-strength","19":"product_cat-vape-by-puff-count","20":"product_cat-vape-by-feature-or-type","22":"first","23":"onbackorder","24":"shipping-taxable","25":"purchasable","26":"product-type-variable","27":"has-default-attributes"},"tiered_pricing_type":"percentage","tiered_pricing_fixed_rules":[],"tiered_pricing_product_settings":{"layout":"default","base_unit_name":{"singular":null,"plural":null},"default_variation":null},"tiered_pricing_minimum_quantity":10,"tiered_pricing_roles_data":[],"tiered_pricing_percentage_rules":{"30":"29","50":"35","100":"40","200":"44","500":"47","1000":"49"},"tiered_pricing_maximum_quantity":null,"tiered_pricing_quantity_step":"10","_links":{"self":[{"href":"https:\/\/agoravape.com\/es\/wp-json\/wp\/v2\/product\/14887","targetHints":{"allow":["GET"]}}],"collection":[{"href":"https:\/\/agoravape.com\/es\/wp-json\/wp\/v2\/product"}],"about":[{"href":"https:\/\/agoravape.com\/es\/wp-json\/wp\/v2\/types\/product"}],"replies":[{"embeddable":true,"href":"https:\/\/agoravape.com\/es\/wp-json\/wp\/v2\/comments?post=14887"}],"version-history":[{"count":2,"href":"https:\/\/agoravape.com\/es\/wp-json\/wp\/v2\/product\/14887\/revisions"}],"predecessor-version":[{"id":29837,"href":"https:\/\/agoravape.com\/es\/wp-json\/wp\/v2\/product\/14887\/revisions\/29837"}],"wp:featuredmedia":[{"embeddable":true,"href":"https:\/\/agoravape.com\/es\/wp-json\/wp\/v2\/media\/14916"}],"wp:attachment":[{"href":"https:\/\/agoravape.com\/es\/wp-json\/wp\/v2\/media?parent=14887"}],"wp:term":[{"taxonomy":"product_brand","embeddable":true,"href":"https:\/\/agoravape.com\/es\/wp-json\/wp\/v2\/product_brand?post=14887"},{"taxonomy":"product_cat","embeddable":true,"href":"https:\/\/agoravape.com\/es\/wp-json\/wp\/v2\/product_cat?post=14887"},{"taxonomy":"product_tag","embeddable":true,"href":"https:\/\/agoravape.com\/es\/wp-json\/wp\/v2\/product_tag?post=14887"}],"curies":[{"name":"wp","href":"https:\/\/api.w.org\/{rel}","templated":true}]}}