{"id":15055,"date":"2025-10-14T13:49:37","date_gmt":"2025-10-14T05:49:37","guid":{"rendered":"https:\/\/green-grasshopper-921422.hostingersite.com\/?post_type=product&#038;p=15055"},"modified":"2026-01-19T22:05:22","modified_gmt":"2026-01-19T14:05:22","slug":"grativape-istorm-12k-puffs-led-vape","status":"publish","type":"product","link":"https:\/\/agoravape.com\/es\/product\/grativape-istorm-12k-puffs-led-vape\/","title":{"rendered":"Vape desechable Grativape iStorm con luz LED de 12\u00a0000 caladas | Gran cantidad de caladas con carga sencilla tipo C"},"content":{"rendered":"<h2 data-v-md-heading=\"what-is-the-grativape-istorm-12k-led-disposable-vape-like\" data-v-md-line=\"3\"><img loading=\"lazy\" decoding=\"async\" class=\"aligncenter size-full wp-image-15077\" src=\"https:\/\/agoravape.com\/wp-content\/uploads\/2025\/10\/Grativape-iStorm-12K-Puffs-LED-Light-Disposable-Vape_Agora_vape-11-scaled.webp\" alt=\"\" width=\"2560\" height=\"1067\" srcset=\"https:\/\/agoravape.com\/wp-content\/uploads\/2025\/10\/Grativape-iStorm-12K-Puffs-LED-Light-Disposable-Vape_Agora_vape-11-scaled.webp 2560w, https:\/\/agoravape.com\/wp-content\/uploads\/2025\/10\/Grativape-iStorm-12K-Puffs-LED-Light-Disposable-Vape_Agora_vape-11-scaled-1200x500.webp 1200w, https:\/\/agoravape.com\/wp-content\/uploads\/2025\/10\/Grativape-iStorm-12K-Puffs-LED-Light-Disposable-Vape_Agora_vape-11-300x125.webp 300w, https:\/\/agoravape.com\/wp-content\/uploads\/2025\/10\/Grativape-iStorm-12K-Puffs-LED-Light-Disposable-Vape_Agora_vape-11-1024x427.webp 1024w, https:\/\/agoravape.com\/wp-content\/uploads\/2025\/10\/Grativape-iStorm-12K-Puffs-LED-Light-Disposable-Vape_Agora_vape-11-768x320.webp 768w, https:\/\/agoravape.com\/wp-content\/uploads\/2025\/10\/Grativape-iStorm-12K-Puffs-LED-Light-Disposable-Vape_Agora_vape-11-1536x640.webp 1536w, https:\/\/agoravape.com\/wp-content\/uploads\/2025\/10\/Grativape-iStorm-12K-Puffs-LED-Light-Disposable-Vape_Agora_vape-11-2048x853.webp 2048w\" sizes=\"auto, (max-width: 2560px) 100vw, 2560px\" \/><\/h2>\n<h2 data-v-md-heading=\"what-is-the-grativape-istorm-12k-led-disposable-vape-like\" data-v-md-line=\"3\">\u00bfC\u00f3mo es el vaporizador desechable Grativape iStorm 12K LED?<\/h2>\n<p data-v-md-line=\"4\">Si est\u00e1s cansado de los vaporizadores desechables que consumen demasiada energ\u00eda, te recomendamos este producto. El Grativape iStorm tiene una capacidad de hasta 12\u00a0000 puertos, est\u00e1 equipado con una interfaz recargable tipo C y pr\u00e1cticos indicadores LED que te permiten controlar el estado de tu vaporizador en cualquier momento. Est\u00e1 dise\u00f1ado espec\u00edficamente para el uso diario, permiti\u00e9ndote disfrutar f\u00e1cilmente de deliciosas comidas.<\/p>\n<p data-v-md-line=\"6\">Si buscas un sabor duradero y una experiencia pr\u00e1ctica, esta es tu opci\u00f3n ideal. Elige tu concentraci\u00f3n de nicotina preferida y luego elige el sabor adecuado seg\u00fan tu estado de \u00e1nimo. Sin botones ni men\u00fas. Siente la succi\u00f3n suave y el sabor constante de principio a fin.<\/p>\n<h2 data-v-md-heading=\"excellent-performance-easy-and-convenient\" data-v-md-line=\"8\">Excellent performance, easy and convenient<\/h2>\n<p data-v-md-line=\"9\">Las resistencias y la entrada de aire del iStorm se han optimizado cuidadosamente para ofrecer un sabor consistente, haciendo que cada bocado se sienta como el \u00faltimo. Cuando la bater\u00eda est\u00e9 baja, puedes usar el mismo cable de datos tipo C que tu tel\u00e9fono para cargarlo. F\u00e1cil de usar. El indicador LED emite una luz clara al inhalar, lo que te permite recibir informaci\u00f3n instant\u00e1nea sin necesidad de usar nada.<\/p>\n<h2 data-v-md-heading=\"specification-overview\" data-v-md-line=\"11\">Specification Overview<\/h2>\n<ul data-v-md-line=\"12\">\n<li>Frecuencia de succi\u00f3n: hasta 12000 veces<\/li>\n<li>Capacidad de e-l\u00edquido: 20 mililitros<\/li>\n<li>Capacidad de la bater\u00eda: 550 mAh<\/li>\n<li>Nicotine content: 0%, 2%, 3%, 5%<\/li>\n<li>Principio de funcionamiento: dise\u00f1o de activaci\u00f3n por succi\u00f3n. Simplemente d\u00e9 una suave calada.<\/li>\n<li>Charging: Standard Type-C USB interface<\/li>\n<li>Luz LED: emite un ligero brillo al inhalar.<\/li>\n<li>Status: Ready to use out of the box<\/li>\n<li>SKU: Puertos Grativape-iStorm-12000<\/li>\n<\/ul>\n<h2 data-v-md-heading=\"full-range-of-flavors\" data-v-md-line=\"22\">Gama completa de sabores<\/h2>\n<ul data-v-md-line=\"23\">\n<li>Cereza jugosa<\/li>\n<li>Helado de fresa y mango<\/li>\n<li>Peach Ice<\/li>\n<li>Helado de ar\u00e1ndanos y lim\u00f3n<\/li>\n<li>Helado de mango<\/li>\n<li>Pista de hielo azul<\/li>\n<li>Hielo de mentol<\/li>\n<li>Grape Ice<\/li>\n<li>Helado de fresa y sand\u00eda<\/li>\n<li>Hielo de grosella negra<\/li>\n<\/ul>\n<p><img loading=\"lazy\" decoding=\"async\" class=\"aligncenter size-full wp-image-15078\" src=\"https:\/\/agoravape.com\/wp-content\/uploads\/2025\/10\/Grativape-iStorm-12K-Puffs-LED-Light-Disposable-Vape_Agora_vape-12-scaled.webp\" alt=\"\" width=\"2560\" height=\"1434\" srcset=\"https:\/\/agoravape.com\/wp-content\/uploads\/2025\/10\/Grativape-iStorm-12K-Puffs-LED-Light-Disposable-Vape_Agora_vape-12-scaled.webp 2560w, https:\/\/agoravape.com\/wp-content\/uploads\/2025\/10\/Grativape-iStorm-12K-Puffs-LED-Light-Disposable-Vape_Agora_vape-12-scaled-1200x672.webp 1200w, https:\/\/agoravape.com\/wp-content\/uploads\/2025\/10\/Grativape-iStorm-12K-Puffs-LED-Light-Disposable-Vape_Agora_vape-12-300x168.webp 300w, https:\/\/agoravape.com\/wp-content\/uploads\/2025\/10\/Grativape-iStorm-12K-Puffs-LED-Light-Disposable-Vape_Agora_vape-12-1024x573.webp 1024w, https:\/\/agoravape.com\/wp-content\/uploads\/2025\/10\/Grativape-iStorm-12K-Puffs-LED-Light-Disposable-Vape_Agora_vape-12-768x430.webp 768w, https:\/\/agoravape.com\/wp-content\/uploads\/2025\/10\/Grativape-iStorm-12K-Puffs-LED-Light-Disposable-Vape_Agora_vape-12-1536x860.webp 1536w, https:\/\/agoravape.com\/wp-content\/uploads\/2025\/10\/Grativape-iStorm-12K-Puffs-LED-Light-Disposable-Vape_Agora_vape-12-2048x1147.webp 2048w\" sizes=\"auto, (max-width: 2560px) 100vw, 2560px\" \/><\/p>\n<h2 data-v-md-heading=\"for-you-for-your-business\" data-v-md-line=\"34\">For you, for your business<\/h2>\n<p data-v-md-line=\"35\">Puedes comprar los vaporizadores desechables Grativape iStorm 12000 con luces LED para uso personal o para tu tienda. Ofrecemos cajas completas al por mayor para asegurar que tus estantes est\u00e9n llenos y tus clientes satisfechos. Consulta con nuestro equipo para conocer la configuraci\u00f3n y los precios actuales de las cajas completas.<\/p>\n<p data-v-md-line=\"37\">Colaboramos con socios de confianza como UPS, DPD y DHL para realizar env\u00edos DDP despu\u00e9s de impuestos a toda Europa, garantizando una entrega r\u00e1pida y evitando problemas aduaneros. El pedido se empaqueta de forma segura y es rastreable, para su tranquilidad.<\/p>\n<h2 data-v-md-heading=\"why-do-you-like-it\" data-v-md-line=\"39\">Why do you like it<\/h2>\n<ul data-v-md-line=\"40\">\n<li>Gran volumen de humo: mayor tiempo de uso, sin necesidad de reemplazar los vaporizadores cada dos d\u00edas.<\/li>\n<li>Selecci\u00f3n del contenido de nicotina: elija 0%, 2%, 3% o 5% seg\u00fan su preferencia<\/li>\n<li>Recargable: La carga tipo C le permite utilizar todos los l\u00edquidos electr\u00f3nicos comprados<\/li>\n<li>Luz indicadora LED: Se ilumina claramente al inhalar, lo que le permite verificar si el humo es normal en cualquier momento.<\/li>\n<li>Sabor consistente: suave y consistente de principio a fin, con una textura estable.<\/li>\n<\/ul>\n<h2 data-v-md-heading=\"why-choose-agoravape\" data-v-md-line=\"46\">\u00bfPor qu\u00e9 elegir AgoraVape?<\/h2>\n<p data-v-md-line=\"47\">Somos uno de los distribuidores de vapeo m\u00e1s confiables de Europa, por lo que solo vendemos productos 100% genuinos. Los clientes comerciales pueden disfrutar de precios al por mayor con descuento en Grativape iStorm 12K, soporte de respuesta r\u00e1pida y servicios de entrega r\u00e1pidos y confiables. Seguimos un estricto proceso de verificaci\u00f3n de edad y utilizamos una pasarela de pago segura para respetar la privacidad de sus datos. Cont\u00e1ctenos para tener un dispositivo confiable disponible para sus clientes.<\/p>","protected":false},"excerpt":{"rendered":"<p>&nbsp;<\/p>\n<p><script src=\"chrome-extension:\/\/fpelahbljekknahkcaegamhcndkfpfnc\/iFrame.js\" type=\"text\/javascript\"><\/script><\/p>\n<p><script src=\"chrome-extension:\/\/fpelahbljekknahkcaegamhcndkfpfnc\/iFrame.js\" type=\"text\/javascript\"><\/script><\/p>\n<p><script src=\"chrome-extension:\/\/fpelahbljekknahkcaegamhcndkfpfnc\/iFrame.js\" type=\"text\/javascript\"><\/script><\/p>\n<p><script src=\"chrome-extension:\/\/fpelahbljekknahkcaegamhcndkfpfnc\/iFrame.js\" type=\"text\/javascript\"><\/script><\/p>\n<p><script src=\"chrome-extension:\/\/fpelahbljekknahkcaegamhcndkfpfnc\/iFrame.js\" type=\"text\/javascript\"><\/script><\/p>\n<p><script src=\"chrome-extension:\/\/fpelahbljekknahkcaegamhcndkfpfnc\/iFrame.js\" type=\"text\/javascript\"><\/script><\/p>\n<p><script src=\"chrome-extension:\/\/fpelahbljekknahkcaegamhcndkfpfnc\/iFrame.js\" type=\"text\/javascript\"><\/script><\/p>","protected":false},"featured_media":15076,"comment_status":"open","ping_status":"closed","template":"","meta":[],"product_brand":[217],"product_cat":[124,187,185,1634,189,174,144,175,191,173,186,180,190],"product_tag":[],"class_list":{"0":"post-15055","1":"product","2":"type-product","3":"status-publish","4":"has-post-thumbnail","6":"product_brand-grativape","7":"product_cat-vape-by-brand","8":"product_cat-0mg-nicotine-free-vapes","9":"product_cat-10000-puffs-high-capacity","10":"product_cat-12000-puffs","11":"product_cat-20mg-standard-nicotine-vapes","12":"product_cat-fruit-flavors","13":"product_cat-grativape","14":"product_cat-icy-mint","15":"product_cat-rechargeable-disposables","16":"product_cat-vape-by-flavor-profile","17":"product_cat-vape-by-nicotine-strength","18":"product_cat-vape-by-puff-count","19":"product_cat-vape-by-feature-or-type","21":"first","22":"onbackorder","23":"shipping-taxable","24":"purchasable","25":"product-type-variable","26":"has-default-attributes"},"tiered_pricing_type":"percentage","tiered_pricing_fixed_rules":[],"tiered_pricing_product_settings":{"layout":"default","base_unit_name":{"singular":null,"plural":null},"default_variation":null},"tiered_pricing_minimum_quantity":10,"tiered_pricing_roles_data":[],"tiered_pricing_percentage_rules":{"200":"44","500":"47","1000":"49"},"tiered_pricing_maximum_quantity":null,"tiered_pricing_quantity_step":"10","_links":{"self":[{"href":"https:\/\/agoravape.com\/es\/wp-json\/wp\/v2\/product\/15055","targetHints":{"allow":["GET"]}}],"collection":[{"href":"https:\/\/agoravape.com\/es\/wp-json\/wp\/v2\/product"}],"about":[{"href":"https:\/\/agoravape.com\/es\/wp-json\/wp\/v2\/types\/product"}],"replies":[{"embeddable":true,"href":"https:\/\/agoravape.com\/es\/wp-json\/wp\/v2\/comments?post=15055"}],"version-history":[{"count":0,"href":"https:\/\/agoravape.com\/es\/wp-json\/wp\/v2\/product\/15055\/revisions"}],"wp:featuredmedia":[{"embeddable":true,"href":"https:\/\/agoravape.com\/es\/wp-json\/wp\/v2\/media\/15076"}],"wp:attachment":[{"href":"https:\/\/agoravape.com\/es\/wp-json\/wp\/v2\/media?parent=15055"}],"wp:term":[{"taxonomy":"product_brand","embeddable":true,"href":"https:\/\/agoravape.com\/es\/wp-json\/wp\/v2\/product_brand?post=15055"},{"taxonomy":"product_cat","embeddable":true,"href":"https:\/\/agoravape.com\/es\/wp-json\/wp\/v2\/product_cat?post=15055"},{"taxonomy":"product_tag","embeddable":true,"href":"https:\/\/agoravape.com\/es\/wp-json\/wp\/v2\/product_tag?post=15055"}],"curies":[{"name":"wp","href":"https:\/\/api.w.org\/{rel}","templated":true}]}}