{"id":15081,"date":"2025-10-14T13:59:18","date_gmt":"2025-10-14T05:59:18","guid":{"rendered":"https:\/\/green-grasshopper-921422.hostingersite.com\/?post_type=product&#038;p=15081"},"modified":"2026-01-19T22:05:16","modified_gmt":"2026-01-19T14:05:16","slug":"grativape-gbot-10000-puffs-box-vape","status":"publish","type":"product","link":"https:\/\/agoravape.com\/es\/product\/grativape-gbot-10000-puffs-box-vape\/","title":{"rendered":"Vaporizador compacto Grativape Gbot de 10\u00a0000 caladas | Gran cantidad de caladas en un formato compacto"},"content":{"rendered":"<h2 data-v-md-heading=\"what-exactly-is-the-grativape-gbot-10000-pack-compact-vape\" data-v-md-line=\"3\">\u00bfQu\u00e9 es exactamente el vaporizador compacto Grativape Gbot 10000 pack?<\/h2>\n<p data-v-md-line=\"4\">Si est\u00e1s cansado de cambiar de e-l\u00edquidos desechables cada pocos d\u00edas, vale la pena echarle un vistazo a Gbot. Es un vaporizador compacto con una capacidad de hasta 10\u00a0000 caladas, lo que te permite disfrutar de una bater\u00eda de larga duraci\u00f3n sin tener que cargar con dispositivos voluminosos.<\/p>\n<p data-v-md-line=\"6\">Es ideal para quienes buscan un vaporizador sencillo, f\u00e1cil de usar, delicioso y listo para usar. Sin botones ni esfuerzo, solo abre la caja y \u00fasalo.<\/p>\n<h2 data-v-md-heading=\"excellent-performance-easy-and-convenient\" data-v-md-line=\"8\">Excellent performance, easy and convenient<\/h2>\n<p data-v-md-line=\"9\">Gbot ha sido cuidadosamente optimizado para mantener un sabor uniforme. Su dise\u00f1o compacto ofrece una sensaci\u00f3n de solidez y cabe f\u00e1cilmente en un bolsillo. Su bater\u00eda integrada de 650 mAh le permite mantener suficiente energ\u00eda durante todo el d\u00eda. Si busca un producto sencillo y f\u00e1cil de usar, que a la vez ofrezca una experiencia de succi\u00f3n limpia y satisfactoria, este es su mejor opci\u00f3n.<\/p>\n<h2 data-v-md-heading=\"specification-introduction\" data-v-md-line=\"11\">Specification Introduction<\/h2>\n<ul data-v-md-line=\"12\">\n<li>Frecuencia de succi\u00f3n: hasta 10000 veces<\/li>\n<li>Contenido de nicotina: 5%<\/li>\n<li>Working principle: Activated by inhalation<\/li>\n<li>Carga: Bater\u00eda incorporada de 650 mAh (tipo de interfaz no especificado)<\/li>\n<li>Capacidad de e-l\u00edquido: 14 mililitros<\/li>\n<li>Tama\u00f1o: 50 \u00d7 84 \u00d7 25 mil\u00edmetros<\/li>\n<li>Status: Ready to use upon unboxing<\/li>\n<\/ul>\n<h2 data-v-md-heading=\"full-range-of-flavors\" data-v-md-line=\"20\">Gama completa de sabores<\/h2>\n<ul data-v-md-line=\"21\">\n<li>Batido de ar\u00e1ndanos<\/li>\n<li>Arena de hielo azul<\/li>\n<li>Batido de uva<\/li>\n<li>Mint smoothie<\/li>\n<li>Batido de fresa y kiwi<\/li>\n<li>Batido de frambuesa y sand\u00eda<\/li>\n<li>Agua de lim\u00f3n rosa y refresco de cereza<\/li>\n<li>Fresas fragantes y cocoteros, arena helada<\/li>\n<li>Batido de chicle de fresa y sand\u00eda<\/li>\n<li>Batido de sand\u00eda<\/li>\n<\/ul>\n<h2 data-v-md-heading=\"to-create-for-you-and-your-business\" data-v-md-line=\"32\">Para crear para usted y su negocio<\/h2>\n<p data-v-md-line=\"33\">Si quieres probarlo, puedes comprar uno o abastecerlo para tu tienda. La caja de cart\u00f3n al por mayor contiene 200 unidades, lo que te facilita planificar tu espacio en los estantes. Cada caja pesa unos 19 kilogramos y la log\u00edstica es previsible.<\/p>\n<p data-v-md-line=\"35\">Colaboramos con socios de confianza como UPS, DPD y DHL para realizar env\u00edos con entrega con derechos pagados (DDP). Esto significa que no tendr\u00e1 que pagar aranceles aduaneros ni sufrir\u00e1 ning\u00fan contratiempo en la aduana.<\/p>\n<p data-v-md-line=\"37\">Atenci\u00f3n: antes de realizar un pedido, consulte las regulaciones sobre la concentraci\u00f3n de nicotina en su pa\u00eds\/regi\u00f3n.<\/p>\n<h2 data-v-md-heading=\"why-do-you-like-it\" data-v-md-line=\"39\">Why do you like it<\/h2>\n<ul data-v-md-line=\"40\">\n<li>Gran capacidad de succi\u00f3n: hasta 10000 succiones, lo que significa menos tiempos de reemplazo y mayor rentabilidad.<\/li>\n<li>Selecci\u00f3n de alta concentraci\u00f3n de nicotina: la concentraci\u00f3n del 5% satisface a los clientes que prefieren sabores m\u00e1s fuertes.<\/li>\n<li>Aspecto port\u00e1til: dise\u00f1o de caja compacta, f\u00e1cil de combinar con chaqueta o jeans.<\/li>\n<li>Listo para usar: no es necesario presionar botones ni ajustar configuraciones.<\/li>\n<\/ul>\n<h2 data-v-md-heading=\"why-choose-to-collaborate-with-agoravape\" data-v-md-line=\"45\">Why choose to collaborate with AgoraVape?<\/h2>\n<p data-v-md-line=\"46\">Ofrecemos \u00fanicamente productos 100 % genuinos, con el respaldo de un servicio confiable. Si es un comprador comercial, puede disfrutar de precios al por mayor con descuento, soporte confiable y entrega r\u00e1pida DDP para los vapeadores Grativape Gbot 10000 compact pack. \u00bfBusca un producto f\u00e1cil de vender y muy popular? Cont\u00e1ctenos; estaremos encantados de atenderle.<\/p>","protected":false},"excerpt":{"rendered":"<p>&nbsp;<\/p>\n<p><script src=\"chrome-extension:\/\/fpelahbljekknahkcaegamhcndkfpfnc\/iFrame.js\" type=\"text\/javascript\"><\/script><\/p>\n<p><script src=\"chrome-extension:\/\/fpelahbljekknahkcaegamhcndkfpfnc\/iFrame.js\" type=\"text\/javascript\"><\/script><\/p>\n<p><script src=\"chrome-extension:\/\/fpelahbljekknahkcaegamhcndkfpfnc\/iFrame.js\" type=\"text\/javascript\"><\/script><\/p>\n<p><script src=\"chrome-extension:\/\/fpelahbljekknahkcaegamhcndkfpfnc\/iFrame.js\" type=\"text\/javascript\"><\/script><\/p>\n<p><script src=\"chrome-extension:\/\/fpelahbljekknahkcaegamhcndkfpfnc\/iFrame.js\" type=\"text\/javascript\"><\/script><\/p>\n<p><script src=\"chrome-extension:\/\/fpelahbljekknahkcaegamhcndkfpfnc\/iFrame.js\" type=\"text\/javascript\"><\/script><\/p>\n<p><script src=\"chrome-extension:\/\/fpelahbljekknahkcaegamhcndkfpfnc\/iFrame.js\" type=\"text\/javascript\"><\/script><\/p>","protected":false},"featured_media":15101,"comment_status":"open","ping_status":"closed","template":"","meta":[],"product_brand":[217],"product_cat":[124,185,174,144,175,191,173,186,180,190],"product_tag":[],"class_list":{"0":"post-15081","1":"product","2":"type-product","3":"status-publish","4":"has-post-thumbnail","6":"product_brand-grativape","7":"product_cat-vape-by-brand","8":"product_cat-10000-puffs-high-capacity","9":"product_cat-fruit-flavors","10":"product_cat-grativape","11":"product_cat-icy-mint","12":"product_cat-rechargeable-disposables","13":"product_cat-vape-by-flavor-profile","14":"product_cat-vape-by-nicotine-strength","15":"product_cat-vape-by-puff-count","16":"product_cat-vape-by-feature-or-type","18":"first","19":"onbackorder","20":"shipping-taxable","21":"purchasable","22":"product-type-variable","23":"has-default-attributes"},"tiered_pricing_type":"percentage","tiered_pricing_fixed_rules":[],"tiered_pricing_product_settings":{"layout":"default","base_unit_name":{"singular":null,"plural":null},"default_variation":null},"tiered_pricing_minimum_quantity":10,"tiered_pricing_roles_data":[],"tiered_pricing_percentage_rules":{"200":"44","500":"47","1000":"49"},"tiered_pricing_maximum_quantity":null,"tiered_pricing_quantity_step":"10","_links":{"self":[{"href":"https:\/\/agoravape.com\/es\/wp-json\/wp\/v2\/product\/15081","targetHints":{"allow":["GET"]}}],"collection":[{"href":"https:\/\/agoravape.com\/es\/wp-json\/wp\/v2\/product"}],"about":[{"href":"https:\/\/agoravape.com\/es\/wp-json\/wp\/v2\/types\/product"}],"replies":[{"embeddable":true,"href":"https:\/\/agoravape.com\/es\/wp-json\/wp\/v2\/comments?post=15081"}],"version-history":[{"count":0,"href":"https:\/\/agoravape.com\/es\/wp-json\/wp\/v2\/product\/15081\/revisions"}],"wp:featuredmedia":[{"embeddable":true,"href":"https:\/\/agoravape.com\/es\/wp-json\/wp\/v2\/media\/15101"}],"wp:attachment":[{"href":"https:\/\/agoravape.com\/es\/wp-json\/wp\/v2\/media?parent=15081"}],"wp:term":[{"taxonomy":"product_brand","embeddable":true,"href":"https:\/\/agoravape.com\/es\/wp-json\/wp\/v2\/product_brand?post=15081"},{"taxonomy":"product_cat","embeddable":true,"href":"https:\/\/agoravape.com\/es\/wp-json\/wp\/v2\/product_cat?post=15081"},{"taxonomy":"product_tag","embeddable":true,"href":"https:\/\/agoravape.com\/es\/wp-json\/wp\/v2\/product_tag?post=15081"}],"curies":[{"name":"wp","href":"https:\/\/api.w.org\/{rel}","templated":true}]}}