{"id":15111,"date":"2025-10-14T14:06:08","date_gmt":"2025-10-14T06:06:08","guid":{"rendered":"https:\/\/green-grasshopper-921422.hostingersite.com\/?post_type=product&#038;p=15111"},"modified":"2026-01-19T22:05:11","modified_gmt":"2026-01-19T14:05:11","slug":"grativape-imagic-10k-puffs-quicksand-vape","status":"publish","type":"product","link":"https:\/\/agoravape.com\/es\/product\/grativape-imagic-10k-puffs-quicksand-vape\/","title":{"rendered":"Grativape iMagic 10K Puffs Dise\u00f1o Quicksand | Comodidad recargable con sabor consistente"},"content":{"rendered":"<h2 data-v-md-heading=\"what-are-the-highlights-of-the-grativape-imagic-10k-quicksand-design-vape\" data-v-md-line=\"3\"><img loading=\"lazy\" decoding=\"async\" class=\"aligncenter size-full wp-image-15125\" src=\"https:\/\/agoravape.com\/wp-content\/uploads\/2025\/10\/Grativape-iMagic-10K-Puffs-Quicksand-Design-Vape_Agora_vape-11.webp\" alt=\"\" width=\"1920\" height=\"799\" srcset=\"https:\/\/agoravape.com\/wp-content\/uploads\/2025\/10\/Grativape-iMagic-10K-Puffs-Quicksand-Design-Vape_Agora_vape-11.webp 1920w, https:\/\/agoravape.com\/wp-content\/uploads\/2025\/10\/Grativape-iMagic-10K-Puffs-Quicksand-Design-Vape_Agora_vape-11-1200x499.webp 1200w, https:\/\/agoravape.com\/wp-content\/uploads\/2025\/10\/Grativape-iMagic-10K-Puffs-Quicksand-Design-Vape_Agora_vape-11-300x125.webp 300w, https:\/\/agoravape.com\/wp-content\/uploads\/2025\/10\/Grativape-iMagic-10K-Puffs-Quicksand-Design-Vape_Agora_vape-11-1024x426.webp 1024w, https:\/\/agoravape.com\/wp-content\/uploads\/2025\/10\/Grativape-iMagic-10K-Puffs-Quicksand-Design-Vape_Agora_vape-11-768x320.webp 768w, https:\/\/agoravape.com\/wp-content\/uploads\/2025\/10\/Grativape-iMagic-10K-Puffs-Quicksand-Design-Vape_Agora_vape-11-1536x639.webp 1536w\" sizes=\"auto, (max-width: 1920px) 100vw, 1920px\" \/><\/h2>\n<h2 data-v-md-heading=\"what-are-the-highlights-of-the-grativape-imagic-10k-quicksand-design-vape\" data-v-md-line=\"3\">\u00bfCu\u00e1les son los aspectos m\u00e1s destacados del vaporizador con dise\u00f1o de arenas movedizas Grativape iMagic 10K?<\/h2>\n<p data-v-md-line=\"4\">Si est\u00e1s cansado de los vaporizadores desechables que no se agotan en pocos d\u00edas, el iMagic 10K es tu opci\u00f3n ideal. Tiene una frecuencia de succi\u00f3n duradera y una llamativa forma de arena fluida, tan atractiva como moderna.<\/p>\n<p data-v-md-line=\"6\">Para quienes buscan una experiencia de vapeo sencilla y fiable, es sin duda la opci\u00f3n ideal. Sin necesidad de men\u00fas complicados ni de curvas de aprendizaje. Solo tienes que elegir el sabor, dar una calada suave y disfrutarlo.<\/p>\n<h2 data-v-md-heading=\"excellent-performance-easy-and-convenient\" data-v-md-line=\"8\">Excellent performance, easy and convenient<\/h2>\n<p data-v-md-line=\"9\">El n\u00facleo de iMagic es una bobina de malla de 1.0 \u03a9. Esto garantiza que cada succi\u00f3n sea suave y constante, brindando a tu primer bocado una textura sedosa como la del bocado n\u00famero 100. Cuando la bater\u00eda est\u00e9 baja, puedes cargarlo con el cable Tipo C, que puede ser el mismo que usas en tu tel\u00e9fono. Es muy sencillo.<\/p>\n<h2 data-v-md-heading=\"specification-introduction\" data-v-md-line=\"11\">Specification Introduction<\/h2>\n<ul data-v-md-line=\"12\">\n<li>Frecuencia de succi\u00f3n: hasta 10000 veces<\/li>\n<li>Nicotina: 0%, 2%, 3%, 5% opcional<\/li>\n<li>Working principle: Activated by inhalation<\/li>\n<li>Charging: Type-C USB interface<\/li>\n<li>Bobina: bobina de malla de 1,0 \u03a9<\/li>\n<li>Capacidad de e-l\u00edquido: 18 mililitros<\/li>\n<li>Status: Ready to use upon unboxing<\/li>\n<\/ul>\n<h2 data-v-md-heading=\"full-range-of-flavors\" data-v-md-line=\"20\">Gama completa de sabores<\/h2>\n<ul data-v-md-line=\"21\">\n<li>Sabor a ar\u00e1ndano y frambuesa<\/li>\n<li>Cubitos de hielo de az\u00facar arco\u00edris<\/li>\n<li>Sabor de bebida energ\u00e9tica<\/li>\n<li>Sabor a agua de lim\u00f3n rosa<\/li>\n<li>Cubitos de hielo de mora<\/li>\n<li>Sabor a fresa y mango<\/li>\n<li>Sabor a manzana \u00e1cida<\/li>\n<li>Cubitos de hielo de ar\u00e1ndanos<\/li>\n<li>Cubitos de hielo arom\u00e1ticos (cubitos de hielo de sand\u00eda y fresa)<\/li>\n<li>Cubitos de hielo de fresa<\/li>\n<\/ul>\n<h2 data-v-md-heading=\"for-you-for-your-business\" data-v-md-line=\"32\">For you, for your business<\/h2>\n<p data-v-md-line=\"33\">Puede comprar Grativape iMagic 10K por separado para uso personal o para su tienda. Ofrecemos cajas de cart\u00f3n est\u00e1ndar para mayoristas y puede personalizar combinaciones de sabores seg\u00fan las necesidades del cliente. \u00bfNecesita orientaci\u00f3n sobre combinaciones de productos o ritmos de reposici\u00f3n? Cont\u00e1ctenos y nos dedicaremos a planificarlo para usted.<\/p>\n<p data-v-md-line=\"35\">Utilizamos socios de confianza como UPS, DPD y DHL para realizar env\u00edos DDP despu\u00e9s de impuestos en diversas partes de Europa, lo que garantiza un servicio de entrega limpio y predecible, evitando accidentes en la aduana. Debido a las diferentes normativas locales, la concentraci\u00f3n de nicotina puede variar seg\u00fan el pa\u00eds o la regi\u00f3n; por lo tanto, consulte la normativa aplicable en su mercado.<\/p>\n<h2 data-v-md-heading=\"why-do-you-like-it\" data-v-md-line=\"37\">Why do you like it<\/h2>\n<ul data-v-md-line=\"38\">\n<li>Succi\u00f3n masiva: duradera y de larga duraci\u00f3n, sin necesidad de comprar sustitutos con frecuencia.<\/li>\n<li>Selecci\u00f3n de nicotina: elige la concentraci\u00f3n adecuada para tu uso diario.<\/li>\n<li>Recargable: Todo el e-l\u00edquido que compres se agotar\u00e1.<\/li>\n<li>Bobina de malla: desde el primer bocado hasta el \u00faltimo, el sabor se mantiene constante.<\/li>\n<li>Dise\u00f1o de arena fluida: tacto elegante, sensaci\u00f3n suave.<\/li>\n<li>Succi\u00f3n conveniente: no necesita botones, f\u00e1cil y conveniente.<\/li>\n<\/ul>\n<h2 data-v-md-heading=\"why-choose-to-collaborate-with-agoravape\" data-v-md-line=\"45\">Why choose to collaborate with AgoraVape?<\/h2>\n<p data-v-md-line=\"46\">Somos uno de los distribuidores de vapeo m\u00e1s confiables de Europa y vendemos exclusivamente productos originales. Para clientes corporativos, esto significa que el vapeador Grativape iMagic 10K Puffs con dise\u00f1o de arena movediza ofrece precios de venta al por mayor justos, atenci\u00f3n al cliente r\u00e1pida y entrega r\u00e1pida DDP. Cont\u00e1ctanos para proporcionar el equipo necesario a clientes habituales.<\/p>","protected":false},"excerpt":{"rendered":"<p>&nbsp;<\/p>\n<p><script src=\"chrome-extension:\/\/fpelahbljekknahkcaegamhcndkfpfnc\/iFrame.js\" type=\"text\/javascript\"><\/script><\/p>\n<p><script src=\"chrome-extension:\/\/fpelahbljekknahkcaegamhcndkfpfnc\/iFrame.js\" type=\"text\/javascript\"><\/script><\/p>\n<p><script src=\"chrome-extension:\/\/fpelahbljekknahkcaegamhcndkfpfnc\/iFrame.js\" type=\"text\/javascript\"><\/script><\/p>\n<p><script src=\"chrome-extension:\/\/fpelahbljekknahkcaegamhcndkfpfnc\/iFrame.js\" type=\"text\/javascript\"><\/script><\/p>\n<p><script src=\"chrome-extension:\/\/fpelahbljekknahkcaegamhcndkfpfnc\/iFrame.js\" type=\"text\/javascript\"><\/script><\/p>\n<p><script src=\"chrome-extension:\/\/fpelahbljekknahkcaegamhcndkfpfnc\/iFrame.js\" type=\"text\/javascript\"><\/script><\/p>\n<p><script src=\"chrome-extension:\/\/fpelahbljekknahkcaegamhcndkfpfnc\/iFrame.js\" type=\"text\/javascript\"><\/script><\/p>","protected":false},"featured_media":15124,"comment_status":"open","ping_status":"closed","template":"","meta":[],"product_brand":[217],"product_cat":[124,187,185,189,176,174,144,175,193,191,173,186,180,190],"product_tag":[],"class_list":{"0":"post-15111","1":"product","2":"type-product","3":"status-publish","4":"has-post-thumbnail","6":"product_brand-grativape","7":"product_cat-vape-by-brand","8":"product_cat-0mg-nicotine-free-vapes","9":"product_cat-10000-puffs-high-capacity","10":"product_cat-20mg-standard-nicotine-vapes","11":"product_cat-beverage","12":"product_cat-fruit-flavors","13":"product_cat-grativape","14":"product_cat-icy-mint","15":"product_cat-mesh-coil","16":"product_cat-rechargeable-disposables","17":"product_cat-vape-by-flavor-profile","18":"product_cat-vape-by-nicotine-strength","19":"product_cat-vape-by-puff-count","20":"product_cat-vape-by-feature-or-type","22":"first","23":"onbackorder","24":"shipping-taxable","25":"purchasable","26":"product-type-variable","27":"has-default-attributes"},"tiered_pricing_type":"percentage","tiered_pricing_fixed_rules":[],"tiered_pricing_product_settings":{"layout":"default","base_unit_name":{"singular":null,"plural":null},"default_variation":null},"tiered_pricing_minimum_quantity":10,"tiered_pricing_roles_data":[],"tiered_pricing_percentage_rules":{"50":"35","100":"40","200":"44","500":"47","1000":"49"},"tiered_pricing_maximum_quantity":null,"tiered_pricing_quantity_step":"10","_links":{"self":[{"href":"https:\/\/agoravape.com\/es\/wp-json\/wp\/v2\/product\/15111","targetHints":{"allow":["GET"]}}],"collection":[{"href":"https:\/\/agoravape.com\/es\/wp-json\/wp\/v2\/product"}],"about":[{"href":"https:\/\/agoravape.com\/es\/wp-json\/wp\/v2\/types\/product"}],"replies":[{"embeddable":true,"href":"https:\/\/agoravape.com\/es\/wp-json\/wp\/v2\/comments?post=15111"}],"version-history":[{"count":0,"href":"https:\/\/agoravape.com\/es\/wp-json\/wp\/v2\/product\/15111\/revisions"}],"wp:featuredmedia":[{"embeddable":true,"href":"https:\/\/agoravape.com\/es\/wp-json\/wp\/v2\/media\/15124"}],"wp:attachment":[{"href":"https:\/\/agoravape.com\/es\/wp-json\/wp\/v2\/media?parent=15111"}],"wp:term":[{"taxonomy":"product_brand","embeddable":true,"href":"https:\/\/agoravape.com\/es\/wp-json\/wp\/v2\/product_brand?post=15111"},{"taxonomy":"product_cat","embeddable":true,"href":"https:\/\/agoravape.com\/es\/wp-json\/wp\/v2\/product_cat?post=15111"},{"taxonomy":"product_tag","embeddable":true,"href":"https:\/\/agoravape.com\/es\/wp-json\/wp\/v2\/product_tag?post=15111"}],"curies":[{"name":"wp","href":"https:\/\/api.w.org\/{rel}","templated":true}]}}