{"id":15154,"date":"2025-10-16T08:21:03","date_gmt":"2025-10-16T00:21:03","guid":{"rendered":"https:\/\/green-grasshopper-921422.hostingersite.com\/?post_type=product&#038;p=15154"},"modified":"2026-01-19T22:04:38","modified_gmt":"2026-01-19T14:04:38","slug":"old-school-12k-puffs-cuero-vape","status":"publish","type":"product","link":"https:\/\/agoravape.com\/es\/product\/old-school-12k-puffs-leather-vape\/","title":{"rendered":"Vaporizador de cuero Old School de 12\u00a0000 caladas con doble pantalla | Caladas duraderas y lecturas n\u00edtidas"},"content":{"rendered":"<h2 data-v-md-heading=\"what-is-special-about-the-old-school-12k-dual-screen-genuine-leather-vape\" data-v-md-line=\"3\">\u00bfQu\u00e9 tiene de especial el vaporizador de cuero genuino de pantalla doble Old School 12K?<\/h2>\n<p data-v-md-line=\"4\">Si est\u00e1s cansado de los vapeadores desechables que se agotan cada vez que los necesitas, quiz\u00e1s quieras echarle un vistazo a este producto. El Old School 12K est\u00e1 hecho de cuero de alta calidad y cuenta con una pr\u00e1ctica pantalla dual que muestra el nivel de bater\u00eda y e-l\u00edquido de un vistazo. Sin sorpresas.<\/p>\n<p data-v-md-line=\"6\">Para quienes buscan un vapeo diario confiable sin tener que reemplazar el e-l\u00edquido con frecuencia, este producto es la opci\u00f3n ideal. Su capacidad de recarga de 18 ml y su bater\u00eda recargable de 480 mAh ofrecen hasta 12\u00a0000 inhalaciones de aceite, lo que permite aprovechar al m\u00e1ximo el e-l\u00edquido adquirido.<\/p>\n<h2 data-v-md-heading=\"excellent-performance-without-any-problems\" data-v-md-line=\"8\">Excelente rendimiento sin ning\u00fan problema.<\/h2>\n<p data-v-md-line=\"9\">El componente principal de este dispositivo es una resistencia de malla, por lo que cada succi\u00f3n es tan deliciosa como la inicial. El sabor se mantiene constante. Cuando la bater\u00eda est\u00e1 baja, puedes cargarlo mediante el cable Tipo-C, por lo que probablemente uses el mismo cable de datos que tu tel\u00e9fono. La pantalla dual te permite controlar los niveles de bater\u00eda y e-l\u00edquido en todo momento, para que puedas usarlos en cualquier momento.<\/p>\n<h2 data-v-md-heading=\"specification-overview\" data-v-md-line=\"11\">Specification Overview<\/h2>\n<ul data-v-md-line=\"12\">\n<li>Frecuencia de succi\u00f3n: hasta 12000 veces<\/li>\n<li>Nicotina: concentraci\u00f3n 0%, 2%, 3%, 5%<\/li>\n<li>Working principle: Activated by inhalation<\/li>\n<li>Carga: puerto USB tipo C est\u00e1ndar<\/li>\n<li>Status: Ready to use upon unboxing<\/li>\n<\/ul>\n<h2 data-v-md-heading=\"multiple-flavor-options\" data-v-md-line=\"18\">Multiple flavor options<\/h2>\n<ul data-v-md-line=\"19\">\n<li>Batido de melocot\u00f3n<\/li>\n<li>Batido de sand\u00eda<\/li>\n<li>Batido de melocot\u00f3n y mango<\/li>\n<li>Batido de uva<\/li>\n<li>Batido gomoso de osito<\/li>\n<li>Batido de menta refrescante<\/li>\n<li>Batido de fresa y kiwi<\/li>\n<li>Batido de fresa y pl\u00e1tano<\/li>\n<li>Batido de ar\u00e1ndanos y lim\u00f3n<\/li>\n<li>Arena helada de lichi<\/li>\n<\/ul>\n<h2 data-v-md-heading=\"for-you-and-for-your-business-as-well\" data-v-md-line=\"30\">For you, and for your business as well<\/h2>\n<p data-v-md-line=\"31\">Puedes comprar Old School 12K para uso personal o para tu tienda. Cada caja de venta al por mayor contiene 10 piezas, lo que facilita la organizaci\u00f3n de tu inventario. La caja est\u00e1ndar tiene capacidad para 200 piezas, con un peso bruto de 20 kilogramos y unas dimensiones de 520 \u00d7 276 \u00d7 222 mil\u00edmetros.<\/p>\n<p data-v-md-line=\"33\">Colaboramos con socios de confianza como UPS, DPD y DHL para ofrecer servicios de entrega DDP en toda Europa, garantizando as\u00ed un coste de entrega transparente y evitando problemas aduaneros. Env\u00edos r\u00e1pidos y un seguimiento fiable simplifican todo.<\/p>\n<h2 data-v-md-heading=\"why-do-you-like-it\" data-v-md-line=\"35\">Why do you like it<\/h2>\n<ul data-v-md-line=\"36\">\n<li>Fumar masivamente: duradero y de larga duraci\u00f3n, sin necesidad de comprar cigarrillos nuevos con frecuencia.<\/li>\n<li>Selecci\u00f3n de nicotina: Puedes elegir la concentraci\u00f3n que m\u00e1s te convenga.<\/li>\n<li>Recargable: significa que puedes utilizar todos los e-l\u00edquidos comprados.<\/li>\n<li>Bobina de malla: puede brindar un sabor consistente y rico en todo momento.<\/li>\n<\/ul>\n<h2 data-v-md-heading=\"why-choose-agoravape\" data-v-md-line=\"41\">\u00bfPor qu\u00e9 elegir AgoraVape?<\/h2>\n<p data-v-md-line=\"42\">Solo vendemos productos 100% originales y nos responsabilizamos de los productos que enviamos. Para clientes corporativos, esto significa que los vapeadores Old School 12K Puffs de cuero con doble pantalla ofrecen precios de mayoreo con descuento, soporte confiable y entrega r\u00e1pida DDP. Cont\u00e1ctanos para conseguir un dispositivo que valga la pena para tus clientes.<\/p>\n<p><script src=\"chrome-extension:\/\/fpelahbljekknahkcaegamhcndkfpfnc\/iFrame.js\" type=\"text\/javascript\"><\/script><\/p>","protected":false},"excerpt":{"rendered":"<p>&nbsp;<\/p>\n<p><script src=\"chrome-extension:\/\/fpelahbljekknahkcaegamhcndkfpfnc\/iFrame.js\" type=\"text\/javascript\"><\/script><\/p>\n<p><script src=\"chrome-extension:\/\/fpelahbljekknahkcaegamhcndkfpfnc\/iFrame.js\" type=\"text\/javascript\"><\/script><\/p>\n<p><script src=\"chrome-extension:\/\/fpelahbljekknahkcaegamhcndkfpfnc\/iFrame.js\" type=\"text\/javascript\"><\/script><\/p>\n<p><script src=\"chrome-extension:\/\/fpelahbljekknahkcaegamhcndkfpfnc\/iFrame.js\" type=\"text\/javascript\"><\/script><\/p>\n<p><script src=\"chrome-extension:\/\/fpelahbljekknahkcaegamhcndkfpfnc\/iFrame.js\" type=\"text\/javascript\"><\/script><\/p>\n<p><script src=\"chrome-extension:\/\/fpelahbljekknahkcaegamhcndkfpfnc\/iFrame.js\" type=\"text\/javascript\"><\/script><\/p>\n<p><script src=\"chrome-extension:\/\/fpelahbljekknahkcaegamhcndkfpfnc\/iFrame.js\" type=\"text\/javascript\"><\/script><\/p>\n<p><script src=\"chrome-extension:\/\/fpelahbljekknahkcaegamhcndkfpfnc\/iFrame.js\" type=\"text\/javascript\"><\/script><\/p>","protected":false},"featured_media":15168,"comment_status":"open","ping_status":"closed","template":"","meta":[],"product_brand":[219],"product_cat":[124,187,185,1634,189,174,175,193,146,191,178,173,186,180,190,192],"product_tag":[],"class_list":{"0":"post-15154","1":"product","2":"type-product","3":"status-publish","4":"has-post-thumbnail","6":"product_brand-old-school","7":"product_cat-vape-by-brand","8":"product_cat-0mg-nicotine-free-vapes","9":"product_cat-10000-puffs-high-capacity","10":"product_cat-12000-puffs","11":"product_cat-20mg-standard-nicotine-vapes","12":"product_cat-fruit-flavors","13":"product_cat-icy-mint","14":"product_cat-mesh-coil","15":"product_cat-old-school","16":"product_cat-rechargeable-disposables","17":"product_cat-tobacco","18":"product_cat-vape-by-flavor-profile","19":"product_cat-vape-by-nicotine-strength","20":"product_cat-vape-by-puff-count","21":"product_cat-vape-by-feature-or-type","22":"product_cat-vapes-with-screens","24":"first","25":"onbackorder","26":"shipping-taxable","27":"purchasable","28":"product-type-variable","29":"has-default-attributes"},"tiered_pricing_type":"percentage","tiered_pricing_fixed_rules":[],"tiered_pricing_product_settings":{"layout":"default","base_unit_name":{"singular":null,"plural":null},"default_variation":null},"tiered_pricing_minimum_quantity":10,"tiered_pricing_roles_data":[],"tiered_pricing_percentage_rules":{"30":"29","50":"35","100":"40","200":"44","500":"47","1000":"49"},"tiered_pricing_maximum_quantity":null,"tiered_pricing_quantity_step":"10","_links":{"self":[{"href":"https:\/\/agoravape.com\/es\/wp-json\/wp\/v2\/product\/15154","targetHints":{"allow":["GET"]}}],"collection":[{"href":"https:\/\/agoravape.com\/es\/wp-json\/wp\/v2\/product"}],"about":[{"href":"https:\/\/agoravape.com\/es\/wp-json\/wp\/v2\/types\/product"}],"replies":[{"embeddable":true,"href":"https:\/\/agoravape.com\/es\/wp-json\/wp\/v2\/comments?post=15154"}],"version-history":[{"count":0,"href":"https:\/\/agoravape.com\/es\/wp-json\/wp\/v2\/product\/15154\/revisions"}],"wp:featuredmedia":[{"embeddable":true,"href":"https:\/\/agoravape.com\/es\/wp-json\/wp\/v2\/media\/15168"}],"wp:attachment":[{"href":"https:\/\/agoravape.com\/es\/wp-json\/wp\/v2\/media?parent=15154"}],"wp:term":[{"taxonomy":"product_brand","embeddable":true,"href":"https:\/\/agoravape.com\/es\/wp-json\/wp\/v2\/product_brand?post=15154"},{"taxonomy":"product_cat","embeddable":true,"href":"https:\/\/agoravape.com\/es\/wp-json\/wp\/v2\/product_cat?post=15154"},{"taxonomy":"product_tag","embeddable":true,"href":"https:\/\/agoravape.com\/es\/wp-json\/wp\/v2\/product_tag?post=15154"}],"curies":[{"name":"wp","href":"https:\/\/api.w.org\/{rel}","templated":true}]}}