{"id":15178,"date":"2025-10-16T09:43:19","date_gmt":"2025-10-16T01:43:19","guid":{"rendered":"https:\/\/green-grasshopper-921422.hostingersite.com\/?post_type=product&#038;p=15178"},"modified":"2026-01-19T22:04:32","modified_gmt":"2026-01-19T14:04:32","slug":"old-school-kp10000-10k-puffs-vape","status":"publish","type":"product","link":"https:\/\/agoravape.com\/es\/product\/old-school-kp10000-10k-puffs-vape\/","title":{"rendered":"Vapeador Old School KP10000 de 10\u00a0000 bocanadas con resistencia de malla | Sabor duradero, sin complicaciones"},"content":{"rendered":"<h2 data-v-md-heading=\"what-is-special-about-the-old-school-kp10000-10k-mesh-coil-vape\" data-v-md-line=\"3\">\u00bfQu\u00e9 tiene de especial el vaporizador Old School KP10000 10K Mesh Coil?<\/h2>\n<p data-v-md-line=\"4\">Si est\u00e1s cansado de los vapes desechables, este producto puede satisfacer tus necesidades. El Old School KP10000 te ofrece una capacidad de succi\u00f3n de hasta 10\u00a0000 bocados, con un sabor suave desde el primer bocado hasta el \u00faltimo. Es f\u00e1cil de usar, tiene un sabor excelente, se siente firme en la mano y no te har\u00e1 sentir como si llevaras un ladrillo en el bolsillo.<\/p>\n<p data-v-md-line=\"6\">Si buscas un vaporizador confiable y pr\u00e1ctico, es la opci\u00f3n ideal. Puedes elegir tu sabor favorito, seleccionar la concentraci\u00f3n de nicotina adecuada e inhalar directamente. \u00a1Listo! Sin botones, sin men\u00fas, sin preocupaciones.<\/p>\n<h2 data-v-md-heading=\"excellent-performance-no-need-for-any-operation\" data-v-md-line=\"8\">Excelente rendimiento, sin necesidad de ninguna operaci\u00f3n.<\/h2>\n<p data-v-md-line=\"9\">La resistencia de malla es lo m\u00e1s destacado de este producto. Calienta el e-l\u00edquido de manera uniforme, garantizando una pureza uniforme en cada bocado. Cuando la bater\u00eda est\u00e1 baja, solo se necesita un cable USB est\u00e1ndar para cargarlo. Es muy sencillo. Quiz\u00e1s pienses que un vaporizador de tanta capacidad es voluminoso, pero su portabilidad sin duda te sorprender\u00e1.<\/p>\n<h2 data-v-md-heading=\"specification-overview\" data-v-md-line=\"11\">Specification Overview<\/h2>\n<p data-v-md-line=\"12\"><strong>Frecuencia de succi\u00f3n<\/strong>:hasta 10000 veces<br \/>\n<strong>Contenido de nicotina<\/strong>: 0%, 2%, 3%, 5%<br \/>\n<strong>Principio de funcionamiento<\/strong>:Simplemente inhale para activar.<br \/>\n<strong>Cargando<\/strong>: Puerto de carga USB<br \/>\n<strong>Estado<\/strong>Listo para usar al desempaquetarlo<br \/>\n<strong>capacidad de e-l\u00edquido<\/strong>:18 mililitros<br \/>\n<strong>Bater\u00eda<\/strong>:600 mAh<br \/>\n<strong>Tipo de bobina<\/strong>: Bobina de malla<\/p>\n<h2 data-v-md-heading=\"multiple-flavor-options\" data-v-md-line=\"21\">Multiple flavor options<\/h2>\n<ul data-v-md-line=\"22\">\n<li>Fresa y pl\u00e1tano<\/li>\n<li>Watermelon Ice<\/li>\n<li>El hombre de la sand\u00eda<\/li>\n<li>Pista de hielo azul<\/li>\n<li>Zumo de grosella negra<\/li>\n<li>Mango fresa<\/li>\n<li>Durazno<\/li>\n<li>Triple Mango<\/li>\n<li>Menta fresca<\/li>\n<li>Aloe Vera Uva<\/li>\n<li>Mermelada de fresa y melocot\u00f3n<\/li>\n<li>Lychee<\/li>\n<li>Hielo magn\u00e9tico azul<\/li>\n<li>Kiwi y maracuy\u00e1<\/li>\n<li>Helado de fresa<\/li>\n<\/ul>\n<h2 data-v-md-heading=\"for-you-and-for-your-business-as-well\" data-v-md-line=\"38\">For you, and for your business as well<\/h2>\n<p data-v-md-line=\"39\">Puedes comprar los vaporizadores Old School KP10000 10K con resistencia de malla para ti o a\u00f1adirlos a tu tienda. La caja de cart\u00f3n al por mayor contiene 200 unidades, para que puedas crear f\u00e1cilmente una pared de sabor impecable y ordenada. Realizamos env\u00edos DDP a trav\u00e9s de socios de confianza como UPS, DPD y DHL, por lo que los aranceles aduaneros ya est\u00e1n procesados \u200b\u200by no habr\u00e1 incidentes inesperados.<\/p>\n<h2 data-v-md-heading=\"why-do-you-like-it\" data-v-md-line=\"41\">Why do you like it<\/h2>\n<p data-v-md-line=\"42\"><strong>Succi\u00f3n masiva<\/strong>:Con una vida \u00fatil m\u00e1s larga, no es necesario comprar unos nuevos con frecuencia.<br \/>\n<strong>Selecci\u00f3n de nicotina<\/strong>:Elige la concentraci\u00f3n de nicotina que se adapte a tus h\u00e1bitos.<br \/>\n<strong>Recargable<\/strong>:Utilice la capacidad de 18 mililitros que compr\u00f3.<br \/>\n<strong>Bobina de malla<\/strong>Puede aportar un sabor continuo y rico en todo momento.<\/p>\n<h2 data-v-md-heading=\"why-choose-to-collaborate-with-agoravape\" data-v-md-line=\"47\">Why choose to collaborate with AgoraVape?<\/h2>\n<p data-v-md-line=\"48\">Solo vendemos productos 100% originales de marcas confiables. Si compra vaporizadores Old School KP10000 10K con resistencia de malla de succi\u00f3n al por mayor, disfrutar\u00e1 de precios reducidos, soporte t\u00e9cnico estable y entrega r\u00e1pida DDP. Cont\u00e1ctenos para ofrecer a sus clientes equipos que vale la pena recomprar.<\/p>","protected":false},"excerpt":{"rendered":"<p>&nbsp;<\/p>\n<p><script src=\"chrome-extension:\/\/fpelahbljekknahkcaegamhcndkfpfnc\/iFrame.js\" type=\"text\/javascript\"><\/script><\/p>\n<p><script src=\"chrome-extension:\/\/fpelahbljekknahkcaegamhcndkfpfnc\/iFrame.js\" type=\"text\/javascript\"><\/script><\/p>\n<p><script src=\"chrome-extension:\/\/fpelahbljekknahkcaegamhcndkfpfnc\/iFrame.js\" type=\"text\/javascript\"><\/script><\/p>\n<p><script src=\"chrome-extension:\/\/fpelahbljekknahkcaegamhcndkfpfnc\/iFrame.js\" type=\"text\/javascript\"><\/script><\/p>\n<p><script src=\"chrome-extension:\/\/fpelahbljekknahkcaegamhcndkfpfnc\/iFrame.js\" type=\"text\/javascript\"><\/script><\/p>\n<p><script src=\"chrome-extension:\/\/fpelahbljekknahkcaegamhcndkfpfnc\/iFrame.js\" type=\"text\/javascript\"><\/script><\/p>\n<p><script src=\"chrome-extension:\/\/fpelahbljekknahkcaegamhcndkfpfnc\/iFrame.js\" type=\"text\/javascript\"><\/script><\/p>\n<p><script src=\"chrome-extension:\/\/fpelahbljekknahkcaegamhcndkfpfnc\/iFrame.js\" type=\"text\/javascript\"><\/script><\/p>","protected":false},"featured_media":15198,"comment_status":"open","ping_status":"closed","template":"","meta":[],"product_brand":[219],"product_cat":[124,187,185,189,174,175,193,146,191,173,186,180,190],"product_tag":[],"class_list":{"0":"post-15178","1":"product","2":"type-product","3":"status-publish","4":"has-post-thumbnail","6":"product_brand-old-school","7":"product_cat-vape-by-brand","8":"product_cat-0mg-nicotine-free-vapes","9":"product_cat-10000-puffs-high-capacity","10":"product_cat-20mg-standard-nicotine-vapes","11":"product_cat-fruit-flavors","12":"product_cat-icy-mint","13":"product_cat-mesh-coil","14":"product_cat-old-school","15":"product_cat-rechargeable-disposables","16":"product_cat-vape-by-flavor-profile","17":"product_cat-vape-by-nicotine-strength","18":"product_cat-vape-by-puff-count","19":"product_cat-vape-by-feature-or-type","21":"first","22":"onbackorder","23":"shipping-taxable","24":"purchasable","25":"product-type-variable","26":"has-default-attributes"},"tiered_pricing_type":"percentage","tiered_pricing_fixed_rules":[],"tiered_pricing_product_settings":{"layout":"default","base_unit_name":{"singular":null,"plural":null},"default_variation":null},"tiered_pricing_minimum_quantity":10,"tiered_pricing_roles_data":[],"tiered_pricing_percentage_rules":{"30":"29","50":"35","100":"40","200":"44","500":"47","1000":"49"},"tiered_pricing_maximum_quantity":null,"tiered_pricing_quantity_step":"10","_links":{"self":[{"href":"https:\/\/agoravape.com\/es\/wp-json\/wp\/v2\/product\/15178","targetHints":{"allow":["GET"]}}],"collection":[{"href":"https:\/\/agoravape.com\/es\/wp-json\/wp\/v2\/product"}],"about":[{"href":"https:\/\/agoravape.com\/es\/wp-json\/wp\/v2\/types\/product"}],"replies":[{"embeddable":true,"href":"https:\/\/agoravape.com\/es\/wp-json\/wp\/v2\/comments?post=15178"}],"version-history":[{"count":0,"href":"https:\/\/agoravape.com\/es\/wp-json\/wp\/v2\/product\/15178\/revisions"}],"wp:featuredmedia":[{"embeddable":true,"href":"https:\/\/agoravape.com\/es\/wp-json\/wp\/v2\/media\/15198"}],"wp:attachment":[{"href":"https:\/\/agoravape.com\/es\/wp-json\/wp\/v2\/media?parent=15178"}],"wp:term":[{"taxonomy":"product_brand","embeddable":true,"href":"https:\/\/agoravape.com\/es\/wp-json\/wp\/v2\/product_brand?post=15178"},{"taxonomy":"product_cat","embeddable":true,"href":"https:\/\/agoravape.com\/es\/wp-json\/wp\/v2\/product_cat?post=15178"},{"taxonomy":"product_tag","embeddable":true,"href":"https:\/\/agoravape.com\/es\/wp-json\/wp\/v2\/product_tag?post=15178"}],"curies":[{"name":"wp","href":"https:\/\/api.w.org\/{rel}","templated":true}]}}