{"id":15205,"date":"2025-10-16T10:00:30","date_gmt":"2025-10-16T02:00:30","guid":{"rendered":"https:\/\/green-grasshopper-921422.hostingersite.com\/?post_type=product&#038;p=15205"},"modified":"2026-02-22T15:15:45","modified_gmt":"2026-02-22T14:15:45","slug":"breze-stiik-bs-blaze-10k-puffs-vape","status":"publish","type":"product","link":"https:\/\/agoravape.com\/es\/product\/breze-stiik-bs-blaze-10k-puffs-vape\/","title":{"rendered":"Breze Stiik BS Blaze 10K Puffs LED Display Vape | Sabor duradero con pantalla inteligente"},"content":{"rendered":"<h2 data-v-md-heading=\"breze-stiik-bs-blaze-10-what-are-the-special-features-of-an-vape-with-a-thousand-led-display-screens\" data-v-md-line=\"3\">Breze Stiik BS Blaze 10, \u00bfCu\u00e1les son las caracter\u00edsticas especiales de un vaporizador con mil pantallas LED?<\/h2>\n<p data-v-md-line=\"4\">Si est\u00e1s cansado de los vapeadores desechables, este producto te simplificar\u00e1 la semana. El Breze Stiik BS Blaze tiene una capacidad de hasta 10\u00a0000 puertos y est\u00e1 equipado con una pantalla LED transparente que muestra simult\u00e1neamente los niveles de bater\u00eda y e-l\u00edquido, permiti\u00e9ndote controlar su estado en cualquier momento.<\/p>\n<p data-v-md-line=\"6\">Es ideal para quienes buscan fiabilidad, sabor delicioso y no preocuparse por la configuraci\u00f3n. Quiz\u00e1s pienses que un vaporizador de tanta capacidad es voluminoso, pero su portabilidad te sorprender\u00e1. Ligero y port\u00e1til, f\u00e1cil de usar.<\/p>\n<h2 data-v-md-heading=\"excellent-performance-worry-free\" data-v-md-line=\"8\">Excellent performance, worry free<\/h2>\n<p data-v-md-line=\"9\">La resistencia de malla de 1.2 \u03a9 garantiza una succi\u00f3n suave y constante en todo momento, lo que significa que el sabor se mantiene inconfundible desde el primer bocado hasta el \u00faltimo. La pantalla LED muestra el nivel de bater\u00eda restante y de e-l\u00edquido de un vistazo, eliminando la necesidad de adivinar. Cuando la bater\u00eda est\u00e9 baja, puedes usar el cable de datos tipo C est\u00e1ndar que quiz\u00e1s ya tengas para cargarlo. Es muy sencillo.<\/p>\n<h2 data-v-md-heading=\"specification-overview\" data-v-md-line=\"11\">Specification Overview<\/h2>\n<ul data-v-md-line=\"12\">\n<li>Frecuencia de succi\u00f3n: hasta 10000 veces<\/li>\n<li>Capacidad de e-l\u00edquido: 18 mililitros<\/li>\n<li>Bater\u00eda: 650 mAh (recargable)<\/li>\n<li>N\u00facleo atomizador: malla de 1,2 ohmios<\/li>\n<li>Pantalla de visualizaci\u00f3n: Pantalla LED, que muestra los niveles restantes de bater\u00eda y e-l\u00edquido.<\/li>\n<li>Principio de funcionamiento: activaci\u00f3n por succi\u00f3n<\/li>\n<li>Charging: Type-C USB port<\/li>\n<li>Tama\u00f1o: 106 \u00d7 46 \u00d7 21 mil\u00edmetros<\/li>\n<li>Peso: 72 gramos<\/li>\n<li>Status: Ready to use out of the box<\/li>\n<li>Nicotina: Las concentraciones disponibles var\u00edan seg\u00fan la regi\u00f3n y la normativa. Cont\u00e1ctenos para confirmar la opci\u00f3n actual.<\/li>\n<\/ul>\n<h2 data-v-md-heading=\"full-range-of-flavors\" data-v-md-line=\"24\">Gama completa de sabores<\/h2>\n<ul data-v-md-line=\"25\">\n<li>Uvas \u00e1rticas<\/li>\n<li>Hielo negro<\/li>\n<li>Claro y claro<\/li>\n<li>Cereza y lim\u00f3n<\/li>\n<li>Me gusta Me gusta<\/li>\n<li>Fresa loca<\/li>\n<li>Fragancia de Coconut Grove<\/li>\n<li>Frambuesa y lim\u00f3n<\/li>\n<li>manzanas agrias<\/li>\n<li>Watermelon Ice<\/li>\n<\/ul>\n<h2 data-v-md-heading=\"for-you-for-your-business\" data-v-md-line=\"36\">For you, for your business<\/h2>\n<p data-v-md-line=\"37\">Puedes comprar uno para ti o almacenarlo para tu tienda. BS Blaze ofrece 10 y 200 unidades por caja, lo que simplifica la previsi\u00f3n y la planificaci\u00f3n de estanter\u00edas. Ofrecemos servicios de entrega DDP en toda Europa a trav\u00e9s de socios de confianza como UPS, DPD y DHL, para que puedas recibir tus productos r\u00e1pidamente y gestionar los aranceles aduaneros para evitar imprevistos.<\/p>\n<p data-v-md-line=\"39\">Si necesita cantidades mayores o pedidos regulares, por favor, inf\u00f3rmenos. Nuestro equipo puede gestionar el inventario y el transporte seg\u00fan sus necesidades.<\/p>\n<h2 data-v-md-heading=\"why-do-you-like-it\" data-v-md-line=\"41\">Why do you like it<\/h2>\n<ul data-v-md-line=\"42\">\n<li>Succi\u00f3n masiva: hasta 10.000 unidades significan menos reposici\u00f3n y molestias.<\/li>\n<li>Selecci\u00f3n de nicotina: elija la concentraci\u00f3n de nicotina adecuada para usted y su mercado.<\/li>\n<li>Recargable: puedes utilizar los 18 mililitros de nicotina completos, no solo la cantidad restante despu\u00e9s de la primera carga.<\/li>\n<li>Bobina de malla: sabor consistente, succi\u00f3n suave y sin obstrucciones en todo momento.<\/li>\n<li>Pantalla LED inteligente: vea la informaci\u00f3n de la bater\u00eda y el e-l\u00edquido de un vistazo sin tener que adivinar.<\/li>\n<\/ul>\n<h2 data-v-md-heading=\"why-choose-agoravape\" data-v-md-line=\"48\">\u00bfPor qu\u00e9 elegir AgoraVape?<\/h2>\n<p data-v-md-line=\"49\">Solo ofrecemos productos 100 % genuinos y nos responsabilizamos de los productos que vendemos. Al comprar el Breze Stiik BS Blaze 10K, recibir\u00e1 precios de mayoreo altamente competitivos, soporte t\u00e9cnico atento y servicios de entrega DDP r\u00e1pidos y confiables. Verificaremos la edad al finalizar la compra y ayudaremos a los clientes B2B a comprender los requisitos locales, lo que le permitir\u00e1 centrarse en las ventas. \u00bfDesea reservar un dispositivo que nuestros clientes volver\u00e1n a comprar? Cont\u00e1ctenos y lo gestionaremos.<\/p>","protected":false},"excerpt":{"rendered":"<p>Breze Stiik BS Blaze 10, What are the special features of an vape with a thousand LED display screens? If<\/p>","protected":false},"featured_media":15223,"comment_status":"open","ping_status":"closed","template":"","meta":[],"product_brand":[220],"product_cat":[124,185,147,174,175,193,191,173,186,180,190,192],"product_tag":[],"class_list":{"0":"post-15205","1":"product","2":"type-product","3":"status-publish","4":"has-post-thumbnail","6":"product_brand-breze-stiik","7":"product_cat-vape-by-brand","8":"product_cat-10000-puffs-high-capacity","9":"product_cat-breze-stiik","10":"product_cat-fruit-flavors","11":"product_cat-icy-mint","12":"product_cat-mesh-coil","13":"product_cat-rechargeable-disposables","14":"product_cat-vape-by-flavor-profile","15":"product_cat-vape-by-nicotine-strength","16":"product_cat-vape-by-puff-count","17":"product_cat-vape-by-feature-or-type","18":"product_cat-vapes-with-screens","20":"first","21":"onbackorder","22":"shipping-taxable","23":"purchasable","24":"product-type-variable","25":"has-default-attributes"},"tiered_pricing_type":"percentage","tiered_pricing_fixed_rules":[],"tiered_pricing_product_settings":{"layout":"default","base_unit_name":{"singular":null,"plural":null},"default_variation":null},"tiered_pricing_minimum_quantity":10,"tiered_pricing_roles_data":[],"tiered_pricing_percentage_rules":{"30":"29","50":"35","100":"40","200":"44","500":"47","1000":"49"},"tiered_pricing_maximum_quantity":null,"tiered_pricing_quantity_step":"10","_links":{"self":[{"href":"https:\/\/agoravape.com\/es\/wp-json\/wp\/v2\/product\/15205","targetHints":{"allow":["GET"]}}],"collection":[{"href":"https:\/\/agoravape.com\/es\/wp-json\/wp\/v2\/product"}],"about":[{"href":"https:\/\/agoravape.com\/es\/wp-json\/wp\/v2\/types\/product"}],"replies":[{"embeddable":true,"href":"https:\/\/agoravape.com\/es\/wp-json\/wp\/v2\/comments?post=15205"}],"version-history":[{"count":0,"href":"https:\/\/agoravape.com\/es\/wp-json\/wp\/v2\/product\/15205\/revisions"}],"wp:featuredmedia":[{"embeddable":true,"href":"https:\/\/agoravape.com\/es\/wp-json\/wp\/v2\/media\/15223"}],"wp:attachment":[{"href":"https:\/\/agoravape.com\/es\/wp-json\/wp\/v2\/media?parent=15205"}],"wp:term":[{"taxonomy":"product_brand","embeddable":true,"href":"https:\/\/agoravape.com\/es\/wp-json\/wp\/v2\/product_brand?post=15205"},{"taxonomy":"product_cat","embeddable":true,"href":"https:\/\/agoravape.com\/es\/wp-json\/wp\/v2\/product_cat?post=15205"},{"taxonomy":"product_tag","embeddable":true,"href":"https:\/\/agoravape.com\/es\/wp-json\/wp\/v2\/product_tag?post=15205"}],"curies":[{"name":"wp","href":"https:\/\/api.w.org\/{rel}","templated":true}]}}