{"id":15244,"date":"2025-10-16T10:37:06","date_gmt":"2025-10-16T02:37:06","guid":{"rendered":"https:\/\/green-grasshopper-921422.hostingersite.com\/?post_type=product&#038;p=15244"},"modified":"2026-03-31T04:20:54","modified_gmt":"2026-03-31T02:20:54","slug":"breze-stiik-bs8500-8500-puffs-vape","status":"publish","type":"product","link":"https:\/\/agoravape.com\/es\/product\/breze-stiik-bs8500-8500-puffs-vape\/","title":{"rendered":"Breze Stick BS8500 - Vaporizador recargable de 8500 caladas | Grandes caladas. Recarga sencilla."},"content":{"rendered":"<h2 data-v-md-heading=\"what-is-special-about-the-breze-stiik-bs8500-8500-rechargeable-vape\" data-v-md-line=\"3\"><img loading=\"lazy\" decoding=\"async\" class=\"aligncenter size-full wp-image-15242\" src=\"https:\/\/agoravape.com\/wp-content\/uploads\/2025\/10\/Breze-Stiik-BS8500-8500-Puffs-Rechargeable-Vape_Agora_vape-1-scaled.webp\" alt=\"\" width=\"2560\" height=\"1901\" srcset=\"https:\/\/agoravape.com\/wp-content\/uploads\/2025\/10\/Breze-Stiik-BS8500-8500-Puffs-Rechargeable-Vape_Agora_vape-1-scaled.webp 2560w, https:\/\/agoravape.com\/wp-content\/uploads\/2025\/10\/Breze-Stiik-BS8500-8500-Puffs-Rechargeable-Vape_Agora_vape-1-scaled-1200x891.webp 1200w, https:\/\/agoravape.com\/wp-content\/uploads\/2025\/10\/Breze-Stiik-BS8500-8500-Puffs-Rechargeable-Vape_Agora_vape-1-300x223.webp 300w, https:\/\/agoravape.com\/wp-content\/uploads\/2025\/10\/Breze-Stiik-BS8500-8500-Puffs-Rechargeable-Vape_Agora_vape-1-1024x760.webp 1024w, https:\/\/agoravape.com\/wp-content\/uploads\/2025\/10\/Breze-Stiik-BS8500-8500-Puffs-Rechargeable-Vape_Agora_vape-1-768x570.webp 768w, https:\/\/agoravape.com\/wp-content\/uploads\/2025\/10\/Breze-Stiik-BS8500-8500-Puffs-Rechargeable-Vape_Agora_vape-1-1536x1140.webp 1536w, https:\/\/agoravape.com\/wp-content\/uploads\/2025\/10\/Breze-Stiik-BS8500-8500-Puffs-Rechargeable-Vape_Agora_vape-1-2048x1521.webp 2048w\" sizes=\"auto, (max-width: 2560px) 100vw, 2560px\" \/><\/h2>\n<h2 data-v-md-heading=\"what-is-special-about-the-breze-stiik-bs8500-8500-rechargeable-vape\" data-v-md-line=\"3\">\u00bfQu\u00e9 tiene de especial el vaporizador recargable Breze Stiik BS8500 8500?<\/h2>\n<p data-v-md-line=\"4\">Si est\u00e1s cansado de los vapeadores desechables que se desechan antes de que se acabe el e-l\u00edquido, te recomendamos el Breze Stiik BS8500. Este vapeador desechable recargable con una capacidad de hasta 8500 caladas y 17 mililitros de e-l\u00edquido te ofrece una excelente relaci\u00f3n calidad-precio.<\/p>\n<p data-v-md-line=\"6\">Es ideal para cualquier usuario de vapeo que busque fiabilidad, sabor delicioso y un manejo sencillo. Su carcasa de resina similar al caucho ofrece un agarre c\u00f3modo y antideslizante. La boquilla de succi\u00f3n transparente y colorida es sencilla y elegante, y su cuerpo compacto cabe f\u00e1cilmente en un bolsillo. Quiz\u00e1s pienses que un vaporizador con tanta capacidad ser\u00eda voluminoso, pero te sorprender\u00e1 lo ligero y port\u00e1til que es.<\/p>\n<h2 data-v-md-heading=\"excellent-performance-easy-and-convenient\" data-v-md-line=\"8\">Excellent performance, easy and convenient<\/h2>\n<p data-v-md-line=\"9\">El n\u00facleo del BS8500 utiliza bobinas de malla para garantizar que cada bocado sea tan delicioso como el primer sorbo. El sabor se mantiene constante sin interrupciones. Cuando la bater\u00eda est\u00e1 baja, puedes cargarlo mediante la interfaz Tipo-C, la misma que el cable de carga que se usa en la mayor\u00eda de los tel\u00e9fonos actuales. Sin necesidad de cargadores especiales, es f\u00e1cil y pr\u00e1ctico.<\/p>\n<h2 data-v-md-heading=\"specification-introduction\" data-v-md-line=\"11\">Specification Introduction<\/h2>\n<ul data-v-md-line=\"12\">\n<li>Frecuencia de succi\u00f3n: hasta 8500 veces<\/li>\n<li>Contenido de nicotina: 2% o 5%<\/li>\n<li>Capacidad de e-l\u00edquido: 17 mililitros<\/li>\n<li>N\u00facleo atomizador: malla de 1,2 \u03a9<\/li>\n<li>Bater\u00eda: bater\u00eda recargable de 600 mAh<\/li>\n<li>Working principle: Activate with just one puff<\/li>\n<li>Charging: Standard Type-C USB interface<\/li>\n<li>Status: Ready to use upon unboxing<\/li>\n<\/ul>\n<h2 data-v-md-heading=\"full-range-of-flavors\" data-v-md-line=\"21\">Gama completa de sabores<\/h2>\n<ul data-v-md-line=\"22\">\n<li>Refresco de jugo de naranja<\/li>\n<li>Ar\u00e1ndanos, frambuesas, limones.<\/li>\n<li>Refresco de uva<\/li>\n<li>Pi\u00f1a, manzana, pera<\/li>\n<li>Mango, Melocot\u00f3n, Sand\u00eda<\/li>\n<li>Watermelon Ice<\/li>\n<li>Crema de fresa<\/li>\n<li>Caramelos arcoiris<\/li>\n<li>Me gusta Me gusta<\/li>\n<li>Strawberry kiwi fruit<\/li>\n<li>Delicioso<\/li>\n<li>Ar\u00e1ndano, lim\u00f3n y menta<\/li>\n<li>Cherry Cola<\/li>\n<li>Fragancia de Coconut Grove<\/li>\n<li>chicle de menta<\/li>\n<li>Fresa y pl\u00e1tano<\/li>\n<\/ul>\n<h2 data-v-md-heading=\"for-you-and-your-business\" data-v-md-line=\"39\">For you and your business<\/h2>\n<p data-v-md-line=\"40\">Puedes comprar Breze Stiik aqu\u00ed, adaptado a tu est\u00e1ndar BS8500. Si tienes una tienda de vapeo o una tienda online, puedes comprar 10 paquetes al por mayor. Los pedidos al por mayor se env\u00edan en cajas de cart\u00f3n de 200 unidades para facilitar su reposici\u00f3n.<\/p>\n<p data-v-md-line=\"42\">Trabajamos con socios de confianza como UPS, DPD y DHL para ofrecer servicios de entrega DDP, lo que permite prepagar las tarifas y evitar problemas aduaneros. Transporte r\u00e1pido y entrega r\u00e1pida.<\/p>\n<h2 data-v-md-heading=\"why-do-you-like-it\" data-v-md-line=\"44\">Why do you like it<\/h2>\n<ul data-v-md-line=\"45\">\n<li>Gran capacidad para fumar: duradero y de larga duraci\u00f3n, sin necesidad de comprar cigarrillos nuevos con frecuencia.<\/li>\n<li>Selecci\u00f3n del contenido de nicotina: elige 2% o 5% seg\u00fan tu preferencia.<\/li>\n<li>Recargable: Utiliza todos los e-l\u00edquidos sin tirar equipos a medio usar.<\/li>\n<li>N\u00facleo atomizador de malla: sabor consistente, suave y fluido de principio a fin.<\/li>\n<li>Carga conveniente: la interfaz tipo C hace que la carga sea r\u00e1pida y conveniente.<\/li>\n<\/ul>\n<h2 data-v-md-heading=\"why-choose-to-collaborate-with-agoravape\" data-v-md-line=\"51\">Why choose to collaborate with AgoraVape?<\/h2>\n<p data-v-md-line=\"52\">Solo vendemos productos 100 % originales y garantizamos la calidad de nuestros env\u00edos. Para clientes comerciales, esto significa que el vaporizador recargable Breze Stiik BS8500 8500 ofrece precios de venta al por mayor altamente competitivos, soporte t\u00e9cnico confiable y log\u00edstica DDP confiable. Cont\u00e1ctenos para preparar un dispositivo que valga la pena devolver a sus clientes.<\/p>","protected":false},"excerpt":{"rendered":"<p>&nbsp;<\/p>","protected":false},"featured_media":15266,"comment_status":"open","ping_status":"closed","template":"","meta":[],"product_brand":[220],"product_cat":[124,185,176,147,177,174,175,193,191,173,186,180,190],"product_tag":[],"class_list":{"0":"post-15244","1":"product","2":"type-product","3":"status-publish","4":"has-post-thumbnail","6":"product_brand-breze-stiik","7":"product_cat-vape-by-brand","8":"product_cat-10000-puffs-high-capacity","9":"product_cat-beverage","10":"product_cat-breze-stiik","11":"product_cat-dessert-sweets","12":"product_cat-fruit-flavors","13":"product_cat-icy-mint","14":"product_cat-mesh-coil","15":"product_cat-rechargeable-disposables","16":"product_cat-vape-by-flavor-profile","17":"product_cat-vape-by-nicotine-strength","18":"product_cat-vape-by-puff-count","19":"product_cat-vape-by-feature-or-type","21":"first","22":"onbackorder","23":"shipping-taxable","24":"purchasable","25":"product-type-variable","26":"has-default-attributes"},"tiered_pricing_type":"percentage","tiered_pricing_fixed_rules":[],"tiered_pricing_product_settings":{"layout":"default","base_unit_name":{"singular":null,"plural":null},"default_variation":null},"tiered_pricing_minimum_quantity":10,"tiered_pricing_roles_data":[],"tiered_pricing_percentage_rules":{"30":"29","50":"35","100":"40","200":"44","500":"47","1000":"49"},"tiered_pricing_maximum_quantity":null,"tiered_pricing_quantity_step":"10","_links":{"self":[{"href":"https:\/\/agoravape.com\/es\/wp-json\/wp\/v2\/product\/15244","targetHints":{"allow":["GET"]}}],"collection":[{"href":"https:\/\/agoravape.com\/es\/wp-json\/wp\/v2\/product"}],"about":[{"href":"https:\/\/agoravape.com\/es\/wp-json\/wp\/v2\/types\/product"}],"replies":[{"embeddable":true,"href":"https:\/\/agoravape.com\/es\/wp-json\/wp\/v2\/comments?post=15244"}],"version-history":[{"count":1,"href":"https:\/\/agoravape.com\/es\/wp-json\/wp\/v2\/product\/15244\/revisions"}],"predecessor-version":[{"id":29823,"href":"https:\/\/agoravape.com\/es\/wp-json\/wp\/v2\/product\/15244\/revisions\/29823"}],"wp:featuredmedia":[{"embeddable":true,"href":"https:\/\/agoravape.com\/es\/wp-json\/wp\/v2\/media\/15266"}],"wp:attachment":[{"href":"https:\/\/agoravape.com\/es\/wp-json\/wp\/v2\/media?parent=15244"}],"wp:term":[{"taxonomy":"product_brand","embeddable":true,"href":"https:\/\/agoravape.com\/es\/wp-json\/wp\/v2\/product_brand?post=15244"},{"taxonomy":"product_cat","embeddable":true,"href":"https:\/\/agoravape.com\/es\/wp-json\/wp\/v2\/product_cat?post=15244"},{"taxonomy":"product_tag","embeddable":true,"href":"https:\/\/agoravape.com\/es\/wp-json\/wp\/v2\/product_tag?post=15244"}],"curies":[{"name":"wp","href":"https:\/\/api.w.org\/{rel}","templated":true}]}}