{"id":15287,"date":"2025-10-16T10:51:17","date_gmt":"2025-10-16T02:51:17","guid":{"rendered":"https:\/\/green-grasshopper-921422.hostingersite.com\/?post_type=product&#038;p=15287"},"modified":"2026-03-31T04:20:54","modified_gmt":"2026-03-31T02:20:54","slug":"breze-stiik-king-max-10k-dtl-vape","status":"publish","type":"product","link":"https:\/\/agoravape.com\/es\/product\/breze-stiik-king-max-10k-dtl-vape\/","title":{"rendered":"Breze Stiik King Max 10K Puffs DTL Adjustable Airflow | Long-Lasting DTL Flavour with Easy Type-C Charging"},"content":{"rendered":"<h2 data-v-md-heading=\"what-is-special-about-breze-stiik-king-max-10k-caliber-adjustable-dtl-e-liquid\" data-v-md-line=\"3\"><img loading=\"lazy\" decoding=\"async\" class=\"aligncenter size-full wp-image-15286\" src=\"https:\/\/agoravape.com\/wp-content\/uploads\/2025\/10\/Breze-Stiik-King-Max-10K-Puffs-DTL-Adjustable-Airflow_Agora_vape-3.webp\" alt=\"\" width=\"1000\" height=\"1000\" srcset=\"https:\/\/agoravape.com\/wp-content\/uploads\/2025\/10\/Breze-Stiik-King-Max-10K-Puffs-DTL-Adjustable-Airflow_Agora_vape-3.webp 1000w, https:\/\/agoravape.com\/wp-content\/uploads\/2025\/10\/Breze-Stiik-King-Max-10K-Puffs-DTL-Adjustable-Airflow_Agora_vape-3-600x600.webp 600w, https:\/\/agoravape.com\/wp-content\/uploads\/2025\/10\/Breze-Stiik-King-Max-10K-Puffs-DTL-Adjustable-Airflow_Agora_vape-3-300x300.webp 300w, https:\/\/agoravape.com\/wp-content\/uploads\/2025\/10\/Breze-Stiik-King-Max-10K-Puffs-DTL-Adjustable-Airflow_Agora_vape-3-150x150.webp 150w, https:\/\/agoravape.com\/wp-content\/uploads\/2025\/10\/Breze-Stiik-King-Max-10K-Puffs-DTL-Adjustable-Airflow_Agora_vape-3-768x768.webp 768w\" sizes=\"auto, (max-width: 1000px) 100vw, 1000px\" \/><\/h2>\n<h2 data-v-md-heading=\"what-is-special-about-breze-stiik-king-max-10k-caliber-adjustable-dtl-e-liquid\" data-v-md-line=\"3\">\u00bfQu\u00e9 tiene de especial el e-l\u00edquido DTL ajustable de calibre 10K Breze Stiik King Max?<\/h2>\n<p data-v-md-line=\"4\">Si est\u00e1s cansado del e-l\u00edquido desechable que se agota al empezar a fumar, este producto es una excelente opci\u00f3n. El Breze Stiik King Max est\u00e1 dise\u00f1ado espec\u00edficamente para una aspiraci\u00f3n profunda, con entrada ajustable y amplias reservas de e-l\u00edquido. Mantiene su sabor durante mucho tiempo sin necesidad de ajustes complicados.<\/p>\n<p data-v-md-line=\"6\">Es ideal para quienes buscan un sabor m\u00e1s transparente, ahumado y suave. Si bien el dispositivo de e-l\u00edquido DTL de calibre 10K puede parecer voluminoso, cabe en el bolsillo de una chaqueta y satisface f\u00e1cilmente tus necesidades diarias gracias a su carga tipo C.<\/p>\n<h2 data-v-md-heading=\"excellent-performance-no-need-for-complex-operations\" data-v-md-line=\"8\">Excellent performance, no need for complex operations<\/h2>\n<p data-v-md-line=\"9\">La bobina de malla es la responsable de la mayor parte de la carga, lo que significa que se calienta uniformemente desde el primer bocado hasta el \u00faltimo, con un sabor consistente. Abra la entrada para disfrutar de una succi\u00f3n suave y fina; si prefiere mayor resistencia, tambi\u00e9n puede bajar la entrada. Cuando la bater\u00eda est\u00e9 baja, simplemente use el cable de datos tipo C est\u00e1ndar para cargarlo. Es el mismo cable que usa en su tel\u00e9fono. F\u00e1cil de usar.<\/p>\n<h2 data-v-md-heading=\"specification-introduction\" data-v-md-line=\"11\">Specification Introduction<\/h2>\n<ul data-v-md-line=\"12\">\n<li>Frecuencia de succi\u00f3n: hasta 10000 veces<\/li>\n<li>Contenido de nicotina: 0 miligramos o 1% (10 miligramos\/mililitro)<\/li>\n<li>Working principle: Activated by inhalation<\/li>\n<li>Charging: Standard Type-C USB interface<\/li>\n<li>Status: Ready to use out of the box<\/li>\n<li>Capacidad de e-l\u00edquido: 20 mililitros<\/li>\n<li>Bater\u00eda: bater\u00eda recargable de 850 mAh<\/li>\n<\/ul>\n<h2 data-v-md-heading=\"full-range-of-flavors\" data-v-md-line=\"20\">Gama completa de sabores<\/h2>\n<ul data-v-md-line=\"21\">\n<li>Blueberry Lemon Water<\/li>\n<li>Algod\u00f3n de az\u00facar<\/li>\n<li>Melocot\u00f3n manzana<\/li>\n<li>Watermelon Ice<\/li>\n<li>Hielo de mentol<\/li>\n<li>Helado de fresa<\/li>\n<li>Blueberries and raspberries<\/li>\n<li>Melocot\u00f3n y mango<\/li>\n<li>Refresco de uva<\/li>\n<li>Naranjas, mangos, sand\u00edas<\/li>\n<li>Gomitas de osito<\/li>\n<li>Strawberry kiwi fruit<\/li>\n<\/ul>\n<h2 data-v-md-heading=\"for-you-and-for-your-business-as-well\" data-v-md-line=\"34\">For you, and for your business as well<\/h2>\n<p data-v-md-line=\"35\">\u00bfLo est\u00e1s comprando para ti? Recibir\u00e1s un cigarrillo electr\u00f3nico DTL duradero, f\u00e1cil de usar y cargar. Sin men\u00fa ni botones. Sabor suave, entrada de aire ajustable, libre elecci\u00f3n.<\/p>\n<p data-v-md-line=\"37\">\u00bfEl inventario es escaso? Ofrecemos cajas al por mayor de <a class=\"wpil_keyword_link\" href=\"https:\/\/agoravape.com\/es\/vapear-por-marca\/breze-stiik\/\" target=\"_blank\" rel=\"noopener\" title=\"PALO DE BRISA\" data-wpil-keyword-link=\"linked\" data-wpil-monitor-id=\"7170\">Breze Stiik<\/a> King Max, con 6 piezas por caja y 180 piezas por caja. Ofrecemos servicios de entrega DDP a trav\u00e9s de socios de confianza como UPS, DPD y DHL, por lo que los aranceles se pueden tramitar con antelaci\u00f3n para evitar incidentes en la aduana. Una entrega fiable significa que puede prometer satisfacer las necesidades de sus clientes y cumplir realmente su palabra.<\/p>\n<h2 data-v-md-heading=\"why-do-you-like-it\" data-v-md-line=\"39\">Why do you like it<\/h2>\n<ul data-v-md-line=\"40\">\n<li>Gran capacidad para fumar: hasta 10000 bocanadas, sin necesidad de comprar cigarrillos nuevos con frecuencia.<\/li>\n<li>Opciones de contenido de nicotina: 0 miligramos o 1%, puede elegir el contenido de nicotina m\u00e1s adecuado para usted.<\/li>\n<li>Recargable: la carga tipo C le permite aprovechar al m\u00e1ximo cada gota de e-l\u00edquido.<\/li>\n<li>Bobina de malla: sabor consistente, experiencia de succi\u00f3n DTL delicada y suave.<\/li>\n<li>Entrada ajustable: la apertura puede generar humo, el ajuste puede aumentar la resistencia.<\/li>\n<\/ul>\n<h2 data-v-md-heading=\"why-choose-to-collaborate-with-agoravape\" data-v-md-line=\"46\">Why choose to collaborate with AgoraVape?<\/h2>\n<p data-v-md-line=\"47\">Solo vendemos productos 100% originales y garantizamos su calidad. Los clientes empresariales que adquieran las bombas de humo Breze Stiik King Max 10K Puffs DTL con entrada ajustable disfrutar\u00e1n de precios de mayoreo con descuento, soporte profesional y entregas r\u00e1pidas y confiables. Cont\u00e1ctenos para saber c\u00f3mo crear un dispositivo para sus clientes habituales.<\/p>","protected":false},"excerpt":{"rendered":"<p>&nbsp;<\/p>","protected":false},"featured_media":15306,"comment_status":"open","ping_status":"closed","template":"","meta":[],"product_brand":[220],"product_cat":[124,187,185,188,194,176,147,177,174,175,193,191,173,186,180,190],"product_tag":[],"class_list":{"0":"post-15287","1":"product","2":"type-product","3":"status-publish","4":"has-post-thumbnail","6":"product_brand-breze-stiik","7":"product_cat-vape-by-brand","8":"product_cat-0mg-nicotine-free-vapes","9":"product_cat-10000-puffs-high-capacity","10":"product_cat-10mg-low-nicotine-vapes","11":"product_cat-adjustable-airflow","12":"product_cat-beverage","13":"product_cat-breze-stiik","14":"product_cat-dessert-sweets","15":"product_cat-fruit-flavors","16":"product_cat-icy-mint","17":"product_cat-mesh-coil","18":"product_cat-rechargeable-disposables","19":"product_cat-vape-by-flavor-profile","20":"product_cat-vape-by-nicotine-strength","21":"product_cat-vape-by-puff-count","22":"product_cat-vape-by-feature-or-type","24":"first","25":"onbackorder","26":"shipping-taxable","27":"purchasable","28":"product-type-variable","29":"has-default-attributes"},"tiered_pricing_type":"percentage","tiered_pricing_fixed_rules":[],"tiered_pricing_product_settings":{"layout":"default","base_unit_name":{"singular":null,"plural":null},"default_variation":null},"tiered_pricing_minimum_quantity":10,"tiered_pricing_roles_data":[],"tiered_pricing_percentage_rules":{"30":"29","50":"35","100":"40","200":"44","500":"47","1000":"49"},"tiered_pricing_maximum_quantity":null,"tiered_pricing_quantity_step":"10","_links":{"self":[{"href":"https:\/\/agoravape.com\/es\/wp-json\/wp\/v2\/product\/15287","targetHints":{"allow":["GET"]}}],"collection":[{"href":"https:\/\/agoravape.com\/es\/wp-json\/wp\/v2\/product"}],"about":[{"href":"https:\/\/agoravape.com\/es\/wp-json\/wp\/v2\/types\/product"}],"replies":[{"embeddable":true,"href":"https:\/\/agoravape.com\/es\/wp-json\/wp\/v2\/comments?post=15287"}],"version-history":[{"count":1,"href":"https:\/\/agoravape.com\/es\/wp-json\/wp\/v2\/product\/15287\/revisions"}],"predecessor-version":[{"id":29822,"href":"https:\/\/agoravape.com\/es\/wp-json\/wp\/v2\/product\/15287\/revisions\/29822"}],"wp:featuredmedia":[{"embeddable":true,"href":"https:\/\/agoravape.com\/es\/wp-json\/wp\/v2\/media\/15306"}],"wp:attachment":[{"href":"https:\/\/agoravape.com\/es\/wp-json\/wp\/v2\/media?parent=15287"}],"wp:term":[{"taxonomy":"product_brand","embeddable":true,"href":"https:\/\/agoravape.com\/es\/wp-json\/wp\/v2\/product_brand?post=15287"},{"taxonomy":"product_cat","embeddable":true,"href":"https:\/\/agoravape.com\/es\/wp-json\/wp\/v2\/product_cat?post=15287"},{"taxonomy":"product_tag","embeddable":true,"href":"https:\/\/agoravape.com\/es\/wp-json\/wp\/v2\/product_tag?post=15287"}],"curies":[{"name":"wp","href":"https:\/\/api.w.org\/{rel}","templated":true}]}}