{"id":15353,"date":"2025-10-16T12:44:02","date_gmt":"2025-10-16T04:44:02","guid":{"rendered":"https:\/\/green-grasshopper-921422.hostingersite.com\/?post_type=product&#038;p=15353"},"modified":"2026-01-19T22:03:59","modified_gmt":"2026-01-19T14:03:59","slug":"myde-ds-15-1500-puffs-vape","status":"publish","type":"product","link":"https:\/\/agoravape.com\/es\/product\/myde-ds-15-1500-puffs-vape\/","title":{"rendered":"Myde DS-15 - Vapeador compacto de malla (1500 inhalaciones) | Sabor econ\u00f3mico que dura mucho tiempo"},"content":{"rendered":"<h2 data-v-md-heading=\"how-about-the-myde-ds-15-1500-close-fitting-mesh-coil-vape\" data-v-md-line=\"3\">\u00bfQu\u00e9 le parece el vapeador de bobina de malla de ajuste estrecho Myde DS-15 1500?<\/h2>\n<p data-v-md-line=\"4\">Si quieres un vapeador sencillo y f\u00e1cil de usar, con un sabor excelente y sin complicaciones, el Myde DS-15 es tu elecci\u00f3n ideal. Es compacto y ligero, capaz de producir hasta 1500 caladas de humo y proporcionar una succi\u00f3n limpia y estable.<\/p>\n<p data-v-md-line=\"6\">Podr\u00edas pensar que tener un vape de tanta capacidad lo har\u00eda voluminoso, pero este vape mantiene su apariencia delgada, haci\u00e9ndolo f\u00e1cil de llevar. Tratamiento de superficie suave, muy c\u00f3modo de sostener en la mano. Si quieres un sabor estable sin la molestia de ajustar la configuraci\u00f3n o reemplazar los cartuchos, entonces este producto es tu elecci\u00f3n ideal.<\/p>\n<h2 data-v-md-heading=\"excellent-performance-easy-and-convenient\" data-v-md-line=\"8\">Excellent performance, easy and convenient<\/h2>\n<p data-v-md-line=\"9\">El DS-15 adopta una bobina de malla de 1,2 \u03a9, que puede disipar uniformemente el calor, haciendo que cada bocado sea tan delicioso como el primer sabor. No necesita botones. S\u00f3lo tiene que tomar una respiraci\u00f3n y se iniciar\u00e1. No necesita cargarse, lo que simplifica su uso diario.<\/p>\n<h2 data-v-md-heading=\"specification-introduction\" data-v-md-line=\"11\">Specification Introduction<\/h2>\n<ul data-v-md-line=\"12\">\n<li>Frecuencia de succi\u00f3n: hasta 1500 veces<\/li>\n<li>Nicotina: hasta 20 miligramos por mililitro, seg\u00fan la normativa del mercado.<\/li>\n<li>Working principle: Activated by inhalation<\/li>\n<li>M\u00e9todo de carga: No es necesario cargar<\/li>\n<li>Status: Ready to use upon unboxing<\/li>\n<\/ul>\n<h2 data-v-md-heading=\"full-range-of-flavors\" data-v-md-line=\"18\">Gama completa de sabores<\/h2>\n<ul data-v-md-line=\"19\">\n<li>Watermelon Ice<\/li>\n<li>Blueberries and raspberries<\/li>\n<li>Sand\u00eda fresa<\/li>\n<li>Fresa y pl\u00e1tano<\/li>\n<li>Cereza<\/li>\n<li>Strawberry Ice<\/li>\n<li>Helado<\/li>\n<li>Helado de mango<\/li>\n<li>Mixed berries<\/li>\n<li>Uvas de fresa<\/li>\n<li>Pista de hielo azul<\/li>\n<li>Strawberry kiwi fruit<\/li>\n<li>Melocot\u00f3n y mango<\/li>\n<li>Helado de melocot\u00f3n<\/li>\n<li>Chicle de ar\u00e1ndanos<\/li>\n<li>Agua de bayas y lim\u00f3n<\/li>\n<li>Red Bull de fresa<\/li>\n<li>Chicle de sand\u00eda<\/li>\n<li>Sand\u00eda frambuesa<\/li>\n<li>Blueberries, cherries, cranberries<\/li>\n<li>Hojaldre de fresa<\/li>\n<li>Hielo de fruta del drag\u00f3n<\/li>\n<li>Hielo de pi\u00f1a<\/li>\n<li>Hielo rojo energ\u00e9tico<\/li>\n<li>Coca Cola Ice<\/li>\n<li>Hielo de pera<\/li>\n<\/ul>\n<h2 data-v-md-heading=\"for-you-for-your-business\" data-v-md-line=\"46\">For you, for your business<\/h2>\n<p data-v-md-line=\"47\">Si quieres disfrutar de vapes f\u00e1cilmente todos los d\u00edas, compra un DS-15. Si gestionas una tienda f\u00edsica o en l\u00ednea, podemos ayudarte a abastecerte. Proporcionamos embalaje al por mayor y utilizamos transporte DDP con todos los derechos europeos para evitar retrasos en las aduanas o tasas adicionales. Colaboramos con socios de confianza como UPS, DPD y DHL para garantizar una entrega fiable y un seguimiento claro.<\/p>\n<p data-v-md-line=\"49\">Si necesita tama\u00f1os de envase o combinaciones de sabores espec\u00edficos, consulte a nuestro equipo. Lo organizaremos para usted r\u00e1pidamente.<\/p>\n<h2 data-v-md-heading=\"why-do-you-like-it\" data-v-md-line=\"51\">Why do you like it<\/h2>\n<ul data-v-md-line=\"52\">\n<li>Succi\u00f3n masiva: Duradera y de larga duraci\u00f3n, no es necesario sustituirla cada pocos d\u00edas.<\/li>\n<li>Selecci\u00f3n de nicotina: Elige la concentraci\u00f3n que se adapte a tu m\u00e9todo de inhalaci\u00f3n.<\/li>\n<li>Sin necesidad de carga: uso inmediato, sin necesidad de conectar cables.<\/li>\n<li>Mesh coil: From the first bite to the last bite, the taste remains consistent and smooth.<\/li>\n<li>Estructura compacta: f\u00e1cil de transportar y discreta al salir.<\/li>\n<\/ul>\n<h2 data-v-md-heading=\"why-collaborate-with-agoravape\" data-v-md-line=\"58\">Why collaborate with AgoraVape?<\/h2>\n<p data-v-md-line=\"59\">S\u00f3lo vendemos productos 100% aut\u00e9nticos y somos responsables de su calidad. Usted puede disfrutar de precios al por mayor altamente competitivos, apoyo sensible, y la entrega r\u00e1pida DDP para asegurar operaciones sin problemas y sin obst\u00e1culos. Seguimos las normas del mercado de la UE, incluidas las restricciones TPD sobre la concentraci\u00f3n de nicotina y la capacidad del e-l\u00edquido. Realizamos una estricta verificaci\u00f3n de la edad en todos los pedidos. Si surge alg\u00fan problema, nuestro proceso de devoluci\u00f3n justo y nuestro amable servicio de atenci\u00f3n al cliente pueden ayudarle a resolverlo f\u00e1cilmente.<\/p>\n<p data-v-md-line=\"61\">\u00bfQuieres llevar el vapeador Myde DS-15 1500 compact mesh coil a tus estanter\u00edas? P\u00f3ngase en contacto con nosotros y le ayudaremos a crear una gama de sabores que tendr\u00e1 una alta tasa de retenci\u00f3n de clientes.<\/p>","protected":false},"excerpt":{"rendered":"<p>&nbsp;<\/p>","protected":false},"featured_media":15385,"comment_status":"open","ping_status":"closed","template":"","meta":[],"product_brand":[221],"product_cat":[124,182,176,177,174,175,193,148,173,186,180,190],"product_tag":[],"class_list":{"0":"post-15353","1":"product","2":"type-product","3":"status-publish","4":"has-post-thumbnail","6":"product_brand-myde","7":"product_cat-vape-by-brand","8":"product_cat-800-1500-puffs","9":"product_cat-beverage","10":"product_cat-dessert-sweets","11":"product_cat-fruit-flavors","12":"product_cat-icy-mint","13":"product_cat-mesh-coil","14":"product_cat-myde","15":"product_cat-vape-by-flavor-profile","16":"product_cat-vape-by-nicotine-strength","17":"product_cat-vape-by-puff-count","18":"product_cat-vape-by-feature-or-type","20":"first","21":"onbackorder","22":"shipping-taxable","23":"purchasable","24":"product-type-variable","25":"has-default-attributes"},"tiered_pricing_type":"percentage","tiered_pricing_fixed_rules":[],"tiered_pricing_product_settings":{"layout":"default","base_unit_name":{"singular":null,"plural":null},"default_variation":null},"tiered_pricing_minimum_quantity":10,"tiered_pricing_roles_data":[],"tiered_pricing_percentage_rules":{"100":"40","200":"44","500":"47","1000":"49"},"tiered_pricing_maximum_quantity":null,"tiered_pricing_quantity_step":"10","_links":{"self":[{"href":"https:\/\/agoravape.com\/es\/wp-json\/wp\/v2\/product\/15353","targetHints":{"allow":["GET"]}}],"collection":[{"href":"https:\/\/agoravape.com\/es\/wp-json\/wp\/v2\/product"}],"about":[{"href":"https:\/\/agoravape.com\/es\/wp-json\/wp\/v2\/types\/product"}],"replies":[{"embeddable":true,"href":"https:\/\/agoravape.com\/es\/wp-json\/wp\/v2\/comments?post=15353"}],"version-history":[{"count":0,"href":"https:\/\/agoravape.com\/es\/wp-json\/wp\/v2\/product\/15353\/revisions"}],"wp:featuredmedia":[{"embeddable":true,"href":"https:\/\/agoravape.com\/es\/wp-json\/wp\/v2\/media\/15385"}],"wp:attachment":[{"href":"https:\/\/agoravape.com\/es\/wp-json\/wp\/v2\/media?parent=15353"}],"wp:term":[{"taxonomy":"product_brand","embeddable":true,"href":"https:\/\/agoravape.com\/es\/wp-json\/wp\/v2\/product_brand?post=15353"},{"taxonomy":"product_cat","embeddable":true,"href":"https:\/\/agoravape.com\/es\/wp-json\/wp\/v2\/product_cat?post=15353"},{"taxonomy":"product_tag","embeddable":true,"href":"https:\/\/agoravape.com\/es\/wp-json\/wp\/v2\/product_tag?post=15353"}],"curies":[{"name":"wp","href":"https:\/\/api.w.org\/{rel}","templated":true}]}}