{"id":15531,"date":"2025-10-16T16:14:35","date_gmt":"2025-10-16T08:14:35","guid":{"rendered":"https:\/\/green-grasshopper-921422.hostingersite.com\/?post_type=product&#038;p=15531"},"modified":"2026-01-19T22:03:39","modified_gmt":"2026-01-19T14:03:39","slug":"myde-crystal-bar-1500-puffs-vape","status":"publish","type":"product","link":"https:\/\/agoravape.com\/es\/product\/myde-crystal-bar-1500-puffs-vape\/","title":{"rendered":"Vape Myde Crystal Bar con resistencia de malla de 1500 caladas | Gran cantidad de caladas. Sabor a malla limpia."},"content":{"rendered":"<h2 data-v-md-heading=\"what-is-special-about-the-myde-crystal-bar-1500-mouth-mesh-coil-vape\" data-v-md-line=\"3\">\u00bfQu\u00e9 tiene de especial el vaporizador de bobina de malla bucal Myde Crystal Bar 1500?<\/h2>\n<p data-v-md-line=\"4\">Si buscas un vapeo sencillo con un sabor excelente desde el primer bocado hasta el \u00faltimo, este producto es ideal. El Myde Crystal Bar cuenta con un dise\u00f1o de resistencia de malla que permite disfrutar f\u00e1cilmente de sabores intensos sin necesidad de manipularlo.<\/p>\n<p data-v-md-line=\"6\">Es ideal para quienes buscan un vaporizador desechable f\u00e1cil y c\u00f3modo de llevar. Con su gran calibre, puede parecer voluminoso, pero es ligero y f\u00e1cil de transportar.<\/p>\n<p data-v-md-line=\"8\">Breve explicaci\u00f3n sobre la conformidad. Este dispositivo tiene una capacidad de 2 mililitros de e-l\u00edquido y cumple con las restricciones de la TPD de la mayor\u00eda de los mercados de la UE. Los datos de 1500 puertos provienen de pruebas de control a corta distancia. El n\u00famero real de respiraciones variar\u00e1 seg\u00fan la intensidad y la duraci\u00f3n de la inhalaci\u00f3n.<\/p>\n<h2 data-v-md-heading=\"excellent-performance-without-any-complex-operations\" data-v-md-line=\"10\">Excelente rendimiento sin operaciones complejas.<\/h2>\n<p data-v-md-line=\"11\">La resistencia de malla es la responsable de todo. Se calienta uniformemente para garantizar un sabor consistente y no se desvanecer\u00e1 despu\u00e9s de uno o dos d\u00edas. La bater\u00eda de 500 mAh est\u00e1 especialmente dise\u00f1ada para la resistencia, lo que garantiza una salida estable durante todo el proceso de lubricaci\u00f3n. Simplemente inhala para disfrutar de la experiencia de vapeo. Sin botones ni men\u00fas.<\/p>\n<h2 data-v-md-heading=\"specification-overview\" data-v-md-line=\"13\">Specification Overview<\/h2>\n<ul data-v-md-line=\"14\">\n<li>Frecuencia de succi\u00f3n: hasta 1500 veces<\/li>\n<li>Concentraci\u00f3n de nicotina: Puede haber diferencias seg\u00fan el mercado. La concentraci\u00f3n m\u00e1xima permitida en las regiones TPD es de 20 miligramos por mililitro. Cont\u00e1ctenos para confirmar las opciones disponibles.<\/li>\n<li>Principio de funcionamiento: Activar mediante inhalaci\u00f3n.<\/li>\n<li>Carga: Actualmente no disponible. Bater\u00eda desechable.<\/li>\n<li>Status: Ready to use upon unboxing<\/li>\n<\/ul>\n<h2 data-v-md-heading=\"full-range-of-flavors\" data-v-md-line=\"20\">Gama completa de sabores<\/h2>\n<ul data-v-md-line=\"21\">\n<li>Lemon and lime<\/li>\n<li>Azul loco<\/li>\n<li>Caramelos arcoiris<\/li>\n<li>Melocot\u00f3n manzana<\/li>\n<li>Blueberry Lemon Water<\/li>\n<li>Pur\u00e9 de fresa<\/li>\n<li>Watermelon Ice<\/li>\n<li>Chicle de sand\u00eda<\/li>\n<li>Refresco de cereza<\/li>\n<li>Ar\u00e1ndanos<\/li>\n<\/ul>\n<h2 data-v-md-heading=\"for-you-and-for-your-business-as-well\" data-v-md-line=\"32\">For you, and for your business as well<\/h2>\n<p data-v-md-line=\"33\">C\u00f3mprelo usted mismo, f\u00e1cil y c\u00f3modo. Elija su gusto. A\u00f1\u00e1dalo al carrito. Listo. Si tiene una tienda f\u00edsica o en l\u00ednea, podemos ofrecerle cajas de cart\u00f3n al por mayor con lotes estables. La cantidad de cajas de cart\u00f3n puede variar seg\u00fan el lote de producci\u00f3n. Cont\u00e1ctenos para conocer la cantidad actual y el precio por lotes.<\/p>\n<p data-v-md-line=\"35\">Ofrecemos servicios de Entrega con Derechos Pagados (DDP) dentro de Europa a trav\u00e9s de UPS, DPD y DHL. Procesamos previamente los aranceles para evitar deducciones aduaneras inesperadas. Pago seguro. Facturas completas. Seguimiento puerta a puerta.<\/p>\n<h2 data-v-md-heading=\"why-do-you-like-it\" data-v-md-line=\"37\">Why do you like it<\/h2>\n<ul data-v-md-line=\"38\">\n<li>Gran capacidad de succi\u00f3n: reduce la cantidad de reemplazos, lo que hace que su d\u00eda sea m\u00e1s sencillo.<\/li>\n<li>Bobina de malla: textura rica, succi\u00f3n duradera.<\/li>\n<li>No es necesario cargarlo: rec\u00edclelo de acuerdo con las pautas locales despu\u00e9s de su uso.<\/li>\n<li>Succi\u00f3n conveniente: no necesita botones, solo succione<\/li>\n<li>Atomizador de tama\u00f1o TPD: el llenado de 2 ml cumple con las regulaciones de capacidad de la UE<\/li>\n<\/ul>\n<h2 data-v-md-heading=\"why-choose-to-collaborate-with-agoravape\" data-v-md-line=\"44\">Why choose to collaborate with AgoraVape?<\/h2>\n<p data-v-md-line=\"45\">Solo compramos productos 100 % genuinos. Cada producto se entrega en un empaque sellado y cuenta con seguimiento de lotes, lo que le permite evitar comprar falsificaciones. Nuestro equipo le ofrecer\u00e1 sugerencias de sabores, planes de rotaci\u00f3n de productos y servicios de reemplazo r\u00e1pido para cualquier producto DOA.<\/p>\n<p data-v-md-line=\"47\">Como uno de los distribuidores de vapeo de confianza en Europa, ofrecemos precios al por mayor con descuento y entregas r\u00e1pidas DDP. Realizamos una estricta verificaci\u00f3n de edad en los pedidos B2C para garantizar el cumplimiento de las normas de venta y proteger su marca. \u00bfDesea verificar lotes o consultar el estado del inventario? Env\u00edenos el c\u00f3digo del producto que se encuentra en su caja. Lo confirmaremos de inmediato.<\/p>","protected":false},"excerpt":{"rendered":"<p>&nbsp;<\/p>\n<p><script src=\"chrome-extension:\/\/fpelahbljekknahkcaegamhcndkfpfnc\/iFrame.js\" type=\"text\/javascript\"><\/script><\/p>\n<p><script src=\"chrome-extension:\/\/fpelahbljekknahkcaegamhcndkfpfnc\/iFrame.js\" type=\"text\/javascript\"><\/script><\/p>\n<p><script src=\"chrome-extension:\/\/fpelahbljekknahkcaegamhcndkfpfnc\/iFrame.js\" type=\"text\/javascript\"><\/script><\/p>\n<p><script src=\"chrome-extension:\/\/fpelahbljekknahkcaegamhcndkfpfnc\/iFrame.js\" type=\"text\/javascript\"><\/script><\/p>\n<p><script src=\"chrome-extension:\/\/fpelahbljekknahkcaegamhcndkfpfnc\/iFrame.js\" type=\"text\/javascript\"><\/script><\/p>\n<p><script src=\"chrome-extension:\/\/fpelahbljekknahkcaegamhcndkfpfnc\/iFrame.js\" type=\"text\/javascript\"><\/script><\/p>\n<p><script src=\"chrome-extension:\/\/fpelahbljekknahkcaegamhcndkfpfnc\/iFrame.js\" type=\"text\/javascript\"><\/script><\/p>\n<p><script src=\"chrome-extension:\/\/fpelahbljekknahkcaegamhcndkfpfnc\/iFrame.js\" type=\"text\/javascript\"><\/script><\/p>\n<p><script src=\"chrome-extension:\/\/fpelahbljekknahkcaegamhcndkfpfnc\/iFrame.js\" type=\"text\/javascript\"><\/script><\/p>\n<p><script src=\"chrome-extension:\/\/fpelahbljekknahkcaegamhcndkfpfnc\/iFrame.js\" type=\"text\/javascript\"><\/script><\/p>","protected":false},"featured_media":15561,"comment_status":"open","ping_status":"closed","template":"","meta":[],"product_brand":[221],"product_cat":[124,182,176,177,174,175,193,148,173,186,180,190],"product_tag":[],"class_list":{"0":"post-15531","1":"product","2":"type-product","3":"status-publish","4":"has-post-thumbnail","6":"product_brand-myde","7":"product_cat-vape-by-brand","8":"product_cat-800-1500-puffs","9":"product_cat-beverage","10":"product_cat-dessert-sweets","11":"product_cat-fruit-flavors","12":"product_cat-icy-mint","13":"product_cat-mesh-coil","14":"product_cat-myde","15":"product_cat-vape-by-flavor-profile","16":"product_cat-vape-by-nicotine-strength","17":"product_cat-vape-by-puff-count","18":"product_cat-vape-by-feature-or-type","20":"first","21":"onbackorder","22":"shipping-taxable","23":"purchasable","24":"product-type-variable","25":"has-default-attributes"},"tiered_pricing_type":"percentage","tiered_pricing_fixed_rules":[],"tiered_pricing_product_settings":{"layout":"default","base_unit_name":{"singular":null,"plural":null},"default_variation":null},"tiered_pricing_minimum_quantity":10,"tiered_pricing_roles_data":[],"tiered_pricing_percentage_rules":{"100":"40","200":"44","500":"47","1000":"49"},"tiered_pricing_maximum_quantity":null,"tiered_pricing_quantity_step":"10","_links":{"self":[{"href":"https:\/\/agoravape.com\/es\/wp-json\/wp\/v2\/product\/15531","targetHints":{"allow":["GET"]}}],"collection":[{"href":"https:\/\/agoravape.com\/es\/wp-json\/wp\/v2\/product"}],"about":[{"href":"https:\/\/agoravape.com\/es\/wp-json\/wp\/v2\/types\/product"}],"replies":[{"embeddable":true,"href":"https:\/\/agoravape.com\/es\/wp-json\/wp\/v2\/comments?post=15531"}],"version-history":[{"count":0,"href":"https:\/\/agoravape.com\/es\/wp-json\/wp\/v2\/product\/15531\/revisions"}],"wp:featuredmedia":[{"embeddable":true,"href":"https:\/\/agoravape.com\/es\/wp-json\/wp\/v2\/media\/15561"}],"wp:attachment":[{"href":"https:\/\/agoravape.com\/es\/wp-json\/wp\/v2\/media?parent=15531"}],"wp:term":[{"taxonomy":"product_brand","embeddable":true,"href":"https:\/\/agoravape.com\/es\/wp-json\/wp\/v2\/product_brand?post=15531"},{"taxonomy":"product_cat","embeddable":true,"href":"https:\/\/agoravape.com\/es\/wp-json\/wp\/v2\/product_cat?post=15531"},{"taxonomy":"product_tag","embeddable":true,"href":"https:\/\/agoravape.com\/es\/wp-json\/wp\/v2\/product_tag?post=15531"}],"curies":[{"name":"wp","href":"https:\/\/api.w.org\/{rel}","templated":true}]}}