{"id":15758,"date":"2025-10-16T21:40:51","date_gmt":"2025-10-16T13:40:51","guid":{"rendered":"https:\/\/green-grasshopper-921422.hostingersite.com\/?post_type=product&#038;p=15758"},"modified":"2026-03-26T13:22:37","modified_gmt":"2026-03-26T12:22:37","slug":"jnr-falcon-x-18000-puffs-vape","status":"publish","type":"product","link":"https:\/\/agoravape.com\/es\/product\/jnr-falcon-x-18000-puffs-vape\/","title":{"rendered":"Vapeador JNR Falcon-X con pantalla digital de 18\u00a0000 caladas | Sabor duradero con pantalla inteligente"},"content":{"rendered":"<h2 data-v-md-heading=\"how-about-jnr-falcon-x-18k-suction-digital-vape\" data-v-md-line=\"3\"><img loading=\"lazy\" decoding=\"async\" class=\"aligncenter size-full wp-image-15836\" src=\"https:\/\/agoravape.com\/wp-content\/uploads\/2025\/10\/JNR-Falcon-X-18K-Puffs-Digital-Display-Vape-Online_Agora_vape-14.webp\" alt=\"\" width=\"2048\" height=\"1152\" srcset=\"https:\/\/agoravape.com\/wp-content\/uploads\/2025\/10\/JNR-Falcon-X-18K-Puffs-Digital-Display-Vape-Online_Agora_vape-14.webp 2048w, https:\/\/agoravape.com\/wp-content\/uploads\/2025\/10\/JNR-Falcon-X-18K-Puffs-Digital-Display-Vape-Online_Agora_vape-14-1200x675.webp 1200w, https:\/\/agoravape.com\/wp-content\/uploads\/2025\/10\/JNR-Falcon-X-18K-Puffs-Digital-Display-Vape-Online_Agora_vape-14-300x169.webp 300w, https:\/\/agoravape.com\/wp-content\/uploads\/2025\/10\/JNR-Falcon-X-18K-Puffs-Digital-Display-Vape-Online_Agora_vape-14-1024x576.webp 1024w, https:\/\/agoravape.com\/wp-content\/uploads\/2025\/10\/JNR-Falcon-X-18K-Puffs-Digital-Display-Vape-Online_Agora_vape-14-768x432.webp 768w, https:\/\/agoravape.com\/wp-content\/uploads\/2025\/10\/JNR-Falcon-X-18K-Puffs-Digital-Display-Vape-Online_Agora_vape-14-1536x864.webp 1536w\" sizes=\"auto, (max-width: 2048px) 100vw, 2048px\" \/><\/h2>\n<h2 data-v-md-heading=\"how-about-jnr-falcon-x-18k-suction-digital-vape\" data-v-md-line=\"3\">\u00bfQu\u00e9 tal el vaporizador digital de succi\u00f3n JNR Falcon-X 18K?<\/h2>\n<p data-v-md-line=\"4\">Si est\u00e1s cansado de los vapeadores desechables que consumen mucha energ\u00eda o te hacen dudar sobre la duraci\u00f3n de la bater\u00eda, este producto es ideal. El JNR Falcon-X est\u00e1 dise\u00f1ado para un uso f\u00e1cil y c\u00f3modo a largo plazo, con una pantalla digital n\u00edtida que te mantiene al d\u00eda con las \u00faltimas novedades.<\/p>\n<p data-v-md-line=\"6\">Es ideal para quienes desean disfrutar de grandes bocados f\u00e1cilmente. Ofrece una capacidad de succi\u00f3n de hasta 18\u00a0000 caladas, ajusta el volumen de aspiraci\u00f3n para optimizar la succi\u00f3n y cuenta con una pr\u00e1ctica interfaz de carga tipo C, lo que facilita agotar hasta la \u00faltima gota de e-l\u00edquido.<\/p>\n<h2 data-v-md-heading=\"excellent-performance-easy-and-convenient\" data-v-md-line=\"8\">Excellent performance, easy and convenient<\/h2>\n<p data-v-md-line=\"9\">El Falcon-X incorpora una bobina de malla doble y un dise\u00f1o de doble n\u00facleo que mantiene un sabor suave y consistente desde el primer bocado hasta el \u00faltimo. Quiz\u00e1s pienses que un dispositivo de boca tan grande puede resultar aburrido cuando est\u00e1 casi agotado, pero su tecnolog\u00eda de n\u00facleo atomizador lo mantiene activo. Cuando la bater\u00eda se agote, puedes usar un cable de datos tipo C (que quiz\u00e1s ya tengas) para cargarlo. Es muy sencillo: la pantalla digital te permite ver f\u00e1cilmente el estado de la bater\u00eda de un vistazo.<\/p>\n<h2 data-v-md-heading=\"specification-overview\" data-v-md-line=\"11\">Specification Overview<\/h2>\n<ul data-v-md-line=\"12\">\n<li>N\u00famero de puertos: hasta 18000 puertos<\/li>\n<li>Nicotina: 0%, 2% o 5% opcional<\/li>\n<li>Principio de funcionamiento: No es necesario configurarlo<\/li>\n<li>Charging: Standard Type-C USB interface<\/li>\n<li>Status: Ready to use out of the box<\/li>\n<\/ul>\n<h2 data-v-md-heading=\"full-range-of-flavors\" data-v-md-line=\"18\">Gama completa de sabores<\/h2>\n<ul data-v-md-line=\"19\">\n<li>Batido de ar\u00e1ndanos<\/li>\n<li>Strawberry kiwi fruit<\/li>\n<li>Batido de sand\u00eda<\/li>\n<li>Batido de melocot\u00f3n<\/li>\n<li>M\u00e1s sabores para elegir<\/li>\n<\/ul>\n<h2 data-v-md-heading=\"for-you-and-for-your-business\" data-v-md-line=\"25\">Para ti y para tu negocio<\/h2>\n<p data-v-md-line=\"26\">C\u00f3mprelo usted mismo de forma r\u00e1pida y sencilla. Si tiene una tienda f\u00edsica o en l\u00ednea, puede comprar JNR Falcon-X a gran escala a precios de mayorista muy competitivos. La cantidad del paquete y el pedido m\u00ednimo var\u00edan seg\u00fan el lote. Cont\u00e1ctenos para obtener informaci\u00f3n actualizada sobre el tama\u00f1o del paquete y el inventario.<\/p>\n<p data-v-md-line=\"28\">Ofrecemos opciones confiables de DDP con impuestos pagados para diversas ubicaciones en Europa a trav\u00e9s de UPS, DPD y DHL, que pueden transportar sus mercanc\u00edas a m\u00faltiples destinos sin incidentes inesperados en la aduana. El cumplimiento y la situaci\u00f3n del suministro dependen de las regulaciones locales, por lo que le ayudaremos a comprender el rango permitido en su pa\u00eds\/regi\u00f3n.<\/p>\n<h2 data-v-md-heading=\"why-do-you-like-it\" data-v-md-line=\"30\">Why do you like it<\/h2>\n<ul data-v-md-line=\"31\">\n<li>Succi\u00f3n masiva: una capacidad de hasta 18K significa menos reemplazos y mayor valor.<\/li>\n<li>Selecci\u00f3n del contenido de nicotina: elija 0%, 2% o 5% seg\u00fan su preferencia.<\/li>\n<li>Recargable: Utiliza los 24 mililitros de e-l\u00edquido sin desperdiciarlo.<\/li>\n<li>Bobina de malla: la bobina de malla de doble capa mantiene un sabor consistente y satisfactorio.<\/li>\n<li>Pantalla digital: vea su estado de un vistazo, eliminando la necesidad de adivinar.<\/li>\n<li>Flujo de aire ajustable: succi\u00f3n m\u00e1s suelta o m\u00e1s apretada para adaptarse a su estilo.<\/li>\n<\/ul>\n<h2 data-v-md-heading=\"why-choose-to-collaborate-with-agoravape\" data-v-md-line=\"38\">Why choose to collaborate with AgoraVape?<\/h2>\n<p data-v-md-line=\"39\">Solo vendemos productos 100% genuinos y verificamos su origen. Con el vaporizador digital JNR Falcon-X 18K Puffs, disfrutar\u00e1 de precios al por mayor justos, soporte t\u00e9cnico profesional y entregas r\u00e1pidas y rastreables. Nuestro m\u00e9todo de pago seguro garantiza un proceso de compra sencillo y seguro. Contacte con nuestro equipo para consultar sobre el inventario, la disponibilidad de sabores y los descuentos por volumen para ofrecerle a sus clientes un producto que realmente valga la pena comprar.<\/p>","protected":false},"excerpt":{"rendered":"<p>&nbsp;<\/p>\n<p><script src=\"chrome-extension:\/\/fpelahbljekknahkcaegamhcndkfpfnc\/iFrame.js\" type=\"text\/javascript\"><\/script><\/p>\n<p><script src=\"chrome-extension:\/\/fpelahbljekknahkcaegamhcndkfpfnc\/iFrame.js\" type=\"text\/javascript\"><\/script><\/p>\n<p><script src=\"chrome-extension:\/\/fpelahbljekknahkcaegamhcndkfpfnc\/iFrame.js\" type=\"text\/javascript\"><\/script><\/p>\n<p><script src=\"chrome-extension:\/\/fpelahbljekknahkcaegamhcndkfpfnc\/iFrame.js\" type=\"text\/javascript\"><\/script><\/p>\n<p><script src=\"chrome-extension:\/\/fpelahbljekknahkcaegamhcndkfpfnc\/iFrame.js\" type=\"text\/javascript\"><\/script><\/p>\n<p><script src=\"chrome-extension:\/\/fpelahbljekknahkcaegamhcndkfpfnc\/iFrame.js\" type=\"text\/javascript\"><\/script><\/p>\n<p><script src=\"chrome-extension:\/\/fpelahbljekknahkcaegamhcndkfpfnc\/iFrame.js\" type=\"text\/javascript\"><\/script><\/p>\n<p><script src=\"chrome-extension:\/\/fpelahbljekknahkcaegamhcndkfpfnc\/iFrame.js\" type=\"text\/javascript\"><\/script><\/p>\n<p><script src=\"chrome-extension:\/\/fpelahbljekknahkcaegamhcndkfpfnc\/iFrame.js\" type=\"text\/javascript\"><\/script><\/p>\n<p><script src=\"chrome-extension:\/\/fpelahbljekknahkcaegamhcndkfpfnc\/iFrame.js\" type=\"text\/javascript\"><\/script><\/p>\n<p><script src=\"chrome-extension:\/\/fpelahbljekknahkcaegamhcndkfpfnc\/iFrame.js\" type=\"text\/javascript\"><\/script><\/p>","protected":false},"featured_media":15848,"comment_status":"open","ping_status":"closed","template":"","meta":[],"product_brand":[225],"product_cat":[124,187,185,189,194,176,177,1674,174,175,152,193,191,179,173,186,180,190,192],"product_tag":[],"class_list":{"0":"post-15758","1":"product","2":"type-product","3":"status-publish","4":"has-post-thumbnail","6":"product_brand-jnr","7":"product_cat-vape-by-brand","8":"product_cat-0mg-nicotine-free-vapes","9":"product_cat-10000-puffs-high-capacity","10":"product_cat-20mg-standard-nicotine-vapes","11":"product_cat-adjustable-airflow","12":"product_cat-beverage","13":"product_cat-dessert-sweets","14":"product_cat-eu-warehouse","15":"product_cat-fruit-flavors","16":"product_cat-icy-mint","17":"product_cat-jnr","18":"product_cat-mesh-coil","19":"product_cat-rechargeable-disposables","20":"product_cat-unique-blends","21":"product_cat-vape-by-flavor-profile","22":"product_cat-vape-by-nicotine-strength","23":"product_cat-vape-by-puff-count","24":"product_cat-vape-by-feature-or-type","25":"product_cat-vapes-with-screens","27":"first","28":"instock","29":"shipping-taxable","30":"purchasable","31":"product-type-variable","32":"has-default-attributes"},"tiered_pricing_type":"percentage","tiered_pricing_fixed_rules":[],"tiered_pricing_product_settings":{"layout":"default","base_unit_name":{"singular":null,"plural":null},"default_variation":null},"tiered_pricing_minimum_quantity":10,"tiered_pricing_roles_data":[],"tiered_pricing_percentage_rules":{"50":"35","100":"40","200":"44","500":"47","1000":"49"},"tiered_pricing_maximum_quantity":null,"tiered_pricing_quantity_step":"10","_links":{"self":[{"href":"https:\/\/agoravape.com\/es\/wp-json\/wp\/v2\/product\/15758","targetHints":{"allow":["GET"]}}],"collection":[{"href":"https:\/\/agoravape.com\/es\/wp-json\/wp\/v2\/product"}],"about":[{"href":"https:\/\/agoravape.com\/es\/wp-json\/wp\/v2\/types\/product"}],"replies":[{"embeddable":true,"href":"https:\/\/agoravape.com\/es\/wp-json\/wp\/v2\/comments?post=15758"}],"version-history":[{"count":0,"href":"https:\/\/agoravape.com\/es\/wp-json\/wp\/v2\/product\/15758\/revisions"}],"wp:featuredmedia":[{"embeddable":true,"href":"https:\/\/agoravape.com\/es\/wp-json\/wp\/v2\/media\/15848"}],"wp:attachment":[{"href":"https:\/\/agoravape.com\/es\/wp-json\/wp\/v2\/media?parent=15758"}],"wp:term":[{"taxonomy":"product_brand","embeddable":true,"href":"https:\/\/agoravape.com\/es\/wp-json\/wp\/v2\/product_brand?post=15758"},{"taxonomy":"product_cat","embeddable":true,"href":"https:\/\/agoravape.com\/es\/wp-json\/wp\/v2\/product_cat?post=15758"},{"taxonomy":"product_tag","embeddable":true,"href":"https:\/\/agoravape.com\/es\/wp-json\/wp\/v2\/product_tag?post=15758"}],"curies":[{"name":"wp","href":"https:\/\/api.w.org\/{rel}","templated":true}]}}