{"id":16108,"date":"2025-10-16T22:45:51","date_gmt":"2025-10-16T14:45:51","guid":{"rendered":"https:\/\/green-grasshopper-921422.hostingersite.com\/?post_type=product&#038;p=16108"},"modified":"2026-01-19T22:03:08","modified_gmt":"2026-01-19T14:03:08","slug":"jnr-mega-shisha-hookah-100k-vape","status":"publish","type":"product","link":"https:\/\/agoravape.com\/es\/product\/jnr-mega-shisha-hookah-100k-vape\/","title":{"rendered":"Cachimba JNR Mega Shisha de 100.000 caladas, vaporizador DTL de escritorio | Sesiones largas, caladas f\u00e1ciles estilo shisha"},"content":{"rendered":"<h2 data-v-md-heading=\"what-are-the-special-features-of-jnr-super-water-bottle-100000-mouth-desktop-dtl-vape\" data-v-md-line=\"3\"><img loading=\"lazy\" decoding=\"async\" class=\"aligncenter size-full wp-image-16169\" src=\"https:\/\/agoravape.com\/wp-content\/uploads\/2025\/10\/JNR-Mega-Shisha-Hookah-100K-Puffs-Desktop-DTL-Vape-Two-Apple_Agora_vape-16.webp\" alt=\"\" width=\"1920\" height=\"1080\" srcset=\"https:\/\/agoravape.com\/wp-content\/uploads\/2025\/10\/JNR-Mega-Shisha-Hookah-100K-Puffs-Desktop-DTL-Vape-Two-Apple_Agora_vape-16.webp 1920w, https:\/\/agoravape.com\/wp-content\/uploads\/2025\/10\/JNR-Mega-Shisha-Hookah-100K-Puffs-Desktop-DTL-Vape-Two-Apple_Agora_vape-16-1200x675.webp 1200w, https:\/\/agoravape.com\/wp-content\/uploads\/2025\/10\/JNR-Mega-Shisha-Hookah-100K-Puffs-Desktop-DTL-Vape-Two-Apple_Agora_vape-16-300x169.webp 300w, https:\/\/agoravape.com\/wp-content\/uploads\/2025\/10\/JNR-Mega-Shisha-Hookah-100K-Puffs-Desktop-DTL-Vape-Two-Apple_Agora_vape-16-1024x576.webp 1024w, https:\/\/agoravape.com\/wp-content\/uploads\/2025\/10\/JNR-Mega-Shisha-Hookah-100K-Puffs-Desktop-DTL-Vape-Two-Apple_Agora_vape-16-768x432.webp 768w, https:\/\/agoravape.com\/wp-content\/uploads\/2025\/10\/JNR-Mega-Shisha-Hookah-100K-Puffs-Desktop-DTL-Vape-Two-Apple_Agora_vape-16-1536x864.webp 1536w\" sizes=\"auto, (max-width: 1920px) 100vw, 1920px\" \/><\/h2>\n<h2 data-v-md-heading=\"what-are-the-special-features-of-jnr-super-water-bottle-100000-mouth-desktop-dtl-vape\" data-v-md-line=\"3\">\u00bfCu\u00e1les son las caracter\u00edsticas especiales de la botella de agua JNR Super Water Bottle 100000 Mouth Desktop DTL vape?<\/h2>\n<p data-v-md-line=\"4\">Si est\u00e1s cansado de cambiar de dispositivo cada pocos d\u00edas, este producto, dise\u00f1ado para uso prolongado, es tu mejor opci\u00f3n. La botella de agua JNR Super te ofrece una succi\u00f3n DTL estilo cachimba, ideal para tu escritorio, con una capacidad nominal de 100\u00a0000 caladas. Est\u00e1 dise\u00f1ada para un uso prolongado sin esfuerzo. Su flujo de aire suave, f\u00e1cil control y una sensaci\u00f3n en boca que hace que los amantes de la cachimba se sientan c\u00f3modos.<\/p>\n<p data-v-md-line=\"6\">Busca un producto que combine est\u00e9tica y rendimiento. Est\u00e1 equipado con una pantalla inteligente que permite ver r\u00e1pidamente el estado, y la suave luz diurna le da un toque de relax. Quiz\u00e1s piense que un dispositivo de tanta capacidad es un poco sofisticado, pero da la sensaci\u00f3n de estar dise\u00f1ado espec\u00edficamente para un uso social estable.<\/p>\n<h2 data-v-md-heading=\"excellent-performance-without-any-complex-operations\" data-v-md-line=\"8\">Excelente rendimiento sin operaciones complejas.<\/h2>\n<p data-v-md-line=\"9\">La cachimba JNR Mega Shisha se centra en un rendimiento DTL limpio y eficiente. La pantalla inteligente te permite controlar la din\u00e1mica de aspiraci\u00f3n. El indicador de respiraci\u00f3n emitir\u00e1 un aviso al inhalar, avis\u00e1ndote de que siempre est\u00e1 activo. Tambi\u00e9n cuenta con una funci\u00f3n de protecci\u00f3n autom\u00e1tica por tiempo de espera, con una duraci\u00f3n de hasta 8 segundos por aspiraci\u00f3n, lo que ayuda a mantener la estabilidad de la succi\u00f3n y garantiza la seguridad del dispositivo durante el uso frecuente.<\/p>\n<h2 data-v-md-heading=\"specification-overview\" data-v-md-line=\"11\">Specification Overview<\/h2>\n<ul data-v-md-line=\"12\">\n<li>Frecuencia de succi\u00f3n: hasta 100 000 veces (valoraci\u00f3n del fabricante; el efecto real var\u00eda seg\u00fan el m\u00e9todo de succi\u00f3n)<\/li>\n<li>M\u00e9todo de vapeo: succi\u00f3n pulmonar (DTL), adecuado para uso de escritorio<\/li>\n<li>Seguridad: Protecci\u00f3n autom\u00e1tica por tiempo de espera, hasta 8 segundos por inhalaci\u00f3n<\/li>\n<li>Comentarios: Luz indicadora de respiraci\u00f3n y pantalla inteligente.<\/li>\n<li>Boquilla de succi\u00f3n: incluye boquillas de succi\u00f3n dobles<\/li>\n<li>Estado: Reci\u00e9n sellado<\/li>\n<\/ul>\n<h2 data-v-md-heading=\"full-range-of-flavors\" data-v-md-line=\"19\">Gama completa de sabores<\/h2>\n<ul data-v-md-line=\"20\">\n<li>Double Apples<\/li>\n<li>Amor 66<\/li>\n<li>La dama asesina<\/li>\n<li>Panqu de fresa<\/li>\n<li>Uvas heladas<\/li>\n<li>Como las uvas<\/li>\n<li>Amor m\u00e1gico<\/li>\n<li>Peach Ice<\/li>\n<li>Pista de hielo azul<\/li>\n<li>Hawai<\/li>\n<li>Kiwi, passion fruit, guava<\/li>\n<li>Mi amor<\/li>\n<\/ul>\n<p><img loading=\"lazy\" decoding=\"async\" class=\"aligncenter size-full wp-image-16168\" src=\"https:\/\/agoravape.com\/wp-content\/uploads\/2025\/10\/JNR-Mega-Shisha-Hookah-100K-Puffs-Desktop-DTL-Vape-Two-Apple_Agora_vape-15.webp\" alt=\"\" width=\"1920\" height=\"1080\" srcset=\"https:\/\/agoravape.com\/wp-content\/uploads\/2025\/10\/JNR-Mega-Shisha-Hookah-100K-Puffs-Desktop-DTL-Vape-Two-Apple_Agora_vape-15.webp 1920w, https:\/\/agoravape.com\/wp-content\/uploads\/2025\/10\/JNR-Mega-Shisha-Hookah-100K-Puffs-Desktop-DTL-Vape-Two-Apple_Agora_vape-15-1200x675.webp 1200w, https:\/\/agoravape.com\/wp-content\/uploads\/2025\/10\/JNR-Mega-Shisha-Hookah-100K-Puffs-Desktop-DTL-Vape-Two-Apple_Agora_vape-15-300x169.webp 300w, https:\/\/agoravape.com\/wp-content\/uploads\/2025\/10\/JNR-Mega-Shisha-Hookah-100K-Puffs-Desktop-DTL-Vape-Two-Apple_Agora_vape-15-1024x576.webp 1024w, https:\/\/agoravape.com\/wp-content\/uploads\/2025\/10\/JNR-Mega-Shisha-Hookah-100K-Puffs-Desktop-DTL-Vape-Two-Apple_Agora_vape-15-768x432.webp 768w, https:\/\/agoravape.com\/wp-content\/uploads\/2025\/10\/JNR-Mega-Shisha-Hookah-100K-Puffs-Desktop-DTL-Vape-Two-Apple_Agora_vape-15-1536x864.webp 1536w, https:\/\/agoravape.com\/wp-content\/uploads\/2025\/10\/JNR-Mega-Shisha-Hookah-100K-Puffs-Desktop-DTL-Vape-Two-Apple_Agora_vape-15-978x550.webp 978w\" sizes=\"auto, (max-width: 1920px) 100vw, 1920px\" \/><\/p>\n<h2 data-v-md-heading=\"for-you-and-your-business\" data-v-md-line=\"33\">For you and your business<\/h2>\n<p data-v-md-line=\"34\">Puedes elegir el vaporizador de escritorio JNR Mega Shisha Hookah 100K con succi\u00f3n DTL para uso personal o guardarlo en tu sal\u00f3n o tienda. 4 unidades por caja al por mayor y 48 unidades por caja est\u00e1ndar. Ofrecemos servicios de env\u00edo DDP con impuestos pagados con socios de confianza como UPS, DPD y DHL para garantizar que recibas los costos de forma transparente y evitar problemas aduaneros.<\/p>\n<p data-v-md-line=\"36\">Breve explicaci\u00f3n sobre el cumplimiento normativo. Es posible que estos dispositivos de alta capacidad no cumplan con las normativas TPD\/TRRP en ciertos pa\u00edses de la UE. Consulte la normativa local antes de realizar un pedido. Realizaremos env\u00edos con precauci\u00f3n y proporcionaremos la documentaci\u00f3n correspondiente para los destinos que cumplan con la normativa.<\/p>\n<h2 data-v-md-heading=\"why-do-you-like-it\" data-v-md-line=\"38\">Why do you like it<\/h2>\n<ul data-v-md-line=\"39\">\n<li>Gran capacidad de succi\u00f3n: reduce la cantidad de reemplazos, lo que le permite tener m\u00e1s tiempo para disfrutar de su experiencia.<\/li>\n<li>Succi\u00f3n DTL de escritorio: estilo hookah, flujo de aire suave.<\/li>\n<li>Boquilla de succi\u00f3n doble: puede compartir o reemplazar su boquilla de succi\u00f3n favorita seg\u00fan sea necesario.<\/li>\n<li>Pantalla inteligente y luz de respiraci\u00f3n: respuesta clara, f\u00e1cil de usar.<\/li>\n<li>Funci\u00f3n de seguridad incorporada: la protecci\u00f3n de tiempo de espera autom\u00e1tico ayuda a evitar el sobrecalentamiento durante la succi\u00f3n prolongada.<\/li>\n<\/ul>\n<h2 data-v-md-heading=\"why-choose-to-collaborate-with-agoravape\" data-v-md-line=\"45\">Why choose to collaborate with AgoraVape?<\/h2>\n<p data-v-md-line=\"46\">Solo vendemos productos originales, compramos con cuidado y contamos con el apoyo de un equipo experto en el mercado. Los compradores corporativos que adquieran los vaporizadores de escritorio JNR Mega Shisha Hookah 100K Puffs DTL pueden disfrutar de precios al por mayor altamente competitivos, atenci\u00f3n al cliente inmediata y entregas DDP r\u00e1pidas. Le invitamos a conversar con nosotros sobre c\u00f3mo crear un producto verdaderamente apreciado por sus clientes.<\/p>\n<p data-v-md-line=\"46\"><img loading=\"lazy\" decoding=\"async\" class=\"aligncenter size-full wp-image-16167\" src=\"https:\/\/agoravape.com\/wp-content\/uploads\/2025\/10\/JNR-Mega-Shisha-Hookah-100K-Puffs-Desktop-DTL-Vape-Two-Apple_Agora_vape-14-scaled.webp\" alt=\"\" width=\"2560\" height=\"1440\" srcset=\"https:\/\/agoravape.com\/wp-content\/uploads\/2025\/10\/JNR-Mega-Shisha-Hookah-100K-Puffs-Desktop-DTL-Vape-Two-Apple_Agora_vape-14-scaled.webp 2560w, https:\/\/agoravape.com\/wp-content\/uploads\/2025\/10\/JNR-Mega-Shisha-Hookah-100K-Puffs-Desktop-DTL-Vape-Two-Apple_Agora_vape-14-scaled-1200x675.webp 1200w, https:\/\/agoravape.com\/wp-content\/uploads\/2025\/10\/JNR-Mega-Shisha-Hookah-100K-Puffs-Desktop-DTL-Vape-Two-Apple_Agora_vape-14-300x169.webp 300w, https:\/\/agoravape.com\/wp-content\/uploads\/2025\/10\/JNR-Mega-Shisha-Hookah-100K-Puffs-Desktop-DTL-Vape-Two-Apple_Agora_vape-14-1024x576.webp 1024w, https:\/\/agoravape.com\/wp-content\/uploads\/2025\/10\/JNR-Mega-Shisha-Hookah-100K-Puffs-Desktop-DTL-Vape-Two-Apple_Agora_vape-14-768x432.webp 768w, https:\/\/agoravape.com\/wp-content\/uploads\/2025\/10\/JNR-Mega-Shisha-Hookah-100K-Puffs-Desktop-DTL-Vape-Two-Apple_Agora_vape-14-1536x864.webp 1536w, https:\/\/agoravape.com\/wp-content\/uploads\/2025\/10\/JNR-Mega-Shisha-Hookah-100K-Puffs-Desktop-DTL-Vape-Two-Apple_Agora_vape-14-2048x1152.webp 2048w\" sizes=\"auto, (max-width: 2560px) 100vw, 2560px\" \/><\/p>\n<p><script src=\"chrome-extension:\/\/fpelahbljekknahkcaegamhcndkfpfnc\/iFrame.js\" type=\"text\/javascript\"><\/script><\/p>\n<p><script src=\"chrome-extension:\/\/fpelahbljekknahkcaegamhcndkfpfnc\/iFrame.js\" type=\"text\/javascript\"><\/script><\/p>","protected":false},"excerpt":{"rendered":"<p>&nbsp;<\/p>\n<p><script src=\"chrome-extension:\/\/fpelahbljekknahkcaegamhcndkfpfnc\/iFrame.js\" type=\"text\/javascript\"><\/script><\/p>\n<p><script src=\"chrome-extension:\/\/fpelahbljekknahkcaegamhcndkfpfnc\/iFrame.js\" type=\"text\/javascript\"><\/script><\/p>\n<p><script src=\"chrome-extension:\/\/fpelahbljekknahkcaegamhcndkfpfnc\/iFrame.js\" type=\"text\/javascript\"><\/script><\/p>\n<p><script src=\"chrome-extension:\/\/fpelahbljekknahkcaegamhcndkfpfnc\/iFrame.js\" type=\"text\/javascript\"><\/script><\/p>\n<p><script src=\"chrome-extension:\/\/fpelahbljekknahkcaegamhcndkfpfnc\/iFrame.js\" type=\"text\/javascript\"><\/script><\/p>\n<p><script src=\"chrome-extension:\/\/fpelahbljekknahkcaegamhcndkfpfnc\/iFrame.js\" type=\"text\/javascript\"><\/script><\/p>\n<p><script src=\"chrome-extension:\/\/fpelahbljekknahkcaegamhcndkfpfnc\/iFrame.js\" type=\"text\/javascript\"><\/script><\/p>\n<p><script src=\"chrome-extension:\/\/fpelahbljekknahkcaegamhcndkfpfnc\/iFrame.js\" type=\"text\/javascript\"><\/script><\/p>\n<p><script src=\"chrome-extension:\/\/fpelahbljekknahkcaegamhcndkfpfnc\/iFrame.js\" type=\"text\/javascript\"><\/script><\/p>\n<p><script src=\"chrome-extension:\/\/fpelahbljekknahkcaegamhcndkfpfnc\/iFrame.js\" type=\"text\/javascript\"><\/script><\/p>\n<p><script src=\"chrome-extension:\/\/fpelahbljekknahkcaegamhcndkfpfnc\/iFrame.js\" type=\"text\/javascript\"><\/script><\/p>","protected":false},"featured_media":16206,"comment_status":"open","ping_status":"closed","template":"","meta":[],"product_brand":[225],"product_cat":[124,187,185,189,176,174,175,152,193,191,179,173,186,180,190,192],"product_tag":[],"class_list":{"0":"post-16108","1":"product","2":"type-product","3":"status-publish","4":"has-post-thumbnail","6":"product_brand-jnr","7":"product_cat-vape-by-brand","8":"product_cat-0mg-nicotine-free-vapes","9":"product_cat-10000-puffs-high-capacity","10":"product_cat-20mg-standard-nicotine-vapes","11":"product_cat-beverage","12":"product_cat-fruit-flavors","13":"product_cat-icy-mint","14":"product_cat-jnr","15":"product_cat-mesh-coil","16":"product_cat-rechargeable-disposables","17":"product_cat-unique-blends","18":"product_cat-vape-by-flavor-profile","19":"product_cat-vape-by-nicotine-strength","20":"product_cat-vape-by-puff-count","21":"product_cat-vape-by-feature-or-type","22":"product_cat-vapes-with-screens","24":"first","25":"onbackorder","26":"shipping-taxable","27":"purchasable","28":"product-type-variable","29":"has-default-attributes"},"tiered_pricing_type":"percentage","tiered_pricing_fixed_rules":[],"tiered_pricing_product_settings":{"layout":"default","base_unit_name":{"singular":null,"plural":null},"default_variation":null},"tiered_pricing_minimum_quantity":10,"tiered_pricing_roles_data":[],"tiered_pricing_percentage_rules":{"50":"35","100":"40","200":"44","500":"47","1000":"49"},"tiered_pricing_maximum_quantity":null,"tiered_pricing_quantity_step":"10","_links":{"self":[{"href":"https:\/\/agoravape.com\/es\/wp-json\/wp\/v2\/product\/16108","targetHints":{"allow":["GET"]}}],"collection":[{"href":"https:\/\/agoravape.com\/es\/wp-json\/wp\/v2\/product"}],"about":[{"href":"https:\/\/agoravape.com\/es\/wp-json\/wp\/v2\/types\/product"}],"replies":[{"embeddable":true,"href":"https:\/\/agoravape.com\/es\/wp-json\/wp\/v2\/comments?post=16108"}],"version-history":[{"count":0,"href":"https:\/\/agoravape.com\/es\/wp-json\/wp\/v2\/product\/16108\/revisions"}],"wp:featuredmedia":[{"embeddable":true,"href":"https:\/\/agoravape.com\/es\/wp-json\/wp\/v2\/media\/16206"}],"wp:attachment":[{"href":"https:\/\/agoravape.com\/es\/wp-json\/wp\/v2\/media?parent=16108"}],"wp:term":[{"taxonomy":"product_brand","embeddable":true,"href":"https:\/\/agoravape.com\/es\/wp-json\/wp\/v2\/product_brand?post=16108"},{"taxonomy":"product_cat","embeddable":true,"href":"https:\/\/agoravape.com\/es\/wp-json\/wp\/v2\/product_cat?post=16108"},{"taxonomy":"product_tag","embeddable":true,"href":"https:\/\/agoravape.com\/es\/wp-json\/wp\/v2\/product_tag?post=16108"}],"curies":[{"name":"wp","href":"https:\/\/api.w.org\/{rel}","templated":true}]}}