{"id":16423,"date":"2025-10-17T15:10:49","date_gmt":"2025-10-17T07:10:49","guid":{"rendered":"https:\/\/green-grasshopper-921422.hostingersite.com\/?post_type=product&#038;p=16423"},"modified":"2026-01-19T22:02:57","modified_gmt":"2026-01-19T14:02:57","slug":"vozol-gear-power-20k-puffs-vape","status":"publish","type":"product","link":"https:\/\/agoravape.com\/es\/product\/vozol-gear-power-20k-puffs-vape\/","title":{"rendered":"Vozol Gear Power 20k Puffs ECO\/POWER Mode Vape | Big Puffs, Straightforward Use"},"content":{"rendered":"<h2 data-v-md-heading=\"what-is-special-about-the-vozol-gear-power-20000-pack-eco-power-mode-vape\" data-v-md-line=\"3\"><img loading=\"lazy\" decoding=\"async\" class=\"aligncenter size-full wp-image-16460\" src=\"https:\/\/agoravape.com\/wp-content\/uploads\/2025\/10\/Vozol-Gear-Power-20k-Puffs-ECOPOWER-Mode-Vape_Agora_vape-17-scaled.webp\" alt=\"\" width=\"2560\" height=\"1440\" srcset=\"https:\/\/agoravape.com\/wp-content\/uploads\/2025\/10\/Vozol-Gear-Power-20k-Puffs-ECOPOWER-Mode-Vape_Agora_vape-17-scaled.webp 2560w, https:\/\/agoravape.com\/wp-content\/uploads\/2025\/10\/Vozol-Gear-Power-20k-Puffs-ECOPOWER-Mode-Vape_Agora_vape-17-scaled-1200x675.webp 1200w, https:\/\/agoravape.com\/wp-content\/uploads\/2025\/10\/Vozol-Gear-Power-20k-Puffs-ECOPOWER-Mode-Vape_Agora_vape-17-300x169.webp 300w, https:\/\/agoravape.com\/wp-content\/uploads\/2025\/10\/Vozol-Gear-Power-20k-Puffs-ECOPOWER-Mode-Vape_Agora_vape-17-1024x576.webp 1024w, https:\/\/agoravape.com\/wp-content\/uploads\/2025\/10\/Vozol-Gear-Power-20k-Puffs-ECOPOWER-Mode-Vape_Agora_vape-17-768x432.webp 768w, https:\/\/agoravape.com\/wp-content\/uploads\/2025\/10\/Vozol-Gear-Power-20k-Puffs-ECOPOWER-Mode-Vape_Agora_vape-17-1536x864.webp 1536w, https:\/\/agoravape.com\/wp-content\/uploads\/2025\/10\/Vozol-Gear-Power-20k-Puffs-ECOPOWER-Mode-Vape_Agora_vape-17-2048x1152.webp 2048w\" sizes=\"auto, (max-width: 2560px) 100vw, 2560px\" \/><\/h2>\n<h2 data-v-md-heading=\"what-is-special-about-the-vozol-gear-power-20000-pack-eco-power-mode-vape\" data-v-md-line=\"3\">\u00bfQu\u00e9 tiene de especial el pack Vozol Gear Power 20000 en modo ECO\/POWER?<\/h2>\n<p data-v-md-line=\"4\">Si est\u00e1s cansado de sustituir vapes desechables cada pocos d\u00edas, este producto te har\u00e1 la vida m\u00e1s f\u00e1cil. Vozol Gear Power ofrece una capacidad de hasta 20000 puertos y viene con dos modos sencillos entre los que puedes cambiar seg\u00fan tu propio d\u00eda. El modo ECO te permite disfrutar f\u00e1cilmente de una experiencia suave durante todo el d\u00eda. El modo POWER te permite disfrutar de un humo m\u00e1s fuerte en cualquier momento y lugar.<\/p>\n<p data-v-md-line=\"6\">Es adecuado para cualquiera que quiera usarlo durante mucho tiempo y mantener un sabor estable sin complicaciones. Tambi\u00e9n tiene una pantalla completa clara y un protector de boquilla, lo que ser\u00eda una gran opci\u00f3n si lo guardas en tu bolsillo o bolso.<\/p>\n<h2 data-v-md-heading=\"excellent-performance-worry-free\" data-v-md-line=\"8\">Excellent performance, worry free<\/h2>\n<p data-v-md-line=\"9\">El n\u00facleo del Gear Power es una bobina de doble malla, para que cada bocado mantenga un sabor limpio y estable de principio a fin. Flujo de aire suave y humo persistente. Cuando la bater\u00eda est\u00e1 baja, simplemente utilice el cable de datos est\u00e1ndar Tipo-C que ya puede tener para cargarlo. Es muy sencillo.<\/p>\n<h2 data-v-md-heading=\"specification-overview\" data-v-md-line=\"11\">Specification Overview<\/h2>\n<ul data-v-md-line=\"12\">\n<li>Frecuencia de succi\u00f3n: hasta 20000 veces<\/li>\n<li>Contenido de nicotina: 5%<\/li>\n<li>Modo: ECO y POWER<\/li>\n<li>N\u00facleo atomizador: doble malla<\/li>\n<li>Bater\u00eda: bater\u00eda recargable de 650 mAh<\/li>\n<li>Capacidad de e-l\u00edquido: 20 mililitros<\/li>\n<li>Pantalla de visualizaci\u00f3n: Pantalla completa<\/li>\n<li>Soporte para cigarrillos: con tapa protectora<\/li>\n<li>Charging: Type-C USB interface<\/li>\n<li>Status: Ready to use upon unboxing<\/li>\n<\/ul>\n<h2 data-v-md-heading=\"multiple-flavor-options\" data-v-md-line=\"23\">Multiple flavor options<\/h2>\n<ul data-v-md-line=\"24\">\n<li>Watermelon Ice<\/li>\n<li>Grape Ice<\/li>\n<li>Helado de mango<\/li>\n<li>Strawberry kiwi fruit<\/li>\n<li>M\u00e1s sabores para elegir<\/li>\n<\/ul>\n<h2 data-v-md-heading=\"for-you-and-your-business\" data-v-md-line=\"30\">For you and your business<\/h2>\n<p data-v-md-line=\"31\">Puede elegir uno para usted o abastecerse para su tienda. Ofrecemos opciones a granel y al por mayor, lo que le permite disponer de un dispositivo de alto rendimiento probado y altamente reconocido que mantiene sus estanter\u00edas llenas. Trabajamos con socios como UPS, DPD y DHL para ofrecer servicios de entrega DDP, garantizando una entrega r\u00e1pida y evitando accidentes aduaneros.<\/p>\n<p data-v-md-line=\"33\">La normativa var\u00eda en toda Europa, por lo que el suministro y la concentraci\u00f3n de nicotina pueden diferir seg\u00fan el pa\u00eds o la regi\u00f3n. Si necesita orientaci\u00f3n sobre las opciones de cumplimiento, nuestro equipo puede ayudarle.<\/p>\n<h2 data-v-md-heading=\"why-do-you-like-it\" data-v-md-line=\"35\">Why do you like it<\/h2>\n<ul data-v-md-line=\"36\">\n<li>M\u00faltiples ciclos de aspiraci\u00f3n: No es necesario repostar con frecuencia, lo que ahorra tiempo y desplazamientos.<\/li>\n<li>M\u00faltiples opciones de modo: El modo ECO puede prolongar el tiempo de uso, mientras que el modo POWER puede proporcionar una experiencia m\u00e1s potente cuando quieras.<\/li>\n<li>Recargable: Utilizas hasta la \u00faltima gota del e-l\u00edquido comprado.<\/li>\n<li>Bobina de malla: Mantiene el sabor consistente, el \u00faltimo bocado es como el primero.<\/li>\n<li>Pantalla n\u00edtida: claridad de un vistazo.<\/li>\n<li>Colillas protegidas: puede mantener la limpieza incluso durante los viajes.<\/li>\n<\/ul>\n<h2 data-v-md-heading=\"why-choose-to-collaborate-with-agoravape\" data-v-md-line=\"43\">Why choose to collaborate with AgoraVape?<\/h2>\n<p data-v-md-line=\"44\">S\u00f3lo vendemos productos 100% aut\u00e9nticos de marcas en las que conf\u00edan nuestros clientes. Nuestros clientes comerciales pueden disfrutar de precios al por mayor altamente competitivos, soporte receptivo y servicios de entrega r\u00e1pida DDP en toda Europa. Bienvenido a ponerse en contacto con nosotros para conocer el inventario de vapes Vozol Gear Power 20k Puffs modo ECO\/POWER, proporcionando a sus clientes una opci\u00f3n duradera, c\u00f3moda y f\u00e1cil de usar que vale la pena volver a comprar.<\/p>\n<p><script src=\"chrome-extension:\/\/fpelahbljekknahkcaegamhcndkfpfnc\/iFrame.js\" type=\"text\/javascript\"><\/script><\/p>","protected":false},"excerpt":{"rendered":"<p>&nbsp;<\/p>\n<p><script src=\"chrome-extension:\/\/fpelahbljekknahkcaegamhcndkfpfnc\/iFrame.js\" type=\"text\/javascript\"><\/script><\/p>\n<p><script src=\"chrome-extension:\/\/fpelahbljekknahkcaegamhcndkfpfnc\/iFrame.js\" type=\"text\/javascript\"><\/script><\/p>\n<p><script src=\"chrome-extension:\/\/fpelahbljekknahkcaegamhcndkfpfnc\/iFrame.js\" type=\"text\/javascript\"><\/script><\/p>\n<p><script src=\"chrome-extension:\/\/fpelahbljekknahkcaegamhcndkfpfnc\/iFrame.js\" type=\"text\/javascript\"><\/script><\/p>\n<p><script src=\"chrome-extension:\/\/fpelahbljekknahkcaegamhcndkfpfnc\/iFrame.js\" type=\"text\/javascript\"><\/script><\/p>\n<p><script src=\"chrome-extension:\/\/fpelahbljekknahkcaegamhcndkfpfnc\/iFrame.js\" type=\"text\/javascript\"><\/script><\/p>\n<p><script src=\"chrome-extension:\/\/fpelahbljekknahkcaegamhcndkfpfnc\/iFrame.js\" type=\"text\/javascript\"><\/script><\/p>\n<p><script src=\"chrome-extension:\/\/fpelahbljekknahkcaegamhcndkfpfnc\/iFrame.js\" type=\"text\/javascript\"><\/script><\/p>\n<p><script src=\"chrome-extension:\/\/fpelahbljekknahkcaegamhcndkfpfnc\/iFrame.js\" type=\"text\/javascript\"><\/script><\/p>\n<p><script src=\"chrome-extension:\/\/fpelahbljekknahkcaegamhcndkfpfnc\/iFrame.js\" type=\"text\/javascript\"><\/script><\/p>\n<p><script src=\"chrome-extension:\/\/fpelahbljekknahkcaegamhcndkfpfnc\/iFrame.js\" type=\"text\/javascript\"><\/script><\/p>\n<p><script src=\"chrome-extension:\/\/fpelahbljekknahkcaegamhcndkfpfnc\/iFrame.js\" type=\"text\/javascript\"><\/script><\/p>\n<p><script src=\"chrome-extension:\/\/fpelahbljekknahkcaegamhcndkfpfnc\/iFrame.js\" type=\"text\/javascript\"><\/script><\/p>","protected":false},"featured_media":16459,"comment_status":"open","ping_status":"closed","template":"","meta":[],"product_brand":[226],"product_cat":[124,185,189,174,175,193,191,173,186,180,190,192,153],"product_tag":[],"class_list":{"0":"post-16423","1":"product","2":"type-product","3":"status-publish","4":"has-post-thumbnail","6":"product_brand-vozol","7":"product_cat-vape-by-brand","8":"product_cat-10000-puffs-high-capacity","9":"product_cat-20mg-standard-nicotine-vapes","10":"product_cat-fruit-flavors","11":"product_cat-icy-mint","12":"product_cat-mesh-coil","13":"product_cat-rechargeable-disposables","14":"product_cat-vape-by-flavor-profile","15":"product_cat-vape-by-nicotine-strength","16":"product_cat-vape-by-puff-count","17":"product_cat-vape-by-feature-or-type","18":"product_cat-vapes-with-screens","19":"product_cat-vozol","21":"first","22":"onbackorder","23":"shipping-taxable","24":"purchasable","25":"product-type-variable","26":"has-default-attributes"},"tiered_pricing_type":"percentage","tiered_pricing_fixed_rules":[],"tiered_pricing_product_settings":{"layout":"default","base_unit_name":{"singular":null,"plural":null},"default_variation":null},"tiered_pricing_minimum_quantity":10,"tiered_pricing_roles_data":[],"tiered_pricing_percentage_rules":{"30":"29","50":"35","100":"40","200":"44","500":"47","1000":"49"},"tiered_pricing_maximum_quantity":null,"tiered_pricing_quantity_step":"10","_links":{"self":[{"href":"https:\/\/agoravape.com\/es\/wp-json\/wp\/v2\/product\/16423","targetHints":{"allow":["GET"]}}],"collection":[{"href":"https:\/\/agoravape.com\/es\/wp-json\/wp\/v2\/product"}],"about":[{"href":"https:\/\/agoravape.com\/es\/wp-json\/wp\/v2\/types\/product"}],"replies":[{"embeddable":true,"href":"https:\/\/agoravape.com\/es\/wp-json\/wp\/v2\/comments?post=16423"}],"version-history":[{"count":0,"href":"https:\/\/agoravape.com\/es\/wp-json\/wp\/v2\/product\/16423\/revisions"}],"wp:featuredmedia":[{"embeddable":true,"href":"https:\/\/agoravape.com\/es\/wp-json\/wp\/v2\/media\/16459"}],"wp:attachment":[{"href":"https:\/\/agoravape.com\/es\/wp-json\/wp\/v2\/media?parent=16423"}],"wp:term":[{"taxonomy":"product_brand","embeddable":true,"href":"https:\/\/agoravape.com\/es\/wp-json\/wp\/v2\/product_brand?post=16423"},{"taxonomy":"product_cat","embeddable":true,"href":"https:\/\/agoravape.com\/es\/wp-json\/wp\/v2\/product_cat?post=16423"},{"taxonomy":"product_tag","embeddable":true,"href":"https:\/\/agoravape.com\/es\/wp-json\/wp\/v2\/product_tag?post=16423"}],"curies":[{"name":"wp","href":"https:\/\/api.w.org\/{rel}","templated":true}]}}