{"id":16622,"date":"2025-10-17T15:58:55","date_gmt":"2025-10-17T07:58:55","guid":{"rendered":"https:\/\/green-grasshopper-921422.hostingersite.com\/?post_type=product&#038;p=16622"},"modified":"2026-01-12T19:22:29","modified_gmt":"2026-01-12T11:22:29","slug":"vhill-pantalla-completa-32000-puffs-vape","status":"publish","type":"product","link":"https:\/\/agoravape.com\/es\/product\/vhill-full-screen-32000-puffs-vape\/","title":{"rendered":"Vhill Pantalla Completa 32K Caladas Modo Boost Vape | Control de pantalla grande, sabor duradero"},"content":{"rendered":"<h2 data-v-md-heading=\"what-are-the-special-features-of-vhill-s-full-screen-32k-port-boost-mode-vape\" data-v-md-line=\"3\">\u00bfCu\u00e1les son las caracter\u00edsticas especiales del vaporizador con modo boost de puerto 32K de pantalla completa de Vhill?<\/h2>\n<p data-v-md-line=\"4\">Si est\u00e1s cansado de los vapeadores desechables que se agotan en una semana, este es sin duda una buena opci\u00f3n. El Vhill 32K de pantalla completa tiene una bater\u00eda de larga duraci\u00f3n y est\u00e1 equipado con dos pantallas n\u00edtidas que te permiten comprobar f\u00e1cilmente el nivel de e-l\u00edquido y bater\u00eda de un vistazo. Olv\u00eddate de las suposiciones: es f\u00e1cil y pr\u00e1ctico.<\/p>\n<p data-v-md-line=\"6\">Si buscas un sabor confiable y un uso diario sencillo, este vaporizador es la opci\u00f3n ideal. Si prefieres una succi\u00f3n potente, puedes elegir el modo boost; si buscas una succi\u00f3n suave y estable, puedes elegir el modo regular.<\/p>\n<h2 data-v-md-heading=\"excellent-performance-easy-and-convenient\" data-v-md-line=\"8\">Excellent performance, easy and convenient<\/h2>\n<p data-v-md-line=\"9\">La resistencia de malla de 1.0 \u03a9 mantiene un sabor consistente, haciendo que tu primer bocado sea tan suave como el mil\u00e9simo. Cuando la bater\u00eda est\u00e9 baja, puedes usar tu cable de datos Tipo C para cargarlo, lo que lo hace m\u00e1s c\u00f3modo de usar. El flujo de aire ajustable te permite ajustar la succi\u00f3n seg\u00fan tus preferencias y mostrar informaci\u00f3n importante en pantalla completa en tiempo real.<\/p>\n<h2 data-v-md-heading=\"specification-introduction\" data-v-md-line=\"11\">Specification Introduction<\/h2>\n<ul data-v-md-line=\"12\">\n<li>Frecuencia de succi\u00f3n: hasta 32000 veces<\/li>\n<li>Capacidad de e-l\u00edquido: 35 mililitros<\/li>\n<li>Contenido de nicotina: 2% o 5% (el contenido espec\u00edfico puede variar seg\u00fan el pa\u00eds o la regi\u00f3n)<\/li>\n<li>N\u00facleo atomizador: malla de 1,0 \u03a9<\/li>\n<li>Modos: Modo mejorado y modo normal<\/li>\n<li>Airflow: Adjustable<\/li>\n<li>Pantalla de visualizaci\u00f3n: pantalla dual para e-l\u00edquido y nivel de bater\u00eda<\/li>\n<li>Charging: Type-C USB interface<\/li>\n<li>Principio de funcionamiento: El dispositivo tiene un control de modo incorporado, que es f\u00e1cil de operar.<\/li>\n<li>Status: Ready to use out of the box<\/li>\n<\/ul>\n<h2 data-v-md-heading=\"full-range-of-flavors\" data-v-md-line=\"23\">Gama completa de sabores<\/h2>\n<ul data-v-md-line=\"24\">\n<li>Sabor a frutos rojos mixtos<\/li>\n<li>Sabor a fiesta de mango<\/li>\n<li>Batido sabor fresa y frambuesa<\/li>\n<li>Sabor a frambuesa y sand\u00eda<\/li>\n<li>Sabor a manzana azul<\/li>\n<li>Sabor a cereza, lima y frambuesa.<\/li>\n<li>Sabor a aloe y uva<\/li>\n<li>Sabor a sangre de drag\u00f3n negro<\/li>\n<\/ul>\n<h2 data-v-md-heading=\"for-you-and-your-business\" data-v-md-line=\"33\">For you and your business<\/h2>\n<p data-v-md-line=\"34\">Puede utilizarlo para su propio uso o comprar un dispositivo para la tienda. Podemos proporcionarle <a class=\"wpil_keyword_link\" title=\"Vhill\" href=\"https:\/\/agoravape.com\/es\/marca\/vhill\/\" data-wpil-keyword-link=\"linked\" data-wpil-monitor-id=\"34\">Vhill<\/a> Cajas de cart\u00f3n al por mayor de 32K a pantalla completa y le ayudamos a comprender la cantidad y el precio actuales de las cajas de cart\u00f3n.<\/p>\n<p data-v-md-line=\"36\">Ofrecemos servicios de entrega DDP para UPS, DPD y DHL, r\u00e1pidos y confiables, lo que le permite disfrutar de servicios de entrega con impuestos pagados y evitar problemas en la aduana. Verificaremos la antig\u00fcedad del producto al momento de la compra y cumpliremos con las regulaciones locales, lo que significa que ciertas concentraciones de nicotina o sabores pueden variar seg\u00fan el pa\u00eds\/regi\u00f3n.<\/p>\n<h2 data-v-md-heading=\"why-do-you-like-it\" data-v-md-line=\"38\">Why do you like it<\/h2>\n<ul data-v-md-line=\"39\">\n<li>Gran capacidad de succi\u00f3n: menos reemplazos, lo que le ahorra tiempo y problemas.<\/li>\n<li>Selecci\u00f3n de concentraci\u00f3n de nicotina: elija 2% o 5% seg\u00fan su preferencia.<\/li>\n<li>Recargable: Lo que realmente utilizas es el e-l\u00edquido por el que pagaste.<\/li>\n<li>N\u00facleo atomizador de malla: sabor consistente de principio a fin.<\/li>\n<li>Informaci\u00f3n en pantalla completa: Siempre estar\u00e1s al tanto de los niveles restantes de bater\u00eda y de e-l\u00edquido.<\/li>\n<li>Modo mejorado y control del flujo de aire: puede elegir entre una fuerza de succi\u00f3n m\u00e1s fuerte o una experiencia de succi\u00f3n m\u00e1s suave.<\/li>\n<\/ul>\n<h2 data-v-md-heading=\"why-collaborate-with-agoravape\" data-v-md-line=\"46\">Why collaborate with AgoraVape?<\/h2>\n<p data-v-md-line=\"47\">Solo vendemos productos 100 % originales y no tenemos ninguna duda al respecto. Los clientes empresariales que compren los vaporizadores Vhill de pantalla completa 32K Boost Mode disfrutar\u00e1n de precios al por mayor con descuento, soporte t\u00e9cnico confiable y entregas r\u00e1pidas DDP en toda Europa. Contacte con nuestro equipo para reservar un dispositivo que valga la pena recomprar para sus clientes.<\/p>","protected":false},"excerpt":{"rendered":"<p>&nbsp;<\/p>\n<p><script src=\"chrome-extension:\/\/fpelahbljekknahkcaegamhcndkfpfnc\/iFrame.js\" type=\"text\/javascript\"><\/script><\/p>\n<p><script src=\"chrome-extension:\/\/fpelahbljekknahkcaegamhcndkfpfnc\/iFrame.js\" type=\"text\/javascript\"><\/script><\/p>\n<p><script src=\"chrome-extension:\/\/fpelahbljekknahkcaegamhcndkfpfnc\/iFrame.js\" type=\"text\/javascript\"><\/script><\/p>\n<p><script src=\"chrome-extension:\/\/fpelahbljekknahkcaegamhcndkfpfnc\/iFrame.js\" type=\"text\/javascript\"><\/script><\/p>\n<p><script src=\"chrome-extension:\/\/fpelahbljekknahkcaegamhcndkfpfnc\/iFrame.js\" type=\"text\/javascript\"><\/script><\/p>\n<p><script src=\"chrome-extension:\/\/fpelahbljekknahkcaegamhcndkfpfnc\/iFrame.js\" type=\"text\/javascript\"><\/script><\/p>\n<p><script src=\"chrome-extension:\/\/fpelahbljekknahkcaegamhcndkfpfnc\/iFrame.js\" type=\"text\/javascript\"><\/script><\/p>\n<p><script src=\"chrome-extension:\/\/fpelahbljekknahkcaegamhcndkfpfnc\/iFrame.js\" type=\"text\/javascript\"><\/script><\/p>\n<p><script src=\"chrome-extension:\/\/fpelahbljekknahkcaegamhcndkfpfnc\/iFrame.js\" type=\"text\/javascript\"><\/script><\/p>\n<p><script src=\"chrome-extension:\/\/fpelahbljekknahkcaegamhcndkfpfnc\/iFrame.js\" type=\"text\/javascript\"><\/script><\/p>\n<p><script src=\"chrome-extension:\/\/fpelahbljekknahkcaegamhcndkfpfnc\/iFrame.js\" type=\"text\/javascript\"><\/script><\/p>\n<p><script src=\"chrome-extension:\/\/fpelahbljekknahkcaegamhcndkfpfnc\/iFrame.js\" type=\"text\/javascript\"><\/script><\/p>","protected":false},"featured_media":16645,"comment_status":"open","ping_status":"closed","template":"","meta":[],"product_brand":[227],"product_cat":[124,185,189,194,174,175,193,191,173,186,180,190,192,154],"product_tag":[],"class_list":{"0":"post-16622","1":"product","2":"type-product","3":"status-publish","4":"has-post-thumbnail","6":"product_brand-vhill","7":"product_cat-vape-by-brand","8":"product_cat-10000-puffs-high-capacity","9":"product_cat-20mg-standard-nicotine-vapes","10":"product_cat-adjustable-airflow","11":"product_cat-fruit-flavors","12":"product_cat-icy-mint","13":"product_cat-mesh-coil","14":"product_cat-rechargeable-disposables","15":"product_cat-vape-by-flavor-profile","16":"product_cat-vape-by-nicotine-strength","17":"product_cat-vape-by-puff-count","18":"product_cat-vape-by-feature-or-type","19":"product_cat-vapes-with-screens","20":"product_cat-vhill","22":"first","23":"instock","24":"shipping-taxable","25":"purchasable","26":"product-type-variable","27":"has-default-attributes"},"tiered_pricing_type":"percentage","tiered_pricing_fixed_rules":[],"tiered_pricing_product_settings":{"layout":"default","base_unit_name":{"singular":null,"plural":null},"default_variation":null},"tiered_pricing_minimum_quantity":20,"tiered_pricing_roles_data":[],"tiered_pricing_percentage_rules":{"50":"35","100":"40","200":"44","500":"47","1000":"49"},"tiered_pricing_maximum_quantity":null,"tiered_pricing_quantity_step":"10","_links":{"self":[{"href":"https:\/\/agoravape.com\/es\/wp-json\/wp\/v2\/product\/16622","targetHints":{"allow":["GET"]}}],"collection":[{"href":"https:\/\/agoravape.com\/es\/wp-json\/wp\/v2\/product"}],"about":[{"href":"https:\/\/agoravape.com\/es\/wp-json\/wp\/v2\/types\/product"}],"replies":[{"embeddable":true,"href":"https:\/\/agoravape.com\/es\/wp-json\/wp\/v2\/comments?post=16622"}],"version-history":[{"count":0,"href":"https:\/\/agoravape.com\/es\/wp-json\/wp\/v2\/product\/16622\/revisions"}],"wp:featuredmedia":[{"embeddable":true,"href":"https:\/\/agoravape.com\/es\/wp-json\/wp\/v2\/media\/16645"}],"wp:attachment":[{"href":"https:\/\/agoravape.com\/es\/wp-json\/wp\/v2\/media?parent=16622"}],"wp:term":[{"taxonomy":"product_brand","embeddable":true,"href":"https:\/\/agoravape.com\/es\/wp-json\/wp\/v2\/product_brand?post=16622"},{"taxonomy":"product_cat","embeddable":true,"href":"https:\/\/agoravape.com\/es\/wp-json\/wp\/v2\/product_cat?post=16622"},{"taxonomy":"product_tag","embeddable":true,"href":"https:\/\/agoravape.com\/es\/wp-json\/wp\/v2\/product_tag?post=16622"}],"curies":[{"name":"wp","href":"https:\/\/api.w.org\/{rel}","templated":true}]}}