{"id":16701,"date":"2025-10-17T17:04:25","date_gmt":"2025-10-17T09:04:25","guid":{"rendered":"https:\/\/green-grasshopper-921422.hostingersite.com\/?post_type=product&#038;p=16701"},"modified":"2026-01-19T22:02:23","modified_gmt":"2026-01-19T14:02:23","slug":"crazyace-b15000-puffs-dual-tank-vape","status":"publish","type":"product","link":"https:\/\/agoravape.com\/es\/product\/crazyace-b15000-puffs-dual-tank-vape\/","title":{"rendered":"Vape desechable CRAZYACE B15000 Puffs de doble tanque | Sabor duradero con f\u00e1cil carga tipo C"},"content":{"rendered":"<h2 data-v-md-heading=\"what-are-the-special-features-of-crazyace-b15000-disposable-vapes-with-dual-oil-storage-compartments\" data-v-md-line=\"3\">What are the special features of CRAZYACE B15000 disposable vapes with dual oil storage compartments?<\/h2>\n<p data-v-md-line=\"4\">If you\u2019re tired of those vapes that run out of battery halfway through a week, you might want to take a look at this product. The CRAZYACE B15000 is equipped with a rechargeable battery that can store up to 15000 e-liquids, allowing you to easily enjoy the e-liquids you purchase. If you want a high-capacity, delicious and effortless vape, this product is the ideal choice.<\/p>\n<p data-v-md-line=\"6\">You may think that having such a large capacity vape would be bulky, but you will be surprised. It has a solid feel but is also easy to carry, with a dual oil storage compartment design that keeps the taste fresh at all times.<\/p>\n<h2 data-v-md-heading=\"excellent-performance-worry-free\" data-v-md-line=\"8\">Excellent performance, worry free<\/h2>\n<p data-v-md-line=\"9\">Built in 1.0 \u03a9 dual mesh coils make every bite as delicious as a first taste. Smooth airflow, clean suction, no need to manipulate any buttons. When the battery is low, simply insert a Type-C data cable, which may be the same as the data cable on your phone. It\u2019s simple.<\/p>\n<h2 data-v-md-heading=\"specification-overview\" data-v-md-line=\"11\">Specification Overview<\/h2>\n<ul data-v-md-line=\"12\">\n<li>Suction frequency: up to 15000 times<\/li>\n<li>Nicotine content: Supply varies by market. Contact us to learn about current specifications and options that comply with EU TPD standards<\/li>\n<li>Working principle: Activated by inhalation<\/li>\n<li>Charging: Type-C USB interface<\/li>\n<li>Battery: 900 mAh rechargeable battery<\/li>\n<li>E-liquid capacity: Dual storage compartments 10 ml+10 ml<\/li>\n<li>Atomizing core: Double mesh 1.0 \u03a9<\/li>\n<li>Size: 48 \u00d7 24.5 \u00d7 104 mm<\/li>\n<li>Material: PC<\/li>\n<li>Weight: 83 grams<\/li>\n<li>Status: Ready to use upon unboxing<\/li>\n<\/ul>\n<h2 data-v-md-heading=\"full-range-of-flavors\" data-v-md-line=\"24\">Gama completa de sabores<\/h2>\n<ul data-v-md-line=\"25\">\n<li>Hielo de pl\u00e1tano<\/li>\n<li>Menta fresca<\/li>\n<li>Chicle de sand\u00eda<\/li>\n<li>Thick Ice<\/li>\n<li>Mixed berries<\/li>\n<li>Cherry Lemon Water<\/li>\n<li>Helado de ar\u00e1ndanos y frambuesa<\/li>\n<li>Hawaiian mint<\/li>\n<li>Sand\u00eda fresa<\/li>\n<li>Strawberry Lemon Water<\/li>\n<li>Strawberry kiwi fruit<\/li>\n<li>Rainbow burst<\/li>\n<li>Sand\u00eda frambuesa<\/li>\n<\/ul>\n<h2 data-v-md-heading=\"for-you-for-your-business\" data-v-md-line=\"39\">For you, for your business<\/h2>\n<p data-v-md-line=\"40\">Puede comprar <a class=\"wpil_keyword_link\" title=\"LOCO\" href=\"https:\/\/agoravape.com\/es\/marca\/crazyace\/\" data-wpil-keyword-link=\"linked\" data-wpil-monitor-id=\"32\">LOCO<\/a> Vaporizadores desechables B15000 con doble cartucho para uso personal o para abastecer su tienda. La venta al por mayor se realiza en cajas medianas de 10 unidades y cajas grandes de 200 unidades para simplificar la gesti\u00f3n del inventario.<\/p>\n<p data-v-md-line=\"42\">We offer a tax-free DDP option throughout Europe through partners such as UPS, DPD, and DHL, allowing you to obtain clear prices and avoid customs surprises. If you need to mix flavors or customize combinations, please consult our team.<\/p>\n<p data-v-md-line=\"44\">Compliance brief explanation: The two storage tanks of B15000 have a total volume of 20 milliliters. The EU TPD2 regulation stipulates that the maximum capacity of disposable oil storage tanks is 2 milliliters, and the maximum nicotine content is 20 milligrams per milliliter. Please check local regulations before retail. Our team can provide recommendations for compliant alternative solutions tailored to specific markets.<\/p>\n<h2 data-v-md-heading=\"why-do-you-like-it\" data-v-md-line=\"46\">Why do you like it<\/h2>\n<ul data-v-md-line=\"47\">\n<li>Gran capacidad: duradero y de larga duraci\u00f3n, sin necesidad de compras frecuentes.<\/li>\n<li>Nicotine selection: The supply situation varies in different regions, so you can choose the most suitable nicotine<\/li>\n<li>Rechargeable: You can use up all the e-liquid without discarding the device in advance<\/li>\n<li>Mesh atomizer core: Consistent taste and satisfying suction experience<\/li>\n<\/ul>\n<h2 data-v-md-heading=\"why-choose-to-collaborate-with-agoravape\" data-v-md-line=\"52\">Why choose to collaborate with AgoraVape?<\/h2>\n<p data-v-md-line=\"53\">Compramos productos originales 100% y ofrecemos garant\u00edas por ello. Al comprar <a class=\"wpil_keyword_link\" title=\"LOCO\" href=\"https:\/\/agoravape.com\/es\/vapear-por-marca\/crazyace\/\" data-wpil-keyword-link=\"linked\" data-wpil-monitor-id=\"55\">LOCO<\/a> Con los vaporizadores desechables B15000 Puffs, obtendr\u00e1 precios al por mayor muy competitivos, asistencia fiable y servicios de entrega r\u00e1pidos y seguros. Si necesita ayuda, por ejemplo, para a\u00f1adir etiquetas que cumplan con la normativa de la UE a su tienda o para realizar verificaciones de edad, podemos satisfacer sus necesidades. P\u00f3ngase en contacto con nosotros para adquirir un dispositivo de alta capacidad que merecer\u00e1 la pena volver a comprar para sus clientes.<\/p>","protected":false},"excerpt":{"rendered":"<p>\u00bfCu\u00e1les son las caracter\u00edsticas especiales de los vaporizadores desechables CRAZYACE B15000 con doble compartimento de almacenamiento de aceite? Si est\u00e1s cansado de esos<\/p>","protected":false},"featured_media":16723,"comment_status":"open","ping_status":"closed","template":"","meta":[],"product_brand":[229],"product_cat":[124,185,1635,189,156,174,175,193,191,173,186,180,190],"product_tag":[],"class_list":{"0":"post-16701","1":"product","2":"type-product","3":"status-publish","4":"has-post-thumbnail","6":"product_brand-crazyace","7":"product_cat-vape-by-brand","8":"product_cat-10000-puffs-high-capacity","9":"product_cat-15000-puffs","10":"product_cat-20mg-standard-nicotine-vapes","11":"product_cat-crazyace","12":"product_cat-fruit-flavors","13":"product_cat-icy-mint","14":"product_cat-mesh-coil","15":"product_cat-rechargeable-disposables","16":"product_cat-vape-by-flavor-profile","17":"product_cat-vape-by-nicotine-strength","18":"product_cat-vape-by-puff-count","19":"product_cat-vape-by-feature-or-type","21":"first","22":"onbackorder","23":"shipping-taxable","24":"purchasable","25":"product-type-variable","26":"has-default-attributes"},"tiered_pricing_type":"percentage","tiered_pricing_fixed_rules":[],"tiered_pricing_product_settings":{"layout":"default","base_unit_name":{"singular":null,"plural":null},"default_variation":null},"tiered_pricing_minimum_quantity":10,"tiered_pricing_roles_data":[],"tiered_pricing_percentage_rules":{"30":"29","50":"35","100":"40","200":"44","500":"47","1000":"49"},"tiered_pricing_maximum_quantity":null,"tiered_pricing_quantity_step":"10","_links":{"self":[{"href":"https:\/\/agoravape.com\/es\/wp-json\/wp\/v2\/product\/16701","targetHints":{"allow":["GET"]}}],"collection":[{"href":"https:\/\/agoravape.com\/es\/wp-json\/wp\/v2\/product"}],"about":[{"href":"https:\/\/agoravape.com\/es\/wp-json\/wp\/v2\/types\/product"}],"replies":[{"embeddable":true,"href":"https:\/\/agoravape.com\/es\/wp-json\/wp\/v2\/comments?post=16701"}],"version-history":[{"count":0,"href":"https:\/\/agoravape.com\/es\/wp-json\/wp\/v2\/product\/16701\/revisions"}],"wp:featuredmedia":[{"embeddable":true,"href":"https:\/\/agoravape.com\/es\/wp-json\/wp\/v2\/media\/16723"}],"wp:attachment":[{"href":"https:\/\/agoravape.com\/es\/wp-json\/wp\/v2\/media?parent=16701"}],"wp:term":[{"taxonomy":"product_brand","embeddable":true,"href":"https:\/\/agoravape.com\/es\/wp-json\/wp\/v2\/product_brand?post=16701"},{"taxonomy":"product_cat","embeddable":true,"href":"https:\/\/agoravape.com\/es\/wp-json\/wp\/v2\/product_cat?post=16701"},{"taxonomy":"product_tag","embeddable":true,"href":"https:\/\/agoravape.com\/es\/wp-json\/wp\/v2\/product_tag?post=16701"}],"curies":[{"name":"wp","href":"https:\/\/api.w.org\/{rel}","templated":true}]}}