{"id":16740,"date":"2025-10-17T17:26:17","date_gmt":"2025-10-17T09:26:17","guid":{"rendered":"https:\/\/green-grasshopper-921422.hostingersite.com\/?post_type=product&#038;p=16740"},"modified":"2026-01-19T22:02:16","modified_gmt":"2026-01-19T14:02:16","slug":"bug-monkey-12000-caladas-vape","status":"publish","type":"product","link":"https:\/\/agoravape.com\/es\/product\/bug-monkey-12000-puffs-vape\/","title":{"rendered":"Vape desechable BUG Monkey 12K Puffs con resistencia de malla | Sabor duradero, f\u00e1cil recarga"},"content":{"rendered":"<h2 data-v-md-heading=\"what-is-special-about-the-bug-monkey-12k-mesh-coil-disposable-vape\" data-v-md-line=\"3\">\u00bfQu\u00e9 tiene de especial el vaporizador desechable con bobina de malla BUG Monkey 12K?<\/h2>\n<p data-v-md-line=\"4\">Si est\u00e1s cansado de esos vapeadores que se desechan entre semana, sin duda querr\u00e1s echarle un vistazo a este producto. El BUG Monkey 12K es un vape desechable de alta capacidad, equipado con una resistencia de malla suave y una sencilla interfaz de carga tipo C, que ofrece hasta 12\u00a0000 caladas. Tiene una capacidad de 18 mililitros de e-l\u00edquido con un contenido de nicotina del 2 %, lo que te proporciona una experiencia de fumar estable y satisfactoria.<\/p>\n<p data-v-md-line=\"6\">Quiz\u00e1s pienses que un vaporizador con tanta capacidad es voluminoso, pero su tama\u00f1o compacto te sorprender\u00e1. Su forma es muy c\u00f3moda de sostener y cabe f\u00e1cilmente en un bolsillo.<\/p>\n<h2 data-v-md-heading=\"excellent-performance-without-any-complexity\" data-v-md-line=\"8\">Excellent performance without any complexity<\/h2>\n<p data-v-md-line=\"9\">La bobina de malla asume la mayor responsabilidad. Se calienta uniformemente y cada bocado es tan delicioso como el primero. La funci\u00f3n de activaci\u00f3n por succi\u00f3n simplifica todo. No es necesario manipular ning\u00fan bot\u00f3n. Cuando la bater\u00eda est\u00e9 baja, simplemente usa un cable de datos tipo C (quiz\u00e1s ya uses el cable de datos de tu tel\u00e9fono) para cargarlo. Es muy sencillo.<\/p>\n<h2 data-v-md-heading=\"specification-introduction\" data-v-md-line=\"11\">Specification Introduction<\/h2>\n<ul data-v-md-line=\"12\">\n<li>Frecuencia de succi\u00f3n: hasta 12000 veces<\/li>\n<li>Contenido de nicotina: 2% (20 mg\/mL)<\/li>\n<li>Capacidad de e-l\u00edquido: 18 mililitros<\/li>\n<li>N\u00facleo atomizador: bobina de malla de 1,1 \u03a9<\/li>\n<li>Battery: 800 mAh rechargeable battery<\/li>\n<li>Working principle: Activate with just one puff<\/li>\n<li>Charging: Standard Type-C USB interface<\/li>\n<li>Tama\u00f1o: 91 \u00d7 27 \u00d7 47 mil\u00edmetros<\/li>\n<li>Peso: 82 gramos<\/li>\n<li>Status: Ready to use upon unboxing<\/li>\n<\/ul>\n<h2 data-v-md-heading=\"multiple-flavor-options\" data-v-md-line=\"23\">Multiple flavor options<\/h2>\n<ul data-v-md-line=\"24\">\n<li>Watermelon Ice<\/li>\n<li>Jugo de fresa<\/li>\n<li>Mermelada de uva<\/li>\n<li>Peach Ice<\/li>\n<li>Hielo de mora<\/li>\n<li>Pi\u00f1a agria<\/li>\n<li>Lemon and lime<\/li>\n<li>Pista de hielo azul<\/li>\n<li>Maracuy\u00e1 Naranja Granada<\/li>\n<li>bebidas energ\u00e9ticas<\/li>\n<li>Pista de hielo azul<\/li>\n<li>Blueberries and raspberries<\/li>\n<\/ul>\n<h2 data-v-md-heading=\"to-create-for-you-and-your-business\" data-v-md-line=\"37\">Para crear para usted y su negocio<\/h2>\n<p data-v-md-line=\"38\">Puede comprar una unidad o al por mayor en cajas para a\u00f1adir a sus estanter\u00edas. Suministramos 10 unidades por caja y 200 unidades por caja principal, para que pueda ampliar su pedido f\u00e1cilmente. Ofrecemos servicios de entrega DDP dentro de la Uni\u00f3n Europea a trav\u00e9s de socios de confianza como UPS, DPD y DHL, por lo que los aranceles se pagan antes de la llegada y se evitar\u00e1n imprevistos en la aduana.<\/p>\n<p data-v-md-line=\"40\">Solo compramos dispositivos BUG Monkey originales y ofrecemos env\u00edos r\u00e1pidos y seguimiento completo. Aviso para minoristas: Este dispositivo contiene 18 mililitros de e-l\u00edquido con un 2% de nicotina, por lo que le recomendamos consultar la normativa local de TPD y venderlo solo en lugares autorizados.<\/p>\n<h2 data-v-md-heading=\"why-do-you-like-it\" data-v-md-line=\"42\">Why do you like it<\/h2>\n<ul data-v-md-line=\"43\">\n<li>Succi\u00f3n masiva: hasta 12000 bocanadas, lo que significa menos reemplazos por dispositivo y mayor valor.<\/li>\n<li>2% de nicotina: una concentraci\u00f3n familiar para los fumadores electr\u00f3nicos adultos en Europa.<\/li>\n<li>Recargable: La carga tipo C puede ayudarte a utilizar 18 mililitros de e-l\u00edquido hasta la \u00faltima gota.<\/li>\n<li>Bobina de malla: calentada de manera uniforme, desde el primer bocado hasta el \u00faltimo, con un sabor consistente.<\/li>\n<li>Portabilidad de bolsillo: tama\u00f1o compacto, conveniente para llevar a diario.<\/li>\n<\/ul>\n<h2 data-v-md-heading=\"why-collaborate-with-agoravape\" data-v-md-line=\"49\">Why collaborate with AgoraVape?<\/h2>\n<p data-v-md-line=\"50\">Somos uno de los distribuidores de vapeo m\u00e1s confiables de Europa y solo vendemos productos 100 % originales. Al comprar vapeadores desechables BUG Monkey 12K con resistencias de malla, disfrutar\u00e1 de precios al por mayor con descuento, soporte t\u00e9cnico r\u00e1pido y entrega r\u00e1pida DDP. Cont\u00e1ctenos para abastecer a sus clientes y que vuelvan encantados.<\/p>","protected":false},"excerpt":{"rendered":"<p>&nbsp;<\/p>\n<p><script src=\"chrome-extension:\/\/fpelahbljekknahkcaegamhcndkfpfnc\/iFrame.js\" type=\"text\/javascript\"><\/script><\/p>\n<p><script src=\"chrome-extension:\/\/fpelahbljekknahkcaegamhcndkfpfnc\/iFrame.js\" type=\"text\/javascript\"><\/script><\/p>\n<p><script src=\"chrome-extension:\/\/fpelahbljekknahkcaegamhcndkfpfnc\/iFrame.js\" type=\"text\/javascript\"><\/script><\/p>\n<p><script src=\"chrome-extension:\/\/fpelahbljekknahkcaegamhcndkfpfnc\/iFrame.js\" type=\"text\/javascript\"><\/script><\/p>\n<p><script src=\"chrome-extension:\/\/fpelahbljekknahkcaegamhcndkfpfnc\/iFrame.js\" type=\"text\/javascript\"><\/script><\/p>\n<p><script src=\"chrome-extension:\/\/fpelahbljekknahkcaegamhcndkfpfnc\/iFrame.js\" type=\"text\/javascript\"><\/script><\/p>\n<p><script src=\"chrome-extension:\/\/fpelahbljekknahkcaegamhcndkfpfnc\/iFrame.js\" type=\"text\/javascript\"><\/script><\/p>\n<p><script src=\"chrome-extension:\/\/fpelahbljekknahkcaegamhcndkfpfnc\/iFrame.js\" type=\"text\/javascript\"><\/script><\/p>\n<p><script src=\"chrome-extension:\/\/fpelahbljekknahkcaegamhcndkfpfnc\/iFrame.js\" type=\"text\/javascript\"><\/script><\/p>\n<p><script src=\"chrome-extension:\/\/fpelahbljekknahkcaegamhcndkfpfnc\/iFrame.js\" type=\"text\/javascript\"><\/script><\/p>\n<p><script src=\"chrome-extension:\/\/fpelahbljekknahkcaegamhcndkfpfnc\/iFrame.js\" type=\"text\/javascript\"><\/script><\/p>\n<p><script src=\"chrome-extension:\/\/fpelahbljekknahkcaegamhcndkfpfnc\/iFrame.js\" type=\"text\/javascript\"><\/script><\/p>","protected":false},"featured_media":16765,"comment_status":"open","ping_status":"closed","template":"","meta":[],"product_brand":[230],"product_cat":[124,185,189,157,174,175,193,191,173,186,180,190],"product_tag":[],"class_list":{"0":"post-16740","1":"product","2":"type-product","3":"status-publish","4":"has-post-thumbnail","6":"product_brand-bug","7":"product_cat-vape-by-brand","8":"product_cat-10000-puffs-high-capacity","9":"product_cat-20mg-standard-nicotine-vapes","10":"product_cat-bug","11":"product_cat-fruit-flavors","12":"product_cat-icy-mint","13":"product_cat-mesh-coil","14":"product_cat-rechargeable-disposables","15":"product_cat-vape-by-flavor-profile","16":"product_cat-vape-by-nicotine-strength","17":"product_cat-vape-by-puff-count","18":"product_cat-vape-by-feature-or-type","20":"first","21":"onbackorder","22":"shipping-taxable","23":"purchasable","24":"product-type-variable","25":"has-default-attributes"},"tiered_pricing_type":"percentage","tiered_pricing_fixed_rules":[],"tiered_pricing_product_settings":{"layout":"default","base_unit_name":{"singular":null,"plural":null},"default_variation":null},"tiered_pricing_minimum_quantity":10,"tiered_pricing_roles_data":[],"tiered_pricing_percentage_rules":{"30":"29","50":"35","100":"40","200":"44","500":"47","1000":"49"},"tiered_pricing_maximum_quantity":null,"tiered_pricing_quantity_step":"10","_links":{"self":[{"href":"https:\/\/agoravape.com\/es\/wp-json\/wp\/v2\/product\/16740","targetHints":{"allow":["GET"]}}],"collection":[{"href":"https:\/\/agoravape.com\/es\/wp-json\/wp\/v2\/product"}],"about":[{"href":"https:\/\/agoravape.com\/es\/wp-json\/wp\/v2\/types\/product"}],"replies":[{"embeddable":true,"href":"https:\/\/agoravape.com\/es\/wp-json\/wp\/v2\/comments?post=16740"}],"version-history":[{"count":0,"href":"https:\/\/agoravape.com\/es\/wp-json\/wp\/v2\/product\/16740\/revisions"}],"wp:featuredmedia":[{"embeddable":true,"href":"https:\/\/agoravape.com\/es\/wp-json\/wp\/v2\/media\/16765"}],"wp:attachment":[{"href":"https:\/\/agoravape.com\/es\/wp-json\/wp\/v2\/media?parent=16740"}],"wp:term":[{"taxonomy":"product_brand","embeddable":true,"href":"https:\/\/agoravape.com\/es\/wp-json\/wp\/v2\/product_brand?post=16740"},{"taxonomy":"product_cat","embeddable":true,"href":"https:\/\/agoravape.com\/es\/wp-json\/wp\/v2\/product_cat?post=16740"},{"taxonomy":"product_tag","embeddable":true,"href":"https:\/\/agoravape.com\/es\/wp-json\/wp\/v2\/product_tag?post=16740"}],"curies":[{"name":"wp","href":"https:\/\/api.w.org\/{rel}","templated":true}]}}