{"id":16783,"date":"2025-10-17T17:48:41","date_gmt":"2025-10-17T09:48:41","guid":{"rendered":"https:\/\/green-grasshopper-921422.hostingersite.com\/?post_type=product&#038;p=16783"},"modified":"2026-02-22T15:15:14","modified_gmt":"2026-02-22T14:15:14","slug":"bug-15000-puffs-led-display-vape","status":"publish","type":"product","link":"https:\/\/agoravape.com\/es\/product\/bug-15000-puffs-led-display-vape\/","title":{"rendered":"Vapeador recargable BUG con pantalla LED de 15\u00a0000 bocanadas | Gran capacidad y pantalla n\u00edtida"},"content":{"rendered":"<h2 data-v-md-heading=\"what-are-the-special-features-of-the-15k-suction-led-display-rechargeable-vape\" data-v-md-line=\"3\">\u00bfCu\u00e1les son las caracter\u00edsticas especiales del vaporizador recargable con pantalla LED de succi\u00f3n de 15K?<\/h2>\n<p data-v-md-line=\"4\">Si est\u00e1s cansado de cambiar tus vapeadores desechables cada pocos d\u00edas, este producto te facilitar\u00e1 la vida. El BUG 15K tiene una bater\u00eda de larga duraci\u00f3n, con hasta 15\u00a0000 caladas, y est\u00e1 equipado con una pr\u00e1ctica pantalla LED que te permite ver todo f\u00e1cilmente de un vistazo.<\/p>\n<p data-v-md-line=\"6\">Es ideal para quienes buscan un sabor duradero y sin esfuerzo. Al cargarlo con el Tipo C y comenzar a succionar, gracias a la resistencia de malla, obtendr\u00e1s un rendimiento constante. As\u00ed de simple.<\/p>\n<h2 data-v-md-heading=\"excellent-performance-worry-free\" data-v-md-line=\"8\">Excellent performance, worry free<\/h2>\n<p data-v-md-line=\"9\">La resistencia de malla es el n\u00facleo del BUG 15K, lo que permite que cada succi\u00f3n mantenga un sabor limpio y uniforme de principio a fin. La bater\u00eda de 800 mAh es recargable, as\u00ed que puedes usar los 20 ml de e-l\u00edquido completos en lugar de desechar el que compraste. Cuando la bater\u00eda est\u00e9 baja, puedes usar el mismo cable de datos tipo C que tu tel\u00e9fono para cargarlo. Es muy sencillo.<\/p>\n<p data-v-md-line=\"11\">Con tantas bocanadas de vapor y un volumen enorme, sigue siendo f\u00e1cil de transportar y c\u00f3modo de sostener en la mano.<\/p>\n<h2 data-v-md-heading=\"specification-overview\" data-v-md-line=\"13\">Specification Overview<\/h2>\n<p data-v-md-line=\"14\"><strong>N\u00famero de puertos<\/strong>:hasta 15000 puertos<br \/>\n<strong>Contenido de nicotina<\/strong>:2% de nicotina<br \/>\n<strong>Principio de funcionamiento<\/strong>:Se activa por inhalaci\u00f3n<br \/>\n<strong>Cargando<\/strong>: Puerto USB tipo C est\u00e1ndar<br \/>\n<strong>Estado<\/strong>Listo para usar al desempaquetarlo<br \/>\n*Otros detalles:<br \/>\n-Bobina de malla de 1,1 \u03a9<br \/>\n-Capacidad de e-l\u00edquido 20 mililitros<br \/>\n-Bater\u00eda recargable de 800 mAh<br \/>\n-Pantalla LED<br \/>\n-Tama\u00f1o 125 \u00d7 32 mm<br \/>\n-Peso 100 gramos<\/p>\n<h2 data-v-md-heading=\"for-you-and-your-business\" data-v-md-line=\"27\">For you and your business<\/h2>\n<p data-v-md-line=\"28\">Elige uno para ti o a\u00f1\u00e1delo a tu tienda. Vendemos al por mayor 200 unidades por caja para garantizar que tus estantes siempre est\u00e9n llenos y la satisfacci\u00f3n del cliente. Tambi\u00e9n ofrecemos servicios de env\u00edo DDP confiables con socios como UPS, DPD y DHL, lo que garantiza que los aranceles e impuestos se procesan previamente para evitar imprevistos en la aduana.<\/p>\n<p data-v-md-line=\"30\">La situaci\u00f3n del suministro puede variar seg\u00fan el pa\u00eds o la regi\u00f3n. Si compra entre empresas (B2B), consulte la normativa local y los requisitos de TPD antes de realizar un pedido.<\/p>\n<h2 data-v-md-heading=\"why-do-you-like-it\" data-v-md-line=\"32\">Why do you like it<\/h2>\n<p data-v-md-line=\"33\"><strong>Gran capacidad de succi\u00f3n:<\/strong>\u00a0Menos recargas y menos pedidos repetidos.<br \/>\n<strong>2% de nicotina:<\/strong>\u00a0Concentraci\u00f3n estable y familiar, adecuada para el uso diario.<br \/>\n<strong>Recargable:<\/strong>\u00a0Utiliza los 20 mililitros de e-l\u00edquido sin desperdicio.<br \/>\n<strong>N\u00facleo atomizador de malla<\/strong>:Sabor consistente y succi\u00f3n suave.<br \/>\n<strong>Pantalla LED:<\/strong>\u00a0Informaci\u00f3n r\u00e1pida y clara de un vistazo.<br \/>\n<strong>Carga tipo C:<\/strong>\u00a0La carga se puede realizar mediante un cable de datos normal.<\/p>\n<h2 data-v-md-heading=\"why-choose-to-collaborate-with-agoravape\" data-v-md-line=\"40\">Why choose to collaborate with AgoraVape?<\/h2>\n<p data-v-md-line=\"41\">Solo vendemos productos 100 % genuinos. Con el vaporizador recargable BUG 15K Puffs con pantalla LED, disfrutar\u00e1 de precios al por mayor con descuento, un servicio de atenci\u00f3n al cliente amable y entregas r\u00e1pidas y rastreables en Europa. Cumplimos con las normas de verificaci\u00f3n de edad y garantizamos la seguridad de los pagos, lo que le permite centrarse en atender a sus clientes. \u00bfBusca un producto duradero y popular? Siempre estamos listos para abastecerlo.<\/p>","protected":false},"excerpt":{"rendered":"<p>&nbsp;<\/p>\n<p><script src=\"chrome-extension:\/\/fpelahbljekknahkcaegamhcndkfpfnc\/iFrame.js\" type=\"text\/javascript\"><\/script><\/p>\n<p><script src=\"chrome-extension:\/\/fpelahbljekknahkcaegamhcndkfpfnc\/iFrame.js\" type=\"text\/javascript\"><\/script><\/p>\n<p><script src=\"chrome-extension:\/\/fpelahbljekknahkcaegamhcndkfpfnc\/iFrame.js\" type=\"text\/javascript\"><\/script><\/p>\n<p><script src=\"chrome-extension:\/\/fpelahbljekknahkcaegamhcndkfpfnc\/iFrame.js\" type=\"text\/javascript\"><\/script><\/p>\n<p><script src=\"chrome-extension:\/\/fpelahbljekknahkcaegamhcndkfpfnc\/iFrame.js\" type=\"text\/javascript\"><\/script><\/p>\n<p><script src=\"chrome-extension:\/\/fpelahbljekknahkcaegamhcndkfpfnc\/iFrame.js\" type=\"text\/javascript\"><\/script><\/p>\n<p><script src=\"chrome-extension:\/\/fpelahbljekknahkcaegamhcndkfpfnc\/iFrame.js\" type=\"text\/javascript\"><\/script><\/p>\n<p><script src=\"chrome-extension:\/\/fpelahbljekknahkcaegamhcndkfpfnc\/iFrame.js\" type=\"text\/javascript\"><\/script><\/p>\n<p><script src=\"chrome-extension:\/\/fpelahbljekknahkcaegamhcndkfpfnc\/iFrame.js\" type=\"text\/javascript\"><\/script><\/p>\n<p><script src=\"chrome-extension:\/\/fpelahbljekknahkcaegamhcndkfpfnc\/iFrame.js\" type=\"text\/javascript\"><\/script><\/p>\n<p><script src=\"chrome-extension:\/\/fpelahbljekknahkcaegamhcndkfpfnc\/iFrame.js\" type=\"text\/javascript\"><\/script><\/p>\n<p><script src=\"chrome-extension:\/\/fpelahbljekknahkcaegamhcndkfpfnc\/iFrame.js\" type=\"text\/javascript\"><\/script><\/p>","protected":false},"featured_media":16806,"comment_status":"open","ping_status":"closed","template":"","meta":[],"product_brand":[230],"product_cat":[124,185,189,157,174,175,193,191,173,186,180,190,192],"product_tag":[],"class_list":{"0":"post-16783","1":"product","2":"type-product","3":"status-publish","4":"has-post-thumbnail","6":"product_brand-bug","7":"product_cat-vape-by-brand","8":"product_cat-10000-puffs-high-capacity","9":"product_cat-20mg-standard-nicotine-vapes","10":"product_cat-bug","11":"product_cat-fruit-flavors","12":"product_cat-icy-mint","13":"product_cat-mesh-coil","14":"product_cat-rechargeable-disposables","15":"product_cat-vape-by-flavor-profile","16":"product_cat-vape-by-nicotine-strength","17":"product_cat-vape-by-puff-count","18":"product_cat-vape-by-feature-or-type","19":"product_cat-vapes-with-screens","21":"first","22":"onbackorder","23":"shipping-taxable","24":"purchasable","25":"product-type-variable","26":"has-default-attributes"},"tiered_pricing_type":"percentage","tiered_pricing_fixed_rules":[],"tiered_pricing_product_settings":{"layout":"default","base_unit_name":{"singular":null,"plural":null},"default_variation":null},"tiered_pricing_minimum_quantity":10,"tiered_pricing_roles_data":[],"tiered_pricing_percentage_rules":{"30":"29","50":"35","100":"40","200":"44","500":"47","1000":"49"},"tiered_pricing_maximum_quantity":null,"tiered_pricing_quantity_step":"10","_links":{"self":[{"href":"https:\/\/agoravape.com\/es\/wp-json\/wp\/v2\/product\/16783","targetHints":{"allow":["GET"]}}],"collection":[{"href":"https:\/\/agoravape.com\/es\/wp-json\/wp\/v2\/product"}],"about":[{"href":"https:\/\/agoravape.com\/es\/wp-json\/wp\/v2\/types\/product"}],"replies":[{"embeddable":true,"href":"https:\/\/agoravape.com\/es\/wp-json\/wp\/v2\/comments?post=16783"}],"version-history":[{"count":0,"href":"https:\/\/agoravape.com\/es\/wp-json\/wp\/v2\/product\/16783\/revisions"}],"wp:featuredmedia":[{"embeddable":true,"href":"https:\/\/agoravape.com\/es\/wp-json\/wp\/v2\/media\/16806"}],"wp:attachment":[{"href":"https:\/\/agoravape.com\/es\/wp-json\/wp\/v2\/media?parent=16783"}],"wp:term":[{"taxonomy":"product_brand","embeddable":true,"href":"https:\/\/agoravape.com\/es\/wp-json\/wp\/v2\/product_brand?post=16783"},{"taxonomy":"product_cat","embeddable":true,"href":"https:\/\/agoravape.com\/es\/wp-json\/wp\/v2\/product_cat?post=16783"},{"taxonomy":"product_tag","embeddable":true,"href":"https:\/\/agoravape.com\/es\/wp-json\/wp\/v2\/product_tag?post=16783"}],"curies":[{"name":"wp","href":"https:\/\/api.w.org\/{rel}","templated":true}]}}