{"id":16821,"date":"2025-10-17T17:58:48","date_gmt":"2025-10-17T09:58:48","guid":{"rendered":"https:\/\/green-grasshopper-921422.hostingersite.com\/?post_type=product&#038;p=16821"},"modified":"2026-01-19T22:02:03","modified_gmt":"2026-01-19T14:02:03","slug":"bug-12000-puffs-rgb-light-vape","status":"publish","type":"product","link":"https:\/\/agoravape.com\/es\/product\/bug-12000-puffs-rgb-light-vape\/","title":{"rendered":"Vapeador BUG 12K Puffs con pantalla LED y luz RGB | Duradero, sencillo y elegante"},"content":{"rendered":"<h2 data-v-md-heading=\"bug-12k-suction-capacity-led-display-vape-with-rgb-light-what-s-special-about-it\" data-v-md-line=\"3\">BUG 12K capacidad de succi\u00f3n pantalla LED vape con luz RGB, \u00bfqu\u00e9 tiene de especial?<\/h2>\n<p data-v-md-line=\"4\">Si est\u00e1s cansado de los vaporizadores desechables que consumen demasiado combustible, este producto sin duda te encantar\u00e1. El BUG 12K tiene una capacidad de hasta 12\u00a0000 caladas, est\u00e1 equipado con una pantalla LED n\u00edtida y llamativas luces RGB, y presenta una apariencia elegante y discreta. Est\u00e1 dise\u00f1ado para quienes buscan durabilidad, sabor puro y cero carga.<\/p>\n<p data-v-md-line=\"6\">Quiz\u00e1s pienses que un vaporizador con tanta capacidad lo hace voluminoso, pero este es muy port\u00e1til. Pesa 91 gramos y mide aproximadamente 116 x 32 mil\u00edmetros, lo que lo hace f\u00e1cil de llevar en un bolsillo o bolso. Su contenido de nicotina es del 2% y est\u00e1 listo para usar. Cuando la bater\u00eda est\u00e9 baja, simplemente usa el cable de datos tipo C para cargarlo.<\/p>\n<h2 data-v-md-heading=\"excellent-performance-easy-and-convenient\" data-v-md-line=\"8\">Excellent performance, easy and convenient<\/h2>\n<p data-v-md-line=\"9\">La resistencia de malla asume la mayor responsabilidad. Calienta de manera uniforme, haciendo que tu primer bocado sea tan suave como el cent\u00e9simo. Una resistencia de 1.1 \u03a9 ayuda a mantener un sabor suave y consistente. Incorpora una bater\u00eda recargable de 16 ml y 800 mAh. Para cargar, simplemente usa el mismo cable de datos tipo C que el tel\u00e9fono. Simple y pr\u00e1ctico.<\/p>\n<h2 data-v-md-heading=\"specification-introduction\" data-v-md-line=\"11\">Specification Introduction<\/h2>\n<ul data-v-md-line=\"12\">\n<li>Frecuencia de succi\u00f3n: hasta 12000 veces<\/li>\n<li>Contenido de nicotina: 2% (20 mg\/mL)<\/li>\n<li>Working principle: Activated by inhalation<\/li>\n<li>Charging: Type-C USB interface<\/li>\n<li>Status: Ready to use out of the box<\/li>\n<li>N\u00facleo atomizador: malla de 1,1 \u03a9<\/li>\n<li>Capacidad de e-l\u00edquido: 16 mililitros<\/li>\n<li>Battery: 800 mAh rechargeable battery<\/li>\n<li>Pantalla e iluminaci\u00f3n: Pantalla LED con luces RGB<\/li>\n<li>Caracter\u00edsticas adicionales: incluye cuerda para colgar.<\/li>\n<li>Tama\u00f1o y peso: 116 \u00d7 32 mil\u00edmetros, 91 gramos<\/li>\n<\/ul>\n<h2 data-v-md-heading=\"for-you-and-your-business\" data-v-md-line=\"24\">For you and your business<\/h2>\n<p data-v-md-line=\"25\">\u00bfQuieres comprarlo? Es f\u00e1cil y sencillo de usar. A\u00f1\u00e1delo al carrito y disfruta de una experiencia de vapeo duradera y f\u00e1cil de usar con lecturas LED n\u00edtidas e iluminaci\u00f3n RGB impactante.<\/p>\n<p data-v-md-line=\"27\">\u00bfCompras en tienda f\u00edsica o en l\u00ednea? Suministramos vapeadores BUG 12K originales en cajas de cart\u00f3n al por mayor, con precios competitivos y un suministro estable. Trabajamos con socios de confianza como UPS, DPD y DHL para ofrecer servicios de entrega DDP, lo que permite procesar los aranceles con antelaci\u00f3n y evitar problemas aduaneros. Nuestro equipo puede ayudarte a planificar tu cat\u00e1logo de productos para satisfacer a tus clientes habituales.<\/p>\n<h2 data-v-md-heading=\"why-do-you-like-it\" data-v-md-line=\"29\">Why do you like it<\/h2>\n<ul data-v-md-line=\"30\">\n<li>Gran capacidad de succi\u00f3n: hasta 12K puertos, lo que le permite reducir los tiempos de reemplazo y disfrutar de m\u00e1s diversi\u00f3n.<\/li>\n<li>Carga conveniente: la carga tipo C significa que puede utilizar todos los e-l\u00edquidos comprados.<\/li>\n<li>Sabor consistente: la bobina de malla garantiza una textura suave de principio a fin.<\/li>\n<li>F\u00e1cil de usar: la pantalla LED se muestra claramente y la iluminaci\u00f3n RGB agrega un toque de diversi\u00f3n.<\/li>\n<li>Port\u00e1til y f\u00e1cil de transportar: el cuerpo compacto est\u00e1 equipado con una c\u00f3moda cuerda para colgar, lo que hace que sea f\u00e1cil de transportar.<\/li>\n<\/ul>\n<h2 data-v-md-heading=\"why-choose-agoravape\" data-v-md-line=\"36\">\u00bfPor qu\u00e9 elegir AgoraVape?<\/h2>\n<p data-v-md-line=\"37\">Solo vendemos productos 100 % originales de marcas de confianza. Al comprar vaporizadores BUG con pantalla LED de 12K (con iluminaci\u00f3n RGB), disfrutar\u00e1 de descuentos al por mayor, soporte t\u00e9cnico r\u00e1pido y entrega r\u00e1pida DDP en Europa. Cont\u00e1ctenos para reservar equipos que sus clientes volver\u00e1n a comprar.<\/p>","protected":false},"excerpt":{"rendered":"<p>&nbsp;<\/p>\n<p><script src=\"chrome-extension:\/\/fpelahbljekknahkcaegamhcndkfpfnc\/iFrame.js\" type=\"text\/javascript\"><\/script><\/p>\n<p><script src=\"chrome-extension:\/\/fpelahbljekknahkcaegamhcndkfpfnc\/iFrame.js\" type=\"text\/javascript\"><\/script><\/p>\n<p><script src=\"chrome-extension:\/\/fpelahbljekknahkcaegamhcndkfpfnc\/iFrame.js\" type=\"text\/javascript\"><\/script><\/p>\n<p><script src=\"chrome-extension:\/\/fpelahbljekknahkcaegamhcndkfpfnc\/iFrame.js\" type=\"text\/javascript\"><\/script><\/p>\n<p><script src=\"chrome-extension:\/\/fpelahbljekknahkcaegamhcndkfpfnc\/iFrame.js\" type=\"text\/javascript\"><\/script><\/p>\n<p><script src=\"chrome-extension:\/\/fpelahbljekknahkcaegamhcndkfpfnc\/iFrame.js\" type=\"text\/javascript\"><\/script><\/p>\n<p><script src=\"chrome-extension:\/\/fpelahbljekknahkcaegamhcndkfpfnc\/iFrame.js\" type=\"text\/javascript\"><\/script><\/p>\n<p><script src=\"chrome-extension:\/\/fpelahbljekknahkcaegamhcndkfpfnc\/iFrame.js\" type=\"text\/javascript\"><\/script><\/p>\n<p><script src=\"chrome-extension:\/\/fpelahbljekknahkcaegamhcndkfpfnc\/iFrame.js\" type=\"text\/javascript\"><\/script><\/p>\n<p><script src=\"chrome-extension:\/\/fpelahbljekknahkcaegamhcndkfpfnc\/iFrame.js\" type=\"text\/javascript\"><\/script><\/p>\n<p><script src=\"chrome-extension:\/\/fpelahbljekknahkcaegamhcndkfpfnc\/iFrame.js\" type=\"text\/javascript\"><\/script><\/p>\n<p><script src=\"chrome-extension:\/\/fpelahbljekknahkcaegamhcndkfpfnc\/iFrame.js\" type=\"text\/javascript\"><\/script><\/p>","protected":false},"featured_media":16846,"comment_status":"open","ping_status":"closed","template":"","meta":[],"product_brand":[230],"product_cat":[124,185,189,157,174,175,193,191,173,186,180,190,192],"product_tag":[],"class_list":{"0":"post-16821","1":"product","2":"type-product","3":"status-publish","4":"has-post-thumbnail","6":"product_brand-bug","7":"product_cat-vape-by-brand","8":"product_cat-10000-puffs-high-capacity","9":"product_cat-20mg-standard-nicotine-vapes","10":"product_cat-bug","11":"product_cat-fruit-flavors","12":"product_cat-icy-mint","13":"product_cat-mesh-coil","14":"product_cat-rechargeable-disposables","15":"product_cat-vape-by-flavor-profile","16":"product_cat-vape-by-nicotine-strength","17":"product_cat-vape-by-puff-count","18":"product_cat-vape-by-feature-or-type","19":"product_cat-vapes-with-screens","21":"first","22":"onbackorder","23":"shipping-taxable","24":"purchasable","25":"product-type-variable","26":"has-default-attributes"},"tiered_pricing_type":"percentage","tiered_pricing_fixed_rules":[],"tiered_pricing_product_settings":{"layout":"default","base_unit_name":{"singular":null,"plural":null},"default_variation":null},"tiered_pricing_minimum_quantity":10,"tiered_pricing_roles_data":[],"tiered_pricing_percentage_rules":{"30":"29","50":"35","100":"40","200":"44","500":"47","1000":"49"},"tiered_pricing_maximum_quantity":null,"tiered_pricing_quantity_step":"10","_links":{"self":[{"href":"https:\/\/agoravape.com\/es\/wp-json\/wp\/v2\/product\/16821","targetHints":{"allow":["GET"]}}],"collection":[{"href":"https:\/\/agoravape.com\/es\/wp-json\/wp\/v2\/product"}],"about":[{"href":"https:\/\/agoravape.com\/es\/wp-json\/wp\/v2\/types\/product"}],"replies":[{"embeddable":true,"href":"https:\/\/agoravape.com\/es\/wp-json\/wp\/v2\/comments?post=16821"}],"version-history":[{"count":0,"href":"https:\/\/agoravape.com\/es\/wp-json\/wp\/v2\/product\/16821\/revisions"}],"wp:featuredmedia":[{"embeddable":true,"href":"https:\/\/agoravape.com\/es\/wp-json\/wp\/v2\/media\/16846"}],"wp:attachment":[{"href":"https:\/\/agoravape.com\/es\/wp-json\/wp\/v2\/media?parent=16821"}],"wp:term":[{"taxonomy":"product_brand","embeddable":true,"href":"https:\/\/agoravape.com\/es\/wp-json\/wp\/v2\/product_brand?post=16821"},{"taxonomy":"product_cat","embeddable":true,"href":"https:\/\/agoravape.com\/es\/wp-json\/wp\/v2\/product_cat?post=16821"},{"taxonomy":"product_tag","embeddable":true,"href":"https:\/\/agoravape.com\/es\/wp-json\/wp\/v2\/product_tag?post=16821"}],"curies":[{"name":"wp","href":"https:\/\/api.w.org\/{rel}","templated":true}]}}