{"id":16862,"date":"2025-10-17T18:05:48","date_gmt":"2025-10-17T10:05:48","guid":{"rendered":"https:\/\/green-grasshopper-921422.hostingersite.com\/?post_type=product&#038;p=16862"},"modified":"2026-01-19T22:01:57","modified_gmt":"2026-01-19T14:01:57","slug":"bug-bc5000-puffs-vape","status":"publish","type":"product","link":"https:\/\/agoravape.com\/es\/product\/bug-bc5000-puffs-vape\/","title":{"rendered":"Vape desechable BUG BC5000 Puffs con resistencia de malla compacta | Gran sabor que perdura"},"content":{"rendered":"<h2 data-v-md-heading=\"what-is-special-about-the-bug-bc5000-compact-mesh-coil-disposable-vape\" data-v-md-line=\"3\">\u00bfQu\u00e9 tiene de especial el vaporizador desechable de malla compacta BUG BC5000?<\/h2>\n<p data-v-md-line=\"4\">Si est\u00e1s cansado de los cigarrillos electr\u00f3nicos desechables que caducan en un d\u00eda, este producto es justo lo que necesitas. El BUG BC5000 est\u00e1 equipado con una resistencia de malla que puede alcanzar hasta 5000 succiones, manteniendo un sabor estable desde el primer bocado hasta el \u00faltimo.<\/p>\n<p data-v-md-line=\"6\">Si buscas un vaporizador fiable y pr\u00e1ctico, este es la opci\u00f3n ideal. Sin botones ni men\u00fas. Simplemente c\u00e1rgalo a trav\u00e9s de la interfaz Tipo C para inhalar aire. Quiz\u00e1s pienses que los vaporizadores con tantas caladas son voluminosos, pero su tama\u00f1o es de tan solo 81 \u00d7 41 \u00d7 20 mil\u00edmetros y su peso de tan solo 50 gramos, lo que los hace muy c\u00f3modos de llevar.<\/p>\n<h2 data-v-md-heading=\"excellent-performance-easy-and-convenient\" data-v-md-line=\"8\">Excellent performance, easy and convenient<\/h2>\n<p data-v-md-line=\"9\">La resistencia de malla se calienta uniformemente, haciendo que cada bocado sea tan delicioso como el primero. Utiliza una resistencia de 1.1 \u03a9, que equilibra un humo suave con un sabor intenso. Cuando la bater\u00eda est\u00e9 baja, puedes usar el mismo cable de datos tipo C que tu tel\u00e9fono para cargarlo. Es muy sencillo.<\/p>\n<h2 data-v-md-heading=\"specification-introduction\" data-v-md-line=\"11\">Specification Introduction<\/h2>\n<p data-v-md-line=\"12\"><strong>Frecuencia de succi\u00f3n<\/strong>:hasta 5000 veces<br \/>\n<strong>Contenido de nicotina<\/strong>: Sal de nicotina al 2%<br \/>\n<strong>Principio de funcionamiento<\/strong>:Simplemente inhale para activar.<br \/>\n<strong>Cargando<\/strong>: Interfaz est\u00e1ndar tipo C<br \/>\n<strong>Estado<\/strong>Listo para usar al desempaquetarlo<\/p>\n<h2 data-v-md-heading=\"multiple-flavor-options\" data-v-md-line=\"18\">Multiple flavor options<\/h2>\n<ul data-v-md-line=\"19\">\n<li>Watermelon Ice<\/li>\n<li>Jugo de fresa<\/li>\n<li>Mermelada de uva<\/li>\n<li>Peach Ice<\/li>\n<li>Hielo de mora<\/li>\n<li>Pi\u00f1a agria<\/li>\n<li>Lemon and lime<\/li>\n<li>Pista de hielo azul<\/li>\n<li>Mango fresa<\/li>\n<li>Ar\u00e1ndano baya<\/li>\n<li>Manzana \u00e1cida y frambuesa<\/li>\n<li>Blueberries and raspberries<\/li>\n<\/ul>\n<h2 data-v-md-heading=\"for-you-for-your-business\" data-v-md-line=\"32\">For you, for your business<\/h2>\n<p data-v-md-line=\"33\">Puedes comprar el BUG BC5000 para ti o a\u00f1adirlo a tu tienda. Ofrecemos cajas de 10 unidades al por mayor y cajas grandes de 200 unidades para pedidos al por mayor. El dispositivo cuenta con un dep\u00f3sito de 12 mililitros de e-l\u00edquido y una bater\u00eda recargable de 500 mAh, lo que garantiza que los clientes aprovechen al m\u00e1ximo cada gota de e-l\u00edquido.<\/p>\n<p data-v-md-line=\"35\">Utilizamos socios de confianza como UPS, DPD y DHL para realizar env\u00edos dentro de Europa mediante DDP, lo que permite procesar los aranceles y tr\u00e1mites aduaneros con antelaci\u00f3n y facilitar el seguimiento. Debido a la capacidad de 12 mililitros del dispositivo, consulte la normativa local antes de realizar pedidos de productos con nicotina.<\/p>\n<h2 data-v-md-heading=\"why-do-you-like-it\" data-v-md-line=\"37\">Why do you like it<\/h2>\n<p data-v-md-line=\"38\"><strong>Gran capacidad de succi\u00f3n:<\/strong>\u00a0Duradero y de larga duraci\u00f3n, no es necesario comprar frecuentemente nuevo e-l\u00edquido.<br \/>\n<strong>2% de nicotina:<\/strong>\u00a0Concentraci\u00f3n moderada, sabor con cuerpo, pero no picante.<br \/>\n<strong>Recargable:<\/strong>\u00a0Puedes utilizar todos los e-l\u00edquidos adquiridos.<br \/>\n<strong>N\u00facleo del atomizador de malla:<\/strong>\u00a0El sabor es consistente y podr\u00e1s disfrutar de una experiencia de succi\u00f3n suave en todo momento.<br \/>\n<strong>Estructura compacta:<\/strong>\u00a0F\u00e1cil de transportar, agarre c\u00f3modo.<\/p>\n<h2 data-v-md-heading=\"why-choose-to-collaborate-with-agoravape\" data-v-md-line=\"44\">Why choose to collaborate with AgoraVape?<\/h2>\n<p data-v-md-line=\"45\">Solo vendemos equipos 100% originales y no tenemos ninguna duda al respecto. BUG BC5000 ofrece precios al por mayor altamente competitivos, soporte de respuesta r\u00e1pida y entregas DDP r\u00e1pidas. Utilizamos pasarelas de pago seguras y potentes mecanismos de verificaci\u00f3n de antig\u00fcedad para garantizar la conformidad del producto. Nuestra pol\u00edtica de devoluciones es clara y expl\u00edcita, lo que le permite comprar con tranquilidad. \u00bfEst\u00e1 listo para comprar un dispositivo que los clientes volver\u00e1n a comprar? No dude en consultarnos.<\/p>","protected":false},"excerpt":{"rendered":"<p>&nbsp;<\/p>\n<p><script src=\"chrome-extension:\/\/fpelahbljekknahkcaegamhcndkfpfnc\/iFrame.js\" type=\"text\/javascript\"><\/script><\/p>\n<p><script src=\"chrome-extension:\/\/fpelahbljekknahkcaegamhcndkfpfnc\/iFrame.js\" type=\"text\/javascript\"><\/script><\/p>\n<p><script src=\"chrome-extension:\/\/fpelahbljekknahkcaegamhcndkfpfnc\/iFrame.js\" type=\"text\/javascript\"><\/script><\/p>\n<p><script src=\"chrome-extension:\/\/fpelahbljekknahkcaegamhcndkfpfnc\/iFrame.js\" type=\"text\/javascript\"><\/script><\/p>\n<p><script src=\"chrome-extension:\/\/fpelahbljekknahkcaegamhcndkfpfnc\/iFrame.js\" type=\"text\/javascript\"><\/script><\/p>\n<p><script src=\"chrome-extension:\/\/fpelahbljekknahkcaegamhcndkfpfnc\/iFrame.js\" type=\"text\/javascript\"><\/script><\/p>\n<p><script src=\"chrome-extension:\/\/fpelahbljekknahkcaegamhcndkfpfnc\/iFrame.js\" type=\"text\/javascript\"><\/script><\/p>\n<p><script src=\"chrome-extension:\/\/fpelahbljekknahkcaegamhcndkfpfnc\/iFrame.js\" type=\"text\/javascript\"><\/script><\/p>\n<p><script src=\"chrome-extension:\/\/fpelahbljekknahkcaegamhcndkfpfnc\/iFrame.js\" type=\"text\/javascript\"><\/script><\/p>\n<p><script src=\"chrome-extension:\/\/fpelahbljekknahkcaegamhcndkfpfnc\/iFrame.js\" type=\"text\/javascript\"><\/script><\/p>\n<p><script src=\"chrome-extension:\/\/fpelahbljekknahkcaegamhcndkfpfnc\/iFrame.js\" type=\"text\/javascript\"><\/script><\/p>\n<p><script src=\"chrome-extension:\/\/fpelahbljekknahkcaegamhcndkfpfnc\/iFrame.js\" type=\"text\/javascript\"><\/script><\/p>","protected":false},"featured_media":16886,"comment_status":"open","ping_status":"closed","template":"","meta":[],"product_brand":[230],"product_cat":[124,189,184,157,174,175,193,191,173,186,180,190],"product_tag":[],"class_list":{"0":"post-16862","1":"product","2":"type-product","3":"status-publish","4":"has-post-thumbnail","6":"product_brand-bug","7":"product_cat-vape-by-brand","8":"product_cat-20mg-standard-nicotine-vapes","9":"product_cat-5000-8000-puffs","10":"product_cat-bug","11":"product_cat-fruit-flavors","12":"product_cat-icy-mint","13":"product_cat-mesh-coil","14":"product_cat-rechargeable-disposables","15":"product_cat-vape-by-flavor-profile","16":"product_cat-vape-by-nicotine-strength","17":"product_cat-vape-by-puff-count","18":"product_cat-vape-by-feature-or-type","20":"first","21":"onbackorder","22":"shipping-taxable","23":"purchasable","24":"product-type-variable","25":"has-default-attributes"},"tiered_pricing_type":"percentage","tiered_pricing_fixed_rules":[],"tiered_pricing_product_settings":{"layout":"default","base_unit_name":{"singular":null,"plural":null},"default_variation":null},"tiered_pricing_minimum_quantity":10,"tiered_pricing_roles_data":[],"tiered_pricing_percentage_rules":{"30":"29","50":"35","100":"40","200":"44","500":"47","1000":"49"},"tiered_pricing_maximum_quantity":null,"tiered_pricing_quantity_step":"10","_links":{"self":[{"href":"https:\/\/agoravape.com\/es\/wp-json\/wp\/v2\/product\/16862","targetHints":{"allow":["GET"]}}],"collection":[{"href":"https:\/\/agoravape.com\/es\/wp-json\/wp\/v2\/product"}],"about":[{"href":"https:\/\/agoravape.com\/es\/wp-json\/wp\/v2\/types\/product"}],"replies":[{"embeddable":true,"href":"https:\/\/agoravape.com\/es\/wp-json\/wp\/v2\/comments?post=16862"}],"version-history":[{"count":0,"href":"https:\/\/agoravape.com\/es\/wp-json\/wp\/v2\/product\/16862\/revisions"}],"wp:featuredmedia":[{"embeddable":true,"href":"https:\/\/agoravape.com\/es\/wp-json\/wp\/v2\/media\/16886"}],"wp:attachment":[{"href":"https:\/\/agoravape.com\/es\/wp-json\/wp\/v2\/media?parent=16862"}],"wp:term":[{"taxonomy":"product_brand","embeddable":true,"href":"https:\/\/agoravape.com\/es\/wp-json\/wp\/v2\/product_brand?post=16862"},{"taxonomy":"product_cat","embeddable":true,"href":"https:\/\/agoravape.com\/es\/wp-json\/wp\/v2\/product_cat?post=16862"},{"taxonomy":"product_tag","embeddable":true,"href":"https:\/\/agoravape.com\/es\/wp-json\/wp\/v2\/product_tag?post=16862"}],"curies":[{"name":"wp","href":"https:\/\/api.w.org\/{rel}","templated":true}]}}