{"id":16901,"date":"2025-10-17T18:13:13","date_gmt":"2025-10-17T10:13:13","guid":{"rendered":"https:\/\/green-grasshopper-921422.hostingersite.com\/?post_type=product&#038;p=16901"},"modified":"2026-01-19T22:01:51","modified_gmt":"2026-01-19T14:01:51","slug":"bug-30000-caladas-dual-flavor-vape","status":"publish","type":"product","link":"https:\/\/agoravape.com\/es\/product\/bug-30000-puffs-dual-flavor-vape\/","title":{"rendered":"BUG 30K Puffs Vape RGB conmutable de doble sabor | Dos sabores en uno, dise\u00f1ado para durar"},"content":{"rendered":"<h2 data-v-md-heading=\"how-great-is-the-30k-switchable-dual-flavor-rgb-vape-with-bug\" data-v-md-line=\"3\">\u00bfQu\u00e9 tan genial es el vaporizador RGB de doble sabor conmutable de 30K con BUG?<\/h2>\n<p data-v-md-line=\"4\">Si est\u00e1s cansado de esos vaporizadores que se rompen a mitad de semana, definitivamente vale la pena probar este producto. El BUG 30K cuenta con ajustes inteligentes de doble sabor, que permiten cambiar de sabor hasta 30\u00a0000 veces, lo que facilita el cambio sin cambiar de dispositivo.<\/p>\n<p data-v-md-line=\"6\">Es ideal para quienes buscan un rendimiento duradero y una comodidad sencilla. Quiz\u00e1s pienses que un vaporizador con tanta capacidad es voluminoso, pero te sorprender\u00e1 que solo pesa unos 100 gramos, es ligero y port\u00e1til. La iluminaci\u00f3n RGB a\u00f1ade diversi\u00f3n sin ser ostentoso, y el cord\u00f3n incluido es pr\u00e1ctico para llevarlo a diario.<\/p>\n<h2 data-v-md-heading=\"excellent-performance-easy-and-convenient\" data-v-md-line=\"8\">Excellent performance, easy and convenient<\/h2>\n<p data-v-md-line=\"9\">La resistencia de malla de 1.0 \u03a9 garantiza un sabor consistente de principio a fin. El calentamiento de la malla es r\u00e1pido y uniforme, lo que garantiza un sabor puro y rico en cada bocado. Cuando la bater\u00eda est\u00e9 baja, puedes usar el puerto de carga tipo C para cargar y vaciar f\u00e1cilmente 30 mililitros de e-l\u00edquido. No se requieren cables especiales ni pasos complicados.<\/p>\n<h2 data-v-md-heading=\"specification-introduction\" data-v-md-line=\"11\">Specification Introduction<\/h2>\n<ul data-v-md-line=\"12\">\n<li>Suction frequency: up to 30000 times<\/li>\n<li>Contenido de nicotina: 2%<\/li>\n<li>Modo de trabajo: Se pueden cambiar dos sabores en el dispositivo.<\/li>\n<li>Carga: Interfaz USB tipo C est\u00e1ndar<\/li>\n<li>Status: Ready to use out of the box<\/li>\n<\/ul>\n<h2 data-v-md-heading=\"full-range-of-flavors\" data-v-md-line=\"18\">Gama completa de sabores<\/h2>\n<ul data-v-md-line=\"19\">\n<li>Helado de sand\u00eda\/gelatina de uva<\/li>\n<li>Helado de sand\u00eda\/hielo de melocot\u00f3n<\/li>\n<li>Gelatina de uva\/hielo de mora<\/li>\n<li>Helado de melocot\u00f3n\/manzana \u00e1cida con frambuesa<\/li>\n<li>Hielo de mora\/Mango \u00e1cido y pi\u00f1a<\/li>\n<li>Bebida energ\u00e9tica de frambuesa y manzana \u00e1cida<\/li>\n<li>Hielo de lim\u00f3n y lima\/sand\u00eda<\/li>\n<li>Mermelada de uva\/ar\u00e1ndanos<\/li>\n<li>Ar\u00e1ndano\/Fresa Kiwi<\/li>\n<li>Jugo de fresa\/Hielo de mora<\/li>\n<li>Fresa kiwi\/mango pi\u00f1a agria<\/li>\n<li>Jugo de fresa\/maracuy\u00e1, naranja y granada<\/li>\n<\/ul>\n<h2 data-v-md-heading=\"for-you-and-your-business\" data-v-md-line=\"32\">For you and your business<\/h2>\n<p data-v-md-line=\"33\">Para uso personal o almacenamiento. Ofrecemos cajas de 10 unidades al por mayor y cajas grandes de 200 unidades para pedidos al por mayor. El dispositivo incluye efectos de iluminaci\u00f3n RGB y cuerdas para colgar, lo que lo convierte en un empaque elegante para la venta.<\/p>\n<p data-v-md-line=\"35\">Ofrecemos servicios de env\u00edo DDP con impuestos, incluyendo UPS, DPD y DHL, para evitar cualquier incidencia en la aduana. Ofrecemos servicios de seguimiento est\u00e1ndar y el embalaje se ha manipulado con cuidado. Nota: Debido a la capacidad de 30 mililitros del producto y a su concentraci\u00f3n de nicotina del 2%, es posible que no cumpla con los est\u00e1ndares TPD en varios pa\u00edses o regiones de la UE. Por lo tanto, los m\u00e9todos de suministro y entrega del producto pueden variar seg\u00fan el destino. Consulte la normativa local antes de realizar un pedido.<\/p>\n<h2 data-v-md-heading=\"why-do-you-like-it\" data-v-md-line=\"37\">Why do you like it<\/h2>\n<ul data-v-md-line=\"38\">\n<li>Capacidad ultra grande: hasta 30 000 puertos, lo que significa menos tiempos de reposici\u00f3n y reemplazo<\/li>\n<li>Cambio de sabor dual: cambia de sabor en cualquier momento<\/li>\n<li>2% de nicotina: concentraci\u00f3n equilibrada de nicotina, adecuada para uso diario.<\/li>\n<li>Recargable: La carga tipo C permite utilizar hasta 30 mililitros de e-l\u00edquido<\/li>\n<li>Bobina de malla: sabor consistente<\/li>\n<li>RGB + cord\u00f3n: moderno y actual, f\u00e1cil de llevar, los bolsillos no se llenar\u00e1n de desorden.<\/li>\n<\/ul>\n<h2 data-v-md-heading=\"why-choose-to-collaborate-with-agoravape\" data-v-md-line=\"45\">Why choose to collaborate with AgoraVape?<\/h2>\n<p data-v-md-line=\"46\">Solo vendemos productos 100% originales y garantizamos precios razonables, soporte t\u00e9cnico confiable y entrega r\u00e1pida. Para clientes comerciales, esto significa un suministro confiable al por mayor del vaporizador BUG 30K de doble sabor conmutable RGB, as\u00ed como m\u00e9todos de pago seguros y un c\u00f3modo servicio de devoluci\u00f3n de productos defectuosos. Cont\u00e1ctenos para ofrecerle a sus clientes un dispositivo realmente f\u00e1cil de usar.<\/p>\n<p><script src=\"chrome-extension:\/\/fpelahbljekknahkcaegamhcndkfpfnc\/iFrame.js\" type=\"text\/javascript\"><\/script><\/p>","protected":false},"excerpt":{"rendered":"<p>&nbsp;<\/p>\n<p><script src=\"chrome-extension:\/\/fpelahbljekknahkcaegamhcndkfpfnc\/iFrame.js\" type=\"text\/javascript\"><\/script><\/p>\n<p><script src=\"chrome-extension:\/\/fpelahbljekknahkcaegamhcndkfpfnc\/iFrame.js\" type=\"text\/javascript\"><\/script><\/p>\n<p><script src=\"chrome-extension:\/\/fpelahbljekknahkcaegamhcndkfpfnc\/iFrame.js\" type=\"text\/javascript\"><\/script><\/p>\n<p><script src=\"chrome-extension:\/\/fpelahbljekknahkcaegamhcndkfpfnc\/iFrame.js\" type=\"text\/javascript\"><\/script><\/p>\n<p><script src=\"chrome-extension:\/\/fpelahbljekknahkcaegamhcndkfpfnc\/iFrame.js\" type=\"text\/javascript\"><\/script><\/p>\n<p><script src=\"chrome-extension:\/\/fpelahbljekknahkcaegamhcndkfpfnc\/iFrame.js\" type=\"text\/javascript\"><\/script><\/p>\n<p><script src=\"chrome-extension:\/\/fpelahbljekknahkcaegamhcndkfpfnc\/iFrame.js\" type=\"text\/javascript\"><\/script><\/p>\n<p><script src=\"chrome-extension:\/\/fpelahbljekknahkcaegamhcndkfpfnc\/iFrame.js\" type=\"text\/javascript\"><\/script><\/p>\n<p><script src=\"chrome-extension:\/\/fpelahbljekknahkcaegamhcndkfpfnc\/iFrame.js\" type=\"text\/javascript\"><\/script><\/p>\n<p><script src=\"chrome-extension:\/\/fpelahbljekknahkcaegamhcndkfpfnc\/iFrame.js\" type=\"text\/javascript\"><\/script><\/p>\n<p><script src=\"chrome-extension:\/\/fpelahbljekknahkcaegamhcndkfpfnc\/iFrame.js\" type=\"text\/javascript\"><\/script><\/p>\n<p><script src=\"chrome-extension:\/\/fpelahbljekknahkcaegamhcndkfpfnc\/iFrame.js\" type=\"text\/javascript\"><\/script><\/p>","protected":false},"featured_media":16926,"comment_status":"open","ping_status":"closed","template":"","meta":[],"product_brand":[230],"product_cat":[124,185,189,157,195,174,175,193,191,173,186,180,190],"product_tag":[],"class_list":{"0":"post-16901","1":"product","2":"type-product","3":"status-publish","4":"has-post-thumbnail","6":"product_brand-bug","7":"product_cat-vape-by-brand","8":"product_cat-10000-puffs-high-capacity","9":"product_cat-20mg-standard-nicotine-vapes","10":"product_cat-bug","11":"product_cat-dual-flavor-switch","12":"product_cat-fruit-flavors","13":"product_cat-icy-mint","14":"product_cat-mesh-coil","15":"product_cat-rechargeable-disposables","16":"product_cat-vape-by-flavor-profile","17":"product_cat-vape-by-nicotine-strength","18":"product_cat-vape-by-puff-count","19":"product_cat-vape-by-feature-or-type","21":"first","22":"onbackorder","23":"shipping-taxable","24":"purchasable","25":"product-type-variable","26":"has-default-attributes"},"tiered_pricing_type":"percentage","tiered_pricing_fixed_rules":[],"tiered_pricing_product_settings":{"layout":"default","base_unit_name":{"singular":null,"plural":null},"default_variation":null},"tiered_pricing_minimum_quantity":10,"tiered_pricing_roles_data":[],"tiered_pricing_percentage_rules":{"30":"29","50":"35","100":"40","200":"44","500":"47","1000":"49"},"tiered_pricing_maximum_quantity":null,"tiered_pricing_quantity_step":"10","_links":{"self":[{"href":"https:\/\/agoravape.com\/es\/wp-json\/wp\/v2\/product\/16901","targetHints":{"allow":["GET"]}}],"collection":[{"href":"https:\/\/agoravape.com\/es\/wp-json\/wp\/v2\/product"}],"about":[{"href":"https:\/\/agoravape.com\/es\/wp-json\/wp\/v2\/types\/product"}],"replies":[{"embeddable":true,"href":"https:\/\/agoravape.com\/es\/wp-json\/wp\/v2\/comments?post=16901"}],"version-history":[{"count":0,"href":"https:\/\/agoravape.com\/es\/wp-json\/wp\/v2\/product\/16901\/revisions"}],"wp:featuredmedia":[{"embeddable":true,"href":"https:\/\/agoravape.com\/es\/wp-json\/wp\/v2\/media\/16926"}],"wp:attachment":[{"href":"https:\/\/agoravape.com\/es\/wp-json\/wp\/v2\/media?parent=16901"}],"wp:term":[{"taxonomy":"product_brand","embeddable":true,"href":"https:\/\/agoravape.com\/es\/wp-json\/wp\/v2\/product_brand?post=16901"},{"taxonomy":"product_cat","embeddable":true,"href":"https:\/\/agoravape.com\/es\/wp-json\/wp\/v2\/product_cat?post=16901"},{"taxonomy":"product_tag","embeddable":true,"href":"https:\/\/agoravape.com\/es\/wp-json\/wp\/v2\/product_tag?post=16901"}],"curies":[{"name":"wp","href":"https:\/\/api.w.org\/{rel}","templated":true}]}}