{"id":16942,"date":"2025-10-18T10:26:29","date_gmt":"2025-10-18T02:26:29","guid":{"rendered":"https:\/\/green-grasshopper-921422.hostingersite.com\/?post_type=product&#038;p=16942"},"modified":"2026-03-31T04:20:48","modified_gmt":"2026-03-31T02:20:48","slug":"bangbox-80000-puffs-triple-sabor-vape","status":"publish","type":"product","link":"https:\/\/agoravape.com\/es\/product\/bangbox-80000-puffs-triple-flavor-vape\/","title":{"rendered":"BANGBOX 80K Puffs Triple Flavor &amp; Triple Coil Vape | Gran Capacidad, F\u00e1cil Uso Diario"},"content":{"rendered":"<h2 data-v-md-heading=\"what-is-the-bangbox-80k-triple-flavored-three-coil-vape-like\" data-v-md-line=\"3\"><img loading=\"lazy\" decoding=\"async\" class=\"aligncenter size-full wp-image-16961\" src=\"https:\/\/agoravape.com\/wp-content\/uploads\/2025\/10\/BANGBOX-80K-Puffs-Triple-Flavor-Triple-Coil-Vape_Agora_vape-6.webp\" alt=\"\" width=\"800\" height=\"1605\" srcset=\"https:\/\/agoravape.com\/wp-content\/uploads\/2025\/10\/BANGBOX-80K-Puffs-Triple-Flavor-Triple-Coil-Vape_Agora_vape-6.webp 800w, https:\/\/agoravape.com\/wp-content\/uploads\/2025\/10\/BANGBOX-80K-Puffs-Triple-Flavor-Triple-Coil-Vape_Agora_vape-6-150x300.webp 150w, https:\/\/agoravape.com\/wp-content\/uploads\/2025\/10\/BANGBOX-80K-Puffs-Triple-Flavor-Triple-Coil-Vape_Agora_vape-6-510x1024.webp 510w, https:\/\/agoravape.com\/wp-content\/uploads\/2025\/10\/BANGBOX-80K-Puffs-Triple-Flavor-Triple-Coil-Vape_Agora_vape-6-768x1541.webp 768w, https:\/\/agoravape.com\/wp-content\/uploads\/2025\/10\/BANGBOX-80K-Puffs-Triple-Flavor-Triple-Coil-Vape_Agora_vape-6-766x1536.webp 766w\" sizes=\"auto, (max-width: 800px) 100vw, 800px\" \/><\/h2>\n<h2 data-v-md-heading=\"what-is-the-bangbox-80k-triple-flavored-three-coil-vape-like\" data-v-md-line=\"3\">\u00bfC\u00f3mo es el vaporizador de tres resistencias y triple sabor BANGBOX 80K?<\/h2>\n<p data-v-md-line=\"4\">Si est\u00e1s cansado de los vapeadores desechables que consumen demasiado combustible, te recomendamos este producto. El BANGBOX 80K tiene una capacidad de hasta 80.000 caladas y est\u00e1 equipado con 60 mililitros de e-l\u00edquido de gran capacidad, lo que te permite disfrutar f\u00e1cilmente de una bater\u00eda de larga duraci\u00f3n. Combina tres sabores en uno, lo que lo hace perfecto para quienes disfrutan mezcl\u00e1ndolos durante el d\u00eda.<\/p>\n<p data-v-md-line=\"6\">Para quienes buscan un rendimiento confiable y un sabor intenso sin preocuparse por la configuraci\u00f3n, es la opci\u00f3n ideal. La pantalla clara del e-l\u00edquido y el nivel de bater\u00eda permite controlar el estado en cualquier momento sin tener que adivinar.<\/p>\n<h2 data-v-md-heading=\"excellent-performance-easy-and-convenient\" data-v-md-line=\"8\">Excellent performance, easy and convenient<\/h2>\n<p data-v-md-line=\"9\">La tecnolog\u00eda de triple malla es la base de este dispositivo. Por eso, el sabor del e-l\u00edquido se mantiene constante desde el primer sorbo hasta el \u00faltimo. Cuando la bater\u00eda est\u00e1 baja, puedes cargarlo mediante el puerto tipo C est\u00e1ndar, el mismo cable que usan la mayor\u00eda de los tel\u00e9fonos. Es muy c\u00f3modo de usar.<\/p>\n<h2 data-v-md-heading=\"specification-introduction\" data-v-md-line=\"11\">Specification Introduction<\/h2>\n<ul data-v-md-line=\"12\">\n<li>Suction frequency: up to 80000 times<\/li>\n<li>Nicotine content: 0%, 2%, 3%, 5%<\/li>\n<li>Working principle: Activate with just one puff<\/li>\n<li>Charging: Type-C USB interface<\/li>\n<li>Status: Ready to use out of the box<\/li>\n<li>Indicador de l\u00edquido electr\u00f3nico y bater\u00eda: luz indicadora incorporada en el dispositivo<\/li>\n<li>Capacidad de e-l\u00edquido: 60 mililitros<\/li>\n<li>N\u00facleo de atomizaci\u00f3n: N\u00facleo de atomizaci\u00f3n de triple malla, 0,8 ohmios<\/li>\n<li>Bater\u00eda: 17350 celdas, 850 mAh, bater\u00eda de cobalto puro, descarga de 5 A<\/li>\n<li>Tama\u00f1o y peso: 46 \u00d7 46 \u00d7 128 mil\u00edmetros, 135 gramos<\/li>\n<\/ul>\n<h2 data-v-md-heading=\"full-flavor-series\" data-v-md-line=\"23\">Full flavor series<\/h2>\n<p data-v-md-line=\"24\">Cada sabor puede proporcionar tres combinaciones de sabores:<\/p>\n<ul data-v-md-line=\"25\">\n<li>Fresa Pl\u00e1tano+Frambuesa Sand\u00eda+Amor 666<\/li>\n<li>Fruta tropical + fresa sand\u00eda + lim\u00f3n melocot\u00f3n<\/li>\n<li>Fresa Vainilla Cola + Manzana \u00c1cida Frambuesa + Lim\u00f3n Lima<\/li>\n<li>Helado doble de uva, fresa, mango y ar\u00e1ndanos con frambuesa \u00e1cida<\/li>\n<li>Helado de Sand\u00eda + Helado de Fresa + Triple Mel\u00f3n<\/li>\n<li>Refresco de cola de lim\u00f3n + chicle de sand\u00eda + hielo de drag\u00f3n negro<\/li>\n<li>Triple Berry Ice + Mango Melocot\u00f3n + Fresa Kiwi<\/li>\n<li>Fresa Helada+Fresa Sand\u00eda+Pi\u00f1a Mango Melocot\u00f3n<\/li>\n<li>Pi\u00f1a coco + Hielo de fresa + Hielo de ar\u00e1ndano<\/li>\n<li>Helado de lim\u00f3n, lima, mango, melocot\u00f3n, sand\u00eda y ar\u00e1ndanos.<\/li>\n<li>Hielo de sand\u00eda + Red Bull + Fresa kiwi<\/li>\n<li>Fresa kiwi + Pi\u00f1a \u00e1cida + Fresa Red Bull<\/li>\n<\/ul>\n<h2 data-v-md-heading=\"for-you-and-your-business\" data-v-md-line=\"38\">For you and your business<\/h2>\n<p data-v-md-line=\"39\">Puede comprar <a class=\"wpil_keyword_link\" href=\"https:\/\/agoravape.com\/es\/producto\/bangbox-50000-puffs-dual-flavor-vape\/\" target=\"_blank\" rel=\"noopener\" title=\"BANGBOX 50.000 caladas, vaporizador de doble resistencia y doble sabor online | Dos sabores. Gran cantidad de caladas. Carga f\u00e1cil.\" data-wpil-keyword-link=\"linked\" data-wpil-monitor-id=\"7166\">BANGBOX<\/a> 80K for personal use or stock up for your store. Wholesale packaging of 10 pieces per box, convenient for retail shelving and online delivery. For more delivery volume, you can choose between small cardboard boxes of 100 pieces per box or large cardboard boxes of 200 pieces per box.<\/p>\n<p data-v-md-line=\"41\">Realizamos env\u00edos a trav\u00e9s de socios de confianza como UPS, DPD y DHL con entrega con derechos pagados (DDP) en toda Europa, lo que permite procesar los aranceles con antelaci\u00f3n y evitar problemas aduaneros inesperados. Los pedidos se pueden rastrear y entregar de forma segura.<\/p>\n<h2 data-v-md-heading=\"why-do-you-like-it\" data-v-md-line=\"43\">Why do you like it<\/h2>\n<ul data-v-md-line=\"44\">\n<li>Fumar masivamente: Puedes reducir el n\u00famero de recargas con cartuchos de humo, ahorrando tiempo y energ\u00eda.<\/li>\n<li>Selecci\u00f3n del contenido de nicotina: elija 0%, 2%, 3% o 5% seg\u00fan su preferencia.<\/li>\n<li>Recargable: la carga tipo C le permite utilizar completamente 60 ml de e-l\u00edquido sin desperdiciarlo.<\/li>\n<li>Bobina de malla: dise\u00f1o de triple malla, que mantiene un sabor estable y satisfactorio.<\/li>\n<li>Luces indicadoras claras: la pantalla de visualizaci\u00f3n de la bater\u00eda y del e-l\u00edquido le indicar\u00e1n cu\u00e1ndo es necesario cargarla o reemplazarla.<\/li>\n<li>Tres sabores en uno: disfruta de m\u00faltiples sabores sin tener que llevar varios dispositivos.<\/li>\n<\/ul>\n<h2 data-v-md-heading=\"why-choose-to-collaborate-with-agoravape\" data-v-md-line=\"51\">Why choose to collaborate with AgoraVape?<\/h2>\n<p data-v-md-line=\"52\">Compramos y vendemos equipos 100% originales y ofrecemos un excelente soporte t\u00e9cnico. Los clientes comerciales pueden disfrutar de precios al por mayor con descuento, entrega r\u00e1pida con impuestos incluidos y un servicio confiable para los vapeadores BANGBOX 80K Puffs de tres resistencias y triple sabor. Si desea adquirir un dispositivo de alta capacidad con alta tasa de devoluci\u00f3n, cont\u00e1ctenos.<\/p>","protected":false},"excerpt":{"rendered":"<p>&nbsp;<\/p>","protected":false},"featured_media":16960,"comment_status":"open","ping_status":"closed","template":"","meta":[],"product_brand":[231],"product_cat":[124,187,185,189,158,195,174,175,193,191,173,186,180,190,192],"product_tag":[],"class_list":{"0":"post-16942","1":"product","2":"type-product","3":"status-publish","4":"has-post-thumbnail","6":"product_brand-bang-box","7":"product_cat-vape-by-brand","8":"product_cat-0mg-nicotine-free-vapes","9":"product_cat-10000-puffs-high-capacity","10":"product_cat-20mg-standard-nicotine-vapes","11":"product_cat-bang-box","12":"product_cat-dual-flavor-switch","13":"product_cat-fruit-flavors","14":"product_cat-icy-mint","15":"product_cat-mesh-coil","16":"product_cat-rechargeable-disposables","17":"product_cat-vape-by-flavor-profile","18":"product_cat-vape-by-nicotine-strength","19":"product_cat-vape-by-puff-count","20":"product_cat-vape-by-feature-or-type","21":"product_cat-vapes-with-screens","23":"first","24":"instock","25":"shipping-taxable","26":"purchasable","27":"product-type-variable","28":"has-default-attributes"},"tiered_pricing_type":"percentage","tiered_pricing_fixed_rules":[],"tiered_pricing_product_settings":{"layout":"default","base_unit_name":{"singular":null,"plural":null},"default_variation":null},"tiered_pricing_minimum_quantity":10,"tiered_pricing_roles_data":[],"tiered_pricing_percentage_rules":{"30":"29","50":"35","100":"40","200":"44","500":"47","1000":"49"},"tiered_pricing_maximum_quantity":null,"tiered_pricing_quantity_step":"10","_links":{"self":[{"href":"https:\/\/agoravape.com\/es\/wp-json\/wp\/v2\/product\/16942","targetHints":{"allow":["GET"]}}],"collection":[{"href":"https:\/\/agoravape.com\/es\/wp-json\/wp\/v2\/product"}],"about":[{"href":"https:\/\/agoravape.com\/es\/wp-json\/wp\/v2\/types\/product"}],"replies":[{"embeddable":true,"href":"https:\/\/agoravape.com\/es\/wp-json\/wp\/v2\/comments?post=16942"}],"version-history":[{"count":1,"href":"https:\/\/agoravape.com\/es\/wp-json\/wp\/v2\/product\/16942\/revisions"}],"predecessor-version":[{"id":29818,"href":"https:\/\/agoravape.com\/es\/wp-json\/wp\/v2\/product\/16942\/revisions\/29818"}],"wp:featuredmedia":[{"embeddable":true,"href":"https:\/\/agoravape.com\/es\/wp-json\/wp\/v2\/media\/16960"}],"wp:attachment":[{"href":"https:\/\/agoravape.com\/es\/wp-json\/wp\/v2\/media?parent=16942"}],"wp:term":[{"taxonomy":"product_brand","embeddable":true,"href":"https:\/\/agoravape.com\/es\/wp-json\/wp\/v2\/product_brand?post=16942"},{"taxonomy":"product_cat","embeddable":true,"href":"https:\/\/agoravape.com\/es\/wp-json\/wp\/v2\/product_cat?post=16942"},{"taxonomy":"product_tag","embeddable":true,"href":"https:\/\/agoravape.com\/es\/wp-json\/wp\/v2\/product_tag?post=16942"}],"curies":[{"name":"wp","href":"https:\/\/api.w.org\/{rel}","templated":true}]}}