{"id":17022,"date":"2025-10-18T11:08:13","date_gmt":"2025-10-18T03:08:13","guid":{"rendered":"https:\/\/green-grasshopper-921422.hostingersite.com\/?post_type=product&#038;p=17022"},"modified":"2026-03-31T04:20:46","modified_gmt":"2026-03-31T02:20:46","slug":"bangbox-18000-puffs-smart-vape","status":"publish","type":"product","link":"https:\/\/agoravape.com\/es\/product\/bangbox-18000-puffs-smart-vape\/","title":{"rendered":"BANGBOX 18K Puffs - Vape inteligente con doble bobina y pantalla | Sabor duradero con f\u00e1cil carga tipo C"},"content":{"rendered":"<h2 data-v-md-heading=\"what-are-the-special-features-of-bangbox-18k-dual-coil-smart-screen-vapes\" data-v-md-line=\"3\"><img loading=\"lazy\" decoding=\"async\" class=\"aligncenter size-full wp-image-17021\" src=\"https:\/\/agoravape.com\/wp-content\/uploads\/2025\/10\/BANGBOX-18K-Puffs-Dual-Coil-Smart-Screen-Vape_Agora_vape-1-scaled.webp\" alt=\"\" width=\"2560\" height=\"1440\" srcset=\"https:\/\/agoravape.com\/wp-content\/uploads\/2025\/10\/BANGBOX-18K-Puffs-Dual-Coil-Smart-Screen-Vape_Agora_vape-1-scaled.webp 2560w, https:\/\/agoravape.com\/wp-content\/uploads\/2025\/10\/BANGBOX-18K-Puffs-Dual-Coil-Smart-Screen-Vape_Agora_vape-1-scaled-1200x675.webp 1200w, https:\/\/agoravape.com\/wp-content\/uploads\/2025\/10\/BANGBOX-18K-Puffs-Dual-Coil-Smart-Screen-Vape_Agora_vape-1-300x169.webp 300w, https:\/\/agoravape.com\/wp-content\/uploads\/2025\/10\/BANGBOX-18K-Puffs-Dual-Coil-Smart-Screen-Vape_Agora_vape-1-1024x576.webp 1024w, https:\/\/agoravape.com\/wp-content\/uploads\/2025\/10\/BANGBOX-18K-Puffs-Dual-Coil-Smart-Screen-Vape_Agora_vape-1-768x432.webp 768w, https:\/\/agoravape.com\/wp-content\/uploads\/2025\/10\/BANGBOX-18K-Puffs-Dual-Coil-Smart-Screen-Vape_Agora_vape-1-1536x864.webp 1536w, https:\/\/agoravape.com\/wp-content\/uploads\/2025\/10\/BANGBOX-18K-Puffs-Dual-Coil-Smart-Screen-Vape_Agora_vape-1-2048x1152.webp 2048w\" sizes=\"auto, (max-width: 2560px) 100vw, 2560px\" \/><\/h2>\n<h2 data-v-md-heading=\"what-are-the-special-features-of-bangbox-18k-dual-coil-smart-screen-vapes\" data-v-md-line=\"3\">\u00bfCu\u00e1les son las caracter\u00edsticas especiales de los vaporizadores de pantalla inteligente de doble bobina BANGBOX 18K?<\/h2>\n<p data-v-md-line=\"4\">Si est\u00e1s cansado de esos vapeadores desechables que se agotan r\u00e1pidamente, definitivamente vale la pena echarle un vistazo a este producto. El BANGBOX 18K adopta un dise\u00f1o de doble resistencia, con una capacidad de hasta 18\u00a0000 puertos, y est\u00e1 equipado con una pr\u00e1ctica pantalla inteligente que muestra el nivel de bater\u00eda de un vistazo. Admite carga tipo C, por lo que consumir\u00e1s todo el e-l\u00edquido que compres.<\/p>\n<p data-v-md-line=\"6\">Es ideal para quienes desean disfrutar f\u00e1cilmente de su rico sabor. Quiz\u00e1s pienses que un vaporizador con tanta capacidad es voluminoso, pero es sorprendentemente ligero: pesa entre 86 y 90 gramos y mide 52 x 26 x 123 mil\u00edmetros. Resistente, f\u00e1cil de usar y dise\u00f1ado para un uso fiable las 24 horas del d\u00eda, los 7 d\u00edas de la semana.<\/p>\n<h2 data-v-md-heading=\"excellent-performance-easy-and-convenient\" data-v-md-line=\"8\">Excellent performance, easy and convenient<\/h2>\n<p data-v-md-line=\"9\">La bobina de malla de 1.0 \u03a9 adopta un dise\u00f1o de doble bobina, lo que hace que cada succi\u00f3n sea tan deliciosa como la primera. Incluso con poca bater\u00eda, el sabor sigue siendo refrescante y suave. La pantalla inteligente te recordar\u00e1 cu\u00e1ndo necesitas cargarlo, y la interfaz Tipo-C te permite usar el mismo cable de datos que tu tel\u00e9fono para cargarlo. Con\u00e9ctalo y podr\u00e1s seguir us\u00e1ndolo.<\/p>\n<h2 data-v-md-heading=\"specification-overview\" data-v-md-line=\"11\">Specification Overview<\/h2>\n<p data-v-md-line=\"12\"><strong>Frecuencia de succi\u00f3n<\/strong>:hasta 18000 veces<br \/>\n<strong>Contenido de nicotina<\/strong>: 0%, 2%, 3%, 5%<br \/>\n<strong>Principio de funcionamiento<\/strong>:Activar con una sola calada<br \/>\n<strong>Cargando<\/strong>: Interfaz USB tipo C est\u00e1ndar<br \/>\n<strong>Estado<\/strong>Listo para usar nada m\u00e1s sacarlo de la caja<\/p>\n<h2 data-v-md-heading=\"full-range-of-flavors\" data-v-md-line=\"18\">Gama completa de sabores<\/h2>\n<ul data-v-md-line=\"19\">\n<li>Sangre de tigre (Red Bull + varias bayas)<\/li>\n<li>Batido de ar\u00e1ndanos<\/li>\n<li>Strawberry kiwi fruit<\/li>\n<li>Manzanas dobles (manzanas verdes + manzanas rojas)<\/li>\n<li>Jugo de durazno<\/li>\n<li>Sand\u00eda fresa<\/li>\n<li>Helado de ar\u00e1ndanos y frambuesa \u00e1cida<\/li>\n<li>Sand\u00eda frambuesa<\/li>\n<li>Helado de tres bayas (ar\u00e1ndanos, fresas y frambuesa)<\/li>\n<li>Batido de sand\u00eda<\/li>\n<li>Mango fresa<\/li>\n<li>Mango, Melocot\u00f3n, Sand\u00eda<\/li>\n<\/ul>\n<h2 data-v-md-heading=\"to-create-for-you-and-your-business\" data-v-md-line=\"32\">Para crear para usted y su negocio<\/h2>\n<p data-v-md-line=\"33\">Puede comprar <a class=\"wpil_keyword_link\" href=\"https:\/\/agoravape.com\/es\/marca\/bang-box\/\" target=\"_blank\" rel=\"noopener\" title=\"CAJA DE EXPLOSI\u00d3N\" data-wpil-keyword-link=\"linked\" data-wpil-monitor-id=\"7164\">BANGBOX<\/a> 18K para uso personal o para abastecer su tienda. Embalaje al por mayor en cajas de 10 unidades, con la opci\u00f3n de 100 o 200 unidades en cajas de cart\u00f3n. Realizamos env\u00edos a toda Europa a trav\u00e9s de socios de confianza como UPS, DPD y DHL en r\u00e9gimen de entrega con derechos pagados (DDP), lo que garantiza que no se produzcan incidentes inesperados en la aduana.<\/p>\n<h2 data-v-md-heading=\"why-do-you-like-it\" data-v-md-line=\"35\">Why do you like it<\/h2>\n<p data-v-md-line=\"36\"><strong>Fumar mucho<\/strong>:Duradero y de larga duraci\u00f3n, no es necesario comprar cigarrillos nuevos con frecuencia.<br \/>\n<strong>Selecci\u00f3n de nicotina<\/strong>:Elige la concentraci\u00f3n de nicotina que se adapte a tus h\u00e1bitos diarios.<br \/>\n<strong>Recargable<\/strong>:El e-l\u00edquido de 26 ml se puede reutilizar sin desperdiciar.<br \/>\n<strong>Bobina de malla<\/strong>:Sabor consistente, succi\u00f3n suave en todo momento.<\/p>\n<h2 data-v-md-heading=\"why-collaborate-with-agoravape\" data-v-md-line=\"41\">Why collaborate with AgoraVape?<\/h2>\n<p data-v-md-line=\"42\">Solo vendemos productos 100 % originales y nos responsabilizamos de ello. Para los compradores comerciales, esto significa que los vaporizadores BANGBOX 18K con pantalla inteligente de doble bobina ofrecen precios al por mayor altamente competitivos, soporte confiable y transporte r\u00e1pido y seguro. Cont\u00e1ctenos para reservar a sus clientes, quienes realmente apreciar\u00e1n su equipo.<\/p>","protected":false},"excerpt":{"rendered":"<p>&nbsp;<\/p>","protected":false},"featured_media":17046,"comment_status":"open","ping_status":"closed","template":"","meta":[],"product_brand":[231],"product_cat":[124,187,185,189,158,174,175,193,191,173,186,180,190,192],"product_tag":[],"class_list":{"0":"post-17022","1":"product","2":"type-product","3":"status-publish","4":"has-post-thumbnail","6":"product_brand-bang-box","7":"product_cat-vape-by-brand","8":"product_cat-0mg-nicotine-free-vapes","9":"product_cat-10000-puffs-high-capacity","10":"product_cat-20mg-standard-nicotine-vapes","11":"product_cat-bang-box","12":"product_cat-fruit-flavors","13":"product_cat-icy-mint","14":"product_cat-mesh-coil","15":"product_cat-rechargeable-disposables","16":"product_cat-vape-by-flavor-profile","17":"product_cat-vape-by-nicotine-strength","18":"product_cat-vape-by-puff-count","19":"product_cat-vape-by-feature-or-type","20":"product_cat-vapes-with-screens","22":"first","23":"onbackorder","24":"shipping-taxable","25":"purchasable","26":"product-type-variable","27":"has-default-attributes"},"tiered_pricing_type":"percentage","tiered_pricing_fixed_rules":[],"tiered_pricing_product_settings":{"layout":"default","base_unit_name":{"singular":null,"plural":null},"default_variation":null},"tiered_pricing_minimum_quantity":10,"tiered_pricing_roles_data":[],"tiered_pricing_percentage_rules":{"30":"29","50":"35","100":"40","200":"44","500":"47","1000":"49"},"tiered_pricing_maximum_quantity":null,"tiered_pricing_quantity_step":"10","_links":{"self":[{"href":"https:\/\/agoravape.com\/es\/wp-json\/wp\/v2\/product\/17022","targetHints":{"allow":["GET"]}}],"collection":[{"href":"https:\/\/agoravape.com\/es\/wp-json\/wp\/v2\/product"}],"about":[{"href":"https:\/\/agoravape.com\/es\/wp-json\/wp\/v2\/types\/product"}],"replies":[{"embeddable":true,"href":"https:\/\/agoravape.com\/es\/wp-json\/wp\/v2\/comments?post=17022"}],"version-history":[{"count":1,"href":"https:\/\/agoravape.com\/es\/wp-json\/wp\/v2\/product\/17022\/revisions"}],"predecessor-version":[{"id":29816,"href":"https:\/\/agoravape.com\/es\/wp-json\/wp\/v2\/product\/17022\/revisions\/29816"}],"wp:featuredmedia":[{"embeddable":true,"href":"https:\/\/agoravape.com\/es\/wp-json\/wp\/v2\/media\/17046"}],"wp:attachment":[{"href":"https:\/\/agoravape.com\/es\/wp-json\/wp\/v2\/media?parent=17022"}],"wp:term":[{"taxonomy":"product_brand","embeddable":true,"href":"https:\/\/agoravape.com\/es\/wp-json\/wp\/v2\/product_brand?post=17022"},{"taxonomy":"product_cat","embeddable":true,"href":"https:\/\/agoravape.com\/es\/wp-json\/wp\/v2\/product_cat?post=17022"},{"taxonomy":"product_tag","embeddable":true,"href":"https:\/\/agoravape.com\/es\/wp-json\/wp\/v2\/product_tag?post=17022"}],"curies":[{"name":"wp","href":"https:\/\/api.w.org\/{rel}","templated":true}]}}