{"id":17079,"date":"2025-10-18T11:37:35","date_gmt":"2025-10-18T03:37:35","guid":{"rendered":"https:\/\/green-grasshopper-921422.hostingersite.com\/?post_type=product&#038;p=17079"},"modified":"2026-03-31T04:20:45","modified_gmt":"2026-03-31T02:20:45","slug":"bangbox-30000-caladas-monosabor-vape","status":"publish","type":"product","link":"https:\/\/agoravape.com\/es\/product\/bangbox-30000-puffs-single-flavor-vape\/","title":{"rendered":"BANGBOX Vaporizador de 30.000 bocanadas con un solo sabor y doble resistencia | Gran capacidad, f\u00e1cil de usar a diario"},"content":{"rendered":"<h2 data-v-md-heading=\"what-are-the-special-features-of-bangbox-30k-single-flavor-dual-coil-vape\" data-v-md-line=\"3\"><img loading=\"lazy\" decoding=\"async\" class=\"aligncenter size-full wp-image-17078\" src=\"https:\/\/agoravape.com\/wp-content\/uploads\/2025\/10\/BANGBOX-30K-Puffs-Single-Flavor-Dual-Coil-Vape_Agora_vape-1-scaled.webp\" alt=\"\" width=\"2560\" height=\"1440\" srcset=\"https:\/\/agoravape.com\/wp-content\/uploads\/2025\/10\/BANGBOX-30K-Puffs-Single-Flavor-Dual-Coil-Vape_Agora_vape-1-scaled.webp 2560w, https:\/\/agoravape.com\/wp-content\/uploads\/2025\/10\/BANGBOX-30K-Puffs-Single-Flavor-Dual-Coil-Vape_Agora_vape-1-scaled-1200x675.webp 1200w, https:\/\/agoravape.com\/wp-content\/uploads\/2025\/10\/BANGBOX-30K-Puffs-Single-Flavor-Dual-Coil-Vape_Agora_vape-1-300x169.webp 300w, https:\/\/agoravape.com\/wp-content\/uploads\/2025\/10\/BANGBOX-30K-Puffs-Single-Flavor-Dual-Coil-Vape_Agora_vape-1-1024x576.webp 1024w, https:\/\/agoravape.com\/wp-content\/uploads\/2025\/10\/BANGBOX-30K-Puffs-Single-Flavor-Dual-Coil-Vape_Agora_vape-1-768x432.webp 768w, https:\/\/agoravape.com\/wp-content\/uploads\/2025\/10\/BANGBOX-30K-Puffs-Single-Flavor-Dual-Coil-Vape_Agora_vape-1-1536x864.webp 1536w, https:\/\/agoravape.com\/wp-content\/uploads\/2025\/10\/BANGBOX-30K-Puffs-Single-Flavor-Dual-Coil-Vape_Agora_vape-1-2048x1152.webp 2048w\" sizes=\"auto, (max-width: 2560px) 100vw, 2560px\" \/><\/h2>\n<h2 data-v-md-heading=\"what-are-the-special-features-of-bangbox-30k-single-flavor-dual-coil-vape\" data-v-md-line=\"3\">\u00bfCu\u00e1les son las caracter\u00edsticas especiales del vaporizador de bobina doble de sabor \u00fanico BANGBOX 30K?<\/h2>\n<p data-v-md-line=\"4\">Si est\u00e1s cansado de cambiar de vaporizador cada pocos d\u00edas, este producto te ayudar\u00e1 a olvidarte de tus preocupaciones. El BANGBOX 30K tiene una capacidad de hasta 30\u00a0000 caladas, lo que proporciona una experiencia de succi\u00f3n suave y consistente, manteniendo un sabor intenso.<\/p>\n<p data-v-md-line=\"6\">Es ideal para quienes buscan comodidad duradera sin necesidad de men\u00fas ni operaciones complicadas. Cada dispositivo ofrece un solo sabor, lo que te permite saber claramente qu\u00e9 deseas. Adem\u00e1s, est\u00e1 equipado con pr\u00e1cticas bater\u00edas e indicadores de e-l\u00edquido, para que ya no tengas que preocuparte por adivinar.<\/p>\n<h2 data-v-md-heading=\"excellent-performance-without-any-doubts\" data-v-md-line=\"8\">Excelente desempe\u00f1o sin ninguna duda<\/h2>\n<p data-v-md-line=\"9\">El n\u00facleo de <a class=\"wpil_keyword_link\" href=\"https:\/\/agoravape.com\/es\/vapear-por-marca\/bang-box\/\" target=\"_blank\" rel=\"noopener\" title=\"CAJA DE EXPLOSI\u00d3N\" data-wpil-keyword-link=\"linked\" data-wpil-monitor-id=\"7162\">BANGBOX<\/a> 30K es una bobina de doble malla. Esto hace que cada succi\u00f3n sea limpia y eficiente, sin debilitarse gradualmente despu\u00e9s de uno o dos d\u00edas. Cuando la bater\u00eda est\u00e1 baja, puedes cargarla a trav\u00e9s de la interfaz tipo C, y el cable de carga puede ser el mismo que el cable de carga del tel\u00e9fono. Muy conveniente. Los niveles de bater\u00eda y e-l\u00edquido se ven claramente de un vistazo, lo que te permite estar tranquilo y sin preocupaciones.<\/p>\n<h2 data-v-md-heading=\"specification-introduction\" data-v-md-line=\"11\">Specification Introduction<\/h2>\n<ul data-v-md-line=\"12\">\n<li>Suction frequency: up to 30000 times<\/li>\n<li>Contenido de nicotina: 0%, 2%, 3%, 5% opcional<\/li>\n<li>N\u00facleo de atomizaci\u00f3n: N\u00facleo de atomizaci\u00f3n de doble malla (0,4 \u03a9), con un solo n\u00facleo de atomizaci\u00f3n en modo de 0,8 \u03a9. Consulte las especificaciones para obtener m\u00e1s informaci\u00f3n.<\/li>\n<li>E-l\u00edquido: 35 mililitros por unidad<\/li>\n<li>Bater\u00eda: 850 mAh (17350 celdas, descarga de 5 A)<\/li>\n<li>Charging: Type-C USB interface<\/li>\n<li>Luz indicadora: visualizaci\u00f3n del e-l\u00edquido y del nivel de bater\u00eda<\/li>\n<li>Tama\u00f1o y peso: aproximadamente 115 \u00d7 60 \u00d7 33 mil\u00edmetros, 100 gramos<\/li>\n<li>Status: Ready to use out of the box<\/li>\n<\/ul>\n<p data-v-md-line=\"22\">Con tantas bocanadas de vape, el gran volumen resulta desalentador, pero el tama\u00f1o de este vape es de solo 115 \u00d7 60 \u00d7 33 mil\u00edmetros, lo que lo hace c\u00f3modo de llevar.<\/p>\n<h2 data-v-md-heading=\"full-range-of-flavors\" data-v-md-line=\"24\">Gama completa de sabores<\/h2>\n<ul data-v-md-line=\"25\">\n<li>Strawberry kiwi fruit<\/li>\n<li>Explosi\u00f3n de gal\u00f3n negro (Gal\u00f3n negro + Pud\u00edn)<\/li>\n<li>Sand\u00eda fresa<\/li>\n<li>Jugo de la jungla<\/li>\n<li>Helado de ar\u00e1ndanos y bayas \u00e1cidas<\/li>\n<li>Watermelon Ice<\/li>\n<li>Pista de hielo azul<\/li>\n<li>Ar\u00e1ndanos y granadas<\/li>\n<li>Explosi\u00f3n azul (ar\u00e1ndanos y chicle)<\/li>\n<li>Melocot\u00f3n manzana<\/li>\n<li>Granadilla<\/li>\n<li>Uvas dobles<\/li>\n<\/ul>\n<h2 data-v-md-heading=\"for-you-and-your-business\" data-v-md-line=\"38\">For you and your business<\/h2>\n<p data-v-md-line=\"39\">\u00bfLo compras t\u00fa mismo? Selecciona el sabor y la concentraci\u00f3n de nicotina para empezar a usarlo. \u00bfLo compras en tiendas f\u00edsicas o en l\u00ednea? Ofrecemos opciones convenientes de venta al por mayor y empaques para minoristas.<\/p>\n<ul data-v-md-line=\"41\">\n<li>Embalaje: 10 piezas por caja<\/li>\n<li>N\u00famero de cajas de cart\u00f3n: 100 cajas peque\u00f1as o 200 cajas grandes<\/li>\n<\/ul>\n<p data-v-md-line=\"44\">Ofrecemos servicios de entrega DDP en toda Europa a trav\u00e9s de socios de confianza como UPS, DPD y DHL, lo que garantiza que reciba precios claros y evite sorpresas aduaneras.<\/p>\n<h2 data-v-md-heading=\"why-do-you-like-it\" data-v-md-line=\"46\">Why do you like it<\/h2>\n<ul data-v-md-line=\"47\">\n<li>Succi\u00f3n masiva: hasta 30.000 bocanadas, lo que significa menos reemplazos y mayor valor por dispositivo individual.<\/li>\n<li>Selecci\u00f3n de concentraci\u00f3n de nicotina: Hay cuatro concentraciones y puedes elegir la que m\u00e1s te convenga.<\/li>\n<li>Recargable: la carga tipo C te ayuda a utilizar cada gota de e-l\u00edquido.<\/li>\n<li>Bobinas de doble malla: proporcionan un sabor estable, desde el primer bocado hasta el \u00faltimo bocado, brindando una experiencia satisfactoria.<\/li>\n<li>Luz indicadora inteligente: las luces indicadoras de bater\u00eda y e-l\u00edquido lo mantienen informado de la situaci\u00f3n en cualquier momento.<\/li>\n<\/ul>\n<h2 data-v-md-heading=\"why-choose-to-collaborate-with-agoravape\" data-v-md-line=\"53\">Why choose to collaborate with AgoraVape?<\/h2>\n<p data-v-md-line=\"54\">Solo vendemos productos 100% genuinos y no tenemos ninguna duda al respecto. Nuestros clientes B2B pueden disfrutar de precios al por mayor con descuento, atenci\u00f3n al cliente r\u00e1pida y un servicio de entrega DDP confiable para los vapeadores de doble resistencia de un solo sabor BANGBOX 30K. \u00bfQuieres comprarlo? Cont\u00e1ctanos y te ayudaremos r\u00e1pidamente con el env\u00edo.<\/p>","protected":false},"excerpt":{"rendered":"<p>\u00bfCu\u00e1les son las caracter\u00edsticas especiales del vaporizador BANGBOX 30K single flavor dual coil? Si est\u00e1s cansado de cambiar tu vape<\/p>","protected":false},"featured_media":17103,"comment_status":"open","ping_status":"closed","template":"","meta":[],"product_brand":[231],"product_cat":[124,187,185,189,1637,158,174,175,193,191,173,186,180,190,192],"product_tag":[],"class_list":{"0":"post-17079","1":"product","2":"type-product","3":"status-publish","4":"has-post-thumbnail","6":"product_brand-bang-box","7":"product_cat-vape-by-brand","8":"product_cat-0mg-nicotine-free-vapes","9":"product_cat-10000-puffs-high-capacity","10":"product_cat-20mg-standard-nicotine-vapes","11":"product_cat-30000-puffs","12":"product_cat-bang-box","13":"product_cat-fruit-flavors","14":"product_cat-icy-mint","15":"product_cat-mesh-coil","16":"product_cat-rechargeable-disposables","17":"product_cat-vape-by-flavor-profile","18":"product_cat-vape-by-nicotine-strength","19":"product_cat-vape-by-puff-count","20":"product_cat-vape-by-feature-or-type","21":"product_cat-vapes-with-screens","23":"first","24":"onbackorder","25":"shipping-taxable","26":"purchasable","27":"product-type-variable","28":"has-default-attributes"},"tiered_pricing_type":"percentage","tiered_pricing_fixed_rules":[],"tiered_pricing_product_settings":{"layout":"default","base_unit_name":{"singular":null,"plural":null},"default_variation":null},"tiered_pricing_minimum_quantity":10,"tiered_pricing_roles_data":[],"tiered_pricing_percentage_rules":{"30":"29","50":"35","100":"40","200":"44","500":"47","1000":"49"},"tiered_pricing_maximum_quantity":null,"tiered_pricing_quantity_step":"10","_links":{"self":[{"href":"https:\/\/agoravape.com\/es\/wp-json\/wp\/v2\/product\/17079","targetHints":{"allow":["GET"]}}],"collection":[{"href":"https:\/\/agoravape.com\/es\/wp-json\/wp\/v2\/product"}],"about":[{"href":"https:\/\/agoravape.com\/es\/wp-json\/wp\/v2\/types\/product"}],"replies":[{"embeddable":true,"href":"https:\/\/agoravape.com\/es\/wp-json\/wp\/v2\/comments?post=17079"}],"version-history":[{"count":1,"href":"https:\/\/agoravape.com\/es\/wp-json\/wp\/v2\/product\/17079\/revisions"}],"predecessor-version":[{"id":29814,"href":"https:\/\/agoravape.com\/es\/wp-json\/wp\/v2\/product\/17079\/revisions\/29814"}],"wp:featuredmedia":[{"embeddable":true,"href":"https:\/\/agoravape.com\/es\/wp-json\/wp\/v2\/media\/17103"}],"wp:attachment":[{"href":"https:\/\/agoravape.com\/es\/wp-json\/wp\/v2\/media?parent=17079"}],"wp:term":[{"taxonomy":"product_brand","embeddable":true,"href":"https:\/\/agoravape.com\/es\/wp-json\/wp\/v2\/product_brand?post=17079"},{"taxonomy":"product_cat","embeddable":true,"href":"https:\/\/agoravape.com\/es\/wp-json\/wp\/v2\/product_cat?post=17079"},{"taxonomy":"product_tag","embeddable":true,"href":"https:\/\/agoravape.com\/es\/wp-json\/wp\/v2\/product_tag?post=17079"}],"curies":[{"name":"wp","href":"https:\/\/api.w.org\/{rel}","templated":true}]}}