{"id":17105,"date":"2025-10-18T12:02:44","date_gmt":"2025-10-18T04:02:44","guid":{"rendered":"https:\/\/green-grasshopper-921422.hostingersite.com\/?post_type=product&#038;p=17105"},"modified":"2026-03-31T04:20:44","modified_gmt":"2026-03-31T02:20:44","slug":"bangbox-30000-puffs-dual-flavor-vape","status":"publish","type":"product","link":"https:\/\/agoravape.com\/es\/product\/bangbox-30000-puffs-dual-flavor-vape\/","title":{"rendered":"BANGBOX 30K Puffs - Vape de doble sabor con pantalla intercambiable | Dos sabores de barril, dise\u00f1ado para durar"},"content":{"rendered":"<h2 data-v-md-heading=\"what-is-special-about-bangbox-30k-dual-flavor-switchable-screen-vape\" data-v-md-line=\"3\"><img loading=\"lazy\" decoding=\"async\" class=\"aligncenter size-full wp-image-17119\" src=\"https:\/\/agoravape.com\/wp-content\/uploads\/2025\/10\/BANGBOX-30K-Puffs-Dual-Flavor-Switchable-Screen-Vape_Agora_vape-1-scaled.webp\" alt=\"\" width=\"2560\" height=\"1440\" srcset=\"https:\/\/agoravape.com\/wp-content\/uploads\/2025\/10\/BANGBOX-30K-Puffs-Dual-Flavor-Switchable-Screen-Vape_Agora_vape-1-scaled.webp 2560w, https:\/\/agoravape.com\/wp-content\/uploads\/2025\/10\/BANGBOX-30K-Puffs-Dual-Flavor-Switchable-Screen-Vape_Agora_vape-1-scaled-1200x675.webp 1200w, https:\/\/agoravape.com\/wp-content\/uploads\/2025\/10\/BANGBOX-30K-Puffs-Dual-Flavor-Switchable-Screen-Vape_Agora_vape-1-300x169.webp 300w, https:\/\/agoravape.com\/wp-content\/uploads\/2025\/10\/BANGBOX-30K-Puffs-Dual-Flavor-Switchable-Screen-Vape_Agora_vape-1-1024x576.webp 1024w, https:\/\/agoravape.com\/wp-content\/uploads\/2025\/10\/BANGBOX-30K-Puffs-Dual-Flavor-Switchable-Screen-Vape_Agora_vape-1-768x432.webp 768w, https:\/\/agoravape.com\/wp-content\/uploads\/2025\/10\/BANGBOX-30K-Puffs-Dual-Flavor-Switchable-Screen-Vape_Agora_vape-1-1536x864.webp 1536w, https:\/\/agoravape.com\/wp-content\/uploads\/2025\/10\/BANGBOX-30K-Puffs-Dual-Flavor-Switchable-Screen-Vape_Agora_vape-1-2048x1152.webp 2048w\" sizes=\"auto, (max-width: 2560px) 100vw, 2560px\" \/><\/h2>\n<h2 data-v-md-heading=\"what-is-special-about-bangbox-30k-dual-flavor-switchable-screen-vape\" data-v-md-line=\"3\">\u00bfQu\u00e9 tiene de especial el vaporizador de pantalla intercambiable de doble sabor BANGBOX 30K?<\/h2>\n<p data-v-md-line=\"4\">Si est\u00e1s cansado de cambiar constantemente de dispositivo para saborear, este producto sin duda te har\u00e1 feliz. BANGBOX te permite llevar dos sabores en un solo dispositivo y cambiar de pantalla en cualquier momento y lugar. Sin esfuerzo ni rebuscar en el bolsillo.<\/p>\n<p data-v-md-line=\"6\">Si buscas una bater\u00eda de larga duraci\u00f3n y un manejo c\u00f3modo, este producto es la opci\u00f3n ideal. Su dise\u00f1o compacto ofrece hasta 30\u00a0000 succiones y est\u00e1 equipado con una pantalla clara que muestra el nivel de bater\u00eda y el estado del e-l\u00edquido. Elige tu concentraci\u00f3n de nicotina preferida. Alterna entre diferentes sabores. \u00a1Empieza el d\u00eda con energ\u00eda!<\/p>\n<h2 data-v-md-heading=\"excellent-performance-easy-and-convenient\" data-v-md-line=\"8\">Excellent performance, easy and convenient<\/h2>\n<p data-v-md-line=\"9\">La resistencia de malla de 0.8 \u03a9 integrada garantiza un sabor refrescante desde el primer bocado hasta el \u00faltimo. La resistencia se calienta uniformemente, manteniendo tus sabores favoritos suaves y potentes. Cuando la bater\u00eda est\u00e9 baja, simplemente usa el cable de datos tipo C para cargarlo, que puede ser el mismo que usas para tu tel\u00e9fono. Es muy sencillo.<\/p>\n<h2 data-v-md-heading=\"specification-introduction\" data-v-md-line=\"11\">Specification Introduction<\/h2>\n<ul data-v-md-line=\"12\">\n<li>Suction frequency: up to 30000 times<\/li>\n<li>Nicotine content: 0%, 2%, 3%, 5%<\/li>\n<li>Working principle: Activate with just one puff<\/li>\n<li>Charging: Standard Type-C USB interface<\/li>\n<li>Status: Ready to use upon unboxing<\/li>\n<\/ul>\n<h2 data-v-md-heading=\"full-range-of-flavors\" data-v-md-line=\"18\">Gama completa de sabores<\/h2>\n<ul data-v-md-line=\"19\">\n<li>Batido de sand\u00eda combinado con kiwi y fresa<\/li>\n<li>Sand\u00eda fresa combinada con kiwi fresa<\/li>\n<li>Batido de ar\u00e1ndanos con jugo de melocot\u00f3n<\/li>\n<li>Kiwi, maracuy\u00e1 y guayaba combinados con batido de ar\u00e1ndanos<\/li>\n<li>Helado de ar\u00e1ndanos y frambuesa \u00e1cida con frutas mixtas<\/li>\n<li>Batido de tres bayas con fresa y mango<\/li>\n<li>Chicle de sand\u00eda con sand\u00eda fresa<\/li>\n<li>Batido de ar\u00e1ndanos combinado con batido de sand\u00eda<\/li>\n<li>Sand\u00eda fresa combinada con kiwi, maracuy\u00e1 y guayaba.<\/li>\n<li>Arena de hielo de drag\u00f3n negro con mango, melocot\u00f3n y sand\u00eda<\/li>\n<li>Batido de ar\u00e1ndanos combinado con uvas dobles<\/li>\n<li>Batido de ar\u00e1ndanos combinado con fresa y mango<\/li>\n<\/ul>\n<h2 data-v-md-heading=\"for-you-and-your-business\" data-v-md-line=\"32\">For you and your business<\/h2>\n<p data-v-md-line=\"33\">Comprar para uno mismo es muy sencillo. Elija su combinaci\u00f3n de sabores y contenido de nicotina favoritos, y disfrute de una bater\u00eda de larga duraci\u00f3n. Si es usted minorista, puede comprar <a class=\"wpil_keyword_link\" href=\"https:\/\/agoravape.com\/es\/marca\/bang-box\/\" target=\"_blank\" rel=\"noopener\" title=\"CAJA DE EXPLOSI\u00d3N\" data-wpil-keyword-link=\"linked\" data-wpil-monitor-id=\"7161\">BANGBOX<\/a> a un precio mayorista de 10 unidades por caja. Tambi\u00e9n ofrecemos cajas de cart\u00f3n peque\u00f1as para 100 unidades y cajas de cart\u00f3n grandes para 160 unidades, lo que le facilitar\u00e1 la planificaci\u00f3n del espacio en sus estanter\u00edas.<\/p>\n<p data-v-md-line=\"35\">Enviamos su pedido a trav\u00e9s de UPS, DPD y DHL con el sistema DDP con IVA incluido a toda Europa para garantizar una entrega r\u00e1pida y evitar problemas aduaneros. Si necesita ayuda con la selecci\u00f3n de sabores o con los requisitos de cumplimiento, nuestro equipo est\u00e1 siempre disponible para ayudarle.<\/p>\n<h2 data-v-md-heading=\"why-do-you-like-it\" data-v-md-line=\"37\">Why do you like it<\/h2>\n<ul data-v-md-line=\"38\">\n<li>Succi\u00f3n excesiva: menos reemplazos, ahorrando dinero y esfuerzo<\/li>\n<li>Cambio de sabor dual: cambia de sabor en cualquier momento para satisfacer tus necesidades<\/li>\n<li>Selecci\u00f3n de contenido de nicotina: 0%, 2%, 3% o 5% de nicotina para satisfacer sus preferencias<\/li>\n<li>Recargable: La carga tipo C le permite utilizar todos los l\u00edquidos electr\u00f3nicos comprados<\/li>\n<li>Bobina de malla: sabor consistente, limpio y crujiente, satisfactorio.<\/li>\n<li>Pantalla clara: las luces indicadoras de bater\u00eda y e-l\u00edquido lo mantienen informado en todo momento<\/li>\n<\/ul>\n<h2 data-v-md-heading=\"why-collaborate-with-agoravape\" data-v-md-line=\"45\">Why collaborate with AgoraVape?<\/h2>\n<p data-v-md-line=\"46\">Solo vendemos productos 100% genuinos y no tenemos ninguna duda al respecto. Para clientes comerciales, esto significa que los vaporizadores BANGBOX 30K con filtro intercambiable de doble sabor ofrecen precios al por mayor con descuento, un servicio posventa r\u00e1pido y entrega r\u00e1pida DDP. Cont\u00e1ctanos para abastecer a tus clientes y hacer que se enamoren de verdad y regresen.<\/p>\n<p data-v-md-line=\"48\">Aviso para personas curiosas:<\/p>\n<ul data-v-md-line=\"49\">\n<li>Bater\u00eda: \u00f3xido de cobalto de litio de 850 mAh, descarga de 5 A<\/li>\n<li>E-l\u00edquido: capacidad total 35 mililitros<\/li>\n<li>Tama\u00f1o y peso: 115 \u00d7 68 \u00d7 33 mil\u00edmetros, 129 gramos<\/li>\n<li>Pantalla: muestra los niveles de bater\u00eda y e-l\u00edquido, lo que le permite planificar f\u00e1cilmente la carga y el cambio de sabor.<\/li>\n<\/ul>","protected":false},"excerpt":{"rendered":"<p>\u00bfQu\u00e9 tiene de especial el vaporizador de pantalla intercambiable de doble sabor BANGBOX 30K? Si est\u00e1 cansado de cambiar frecuentemente de dispositivo para<\/p>","protected":false},"featured_media":17131,"comment_status":"open","ping_status":"closed","template":"","meta":[],"product_brand":[231],"product_cat":[124,187,185,189,1637,158,195,174,175,193,191,173,186,180,190,192],"product_tag":[],"class_list":{"0":"post-17105","1":"product","2":"type-product","3":"status-publish","4":"has-post-thumbnail","6":"product_brand-bang-box","7":"product_cat-vape-by-brand","8":"product_cat-0mg-nicotine-free-vapes","9":"product_cat-10000-puffs-high-capacity","10":"product_cat-20mg-standard-nicotine-vapes","11":"product_cat-30000-puffs","12":"product_cat-bang-box","13":"product_cat-dual-flavor-switch","14":"product_cat-fruit-flavors","15":"product_cat-icy-mint","16":"product_cat-mesh-coil","17":"product_cat-rechargeable-disposables","18":"product_cat-vape-by-flavor-profile","19":"product_cat-vape-by-nicotine-strength","20":"product_cat-vape-by-puff-count","21":"product_cat-vape-by-feature-or-type","22":"product_cat-vapes-with-screens","24":"first","25":"onbackorder","26":"shipping-taxable","27":"purchasable","28":"product-type-variable","29":"has-default-attributes"},"tiered_pricing_type":"percentage","tiered_pricing_fixed_rules":[],"tiered_pricing_product_settings":{"layout":"default","base_unit_name":{"singular":null,"plural":null},"default_variation":null},"tiered_pricing_minimum_quantity":10,"tiered_pricing_roles_data":[],"tiered_pricing_percentage_rules":{"30":"29","50":"35","100":"40","200":"44","500":"47","1000":"49"},"tiered_pricing_maximum_quantity":null,"tiered_pricing_quantity_step":"10","_links":{"self":[{"href":"https:\/\/agoravape.com\/es\/wp-json\/wp\/v2\/product\/17105","targetHints":{"allow":["GET"]}}],"collection":[{"href":"https:\/\/agoravape.com\/es\/wp-json\/wp\/v2\/product"}],"about":[{"href":"https:\/\/agoravape.com\/es\/wp-json\/wp\/v2\/types\/product"}],"replies":[{"embeddable":true,"href":"https:\/\/agoravape.com\/es\/wp-json\/wp\/v2\/comments?post=17105"}],"version-history":[{"count":1,"href":"https:\/\/agoravape.com\/es\/wp-json\/wp\/v2\/product\/17105\/revisions"}],"predecessor-version":[{"id":29813,"href":"https:\/\/agoravape.com\/es\/wp-json\/wp\/v2\/product\/17105\/revisions\/29813"}],"wp:featuredmedia":[{"embeddable":true,"href":"https:\/\/agoravape.com\/es\/wp-json\/wp\/v2\/media\/17131"}],"wp:attachment":[{"href":"https:\/\/agoravape.com\/es\/wp-json\/wp\/v2\/media?parent=17105"}],"wp:term":[{"taxonomy":"product_brand","embeddable":true,"href":"https:\/\/agoravape.com\/es\/wp-json\/wp\/v2\/product_brand?post=17105"},{"taxonomy":"product_cat","embeddable":true,"href":"https:\/\/agoravape.com\/es\/wp-json\/wp\/v2\/product_cat?post=17105"},{"taxonomy":"product_tag","embeddable":true,"href":"https:\/\/agoravape.com\/es\/wp-json\/wp\/v2\/product_tag?post=17105"}],"curies":[{"name":"wp","href":"https:\/\/api.w.org\/{rel}","templated":true}]}}