{"id":17136,"date":"2025-10-18T12:30:30","date_gmt":"2025-10-18T04:30:30","guid":{"rendered":"https:\/\/green-grasshopper-921422.hostingersite.com\/?post_type=product&#038;p=17136"},"modified":"2026-03-31T01:41:40","modified_gmt":"2026-03-30T23:41:40","slug":"bangbox-35000-bocanadas-vape","status":"publish","type":"product","link":"https:\/\/agoravape.com\/es\/product\/bangbox-35000-puffs-vape\/","title":{"rendered":"Vape desechable Bangbox de 35\u00a0000 bocanadas y potencia ajustable | Gran capacidad, control sencillo"},"content":{"rendered":"<h2 data-v-md-heading=\"what-is-special-about-bangbox-35k-disposable-vape-with-adjustable-power\" data-v-md-line=\"3\"><img loading=\"lazy\" decoding=\"async\" class=\"aligncenter size-full wp-image-17133\" src=\"https:\/\/agoravape.com\/wp-content\/uploads\/2025\/10\/BANGBOX-35K-Puffs-Adjustable-Power-Disposable-Vape_Agora_vape-1-scaled.webp\" alt=\"\" width=\"2560\" height=\"1805\" srcset=\"https:\/\/agoravape.com\/wp-content\/uploads\/2025\/10\/BANGBOX-35K-Puffs-Adjustable-Power-Disposable-Vape_Agora_vape-1-scaled.webp 2560w, https:\/\/agoravape.com\/wp-content\/uploads\/2025\/10\/BANGBOX-35K-Puffs-Adjustable-Power-Disposable-Vape_Agora_vape-1-scaled-1200x846.webp 1200w, https:\/\/agoravape.com\/wp-content\/uploads\/2025\/10\/BANGBOX-35K-Puffs-Adjustable-Power-Disposable-Vape_Agora_vape-1-300x212.webp 300w, https:\/\/agoravape.com\/wp-content\/uploads\/2025\/10\/BANGBOX-35K-Puffs-Adjustable-Power-Disposable-Vape_Agora_vape-1-1024x722.webp 1024w, https:\/\/agoravape.com\/wp-content\/uploads\/2025\/10\/BANGBOX-35K-Puffs-Adjustable-Power-Disposable-Vape_Agora_vape-1-768x542.webp 768w, https:\/\/agoravape.com\/wp-content\/uploads\/2025\/10\/BANGBOX-35K-Puffs-Adjustable-Power-Disposable-Vape_Agora_vape-1-1536x1083.webp 1536w, https:\/\/agoravape.com\/wp-content\/uploads\/2025\/10\/BANGBOX-35K-Puffs-Adjustable-Power-Disposable-Vape_Agora_vape-1-2048x1444.webp 2048w\" sizes=\"auto, (max-width: 2560px) 100vw, 2560px\" \/><\/h2>\n<h2 data-v-md-heading=\"what-is-special-about-bangbox-35k-disposable-vape-with-adjustable-power\" data-v-md-line=\"3\">\u00bfQu\u00e9 tiene de especial el vaporizador desechable BANGBOX 35K con potencia ajustable?<\/h2>\n<p data-v-md-line=\"4\">Si est\u00e1s cansado de los vaporizadores desechables que consumen demasiada energ\u00eda, definitivamente vale la pena echarle un vistazo a este producto. El vaporizador desechable BANGBOX 35K de potencia ajustable ofrece hasta 35\u00a0000 caladas y cuenta con potencia ajustable, lo que te permite ajustar las caladas seg\u00fan tu estado de \u00e1nimo.<\/p>\n<p data-v-md-line=\"6\">Para quienes buscan un vapeo confiable, delicioso y pr\u00e1ctico, es la opci\u00f3n ideal. La pantalla transparente de la bater\u00eda y el e-l\u00edquido te permite saber siempre cu\u00e1ndo necesitas cargarlo o cu\u00e1ndo la bater\u00eda est\u00e1 baja. Con una capacidad tan grande, podr\u00eda parecer voluminoso, pero cabe f\u00e1cilmente en el bolsillo de una chaqueta.<\/p>\n<h2 data-v-md-heading=\"excellent-performance-easy-and-convenient\" data-v-md-line=\"8\">Excellent performance, easy and convenient<\/h2>\n<p data-v-md-line=\"9\">Las resistencias de doble malla de 0,8 \u03a9 garantizan un sabor consistente desde el primer bocado hasta el \u00faltimo. La activaci\u00f3n por tir\u00f3n evita tener que manipular ning\u00fan bot\u00f3n. Cuando la bater\u00eda est\u00e9 baja, simplemente con\u00e9ctelo al cable de datos tipo C que ya est\u00e9 en uso en el tel\u00e9fono. Es muy sencillo.<\/p>\n<h2 data-v-md-heading=\"specification-overview\" data-v-md-line=\"11\">Specification Overview<\/h2>\n<p data-v-md-line=\"12\"><strong>N\u00famero de succiones<\/strong>:hasta 35000 succiones<br \/>\n<strong>Contenido de nicotina<\/strong>: 0%, 2%, 3% o 5%<br \/>\n<strong>Principio de funcionamiento<\/strong>:Activar con una sola calada<br \/>\n<strong>Cargando<\/strong>: Interfaz USB tipo C est\u00e1ndar<br \/>\n<strong>Estado<\/strong>Listo para usar al desempaquetarlo<br \/>\n<strong>capacidad de e-l\u00edquido<\/strong>:35 mililitros<br \/>\n<strong>n\u00facleo atomizador<\/strong>: Bobina de malla doble de 0,8 \u03a9<br \/>\n<strong>Fuerza<\/strong>:Salida ajustable<br \/>\n<strong>Pantalla de visualizaci\u00f3n<\/strong>:Luces indicadoras de bater\u00eda y e-l\u00edquido<br \/>\n<strong>Tama\u00f1o y peso<\/strong>: 115 \u00d7 68 \u00d7 33 mil\u00edmetros, 105 gramos<\/p>\n<h2 data-v-md-heading=\"full-range-of-flavors\" data-v-md-line=\"23\">Gama completa de sabores<\/h2>\n<ul data-v-md-line=\"24\">\n<li>Strawberry kiwi fruit<\/li>\n<li>Batido de ar\u00e1ndanos<\/li>\n<li>Sand\u00eda fresa<\/li>\n<li>Granadilla<\/li>\n<li>Refresco de cola de lim\u00f3n<\/li>\n<li>Batido de sand\u00eda<\/li>\n<li>Chicle de sand\u00eda<\/li>\n<li>Kiwi, maracuy\u00e1, guayaba<\/li>\n<li>Batido de ar\u00e1ndanos<\/li>\n<li>Cereza de sand\u00eda<\/li>\n<li>Toro rojo<\/li>\n<li>Pomelo con menta<\/li>\n<\/ul>\n<h2 data-v-md-heading=\"for-you-and-for-your-business-as-well\" data-v-md-line=\"37\">For you, and for your business as well<\/h2>\n<p data-v-md-line=\"38\">Puedes elegir <a class=\"wpil_keyword_link\" href=\"https:\/\/agoravape.com\/es\/vapear-por-marca\/bang-box\/\" target=\"_blank\" rel=\"noopener\" title=\"CAJA DE EXPLOSI\u00d3N\" data-wpil-keyword-link=\"linked\" data-wpil-monitor-id=\"7110\">BANGBOX<\/a> 35 000 unidades para uso personal o para a\u00f1adir a tu tienda. Embalaje al por mayor de 10 unidades por caja para facilitar la gesti\u00f3n del inventario. Para pedidos al por mayor, puedes elegir entre una caja peque\u00f1a con 100 unidades o una caja grande con 200 unidades.<\/p>\n<p data-v-md-line=\"40\">Utilizamos socios de confianza como UPS, DPD y DHL para enviar sus productos a toda Europa con entrega con derechos pagados (DDP), lo que garantiza una entrega r\u00e1pida y evita accidentes aduaneros.<\/p>\n<h2 data-v-md-heading=\"why-do-you-like-it\" data-v-md-line=\"42\">Why do you like it<\/h2>\n<p data-v-md-line=\"43\"><strong>Gran calibre:<\/strong>\u00a0Duradero y de larga duraci\u00f3n, no es necesario reemplazar el equipo cada pocos d\u00edas.<br \/>\n<strong>Selecci\u00f3n de nicotina<\/strong>:Cuatro concentraciones de nicotina le permiten ajustar la bocanada deseada.<br \/>\n<strong>Recargable<\/strong>:Puedes utilizar todos los e-l\u00edquidos adquiridos a la vez sin necesidad de desecharlos previamente.<br \/>\n<strong>Bobina de malla<\/strong>:Cada succi\u00f3n puede brindar un vapor suave y un sabor estable.<br \/>\n<strong>Potencia ajustable<\/strong>Aumentar la potencia puede proporcionar un sabor fuerte, mientras que disminuirla puede proporcionar un sabor m\u00e1s suave.<br \/>\n<strong>Pantalla clara<\/strong>:Comprueba los niveles restantes de bater\u00eda y de e-l\u00edquido de un vistazo, lo que te permitir\u00e1 estar listo en cualquier momento.<\/p>\n<h2 data-v-md-heading=\"why-choose-agoravape\" data-v-md-line=\"50\">\u00bfPor qu\u00e9 elegir AgoraVape?<\/h2>\n<p data-v-md-line=\"51\">We only purchase 100% genuine equipment from trustworthy manufacturers. <a class=\"wpil_keyword_link\" href=\"https:\/\/agoravape.com\/es\/marca\/bang-box\/\" target=\"_blank\" rel=\"noopener\" title=\"CAJA DE EXPLOSI\u00d3N\" data-wpil-keyword-link=\"linked\" data-wpil-monitor-id=\"7160\">BANGBOX<\/a> 35K adjustable power disposable vape, you will receive highly competitive wholesale prices, fast response support, and fast DDP delivery services within the European Union. We are responsible for compliance and age verification, ensuring you can sell with peace of mind. Please contact our team to reserve equipment worth returning to for your customers.<\/p>","protected":false},"excerpt":{"rendered":"<p>&nbsp;<\/p>","protected":false},"featured_media":17159,"comment_status":"open","ping_status":"closed","template":"","meta":[],"product_brand":[231],"product_cat":[124,187,185,189,158,174,175,193,191,173,186,180,190,192],"product_tag":[],"class_list":{"0":"post-17136","1":"product","2":"type-product","3":"status-publish","4":"has-post-thumbnail","6":"product_brand-bang-box","7":"product_cat-vape-by-brand","8":"product_cat-0mg-nicotine-free-vapes","9":"product_cat-10000-puffs-high-capacity","10":"product_cat-20mg-standard-nicotine-vapes","11":"product_cat-bang-box","12":"product_cat-fruit-flavors","13":"product_cat-icy-mint","14":"product_cat-mesh-coil","15":"product_cat-rechargeable-disposables","16":"product_cat-vape-by-flavor-profile","17":"product_cat-vape-by-nicotine-strength","18":"product_cat-vape-by-puff-count","19":"product_cat-vape-by-feature-or-type","20":"product_cat-vapes-with-screens","22":"first","23":"onbackorder","24":"shipping-taxable","25":"purchasable","26":"product-type-variable","27":"has-default-attributes"},"tiered_pricing_type":"percentage","tiered_pricing_fixed_rules":[],"tiered_pricing_product_settings":{"layout":"default","base_unit_name":{"singular":null,"plural":null},"default_variation":null},"tiered_pricing_minimum_quantity":10,"tiered_pricing_roles_data":[],"tiered_pricing_percentage_rules":{"30":"29","50":"35","100":"40","200":"44","500":"47","1000":"49"},"tiered_pricing_maximum_quantity":null,"tiered_pricing_quantity_step":"10","_links":{"self":[{"href":"https:\/\/agoravape.com\/es\/wp-json\/wp\/v2\/product\/17136","targetHints":{"allow":["GET"]}}],"collection":[{"href":"https:\/\/agoravape.com\/es\/wp-json\/wp\/v2\/product"}],"about":[{"href":"https:\/\/agoravape.com\/es\/wp-json\/wp\/v2\/types\/product"}],"replies":[{"embeddable":true,"href":"https:\/\/agoravape.com\/es\/wp-json\/wp\/v2\/comments?post=17136"}],"version-history":[{"count":2,"href":"https:\/\/agoravape.com\/es\/wp-json\/wp\/v2\/product\/17136\/revisions"}],"predecessor-version":[{"id":29812,"href":"https:\/\/agoravape.com\/es\/wp-json\/wp\/v2\/product\/17136\/revisions\/29812"}],"wp:featuredmedia":[{"embeddable":true,"href":"https:\/\/agoravape.com\/es\/wp-json\/wp\/v2\/media\/17159"}],"wp:attachment":[{"href":"https:\/\/agoravape.com\/es\/wp-json\/wp\/v2\/media?parent=17136"}],"wp:term":[{"taxonomy":"product_brand","embeddable":true,"href":"https:\/\/agoravape.com\/es\/wp-json\/wp\/v2\/product_brand?post=17136"},{"taxonomy":"product_cat","embeddable":true,"href":"https:\/\/agoravape.com\/es\/wp-json\/wp\/v2\/product_cat?post=17136"},{"taxonomy":"product_tag","embeddable":true,"href":"https:\/\/agoravape.com\/es\/wp-json\/wp\/v2\/product_tag?post=17136"}],"curies":[{"name":"wp","href":"https:\/\/api.w.org\/{rel}","templated":true}]}}