{"id":17167,"date":"2025-10-18T14:02:56","date_gmt":"2025-10-18T06:02:56","guid":{"rendered":"https:\/\/green-grasshopper-921422.hostingersite.com\/?post_type=product&#038;p=17167"},"modified":"2026-01-19T22:01:16","modified_gmt":"2026-01-19T14:01:16","slug":"wga-30k-puffs-dual-flavor-tpd-vape","status":"publish","type":"product","link":"https:\/\/agoravape.com\/es\/product\/wga-30k-puffs-dual-flavor-tpd-vape\/","title":{"rendered":"Kit de vapeo WGA de 30.000 bocanadas con doble sabor y compatible con TPD | Gran duraci\u00f3n, dos sabores, cero complicaciones"},"content":{"rendered":"<h2 data-v-md-heading=\"what-is-special-about-the-wga-30k-dual-flavor-tpd-compatible-vape-set\" data-v-md-line=\"3\"><img loading=\"lazy\" decoding=\"async\" class=\"aligncenter size-full wp-image-17166\" src=\"https:\/\/agoravape.com\/wp-content\/uploads\/2025\/10\/WGA-30k-Puffs-Dual-Flavor-TPD-Compliant-Vape-Kit_Agora_vape-6.webp\" alt=\"\" width=\"1920\" height=\"874\" srcset=\"https:\/\/agoravape.com\/wp-content\/uploads\/2025\/10\/WGA-30k-Puffs-Dual-Flavor-TPD-Compliant-Vape-Kit_Agora_vape-6.webp 1920w, https:\/\/agoravape.com\/wp-content\/uploads\/2025\/10\/WGA-30k-Puffs-Dual-Flavor-TPD-Compliant-Vape-Kit_Agora_vape-6-1200x546.webp 1200w, https:\/\/agoravape.com\/wp-content\/uploads\/2025\/10\/WGA-30k-Puffs-Dual-Flavor-TPD-Compliant-Vape-Kit_Agora_vape-6-300x137.webp 300w, https:\/\/agoravape.com\/wp-content\/uploads\/2025\/10\/WGA-30k-Puffs-Dual-Flavor-TPD-Compliant-Vape-Kit_Agora_vape-6-1024x466.webp 1024w, https:\/\/agoravape.com\/wp-content\/uploads\/2025\/10\/WGA-30k-Puffs-Dual-Flavor-TPD-Compliant-Vape-Kit_Agora_vape-6-768x350.webp 768w, https:\/\/agoravape.com\/wp-content\/uploads\/2025\/10\/WGA-30k-Puffs-Dual-Flavor-TPD-Compliant-Vape-Kit_Agora_vape-6-1536x699.webp 1536w\" sizes=\"auto, (max-width: 1920px) 100vw, 1920px\" \/><\/h2>\n<h2 data-v-md-heading=\"what-is-special-about-the-wga-30k-dual-flavor-tpd-compatible-vape-set\" data-v-md-line=\"3\">\u00bfQu\u00e9 tiene de especial el kit de vapeo compatible con TPD de doble sabor WGA 30k?<\/h2>\n<p data-v-md-line=\"4\">Si est\u00e1s cansado de cambiar de dispositivo cada pocos d\u00edas, este set te facilitar\u00e1 la vida. El WGA 30k cumple con las normas TPD y ofrece hasta 30\u00a0000 ciclos de succi\u00f3n. Es un elegante dispositivo recargable que viene preinstalado con un compartimento para e-l\u00edquido de 2 ml y dos botellas de sales de nicotina de 10 ml. Esto garantiza un sabor duradero sin infringir las normas TPD.<\/p>\n<p data-v-md-line=\"6\">Es ideal para cualquier usuario que busque un rendimiento confiable y un mantenimiento sencillo. Sin men\u00fas ni operaciones tediosas. Solo un sabor exquisito y una bater\u00eda que se carga con un cable de datos tipo C.<\/p>\n<h2 data-v-md-heading=\"excellent-performance-easy-to-handle\" data-v-md-line=\"8\">Excelente rendimiento, f\u00e1cil de manejar.<\/h2>\n<p data-v-md-line=\"9\">La resistencia de doble malla es la base de este kit. Por eso, cada bocado es tan delicioso como el primer sorbo. El dispositivo muestra claramente el nivel de e-l\u00edquido y bater\u00eda, para que est\u00e9s tranquilo. Cuando la bater\u00eda est\u00e9 baja, puedes conectarlo a trav\u00e9s de la interfaz tipo C. Este cable de datos puede ser el mismo que el de tu tel\u00e9fono. Simple y pr\u00e1ctico.<\/p>\n<p data-v-md-line=\"11\">Puede pensar que las restricciones de TPD significan un tiempo de uso m\u00e1s corto, pero el dise\u00f1o de botella doble le permite usarlo durante un per\u00edodo de tiempo m\u00e1s largo.<\/p>\n<h2 data-v-md-heading=\"specification-introduction\" data-v-md-line=\"13\">Specification Introduction<\/h2>\n<ul data-v-md-line=\"14\">\n<li>Suction frequency: up to 30000 times<\/li>\n<li>Nicotina: Sal de nicotina, conforme a los est\u00e1ndares TPD (la concentraci\u00f3n var\u00eda seg\u00fan el mercado)<\/li>\n<li>Principio de funcionamiento: Activaci\u00f3n por inhalaci\u00f3n<\/li>\n<li>Charging: Standard Type-C USB interface<\/li>\n<li>Status: Ready to use out of the box<\/li>\n<\/ul>\n<h2 data-v-md-heading=\"full-range-of-flavors\" data-v-md-line=\"20\">Gama completa de sabores<\/h2>\n<ul data-v-md-line=\"21\">\n<li>Sabor a ar\u00e1ndano, frambuesa y cereza.<\/li>\n<li>Agua con sabor a ar\u00e1ndanos y lim\u00f3n<\/li>\n<li>Teddy bear gummy flavor<\/li>\n<li>Sabor a mango, melocot\u00f3n y sand\u00eda.<\/li>\n<li>Y m\u00e1s opciones para 27 sabores.<\/li>\n<\/ul>\n<p><img loading=\"lazy\" decoding=\"async\" class=\"aligncenter size-full wp-image-17161\" src=\"https:\/\/agoravape.com\/wp-content\/uploads\/2025\/10\/WGA-30k-Puffs-Dual-Flavor-TPD-Compliant-Vape-Kit_Agora_vape-1.webp\" alt=\"\" width=\"1920\" height=\"753\" srcset=\"https:\/\/agoravape.com\/wp-content\/uploads\/2025\/10\/WGA-30k-Puffs-Dual-Flavor-TPD-Compliant-Vape-Kit_Agora_vape-1.webp 1920w, https:\/\/agoravape.com\/wp-content\/uploads\/2025\/10\/WGA-30k-Puffs-Dual-Flavor-TPD-Compliant-Vape-Kit_Agora_vape-1-1200x471.webp 1200w, https:\/\/agoravape.com\/wp-content\/uploads\/2025\/10\/WGA-30k-Puffs-Dual-Flavor-TPD-Compliant-Vape-Kit_Agora_vape-1-300x118.webp 300w, https:\/\/agoravape.com\/wp-content\/uploads\/2025\/10\/WGA-30k-Puffs-Dual-Flavor-TPD-Compliant-Vape-Kit_Agora_vape-1-1024x402.webp 1024w, https:\/\/agoravape.com\/wp-content\/uploads\/2025\/10\/WGA-30k-Puffs-Dual-Flavor-TPD-Compliant-Vape-Kit_Agora_vape-1-768x301.webp 768w, https:\/\/agoravape.com\/wp-content\/uploads\/2025\/10\/WGA-30k-Puffs-Dual-Flavor-TPD-Compliant-Vape-Kit_Agora_vape-1-1536x602.webp 1536w\" sizes=\"auto, (max-width: 1920px) 100vw, 1920px\" \/><\/p>\n<h2 data-v-md-heading=\"for-you-and-your-business\" data-v-md-line=\"27\">For you and your business<\/h2>\n<p data-v-md-line=\"28\">C\u00f3mpralo t\u00fa mismo. Disfrutar\u00e1s de un proceso sencillo. Usa el e-l\u00edquido de 10 ml incluido, comprueba la cantidad restante en la pantalla y luego c\u00e1rgalo a trav\u00e9s de la interfaz tipo C. \u00a1Listo!<\/p>\n<p data-v-md-line=\"30\">Abast\u00e9cete para tu tienda. Suministramos sets de vapeo est\u00e1ndar TPD de doble sabor WGA 30000 en 120 cajas de cart\u00f3n al por mayor. Colaboramos con socios como UPS, DPD y DHL para ofrecer servicios de entrega DDP dentro de Europa, lo que permite procesar los aranceles con antelaci\u00f3n y evitar problemas aduaneros.<\/p>\n<h2 data-v-md-heading=\"why-do-you-like-it\" data-v-md-line=\"32\">Why do you like it<\/h2>\n<ul data-v-md-line=\"33\">\n<li>Capacidad extra grande: se pueden reponer hasta 30 000 puertos cada vez, lo que reduce la frecuencia de compra.<\/li>\n<li>Sabores duales: un juego incluye dos sabores, lo que proporciona m\u00e1s opciones.<\/li>\n<li>Recargable: carga tipo C, lo que le permite aprovechar hasta la \u00faltima gota.<\/li>\n<li>Bobinas de doble malla: de principio a fin, sabor consistentemente rico<\/li>\n<li>Pantalla inteligente: las luces indicadoras de bater\u00eda y e-l\u00edquido lo mantienen informado de la situaci\u00f3n en cualquier momento.<\/li>\n<li>Conjunto compatible con TPD: aceite precargado de 2 ml y dos botellas de sal de nicotina de 10 ml para una f\u00e1cil reposici\u00f3n<\/li>\n<\/ul>\n<h2 data-v-md-heading=\"why-choose-to-collaborate-with-agoravape\" data-v-md-line=\"40\">Why choose to collaborate with AgoraVape?<\/h2>\n<p data-v-md-line=\"41\">Solo vendemos productos originales y no tenemos ninguna duda al respecto. Para clientes comerciales, esto significa que los sets de vapeo WGA 30k de doble sabor, compatibles con TPD, ofrecen precios al por mayor con descuento, comunicaci\u00f3n clara y servicios de entrega DDP r\u00e1pidos y confiables. \u00bfBusca un producto que realmente atraiga clientes? Cont\u00e1ctenos.<\/p>\n<p><script src=\"chrome-extension:\/\/fpelahbljekknahkcaegamhcndkfpfnc\/iFrame.js\" type=\"text\/javascript\"><\/script><\/p>","protected":false},"excerpt":{"rendered":"<p>&nbsp;<\/p>\n<p><script src=\"chrome-extension:\/\/fpelahbljekknahkcaegamhcndkfpfnc\/iFrame.js\" type=\"text\/javascript\"><\/script><\/p>\n<p><script src=\"chrome-extension:\/\/fpelahbljekknahkcaegamhcndkfpfnc\/iFrame.js\" type=\"text\/javascript\"><\/script><\/p>\n<p><script src=\"chrome-extension:\/\/fpelahbljekknahkcaegamhcndkfpfnc\/iFrame.js\" type=\"text\/javascript\"><\/script><\/p>\n<p><script src=\"chrome-extension:\/\/fpelahbljekknahkcaegamhcndkfpfnc\/iFrame.js\" type=\"text\/javascript\"><\/script><\/p>\n<p><script src=\"chrome-extension:\/\/fpelahbljekknahkcaegamhcndkfpfnc\/iFrame.js\" type=\"text\/javascript\"><\/script><\/p>\n<p><script src=\"chrome-extension:\/\/fpelahbljekknahkcaegamhcndkfpfnc\/iFrame.js\" type=\"text\/javascript\"><\/script><\/p>\n<p><script src=\"chrome-extension:\/\/fpelahbljekknahkcaegamhcndkfpfnc\/iFrame.js\" type=\"text\/javascript\"><\/script><\/p>\n<p><script src=\"chrome-extension:\/\/fpelahbljekknahkcaegamhcndkfpfnc\/iFrame.js\" type=\"text\/javascript\"><\/script><\/p>\n<p><script src=\"chrome-extension:\/\/fpelahbljekknahkcaegamhcndkfpfnc\/iFrame.js\" type=\"text\/javascript\"><\/script><\/p>\n<p><script src=\"chrome-extension:\/\/fpelahbljekknahkcaegamhcndkfpfnc\/iFrame.js\" type=\"text\/javascript\"><\/script><\/p>\n<p><script src=\"chrome-extension:\/\/fpelahbljekknahkcaegamhcndkfpfnc\/iFrame.js\" type=\"text\/javascript\"><\/script><\/p>\n<p><script src=\"chrome-extension:\/\/fpelahbljekknahkcaegamhcndkfpfnc\/iFrame.js\" type=\"text\/javascript\"><\/script><\/p>\n<p><script src=\"chrome-extension:\/\/fpelahbljekknahkcaegamhcndkfpfnc\/iFrame.js\" type=\"text\/javascript\"><\/script><\/p>\n<p><script src=\"chrome-extension:\/\/fpelahbljekknahkcaegamhcndkfpfnc\/iFrame.js\" type=\"text\/javascript\"><\/script><\/p>","protected":false},"featured_media":17163,"comment_status":"open","ping_status":"closed","template":"","meta":[],"product_brand":[232],"product_cat":[124,185,189,195,174,175,193,191,173,186,180,190,192,159],"product_tag":[],"class_list":{"0":"post-17167","1":"product","2":"type-product","3":"status-publish","4":"has-post-thumbnail","6":"product_brand-wga","7":"product_cat-vape-by-brand","8":"product_cat-10000-puffs-high-capacity","9":"product_cat-20mg-standard-nicotine-vapes","10":"product_cat-dual-flavor-switch","11":"product_cat-fruit-flavors","12":"product_cat-icy-mint","13":"product_cat-mesh-coil","14":"product_cat-rechargeable-disposables","15":"product_cat-vape-by-flavor-profile","16":"product_cat-vape-by-nicotine-strength","17":"product_cat-vape-by-puff-count","18":"product_cat-vape-by-feature-or-type","19":"product_cat-vapes-with-screens","20":"product_cat-wga","22":"first","23":"onbackorder","24":"shipping-taxable","25":"purchasable","26":"product-type-variable","27":"has-default-attributes"},"tiered_pricing_type":"percentage","tiered_pricing_fixed_rules":[],"tiered_pricing_product_settings":{"layout":"default","base_unit_name":{"singular":null,"plural":null},"default_variation":null},"tiered_pricing_minimum_quantity":50,"tiered_pricing_roles_data":[],"tiered_pricing_percentage_rules":{"100":"40","200":"44","500":"47","1000":"49"},"tiered_pricing_maximum_quantity":null,"tiered_pricing_quantity_step":"10","_links":{"self":[{"href":"https:\/\/agoravape.com\/es\/wp-json\/wp\/v2\/product\/17167","targetHints":{"allow":["GET"]}}],"collection":[{"href":"https:\/\/agoravape.com\/es\/wp-json\/wp\/v2\/product"}],"about":[{"href":"https:\/\/agoravape.com\/es\/wp-json\/wp\/v2\/types\/product"}],"replies":[{"embeddable":true,"href":"https:\/\/agoravape.com\/es\/wp-json\/wp\/v2\/comments?post=17167"}],"version-history":[{"count":0,"href":"https:\/\/agoravape.com\/es\/wp-json\/wp\/v2\/product\/17167\/revisions"}],"wp:featuredmedia":[{"embeddable":true,"href":"https:\/\/agoravape.com\/es\/wp-json\/wp\/v2\/media\/17163"}],"wp:attachment":[{"href":"https:\/\/agoravape.com\/es\/wp-json\/wp\/v2\/media?parent=17167"}],"wp:term":[{"taxonomy":"product_brand","embeddable":true,"href":"https:\/\/agoravape.com\/es\/wp-json\/wp\/v2\/product_brand?post=17167"},{"taxonomy":"product_cat","embeddable":true,"href":"https:\/\/agoravape.com\/es\/wp-json\/wp\/v2\/product_cat?post=17167"},{"taxonomy":"product_tag","embeddable":true,"href":"https:\/\/agoravape.com\/es\/wp-json\/wp\/v2\/product_tag?post=17167"}],"curies":[{"name":"wp","href":"https:\/\/api.w.org\/{rel}","templated":true}]}}