{"id":17293,"date":"2025-10-18T16:22:30","date_gmt":"2025-10-18T08:22:30","guid":{"rendered":"https:\/\/green-grasshopper-921422.hostingersite.com\/?post_type=product&#038;p=17293"},"modified":"2025-12-15T21:30:18","modified_gmt":"2025-12-15T13:30:18","slug":"mesii-pareja-50k-triple-sabor-vape","status":"publish","type":"product","link":"https:\/\/agoravape.com\/es\/product\/mesii-couple-50k-triple-flavor-vape\/","title":{"rendered":"Vape Mesii Couple de 50.000 caladas con triple modo | Dos sabores que puedes combinar"},"content":{"rendered":"<h2 data-v-md-heading=\"what-s-special-about-mesii-double-50k-three-mode-vape\" data-v-md-line=\"3\">\u00bfQu\u00e9 tiene de especial el vaporizador de tres modos Mesii Double 50K?<\/h2>\n<p data-v-md-line=\"4\">Si est\u00e1s cansado de fumar el mismo sabor todo el d\u00eda, este producto te encantar\u00e1. Mesii Couple te permite alternar entre dos sabores o mezclarlos con un simple interruptor A\/B\/A+B. Olv\u00eddate de las tediosas operaciones, simplemente elige tu estado de \u00e1nimo y \u00fasalo.<\/p>\n<p data-v-md-line=\"6\">Est\u00e1 dise\u00f1ado para usuarios que buscan una bater\u00eda de larga duraci\u00f3n y una experiencia de uso c\u00f3moda. La potencia nominal de 50\u00a0000 mAh es proporcionada por el fabricante, por lo que la duraci\u00f3n real de la bater\u00eda puede variar seg\u00fan el uso y el modo. Sin embargo, cuenta con una bater\u00eda recargable de 800 mAh y un tanque de e-l\u00edquido de gran capacidad de 40 ml, lo que garantiza una larga duraci\u00f3n.<\/p>\n<h2 data-v-md-heading=\"excellent-performance-easy-and-convenient\" data-v-md-line=\"8\">Excellent performance, easy and convenient<\/h2>\n<p data-v-md-line=\"9\">Cada dispositivo cuenta con dos canales de sabor integrados. Seleccione el primer sabor en el nivel A y el segundo en el nivel B. Si prefiere sabores combinados, elija A+B. Su exquisito dise\u00f1o de bobina garantiza un sabor estable, con una sensaci\u00f3n de sabor que se repite al primer bocado. Cuando la bater\u00eda est\u00e9 baja, simplemente c\u00e1rguelo para seguir us\u00e1ndolo. Simple y pr\u00e1ctico.<\/p>\n<h2 data-v-md-heading=\"specification-introduction\" data-v-md-line=\"11\">Specification Introduction<\/h2>\n<ul data-v-md-line=\"12\">\n<li>Suction frequency: up to 50000 times<\/li>\n<li>Nicotine content: 0%, 2%, 3%, 5%<\/li>\n<li>Capacidad de e-l\u00edquido: 40 mililitros<\/li>\n<li>Bater\u00eda: bater\u00eda recargable de 800 mAh<\/li>\n<li>Modo de trabajo: cambio de sabor A\/B\/A+B<\/li>\n<li>M\u00e9todo de carga: carga USB<\/li>\n<li>Status: Ready to use upon unboxing<\/li>\n<\/ul>\n<h2 data-v-md-heading=\"full-range-of-flavors\" data-v-md-line=\"20\">Gama completa de sabores<\/h2>\n<ul data-v-md-line=\"21\">\n<li>Helado de sand\u00eda + kiwi fresa<\/li>\n<li>Lima menta + fresa sand\u00eda<\/li>\n<li>Helado de ar\u00e1ndanos y sand\u00eda<\/li>\n<li>Melocot\u00f3n y pi\u00f1a \u00e1cida<\/li>\n<li>Red Bull + Cherry Cola<\/li>\n<li>Hielo de ar\u00e1ndanos y lima lim\u00f3n<\/li>\n<li>Helado de cereza + triple helado de mel\u00f3n<\/li>\n<li>Doble helado de manzana + helado de melocot\u00f3n<\/li>\n<li>Hielo de uva + uvas de grosella negra<\/li>\n<li>Bayas mixtas y fresas<\/li>\n<\/ul>\n<h2 data-v-md-heading=\"for-you-for-your-business\" data-v-md-line=\"32\">For you, for your business<\/h2>\n<p data-v-md-line=\"33\">Puedes comprar Mesii Couple 50K para uso personal o a\u00f1adirlo a tu tienda. La caja de cart\u00f3n contiene 150 unidades, lo que te permite crear r\u00e1pidamente un sabor intenso. El peso bruto de la caja es de aproximadamente 17,5 kg, lo que facilita el almacenamiento y el transporte.<\/p>\n<p data-v-md-line=\"35\">Ofrecemos servicios de entrega DDP dentro de la Uni\u00f3n Europea a trav\u00e9s de socios de confianza como UPS, DPD y DHL, lo que permite procesar los aranceles e impuestos con antelaci\u00f3n. Evite inconvenientes en la aduana. Si su compra es importante, tenga en cuenta que el dispositivo tiene una capacidad de 40 mililitros, por lo que podr\u00eda no cumplir con las normas TPD\/TRRP en mercados donde es obligatorio un l\u00edmite de capacidad de 2 mililitros. Consulte la normativa local antes de publicar o comprar.<\/p>\n<h2 data-v-md-heading=\"why-do-you-like-it\" data-v-md-line=\"37\">Why do you like it<\/h2>\n<ul data-v-md-line=\"38\">\n<li>Fumar masivamente: sin recargas frecuentes, puedes tener m\u00e1s tiempo para disfrutar de los vapeos.<\/li>\n<li>Selecci\u00f3n de concentraci\u00f3n de nicotina: elige la concentraci\u00f3n de nicotina que se adapte a tus h\u00e1bitos.<\/li>\n<li>Recargable: puedes utilizar el e-l\u00edquido comprado en lugar de tirar el equipo medio usado.<\/li>\n<li>Modo triple sabor: puede cambiar entre dos sabores o mezclarlos en el sitio.<\/li>\n<li>Sabor consistente: las bobinas cuidadosamente ajustadas pueden mantener un sabor equilibrado de principio a fin.<\/li>\n<\/ul>\n<h2 data-v-md-heading=\"why-choose-to-collaborate-with-agoravape\" data-v-md-line=\"44\">Why choose to collaborate with AgoraVape?<\/h2>\n<p data-v-md-line=\"45\">Solo vendemos productos originales y nos responsabilizamos de ello. Para clientes comerciales, esto significa que los vapes Mesii Couple 50K Puffs de triple sabor ofrecen precios de mayoreo justos, atenci\u00f3n al cliente confiable y entregas DDP r\u00e1pidas y confiables. Si desea que sus clientes no se arrepientan de comprar nuestros productos, cont\u00e1ctenos. Le ayudaremos a desarrollar una l\u00ednea de productos en constante crecimiento.<\/p>\n<p><script src=\"chrome-extension:\/\/fpelahbljekknahkcaegamhcndkfpfnc\/iFrame.js\" type=\"text\/javascript\"><\/script><\/p>","protected":false},"excerpt":{"rendered":"<p>&nbsp;<\/p>\n<p><script src=\"chrome-extension:\/\/fpelahbljekknahkcaegamhcndkfpfnc\/iFrame.js\" type=\"text\/javascript\"><\/script><\/p>\n<p><script src=\"chrome-extension:\/\/fpelahbljekknahkcaegamhcndkfpfnc\/iFrame.js\" type=\"text\/javascript\"><\/script><\/p>\n<p><script src=\"chrome-extension:\/\/fpelahbljekknahkcaegamhcndkfpfnc\/iFrame.js\" type=\"text\/javascript\"><\/script><\/p>\n<p><script src=\"chrome-extension:\/\/fpelahbljekknahkcaegamhcndkfpfnc\/iFrame.js\" type=\"text\/javascript\"><\/script><\/p>\n<p><script src=\"chrome-extension:\/\/fpelahbljekknahkcaegamhcndkfpfnc\/iFrame.js\" type=\"text\/javascript\"><\/script><\/p>\n<p><script src=\"chrome-extension:\/\/fpelahbljekknahkcaegamhcndkfpfnc\/iFrame.js\" type=\"text\/javascript\"><\/script><\/p>\n<p><script src=\"chrome-extension:\/\/fpelahbljekknahkcaegamhcndkfpfnc\/iFrame.js\" type=\"text\/javascript\"><\/script><\/p>\n<p><script src=\"chrome-extension:\/\/fpelahbljekknahkcaegamhcndkfpfnc\/iFrame.js\" type=\"text\/javascript\"><\/script><\/p>\n<p><script src=\"chrome-extension:\/\/fpelahbljekknahkcaegamhcndkfpfnc\/iFrame.js\" type=\"text\/javascript\"><\/script><\/p>\n<p><script src=\"chrome-extension:\/\/fpelahbljekknahkcaegamhcndkfpfnc\/iFrame.js\" type=\"text\/javascript\"><\/script><\/p>\n<p><script src=\"chrome-extension:\/\/fpelahbljekknahkcaegamhcndkfpfnc\/iFrame.js\" type=\"text\/javascript\"><\/script><\/p>\n<p><script src=\"chrome-extension:\/\/fpelahbljekknahkcaegamhcndkfpfnc\/iFrame.js\" type=\"text\/javascript\"><\/script><\/p>\n<p><script src=\"chrome-extension:\/\/fpelahbljekknahkcaegamhcndkfpfnc\/iFrame.js\" type=\"text\/javascript\"><\/script><\/p>\n<p><script src=\"chrome-extension:\/\/fpelahbljekknahkcaegamhcndkfpfnc\/iFrame.js\" type=\"text\/javascript\"><\/script><\/p>\n<p><script src=\"chrome-extension:\/\/fpelahbljekknahkcaegamhcndkfpfnc\/iFrame.js\" type=\"text\/javascript\"><\/script><\/p>\n<p><script src=\"chrome-extension:\/\/fpelahbljekknahkcaegamhcndkfpfnc\/iFrame.js\" type=\"text\/javascript\"><\/script><\/p>","protected":false},"featured_media":17329,"comment_status":"open","ping_status":"closed","template":"","meta":[],"product_brand":[234],"product_cat":[124,187,185,189,195,174,175,161,191,173,186,180,190],"product_tag":[],"class_list":{"0":"post-17293","1":"product","2":"type-product","3":"status-publish","4":"has-post-thumbnail","6":"product_brand-mesii","7":"product_cat-vape-by-brand","8":"product_cat-0mg-nicotine-free-vapes","9":"product_cat-10000-puffs-high-capacity","10":"product_cat-20mg-standard-nicotine-vapes","11":"product_cat-dual-flavor-switch","12":"product_cat-fruit-flavors","13":"product_cat-icy-mint","14":"product_cat-mesii","15":"product_cat-rechargeable-disposables","16":"product_cat-vape-by-flavor-profile","17":"product_cat-vape-by-nicotine-strength","18":"product_cat-vape-by-puff-count","19":"product_cat-vape-by-feature-or-type","21":"first","22":"instock","23":"shipping-taxable","24":"purchasable","25":"product-type-variable","26":"has-default-attributes"},"tiered_pricing_type":"percentage","tiered_pricing_fixed_rules":[],"tiered_pricing_product_settings":{"layout":"default","base_unit_name":{"singular":null,"plural":null},"default_variation":null},"tiered_pricing_minimum_quantity":10,"tiered_pricing_roles_data":[],"tiered_pricing_percentage_rules":{"30":"29","50":"35","100":"40","200":"44","500":"47","1000":"49"},"tiered_pricing_maximum_quantity":null,"tiered_pricing_quantity_step":"10","_links":{"self":[{"href":"https:\/\/agoravape.com\/es\/wp-json\/wp\/v2\/product\/17293","targetHints":{"allow":["GET"]}}],"collection":[{"href":"https:\/\/agoravape.com\/es\/wp-json\/wp\/v2\/product"}],"about":[{"href":"https:\/\/agoravape.com\/es\/wp-json\/wp\/v2\/types\/product"}],"replies":[{"embeddable":true,"href":"https:\/\/agoravape.com\/es\/wp-json\/wp\/v2\/comments?post=17293"}],"version-history":[{"count":0,"href":"https:\/\/agoravape.com\/es\/wp-json\/wp\/v2\/product\/17293\/revisions"}],"wp:featuredmedia":[{"embeddable":true,"href":"https:\/\/agoravape.com\/es\/wp-json\/wp\/v2\/media\/17329"}],"wp:attachment":[{"href":"https:\/\/agoravape.com\/es\/wp-json\/wp\/v2\/media?parent=17293"}],"wp:term":[{"taxonomy":"product_brand","embeddable":true,"href":"https:\/\/agoravape.com\/es\/wp-json\/wp\/v2\/product_brand?post=17293"},{"taxonomy":"product_cat","embeddable":true,"href":"https:\/\/agoravape.com\/es\/wp-json\/wp\/v2\/product_cat?post=17293"},{"taxonomy":"product_tag","embeddable":true,"href":"https:\/\/agoravape.com\/es\/wp-json\/wp\/v2\/product_tag?post=17293"}],"curies":[{"name":"wp","href":"https:\/\/api.w.org\/{rel}","templated":true}]}}