{"id":17342,"date":"2025-10-18T16:38:23","date_gmt":"2025-10-18T08:38:23","guid":{"rendered":"https:\/\/green-grasshopper-921422.hostingersite.com\/?post_type=product&#038;p=17342"},"modified":"2026-02-22T15:16:06","modified_gmt":"2026-02-22T14:16:06","slug":"mesii-shisha-heavy-hitter-50k-vape","status":"publish","type":"product","link":"https:\/\/agoravape.com\/es\/product\/mesii-shisha-heavy-hitter-50k-vape\/","title":{"rendered":"Shisha Mesii Heavy Hitter 50.000 caladas DTL\/MTL Vape | Gran cantidad de caladas con dos estilos de inhalaci\u00f3n"},"content":{"rendered":"<h2 data-v-md-heading=\"what-are-the-characteristics-of-mesii-shisha-heavy-hitter-50k-caliber-caliber-vapes\" data-v-md-line=\"3\"><img loading=\"lazy\" decoding=\"async\" class=\"aligncenter size-full wp-image-17354\" src=\"https:\/\/agoravape.com\/wp-content\/uploads\/2025\/10\/Mesii-Shisha-Heavy-Hitter-50k-Puffs-DTLMTL-Vape_Agora_vape-1-scaled.webp\" alt=\"\" width=\"1810\" height=\"2560\" srcset=\"https:\/\/agoravape.com\/wp-content\/uploads\/2025\/10\/Mesii-Shisha-Heavy-Hitter-50k-Puffs-DTLMTL-Vape_Agora_vape-1-scaled.webp 1810w, https:\/\/agoravape.com\/wp-content\/uploads\/2025\/10\/Mesii-Shisha-Heavy-Hitter-50k-Puffs-DTLMTL-Vape_Agora_vape-1-scaled-1200x1697.webp 1200w, https:\/\/agoravape.com\/wp-content\/uploads\/2025\/10\/Mesii-Shisha-Heavy-Hitter-50k-Puffs-DTLMTL-Vape_Agora_vape-1-212x300.webp 212w, https:\/\/agoravape.com\/wp-content\/uploads\/2025\/10\/Mesii-Shisha-Heavy-Hitter-50k-Puffs-DTLMTL-Vape_Agora_vape-1-724x1024.webp 724w, https:\/\/agoravape.com\/wp-content\/uploads\/2025\/10\/Mesii-Shisha-Heavy-Hitter-50k-Puffs-DTLMTL-Vape_Agora_vape-1-768x1086.webp 768w, https:\/\/agoravape.com\/wp-content\/uploads\/2025\/10\/Mesii-Shisha-Heavy-Hitter-50k-Puffs-DTLMTL-Vape_Agora_vape-1-1086x1536.webp 1086w, https:\/\/agoravape.com\/wp-content\/uploads\/2025\/10\/Mesii-Shisha-Heavy-Hitter-50k-Puffs-DTLMTL-Vape_Agora_vape-1-1448x2048.webp 1448w\" sizes=\"auto, (max-width: 1810px) 100vw, 1810px\" \/><\/h2>\n<h2 data-v-md-heading=\"what-are-the-characteristics-of-mesii-shisha-heavy-hitter-50k-caliber-caliber-vapes\" data-v-md-line=\"3\">\u00bfCu\u00e1les son las caracter\u00edsticas de los vapes Mesii Shisha Heavy Hitter 50k calibre\/calibre?<\/h2>\n<p data-v-md-line=\"4\">Si est\u00e1s cansado de los vapeadores desechables que se agotan en pocos d\u00edas, entonces definitivamente querr\u00e1s echar un vistazo m\u00e1s de cerca a este producto. El Mesii Shisha Heavy Hitter est\u00e1 equipado con bobinas de malla que pueden acomodar hasta 50000 bocanadas, asegurando un sabor consistente y puro en todo momento.<\/p>\n<p data-v-md-line=\"6\">Es adecuado para dos formas de fumar. Tanto si prefiere la succi\u00f3n con la boca apretada o la succi\u00f3n recta suave, este dispositivo puede manejarlo f\u00e1cilmente. Puedes pensar que tener un vapeador de tan gran capacidad ser\u00eda voluminoso, pero su sensaci\u00f3n de ligereza y portabilidad te sorprender\u00e1.<\/p>\n<h2 data-v-md-heading=\"excellent-performance-and-easy-operation\" data-v-md-line=\"8\">Excelente rendimiento y f\u00e1cil operaci\u00f3n.<\/h2>\n<p data-v-md-line=\"9\">Bobina de malla incorporada para una disipaci\u00f3n uniforme del calor, haciendo que cada aspiraci\u00f3n sea tan suave como la inicial. Se activa al inhalar, sin necesidad de botones ni men\u00fas. Cuando la bater\u00eda est\u00e1 baja, puede utilizar un cable de datos Tipo-C est\u00e1ndar (que puede ser el mismo que el utilizado en su tel\u00e9fono) para cargarlo. Sencillo y c\u00f3modo.<\/p>\n<h2 data-v-md-heading=\"specification-overview\" data-v-md-line=\"11\">Specification Overview<\/h2>\n<p data-v-md-line=\"12\"><strong>Frecuencia de succi\u00f3n<\/strong>: up to 50000 times<br \/>\n<strong>Contenido de nicotina<\/strong>: 0%, 0.2%, 0.3%, 0.5%<br \/>\n<strong>Uso<\/strong>:Toma una bocanada para activar<br \/>\n<strong>M\u00e9todo de carga<\/strong>: Interfaz USB tipo C est\u00e1ndar<br \/>\n<strong>Estado<\/strong>Listo para usar al desempaquetarlo<br \/>\n<strong>M\u00e9todo de aspiraci\u00f3n<\/strong>Succi\u00f3n ligera o succi\u00f3n oral<br \/>\n<strong>capacidad de e-l\u00edquido<\/strong>: 45 mililitros<br \/>\n<strong>Bater\u00eda<\/strong>: 800mAh rechargeable battery<br \/>\n<strong>n\u00facleo atomizador<\/strong>: Malla como<\/p>\n<h2 data-v-md-heading=\"full-range-of-flavors\" data-v-md-line=\"22\">Gama completa de sabores<\/h2>\n<ul data-v-md-line=\"23\">\n<li>Margarita de fresa (narguile)<\/li>\n<li>Love 777 (narguile)<\/li>\n<li>Menta de uva (narguile)<\/li>\n<li>Doble manzana helada (hookah)<\/li>\n<li>Lady Killer (narguile)<\/li>\n<li>Peach Ice<\/li>\n<li>Pista de hielo azul<\/li>\n<li>Watermelon Ice<\/li>\n<li>Berry Ice<\/li>\n<li>Hielo de mora<\/li>\n<li>Hielo de fresa y cereza<\/li>\n<li>Helado de ar\u00e1ndanos y sand\u00eda<\/li>\n<li>Hielo de lim\u00f3n y lima<\/li>\n<li>Hielo de mango y pi\u00f1a<\/li>\n<li>Grape Ice<\/li>\n<\/ul>\n<h2 data-v-md-heading=\"for-you-and-for-your-business-as-well\" data-v-md-line=\"39\">For you, and for your business as well<\/h2>\n<p data-v-md-line=\"40\">Puede comprar Mesii Shisha Heavy Hitter 50k para usted o abastecerse para su tienda. La caja de cart\u00f3n al por mayor contiene 150 unidades, por lo que podr\u00e1 crear f\u00e1cilmente una serie de sabores superventas. El peso bruto de la caja de cart\u00f3n es de unos 17,5 kilogramos, lo que le resultar\u00e1 c\u00f3modo a la hora de planificar y enviar.<\/p>\n<p data-v-md-line=\"42\">Enviamos a trav\u00e9s de UPS, DPD y DHL dentro de Europa sobre una base DDP impuestos pagados, por lo que los pedidos se pueden borrar sin cargos adicionales o retrasos. Proporcionamos servicios de seguimiento y paquete cuidadosamente.<\/p>\n<h2 data-v-md-heading=\"why-do-you-like-it\" data-v-md-line=\"44\">Why do you like it<\/h2>\n<p data-v-md-line=\"45\"><strong>Massive suction:<\/strong>\u00a0El tiempo de succi\u00f3n es mayor, por lo que no es necesario comprar nuevos con frecuencia.<br \/>\n<strong>Selecci\u00f3n de nicotina:<\/strong>\u00a0Elige la concentraci\u00f3n que m\u00e1s te convenga.<br \/>\n<strong>Recargable:<\/strong>\u00a0Utilice todo el e-l\u00edquido comprado de una sola vez.<br \/>\n<strong>N\u00facleo del atomizador de malla:<\/strong>\u00a0proporciona un sabor estable y rico en todo momento.<br \/>\n<strong>Flexible y vers\u00e1til:<\/strong>\u00a0Puede cambiar el m\u00e9todo de succi\u00f3n seg\u00fan su estado de \u00e1nimo.<\/p>\n<h2 data-v-md-heading=\"why-collaborate-with-agoravape\" data-v-md-line=\"51\">Why collaborate with AgoraVape?<\/h2>\n<p data-v-md-line=\"52\">S\u00f3lo vendemos 100% productos genuinos y proporcionar una garant\u00eda para ello. Para los clientes comerciales, se puede disfrutar de precios al por mayor con descuento, soporte post-venta r\u00e1pido, y la entrega r\u00e1pida de pago de impuestos para Mesii Shisha Heavy Hitter 50k Puffs DTL \/ MTL vapes. P\u00f3ngase en contacto con nosotros y le prepararemos un producto desechable duradero para aumentar su tasa de retenci\u00f3n de clientes.<\/p>\n<p><script src=\"chrome-extension:\/\/fpelahbljekknahkcaegamhcndkfpfnc\/iFrame.js\" type=\"text\/javascript\"><\/script><\/p>","protected":false},"excerpt":{"rendered":"<p>&nbsp;<\/p>\n<p><script src=\"chrome-extension:\/\/fpelahbljekknahkcaegamhcndkfpfnc\/iFrame.js\" type=\"text\/javascript\"><\/script><\/p>\n<p><script src=\"chrome-extension:\/\/fpelahbljekknahkcaegamhcndkfpfnc\/iFrame.js\" type=\"text\/javascript\"><\/script><\/p>\n<p><script src=\"chrome-extension:\/\/fpelahbljekknahkcaegamhcndkfpfnc\/iFrame.js\" type=\"text\/javascript\"><\/script><\/p>\n<p><script src=\"chrome-extension:\/\/fpelahbljekknahkcaegamhcndkfpfnc\/iFrame.js\" type=\"text\/javascript\"><\/script><\/p>\n<p><script src=\"chrome-extension:\/\/fpelahbljekknahkcaegamhcndkfpfnc\/iFrame.js\" type=\"text\/javascript\"><\/script><\/p>\n<p><script src=\"chrome-extension:\/\/fpelahbljekknahkcaegamhcndkfpfnc\/iFrame.js\" type=\"text\/javascript\"><\/script><\/p>\n<p><script src=\"chrome-extension:\/\/fpelahbljekknahkcaegamhcndkfpfnc\/iFrame.js\" type=\"text\/javascript\"><\/script><\/p>\n<p><script src=\"chrome-extension:\/\/fpelahbljekknahkcaegamhcndkfpfnc\/iFrame.js\" type=\"text\/javascript\"><\/script><\/p>\n<p><script src=\"chrome-extension:\/\/fpelahbljekknahkcaegamhcndkfpfnc\/iFrame.js\" type=\"text\/javascript\"><\/script><\/p>\n<p><script src=\"chrome-extension:\/\/fpelahbljekknahkcaegamhcndkfpfnc\/iFrame.js\" type=\"text\/javascript\"><\/script><\/p>\n<p><script src=\"chrome-extension:\/\/fpelahbljekknahkcaegamhcndkfpfnc\/iFrame.js\" type=\"text\/javascript\"><\/script><\/p>\n<p><script src=\"chrome-extension:\/\/fpelahbljekknahkcaegamhcndkfpfnc\/iFrame.js\" type=\"text\/javascript\"><\/script><\/p>\n<p><script src=\"chrome-extension:\/\/fpelahbljekknahkcaegamhcndkfpfnc\/iFrame.js\" type=\"text\/javascript\"><\/script><\/p>\n<p><script src=\"chrome-extension:\/\/fpelahbljekknahkcaegamhcndkfpfnc\/iFrame.js\" type=\"text\/javascript\"><\/script><\/p>\n<p><script src=\"chrome-extension:\/\/fpelahbljekknahkcaegamhcndkfpfnc\/iFrame.js\" type=\"text\/javascript\"><\/script><\/p>","protected":false},"featured_media":17366,"comment_status":"open","ping_status":"closed","template":"","meta":[],"product_brand":[234],"product_cat":[124,187,185,189,174,175,193,161,191,179,173,186,180,190,192],"product_tag":[],"class_list":{"0":"post-17342","1":"product","2":"type-product","3":"status-publish","4":"has-post-thumbnail","6":"product_brand-mesii","7":"product_cat-vape-by-brand","8":"product_cat-0mg-nicotine-free-vapes","9":"product_cat-10000-puffs-high-capacity","10":"product_cat-20mg-standard-nicotine-vapes","11":"product_cat-fruit-flavors","12":"product_cat-icy-mint","13":"product_cat-mesh-coil","14":"product_cat-mesii","15":"product_cat-rechargeable-disposables","16":"product_cat-unique-blends","17":"product_cat-vape-by-flavor-profile","18":"product_cat-vape-by-nicotine-strength","19":"product_cat-vape-by-puff-count","20":"product_cat-vape-by-feature-or-type","21":"product_cat-vapes-with-screens","23":"first","24":"onbackorder","25":"shipping-taxable","26":"purchasable","27":"product-type-variable","28":"has-default-attributes"},"tiered_pricing_type":"percentage","tiered_pricing_fixed_rules":[],"tiered_pricing_product_settings":{"layout":"default","base_unit_name":{"singular":null,"plural":null},"default_variation":null},"tiered_pricing_minimum_quantity":10,"tiered_pricing_roles_data":[],"tiered_pricing_percentage_rules":{"30":"29","50":"35","100":"40","200":"44","500":"47","1000":"49"},"tiered_pricing_maximum_quantity":null,"tiered_pricing_quantity_step":"10","_links":{"self":[{"href":"https:\/\/agoravape.com\/es\/wp-json\/wp\/v2\/product\/17342","targetHints":{"allow":["GET"]}}],"collection":[{"href":"https:\/\/agoravape.com\/es\/wp-json\/wp\/v2\/product"}],"about":[{"href":"https:\/\/agoravape.com\/es\/wp-json\/wp\/v2\/types\/product"}],"replies":[{"embeddable":true,"href":"https:\/\/agoravape.com\/es\/wp-json\/wp\/v2\/comments?post=17342"}],"version-history":[{"count":0,"href":"https:\/\/agoravape.com\/es\/wp-json\/wp\/v2\/product\/17342\/revisions"}],"wp:featuredmedia":[{"embeddable":true,"href":"https:\/\/agoravape.com\/es\/wp-json\/wp\/v2\/media\/17366"}],"wp:attachment":[{"href":"https:\/\/agoravape.com\/es\/wp-json\/wp\/v2\/media?parent=17342"}],"wp:term":[{"taxonomy":"product_brand","embeddable":true,"href":"https:\/\/agoravape.com\/es\/wp-json\/wp\/v2\/product_brand?post=17342"},{"taxonomy":"product_cat","embeddable":true,"href":"https:\/\/agoravape.com\/es\/wp-json\/wp\/v2\/product_cat?post=17342"},{"taxonomy":"product_tag","embeddable":true,"href":"https:\/\/agoravape.com\/es\/wp-json\/wp\/v2\/product_tag?post=17342"}],"curies":[{"name":"wp","href":"https:\/\/api.w.org\/{rel}","templated":true}]}}