{"id":17376,"date":"2025-10-18T16:52:16","date_gmt":"2025-10-18T08:52:16","guid":{"rendered":"https:\/\/green-grasshopper-921422.hostingersite.com\/?post_type=product&#038;p=17376"},"modified":"2025-12-15T21:30:17","modified_gmt":"2025-12-15T13:30:17","slug":"mesii-triple-niice-35k-vape-ajustable","status":"publish","type":"product","link":"https:\/\/agoravape.com\/es\/product\/mesii-triple-niice-35k-adjustable-vape\/","title":{"rendered":"Mesii Triple NIICE 35\u00a0000 inhalaciones, vaporizador de hielo y nicotina ajustable | Gran cantidad de inhalaciones. Comodidad ajustable."},"content":{"rendered":"<h2 data-v-md-heading=\"what-is-special-about-mesii-triple-niice-35000-puff-adjustable-freezing-point-and-nicotine-vape\" data-v-md-line=\"3\"><img loading=\"lazy\" decoding=\"async\" class=\"aligncenter size-full wp-image-17393\" src=\"https:\/\/agoravape.com\/wp-content\/uploads\/2025\/10\/Mesii-Triple-NIICE-35K-Puffs-Adjustable-Ice-Nic-Vape_Agora_vape-1.webp\" alt=\"\" width=\"1000\" height=\"1000\" srcset=\"https:\/\/agoravape.com\/wp-content\/uploads\/2025\/10\/Mesii-Triple-NIICE-35K-Puffs-Adjustable-Ice-Nic-Vape_Agora_vape-1.webp 1000w, https:\/\/agoravape.com\/wp-content\/uploads\/2025\/10\/Mesii-Triple-NIICE-35K-Puffs-Adjustable-Ice-Nic-Vape_Agora_vape-1-600x600.webp 600w, https:\/\/agoravape.com\/wp-content\/uploads\/2025\/10\/Mesii-Triple-NIICE-35K-Puffs-Adjustable-Ice-Nic-Vape_Agora_vape-1-300x300.webp 300w, https:\/\/agoravape.com\/wp-content\/uploads\/2025\/10\/Mesii-Triple-NIICE-35K-Puffs-Adjustable-Ice-Nic-Vape_Agora_vape-1-150x150.webp 150w, https:\/\/agoravape.com\/wp-content\/uploads\/2025\/10\/Mesii-Triple-NIICE-35K-Puffs-Adjustable-Ice-Nic-Vape_Agora_vape-1-768x768.webp 768w\" sizes=\"auto, (max-width: 1000px) 100vw, 1000px\" \/><\/h2>\n<h2 data-v-md-heading=\"what-is-special-about-mesii-triple-niice-35000-puff-adjustable-freezing-point-and-nicotine-vape\" data-v-md-line=\"3\">\u00bfQu\u00e9 tiene de especial Mesii Triple NIICE 35000 bocanadas con punto de congelaci\u00f3n ajustable y vaporizador de nicotina?<\/h2>\n<p data-v-md-line=\"4\">Si est\u00e1s cansado de los vapes desechables que se agotan en una semana, quiz\u00e1s quieras echarle un vistazo a este producto. Mesii Triple NIICE tiene capacidad para hasta 35\u00a0000 bocados, con un sabor suave y duradero.<\/p>\n<p data-v-md-line=\"6\">Est\u00e1 dise\u00f1ado espec\u00edficamente para quienes buscan un control f\u00e1cil. Puedes ajustar el punto de congelaci\u00f3n y la concentraci\u00f3n de nicotina en el dispositivo. Esto significa que puedes encontrar el equilibrio perfecto entre el impacto en la garganta y la sensaci\u00f3n de fr\u00edo, y luego disfrutarlo al m\u00e1ximo. Quiz\u00e1s pienses que un vaporizador de tan gran calibre ser\u00eda voluminoso, pero te sorprender\u00e1 su ligereza y portabilidad.<\/p>\n<h2 data-v-md-heading=\"excellent-performance-and-easy-operation\" data-v-md-line=\"8\">Excelente rendimiento y f\u00e1cil operaci\u00f3n.<\/h2>\n<p data-v-md-line=\"9\">El n\u00facleo del Triple NIICE es una resistencia de malla. Se calienta uniformemente, haciendo que cada bocado sea tan delicioso como el primer sorbo. Cuando la bater\u00eda est\u00e9 baja, simplemente con\u00e9ctalo y c\u00e1rgalo mediante USB-C. No requiere cables especiales ni interfaces engorrosas. F\u00e1cil de usar.<\/p>\n<h2 data-v-md-heading=\"specification-introduction\" data-v-md-line=\"11\">Specification Introduction<\/h2>\n<ul data-v-md-line=\"12\">\n<li>Frecuencia de succi\u00f3n: hasta 35000 veces<\/li>\n<li>Capacidad de e-l\u00edquido: 20 ml + 10 ml + 10 ml (tres tanques de almacenamiento)<\/li>\n<li>Bater\u00eda: bater\u00eda recargable de 800 mAh<\/li>\n<li>Concentraci\u00f3n de nicotina: 0%, 2%, 3%, 5% opcional<\/li>\n<li>Nivel de hielo: sin hielo, bajo, medio, extremadamente alto<\/li>\n<li>Control de concentraci\u00f3n de nicotina incorporado en el dispositivo: ninguno, bajo, medio, fuerte<\/li>\n<li>Working principle: Activated by inhalation<\/li>\n<li>N\u00facleo de atomizaci\u00f3n: N\u00facleo de atomizaci\u00f3n de malla, sabor consistente.<\/li>\n<li>Carga: Interfaz USB-C est\u00e1ndar<\/li>\n<li>Status: Ready to use upon unboxing<\/li>\n<\/ul>\n<h2 data-v-md-heading=\"full-range-of-flavors\" data-v-md-line=\"23\">Gama completa de sabores<\/h2>\n<ul data-v-md-line=\"24\">\n<li>Watermelon Ice<\/li>\n<li>Grape Ice<\/li>\n<li>Pista de hielo azul<\/li>\n<li>Helado de ar\u00e1ndanos y sand\u00eda<\/li>\n<li>Hielo de lima y menta<\/li>\n<li>Peach Ice<\/li>\n<li>Strawberry Ice<\/li>\n<li>Helado de frutos rojos mixtos<\/li>\n<li>Doble helado de manzana<\/li>\n<li>Hielo de Coca-Cola con cereza<\/li>\n<\/ul>\n<h2 data-v-md-heading=\"to-create-for-you-and-your-business\" data-v-md-line=\"35\">Para crear para usted y su negocio<\/h2>\n<p data-v-md-line=\"36\">Puedes comprar Mesii Triple NIICE 35K para ti o para tu tienda. La caja de cart\u00f3n al por mayor contiene 160 piezas, lo que te permite crear f\u00e1cilmente un efecto visual simple, llamativo y din\u00e1mico.<\/p>\n<p data-v-md-line=\"38\">Ofrecemos servicios de entrega DDP en toda Europa a trav\u00e9s de socios de confianza como UPS, DPD y DHL. Esto significa que las tarifas se procesar\u00e1n con antelaci\u00f3n, por lo que no habr\u00e1 imprevistos en la aduana. El contenido y la disponibilidad de nicotina var\u00edan seg\u00fan el pa\u00eds\/regi\u00f3n, por lo que le recomendamos consultar la normativa local antes de realizar un pedido.<\/p>\n<h2 data-v-md-heading=\"why-do-you-like-it\" data-v-md-line=\"40\">Why do you like it<\/h2>\n<ul data-v-md-line=\"41\">\n<li>Fumar masivamente: duradero y de larga duraci\u00f3n, sin necesidad de comprar cigarrillos nuevos con frecuencia.<\/li>\n<li>Selecci\u00f3n del contenido de nicotina: elija 0%, 2%, 3% o 5% seg\u00fan su preferencia.<\/li>\n<li>Recargable: puedes utilizar todos los e-l\u00edquidos adquiridos.<\/li>\n<li>Bobina de malla: puede brindar un sabor consistente y rico en todo momento.<\/li>\n<li>Contenido de hielo ajustable: ajusta el contenido de hielo seg\u00fan tu estado de \u00e1nimo, desde nada hasta el extremo.<\/li>\n<\/ul>\n<h2 data-v-md-heading=\"why-collaborate-with-agoravape\" data-v-md-line=\"47\">Why collaborate with AgoraVape?<\/h2>\n<p data-v-md-line=\"48\">Solo vendemos productos 100 % genuinos y no tenemos ninguna duda al respecto. Para clientes comerciales, esto significa que el vaporizador de nicotina y punto de congelaci\u00f3n ajustable Mesii Triple NIICE 35K ofrece precios de mayoreo altamente competitivos, un c\u00f3modo servicio posventa y un servicio de entrega r\u00e1pido y confiable. Si busca un vaporizador desechable ajustable con alto rendimiento que aumente la fidelizaci\u00f3n de sus clientes, cont\u00e1ctenos.<\/p>","protected":false},"excerpt":{"rendered":"<p>&nbsp;<\/p>\n<p><script src=\"chrome-extension:\/\/fpelahbljekknahkcaegamhcndkfpfnc\/iFrame.js\" type=\"text\/javascript\"><\/script><\/p>\n<p><script src=\"chrome-extension:\/\/fpelahbljekknahkcaegamhcndkfpfnc\/iFrame.js\" type=\"text\/javascript\"><\/script><\/p>\n<p><script src=\"chrome-extension:\/\/fpelahbljekknahkcaegamhcndkfpfnc\/iFrame.js\" type=\"text\/javascript\"><\/script><\/p>\n<p><script src=\"chrome-extension:\/\/fpelahbljekknahkcaegamhcndkfpfnc\/iFrame.js\" type=\"text\/javascript\"><\/script><\/p>\n<p><script src=\"chrome-extension:\/\/fpelahbljekknahkcaegamhcndkfpfnc\/iFrame.js\" type=\"text\/javascript\"><\/script><\/p>\n<p><script src=\"chrome-extension:\/\/fpelahbljekknahkcaegamhcndkfpfnc\/iFrame.js\" type=\"text\/javascript\"><\/script><\/p>\n<p><script src=\"chrome-extension:\/\/fpelahbljekknahkcaegamhcndkfpfnc\/iFrame.js\" type=\"text\/javascript\"><\/script><\/p>\n<p><script src=\"chrome-extension:\/\/fpelahbljekknahkcaegamhcndkfpfnc\/iFrame.js\" type=\"text\/javascript\"><\/script><\/p>\n<p><script src=\"chrome-extension:\/\/fpelahbljekknahkcaegamhcndkfpfnc\/iFrame.js\" type=\"text\/javascript\"><\/script><\/p>\n<p><script src=\"chrome-extension:\/\/fpelahbljekknahkcaegamhcndkfpfnc\/iFrame.js\" type=\"text\/javascript\"><\/script><\/p>\n<p><script src=\"chrome-extension:\/\/fpelahbljekknahkcaegamhcndkfpfnc\/iFrame.js\" type=\"text\/javascript\"><\/script><\/p>\n<p><script src=\"chrome-extension:\/\/fpelahbljekknahkcaegamhcndkfpfnc\/iFrame.js\" type=\"text\/javascript\"><\/script><\/p>\n<p><script src=\"chrome-extension:\/\/fpelahbljekknahkcaegamhcndkfpfnc\/iFrame.js\" type=\"text\/javascript\"><\/script><\/p>\n<p><script src=\"chrome-extension:\/\/fpelahbljekknahkcaegamhcndkfpfnc\/iFrame.js\" type=\"text\/javascript\"><\/script><\/p>\n<p><script src=\"chrome-extension:\/\/fpelahbljekknahkcaegamhcndkfpfnc\/iFrame.js\" type=\"text\/javascript\"><\/script><\/p>","protected":false},"featured_media":17403,"comment_status":"open","ping_status":"closed","template":"","meta":[],"product_brand":[234],"product_cat":[124,187,185,189,174,175,193,161,191,173,186,180,190,192],"product_tag":[],"class_list":{"0":"post-17376","1":"product","2":"type-product","3":"status-publish","4":"has-post-thumbnail","6":"product_brand-mesii","7":"product_cat-vape-by-brand","8":"product_cat-0mg-nicotine-free-vapes","9":"product_cat-10000-puffs-high-capacity","10":"product_cat-20mg-standard-nicotine-vapes","11":"product_cat-fruit-flavors","12":"product_cat-icy-mint","13":"product_cat-mesh-coil","14":"product_cat-mesii","15":"product_cat-rechargeable-disposables","16":"product_cat-vape-by-flavor-profile","17":"product_cat-vape-by-nicotine-strength","18":"product_cat-vape-by-puff-count","19":"product_cat-vape-by-feature-or-type","20":"product_cat-vapes-with-screens","22":"first","23":"instock","24":"shipping-taxable","25":"purchasable","26":"product-type-variable","27":"has-default-attributes"},"tiered_pricing_type":"percentage","tiered_pricing_fixed_rules":[],"tiered_pricing_product_settings":{"layout":"default","base_unit_name":{"singular":null,"plural":null},"default_variation":null},"tiered_pricing_minimum_quantity":10,"tiered_pricing_roles_data":[],"tiered_pricing_percentage_rules":{"30":"29","50":"35","100":"40","200":"44","500":"47","1000":"49"},"tiered_pricing_maximum_quantity":null,"tiered_pricing_quantity_step":"10","_links":{"self":[{"href":"https:\/\/agoravape.com\/es\/wp-json\/wp\/v2\/product\/17376","targetHints":{"allow":["GET"]}}],"collection":[{"href":"https:\/\/agoravape.com\/es\/wp-json\/wp\/v2\/product"}],"about":[{"href":"https:\/\/agoravape.com\/es\/wp-json\/wp\/v2\/types\/product"}],"replies":[{"embeddable":true,"href":"https:\/\/agoravape.com\/es\/wp-json\/wp\/v2\/comments?post=17376"}],"version-history":[{"count":0,"href":"https:\/\/agoravape.com\/es\/wp-json\/wp\/v2\/product\/17376\/revisions"}],"wp:featuredmedia":[{"embeddable":true,"href":"https:\/\/agoravape.com\/es\/wp-json\/wp\/v2\/media\/17403"}],"wp:attachment":[{"href":"https:\/\/agoravape.com\/es\/wp-json\/wp\/v2\/media?parent=17376"}],"wp:term":[{"taxonomy":"product_brand","embeddable":true,"href":"https:\/\/agoravape.com\/es\/wp-json\/wp\/v2\/product_brand?post=17376"},{"taxonomy":"product_cat","embeddable":true,"href":"https:\/\/agoravape.com\/es\/wp-json\/wp\/v2\/product_cat?post=17376"},{"taxonomy":"product_tag","embeddable":true,"href":"https:\/\/agoravape.com\/es\/wp-json\/wp\/v2\/product_tag?post=17376"}],"curies":[{"name":"wp","href":"https:\/\/api.w.org\/{rel}","templated":true}]}}