{"id":17451,"date":"2025-10-18T17:13:28","date_gmt":"2025-10-18T09:13:28","guid":{"rendered":"https:\/\/green-grasshopper-921422.hostingersite.com\/?post_type=product&#038;p=17451"},"modified":"2025-12-15T21:30:15","modified_gmt":"2025-12-15T13:30:15","slug":"mesii-visual-boxx-16000-puffs-vape","status":"publish","type":"product","link":"https:\/\/agoravape.com\/es\/product\/mesii-visual-boxx-16000-puffs-vape\/","title":{"rendered":"Vapeador Mesii Visual Boxx de 16\u00a0000 caladas con pantalla completa | Control de pantalla grande con sabor duradero"},"content":{"rendered":"<h2 data-v-md-heading=\"how-about-mesii-visual-boxx-16k-full-screen-vape\" data-v-md-line=\"3\"><img loading=\"lazy\" decoding=\"async\" class=\"aligncenter size-full wp-image-17468\" src=\"https:\/\/agoravape.com\/wp-content\/uploads\/2025\/10\/Mesii-Visual-Boxx-16K-Puffs-Full-Screen-Vape_Agora_vape-1.webp\" alt=\"\" width=\"1920\" height=\"1082\" srcset=\"https:\/\/agoravape.com\/wp-content\/uploads\/2025\/10\/Mesii-Visual-Boxx-16K-Puffs-Full-Screen-Vape_Agora_vape-1.webp 1920w, https:\/\/agoravape.com\/wp-content\/uploads\/2025\/10\/Mesii-Visual-Boxx-16K-Puffs-Full-Screen-Vape_Agora_vape-1-1200x676.webp 1200w, https:\/\/agoravape.com\/wp-content\/uploads\/2025\/10\/Mesii-Visual-Boxx-16K-Puffs-Full-Screen-Vape_Agora_vape-1-300x169.webp 300w, https:\/\/agoravape.com\/wp-content\/uploads\/2025\/10\/Mesii-Visual-Boxx-16K-Puffs-Full-Screen-Vape_Agora_vape-1-1024x577.webp 1024w, https:\/\/agoravape.com\/wp-content\/uploads\/2025\/10\/Mesii-Visual-Boxx-16K-Puffs-Full-Screen-Vape_Agora_vape-1-768x433.webp 768w, https:\/\/agoravape.com\/wp-content\/uploads\/2025\/10\/Mesii-Visual-Boxx-16K-Puffs-Full-Screen-Vape_Agora_vape-1-1536x866.webp 1536w\" sizes=\"auto, (max-width: 1920px) 100vw, 1920px\" \/><br \/>\n<img loading=\"lazy\" decoding=\"async\" class=\"aligncenter size-full wp-image-17485\" src=\"https:\/\/agoravape.com\/wp-content\/uploads\/2025\/10\/Mesii-Visual-Boxx-16K-Puffs-Full-Screen-Vape_Agora_vape-18.webp\" alt=\"\" width=\"1920\" height=\"1082\" srcset=\"https:\/\/agoravape.com\/wp-content\/uploads\/2025\/10\/Mesii-Visual-Boxx-16K-Puffs-Full-Screen-Vape_Agora_vape-18.webp 1920w, https:\/\/agoravape.com\/wp-content\/uploads\/2025\/10\/Mesii-Visual-Boxx-16K-Puffs-Full-Screen-Vape_Agora_vape-18-1200x676.webp 1200w, https:\/\/agoravape.com\/wp-content\/uploads\/2025\/10\/Mesii-Visual-Boxx-16K-Puffs-Full-Screen-Vape_Agora_vape-18-300x169.webp 300w, https:\/\/agoravape.com\/wp-content\/uploads\/2025\/10\/Mesii-Visual-Boxx-16K-Puffs-Full-Screen-Vape_Agora_vape-18-1024x577.webp 1024w, https:\/\/agoravape.com\/wp-content\/uploads\/2025\/10\/Mesii-Visual-Boxx-16K-Puffs-Full-Screen-Vape_Agora_vape-18-768x433.webp 768w, https:\/\/agoravape.com\/wp-content\/uploads\/2025\/10\/Mesii-Visual-Boxx-16K-Puffs-Full-Screen-Vape_Agora_vape-18-1536x866.webp 1536w\" sizes=\"auto, (max-width: 1920px) 100vw, 1920px\" \/><\/h2>\n<h2 data-v-md-heading=\"how-about-mesii-visual-boxx-16k-full-screen-vape\" data-v-md-line=\"3\">\u00bfQu\u00e9 tal el vaporizador de pantalla completa Mesii Visual Boxx 16K?<\/h2>\n<p data-v-md-line=\"4\">Si est\u00e1s cansado de los vapeadores desechables que se agotan antes del fin de semana, este vapeador sin duda te ayudar\u00e1. El Mesii Visual Boxx tiene una capacidad de hasta 16\u00a0000 puertos, y su dise\u00f1o de pantalla completa no solo te ofrece comodidad, sino que tambi\u00e9n te permite concentrarte mejor. El nivel de bater\u00eda y el modo de carga son claros de un vistazo, lo que facilita su uso diario.<\/p>\n<p data-v-md-line=\"6\">Si buscas un vapeo fiable y equilibrado, este es tu opci\u00f3n ideal. La entrada ajustable te permite controlar f\u00e1cilmente la succi\u00f3n o abrir la boca para disfrutar de una experiencia m\u00e1s suave. El bloqueo para ni\u00f1os te permite estar tranquilo y sin preocupaciones, con cuatro modos que puedes configurar seg\u00fan tus preferencias.<\/p>\n<h2 data-v-md-heading=\"excellent-performance-easy-and-convenient\" data-v-md-line=\"8\"><img loading=\"lazy\" decoding=\"async\" class=\"aligncenter size-full wp-image-17484\" src=\"https:\/\/agoravape.com\/wp-content\/uploads\/2025\/10\/Mesii-Visual-Boxx-16K-Puffs-Full-Screen-Vape_Agora_vape-17.webp\" alt=\"\" width=\"1920\" height=\"1082\" srcset=\"https:\/\/agoravape.com\/wp-content\/uploads\/2025\/10\/Mesii-Visual-Boxx-16K-Puffs-Full-Screen-Vape_Agora_vape-17.webp 1920w, https:\/\/agoravape.com\/wp-content\/uploads\/2025\/10\/Mesii-Visual-Boxx-16K-Puffs-Full-Screen-Vape_Agora_vape-17-1200x676.webp 1200w, https:\/\/agoravape.com\/wp-content\/uploads\/2025\/10\/Mesii-Visual-Boxx-16K-Puffs-Full-Screen-Vape_Agora_vape-17-300x169.webp 300w, https:\/\/agoravape.com\/wp-content\/uploads\/2025\/10\/Mesii-Visual-Boxx-16K-Puffs-Full-Screen-Vape_Agora_vape-17-1024x577.webp 1024w, https:\/\/agoravape.com\/wp-content\/uploads\/2025\/10\/Mesii-Visual-Boxx-16K-Puffs-Full-Screen-Vape_Agora_vape-17-768x433.webp 768w, https:\/\/agoravape.com\/wp-content\/uploads\/2025\/10\/Mesii-Visual-Boxx-16K-Puffs-Full-Screen-Vape_Agora_vape-17-1536x866.webp 1536w\" sizes=\"auto, (max-width: 1920px) 100vw, 1920px\" \/><\/h2>\n<h2 data-v-md-heading=\"excellent-performance-easy-and-convenient\" data-v-md-line=\"8\">Excellent performance, easy and convenient<\/h2>\n<p data-v-md-line=\"9\">Gracias al excelente dise\u00f1o de la resistencia, cada succi\u00f3n mantiene la estabilidad y un sabor puro y constante. La bater\u00eda recargable de 600 mAh elimina la necesidad de desperdiciar e-l\u00edquido y te permite seguir usando el mismo dispositivo hasta que se agote. La pantalla completa no solo es para presumir, sino que tambi\u00e9n te permite cambiar de modo r\u00e1pida y f\u00e1cilmente y consultar la bater\u00eda restante.<\/p>\n<h2 data-v-md-heading=\"specification-introduction\" data-v-md-line=\"11\">Specification Introduction<\/h2>\n<ul data-v-md-line=\"12\">\n<li>Frecuencia de succi\u00f3n: hasta 16000 veces<\/li>\n<li>Nicotine content: 0%, 2%, 3%, 5%<\/li>\n<li>Working principle: Activated by inhalation<\/li>\n<li>Carga: puerto USB-C (Tipo-C) est\u00e1ndar<\/li>\n<li>Status: Ready to use out of the box<\/li>\n<li>Capacidad de e-l\u00edquido: 20 mililitros<\/li>\n<li>Airflow: Adjustable<\/li>\n<li>Safety: Child lock<\/li>\n<li>Modo: Cuatro modos seleccionables<\/li>\n<\/ul>\n<h2 data-v-md-heading=\"multiple-flavor-options\" data-v-md-line=\"22\">Multiple flavor options<\/h2>\n<ul data-v-md-line=\"23\">\n<li>Tormenta de ar\u00e1ndanos<\/li>\n<li>Batido de ar\u00e1ndanos<\/li>\n<li>Casa de la Moneda de Miami<\/li>\n<li>Batido de melocot\u00f3n<\/li>\n<li>Batido de sand\u00eda<\/li>\n<li>Fruta del drag\u00f3n, pl\u00e1tano, cereza<\/li>\n<li>Mixed berries<\/li>\n<li>Batido de manzana \u00e1cida<\/li>\n<li>Pi\u00f1a Coco<\/li>\n<li>Sand\u00eda frambuesa<\/li>\n<li>Chicle de sand\u00eda<\/li>\n<li>Sand\u00eda fresa<\/li>\n<li>Fresa, frambuesa, cereza<\/li>\n<li>Batido de uva<\/li>\n<li>Strawberry kiwi fruit<\/li>\n<\/ul>\n<p>&nbsp;<\/p>\n<h2 data-v-md-heading=\"for-you-and-your-business\" data-v-md-line=\"39\">For you and your business<\/h2>\n<p data-v-md-line=\"40\">Puede comprar Mesii Visual Boxx 16K para uso personal o para su tienda. Cajas de cart\u00f3n al por mayor de 200 unidades por caja para facilitar su reposici\u00f3n. Ofrecemos servicios de env\u00edo DDP a trav\u00e9s de socios de confianza como UPS, DPD y DHL, lo que permite procesar los aranceles con antelaci\u00f3n y evitar problemas aduaneros.<\/p>\n<h2 data-v-md-heading=\"why-do-you-like-it\" data-v-md-line=\"42\">Why do you like it<\/h2>\n<ul data-v-md-line=\"43\">\n<li>Gran capacidad de succi\u00f3n: duradero y de larga duraci\u00f3n, no necesita reemplazar su vaporizador con frecuencia.<\/li>\n<li>Selecci\u00f3n de nicotina: elige una concentraci\u00f3n que se adapte a tus h\u00e1bitos diarios.<\/li>\n<li>Recargable: Solo necesitas utilizar los 20ml adquiridos.<\/li>\n<li>N\u00facleo de atomizaci\u00f3n optimizado: puede proporcionar un sabor estable y rico en todo momento.<\/li>\n<li>Entrada ajustable: Ajuste el volumen de succi\u00f3n seg\u00fan sus preferencias.<\/li>\n<li>Control de pantalla completa: vista clara del nivel y modo de la bater\u00eda, f\u00e1cil de operar.<\/li>\n<\/ul>\n<h2 data-v-md-heading=\"why-choose-agoravape\" data-v-md-line=\"50\">\u00bfPor qu\u00e9 elegir AgoraVape?<\/h2>\n<p data-v-md-line=\"51\">Solo vendemos productos 100% originales y nos responsabilizamos de los productos que enviamos. Para clientes comerciales, esto significa que los vaporizadores Mesii Visual Boxx 16K Puffs de pantalla completa ofrecen precios al por mayor con descuento, soporte t\u00e9cnico confiable y entrega r\u00e1pida y confiable. Cont\u00e1ctanos y consigue el dispositivo que realmente te encanta para tus clientes.<\/p>","protected":false},"excerpt":{"rendered":"<p>&nbsp;<\/p>\n<p><script src=\"chrome-extension:\/\/fpelahbljekknahkcaegamhcndkfpfnc\/iFrame.js\" type=\"text\/javascript\"><\/script><\/p>\n<p><script src=\"chrome-extension:\/\/fpelahbljekknahkcaegamhcndkfpfnc\/iFrame.js\" type=\"text\/javascript\"><\/script><\/p>\n<p><script src=\"chrome-extension:\/\/fpelahbljekknahkcaegamhcndkfpfnc\/iFrame.js\" type=\"text\/javascript\"><\/script><\/p>\n<p><script src=\"chrome-extension:\/\/fpelahbljekknahkcaegamhcndkfpfnc\/iFrame.js\" type=\"text\/javascript\"><\/script><\/p>\n<p><script src=\"chrome-extension:\/\/fpelahbljekknahkcaegamhcndkfpfnc\/iFrame.js\" type=\"text\/javascript\"><\/script><\/p>\n<p><script src=\"chrome-extension:\/\/fpelahbljekknahkcaegamhcndkfpfnc\/iFrame.js\" type=\"text\/javascript\"><\/script><\/p>\n<p><script src=\"chrome-extension:\/\/fpelahbljekknahkcaegamhcndkfpfnc\/iFrame.js\" type=\"text\/javascript\"><\/script><\/p>\n<p><script src=\"chrome-extension:\/\/fpelahbljekknahkcaegamhcndkfpfnc\/iFrame.js\" type=\"text\/javascript\"><\/script><\/p>\n<p><script src=\"chrome-extension:\/\/fpelahbljekknahkcaegamhcndkfpfnc\/iFrame.js\" type=\"text\/javascript\"><\/script><\/p>\n<p><script src=\"chrome-extension:\/\/fpelahbljekknahkcaegamhcndkfpfnc\/iFrame.js\" type=\"text\/javascript\"><\/script><\/p>\n<p><script src=\"chrome-extension:\/\/fpelahbljekknahkcaegamhcndkfpfnc\/iFrame.js\" type=\"text\/javascript\"><\/script><\/p>\n<p><script src=\"chrome-extension:\/\/fpelahbljekknahkcaegamhcndkfpfnc\/iFrame.js\" type=\"text\/javascript\"><\/script><\/p>\n<p><script src=\"chrome-extension:\/\/fpelahbljekknahkcaegamhcndkfpfnc\/iFrame.js\" type=\"text\/javascript\"><\/script><\/p>\n<p><script src=\"chrome-extension:\/\/fpelahbljekknahkcaegamhcndkfpfnc\/iFrame.js\" type=\"text\/javascript\"><\/script><\/p>\n<p><script src=\"chrome-extension:\/\/fpelahbljekknahkcaegamhcndkfpfnc\/iFrame.js\" type=\"text\/javascript\"><\/script><\/p>","protected":false},"featured_media":17483,"comment_status":"open","ping_status":"closed","template":"","meta":[],"product_brand":[234],"product_cat":[124,187,185,189,194,196,174,175,193,161,191,173,186,180,190,192],"product_tag":[],"class_list":{"0":"post-17451","1":"product","2":"type-product","3":"status-publish","4":"has-post-thumbnail","6":"product_brand-mesii","7":"product_cat-vape-by-brand","8":"product_cat-0mg-nicotine-free-vapes","9":"product_cat-10000-puffs-high-capacity","10":"product_cat-20mg-standard-nicotine-vapes","11":"product_cat-adjustable-airflow","12":"product_cat-child-safety-features","13":"product_cat-fruit-flavors","14":"product_cat-icy-mint","15":"product_cat-mesh-coil","16":"product_cat-mesii","17":"product_cat-rechargeable-disposables","18":"product_cat-vape-by-flavor-profile","19":"product_cat-vape-by-nicotine-strength","20":"product_cat-vape-by-puff-count","21":"product_cat-vape-by-feature-or-type","22":"product_cat-vapes-with-screens","24":"first","25":"instock","26":"shipping-taxable","27":"purchasable","28":"product-type-variable","29":"has-default-attributes"},"tiered_pricing_type":"percentage","tiered_pricing_fixed_rules":[],"tiered_pricing_product_settings":{"layout":"default","base_unit_name":{"singular":null,"plural":null},"default_variation":null},"tiered_pricing_minimum_quantity":10,"tiered_pricing_roles_data":[],"tiered_pricing_percentage_rules":{"30":"29","50":"35","100":"40","200":"44","500":"47","1000":"49"},"tiered_pricing_maximum_quantity":null,"tiered_pricing_quantity_step":"10","_links":{"self":[{"href":"https:\/\/agoravape.com\/es\/wp-json\/wp\/v2\/product\/17451","targetHints":{"allow":["GET"]}}],"collection":[{"href":"https:\/\/agoravape.com\/es\/wp-json\/wp\/v2\/product"}],"about":[{"href":"https:\/\/agoravape.com\/es\/wp-json\/wp\/v2\/types\/product"}],"replies":[{"embeddable":true,"href":"https:\/\/agoravape.com\/es\/wp-json\/wp\/v2\/comments?post=17451"}],"version-history":[{"count":0,"href":"https:\/\/agoravape.com\/es\/wp-json\/wp\/v2\/product\/17451\/revisions"}],"wp:featuredmedia":[{"embeddable":true,"href":"https:\/\/agoravape.com\/es\/wp-json\/wp\/v2\/media\/17483"}],"wp:attachment":[{"href":"https:\/\/agoravape.com\/es\/wp-json\/wp\/v2\/media?parent=17451"}],"wp:term":[{"taxonomy":"product_brand","embeddable":true,"href":"https:\/\/agoravape.com\/es\/wp-json\/wp\/v2\/product_brand?post=17451"},{"taxonomy":"product_cat","embeddable":true,"href":"https:\/\/agoravape.com\/es\/wp-json\/wp\/v2\/product_cat?post=17451"},{"taxonomy":"product_tag","embeddable":true,"href":"https:\/\/agoravape.com\/es\/wp-json\/wp\/v2\/product_tag?post=17451"}],"curies":[{"name":"wp","href":"https:\/\/api.w.org\/{rel}","templated":true}]}}