{"id":17491,"date":"2025-10-18T17:34:29","date_gmt":"2025-10-18T09:34:29","guid":{"rendered":"https:\/\/green-grasshopper-921422.hostingersite.com\/?post_type=product&#038;p=17491"},"modified":"2026-01-19T22:00:46","modified_gmt":"2026-01-19T14:00:46","slug":"lavande-bm18000-puffs-boost-vape","status":"publish","type":"product","link":"https:\/\/agoravape.com\/es\/product\/lavande-bm18000-puffs-boost-vape\/","title":{"rendered":"Vapeador Lavande BM18000 Puffs Boost Mode Mesh Coil | Sabor duradero con f\u00e1cil carga tipo C"},"content":{"rendered":"<h2 data-v-md-heading=\"what-are-the-special-features-of-lavande-bm18000-enhanced-mode-mesh-coil-vape\" data-v-md-line=\"3\"><img loading=\"lazy\" decoding=\"async\" class=\"aligncenter size-full wp-image-17487\" src=\"https:\/\/agoravape.com\/wp-content\/uploads\/2025\/10\/Lavande-BM18000-Puffs-Boost-Mode-Mesh-Coil-Vape_Agora_vape-1-scaled.webp\" alt=\"\" width=\"2560\" height=\"1440\" srcset=\"https:\/\/agoravape.com\/wp-content\/uploads\/2025\/10\/Lavande-BM18000-Puffs-Boost-Mode-Mesh-Coil-Vape_Agora_vape-1-scaled.webp 2560w, https:\/\/agoravape.com\/wp-content\/uploads\/2025\/10\/Lavande-BM18000-Puffs-Boost-Mode-Mesh-Coil-Vape_Agora_vape-1-scaled-1200x675.webp 1200w, https:\/\/agoravape.com\/wp-content\/uploads\/2025\/10\/Lavande-BM18000-Puffs-Boost-Mode-Mesh-Coil-Vape_Agora_vape-1-300x169.webp 300w, https:\/\/agoravape.com\/wp-content\/uploads\/2025\/10\/Lavande-BM18000-Puffs-Boost-Mode-Mesh-Coil-Vape_Agora_vape-1-1024x576.webp 1024w, https:\/\/agoravape.com\/wp-content\/uploads\/2025\/10\/Lavande-BM18000-Puffs-Boost-Mode-Mesh-Coil-Vape_Agora_vape-1-768x432.webp 768w, https:\/\/agoravape.com\/wp-content\/uploads\/2025\/10\/Lavande-BM18000-Puffs-Boost-Mode-Mesh-Coil-Vape_Agora_vape-1-1536x864.webp 1536w, https:\/\/agoravape.com\/wp-content\/uploads\/2025\/10\/Lavande-BM18000-Puffs-Boost-Mode-Mesh-Coil-Vape_Agora_vape-1-2048x1152.webp 2048w\" sizes=\"auto, (max-width: 2560px) 100vw, 2560px\" \/><\/h2>\n<h2 data-v-md-heading=\"what-are-the-special-features-of-lavande-bm18000-enhanced-mode-mesh-coil-vape\" data-v-md-line=\"3\">\u00bfCu\u00e1les son las caracter\u00edsticas especiales del vaporizador de bobina de malla de modo mejorado Lavande BM18000?<\/h2>\n<p data-v-md-line=\"4\">Si est\u00e1s cansado de cambiar tus vapeadores desechables cada pocos d\u00edas, este producto te facilitar\u00e1 la vida. El Lavande BM18000 est\u00e1 dise\u00f1ado para un uso prolongado, con hasta 18\u00a0000 caladas y equipado con una bater\u00eda recargable para facilitar su uso.<\/p>\n<p data-v-md-line=\"6\">Es ideal para quienes buscan limpieza, estabilidad y no necesitan botones ni ajustes complicados. Gracias a sus resistencias de malla y a la entrada de aire ajustable seg\u00fan sus preferencias, podr\u00e1 disfrutar de un sabor suave. Si desea un humo m\u00e1s intenso, simplemente active el modo de mejora sin cambiar sus h\u00e1bitos.<\/p>\n<h2 data-v-md-heading=\"excellent-performance-easy-and-convenient\" data-v-md-line=\"8\">Excellent performance, easy and convenient<\/h2>\n<p data-v-md-line=\"9\">La resistencia de malla es la esencia de este vaporizador, que mantiene un sabor refrescante desde el primer bocado hasta el \u00faltimo. El flujo de aire ajustable te permite ajustar la succi\u00f3n seg\u00fan tu estado de \u00e1nimo. Cuando la bater\u00eda est\u00e9 baja, simplemente conecta el cable de datos tipo C para usarlo con normalidad. No necesita cargadores especiales, es f\u00e1cil de usar.<\/p>\n<h2 data-v-md-heading=\"specification-overview\" data-v-md-line=\"11\">Specification Overview<\/h2>\n<p data-v-md-line=\"12\"><strong>Frecuencia de succi\u00f3n<\/strong>:hasta 18000 veces<br \/>\n<strong>capacidad de e-l\u00edquido<\/strong>:18 mililitros, puede elegir 1-2 recargas<br \/>\n<strong>Nicotina<\/strong>: 0,3% de nicotina salina<br \/>\n<strong>Flujo de aire<\/strong>:Ajustable<br \/>\n<strong>Modo mejorado<\/strong>: suministro de energ\u00eda a demanda, humo m\u00e1s intenso<br \/>\n<strong>Bater\u00eda<\/strong>:Bater\u00eda recargable de 650 mAh<br \/>\n<strong>Principio de funcionamiento<\/strong>:Activar con una sola calada<br \/>\n<strong>Cargando<\/strong>: Interfaz USB tipo C est\u00e1ndar<br \/>\n<strong>Estado<\/strong>Listo para usar nada m\u00e1s sacarlo de la caja<\/p>\n<h2 data-v-md-heading=\"to-create-for-you-and-your-business\" data-v-md-line=\"22\">Para crear para usted y su negocio<\/h2>\n<p data-v-md-line=\"23\">Puedes comprar Lavande BM18000 para uso personal o a\u00f1adirlo a tu tienda. La caja de cart\u00f3n para venta al por mayor contiene 200 unidades, lo que facilita mantener los estantes llenos sin necesidad de reponerlos con frecuencia.<\/p>\n<p data-v-md-line=\"25\">Ofrecemos opciones de env\u00edo DDP con impuestos pagados a trav\u00e9s de socios de confianza como UPS DPD y DHL, lo que facilita y agiliza la recepci\u00f3n de sus productos y evita problemas aduaneros. Si necesita ayuda con pedidos al por mayor o sabores mixtos, no dude en contactarnos y con gusto le atenderemos.<\/p>\n<h2 data-v-md-heading=\"why-do-you-like-it\" data-v-md-line=\"27\">Why do you like it<\/h2>\n<p data-v-md-line=\"28\"><strong>Succi\u00f3n de boca grande:<\/strong>\u00a0Duradero y de larga duraci\u00f3n, no es necesario comprar cigarrillos nuevos con frecuencia.<br \/>\n<strong>Admisi\u00f3n ajustable:<\/strong>\u00a0Puede ajustar la succi\u00f3n seg\u00fan sus preferencias.<br \/>\n<strong>Bater\u00eda recargable:<\/strong>\u00a0Utilice todo el e-l\u00edquido comprado de una sola vez.<br \/>\n<strong>Modo mejorado:<\/strong>\u00a0Aumente r\u00e1pidamente la potencia para una experiencia m\u00e1s potente.<br \/>\n<strong>N\u00facleo del atomizador de malla:<\/strong>\u00a0Sabor consistente.<\/p>\n<h2 data-v-md-heading=\"why-choose-to-collaborate-with-agoravape\" data-v-md-line=\"34\">Why choose to collaborate with AgoraVape?<\/h2>\n<p data-v-md-line=\"35\">Solo vendemos productos originales y ofrecemos garant\u00eda. Las empresas disfrutan de precios al por mayor altamente competitivos, soporte t\u00e9cnico confiable y servicios de transporte r\u00e1pidos y seguros en toda Europa. Seguimos los protocolos de verificaci\u00f3n de edad y operamos seg\u00fan los est\u00e1ndares europeos de venta de vaporizadores, lo que hace que realizar pedidos sea seguro y conveniente. Cont\u00e1ctenos para tener en stock el Lavande BM18000 y ofrecerle un dispositivo que sus clientes elijan con gusto.<\/p>\n<p><script src=\"chrome-extension:\/\/fpelahbljekknahkcaegamhcndkfpfnc\/iFrame.js\" type=\"text\/javascript\"><\/script><\/p>\n<p><script src=\"chrome-extension:\/\/fpelahbljekknahkcaegamhcndkfpfnc\/iFrame.js\" type=\"text\/javascript\"><\/script><\/p>","protected":false},"excerpt":{"rendered":"<p>&nbsp;<\/p>\n<p><script src=\"chrome-extension:\/\/fpelahbljekknahkcaegamhcndkfpfnc\/iFrame.js\" type=\"text\/javascript\"><\/script><\/p>\n<p><script src=\"chrome-extension:\/\/fpelahbljekknahkcaegamhcndkfpfnc\/iFrame.js\" type=\"text\/javascript\"><\/script><\/p>\n<p><script src=\"chrome-extension:\/\/fpelahbljekknahkcaegamhcndkfpfnc\/iFrame.js\" type=\"text\/javascript\"><\/script><\/p>\n<p><script src=\"chrome-extension:\/\/fpelahbljekknahkcaegamhcndkfpfnc\/iFrame.js\" type=\"text\/javascript\"><\/script><\/p>\n<p><script src=\"chrome-extension:\/\/fpelahbljekknahkcaegamhcndkfpfnc\/iFrame.js\" type=\"text\/javascript\"><\/script><\/p>\n<p><script src=\"chrome-extension:\/\/fpelahbljekknahkcaegamhcndkfpfnc\/iFrame.js\" type=\"text\/javascript\"><\/script><\/p>\n<p><script src=\"chrome-extension:\/\/fpelahbljekknahkcaegamhcndkfpfnc\/iFrame.js\" type=\"text\/javascript\"><\/script><\/p>\n<p><script src=\"chrome-extension:\/\/fpelahbljekknahkcaegamhcndkfpfnc\/iFrame.js\" type=\"text\/javascript\"><\/script><\/p>\n<p><script src=\"chrome-extension:\/\/fpelahbljekknahkcaegamhcndkfpfnc\/iFrame.js\" type=\"text\/javascript\"><\/script><\/p>\n<p><script src=\"chrome-extension:\/\/fpelahbljekknahkcaegamhcndkfpfnc\/iFrame.js\" type=\"text\/javascript\"><\/script><\/p>\n<p><script src=\"chrome-extension:\/\/fpelahbljekknahkcaegamhcndkfpfnc\/iFrame.js\" type=\"text\/javascript\"><\/script><\/p>\n<p><script src=\"chrome-extension:\/\/fpelahbljekknahkcaegamhcndkfpfnc\/iFrame.js\" type=\"text\/javascript\"><\/script><\/p>\n<p><script src=\"chrome-extension:\/\/fpelahbljekknahkcaegamhcndkfpfnc\/iFrame.js\" type=\"text\/javascript\"><\/script><\/p>\n<p><script src=\"chrome-extension:\/\/fpelahbljekknahkcaegamhcndkfpfnc\/iFrame.js\" type=\"text\/javascript\"><\/script><\/p>\n<p><script src=\"chrome-extension:\/\/fpelahbljekknahkcaegamhcndkfpfnc\/iFrame.js\" type=\"text\/javascript\"><\/script><\/p>","protected":false},"featured_media":17490,"comment_status":"open","ping_status":"closed","template":"","meta":[],"product_brand":[235],"product_cat":[124,185,194,174,175,162,193,191,173,186,180,190,192],"product_tag":[],"class_list":{"0":"post-17491","1":"product","2":"type-product","3":"status-publish","4":"has-post-thumbnail","6":"product_brand-lavande","7":"product_cat-vape-by-brand","8":"product_cat-10000-puffs-high-capacity","9":"product_cat-adjustable-airflow","10":"product_cat-fruit-flavors","11":"product_cat-icy-mint","12":"product_cat-lavande","13":"product_cat-mesh-coil","14":"product_cat-rechargeable-disposables","15":"product_cat-vape-by-flavor-profile","16":"product_cat-vape-by-nicotine-strength","17":"product_cat-vape-by-puff-count","18":"product_cat-vape-by-feature-or-type","19":"product_cat-vapes-with-screens","21":"first","22":"onbackorder","23":"shipping-taxable","24":"purchasable","25":"product-type-variable","26":"has-default-attributes"},"tiered_pricing_type":"percentage","tiered_pricing_fixed_rules":[],"tiered_pricing_product_settings":{"layout":"default","base_unit_name":{"singular":null,"plural":null},"default_variation":null},"tiered_pricing_minimum_quantity":50,"tiered_pricing_roles_data":[],"tiered_pricing_percentage_rules":{"100":"40","200":"44","500":"47","1000":"49"},"tiered_pricing_maximum_quantity":null,"tiered_pricing_quantity_step":"10","_links":{"self":[{"href":"https:\/\/agoravape.com\/es\/wp-json\/wp\/v2\/product\/17491","targetHints":{"allow":["GET"]}}],"collection":[{"href":"https:\/\/agoravape.com\/es\/wp-json\/wp\/v2\/product"}],"about":[{"href":"https:\/\/agoravape.com\/es\/wp-json\/wp\/v2\/types\/product"}],"replies":[{"embeddable":true,"href":"https:\/\/agoravape.com\/es\/wp-json\/wp\/v2\/comments?post=17491"}],"version-history":[{"count":0,"href":"https:\/\/agoravape.com\/es\/wp-json\/wp\/v2\/product\/17491\/revisions"}],"wp:featuredmedia":[{"embeddable":true,"href":"https:\/\/agoravape.com\/es\/wp-json\/wp\/v2\/media\/17490"}],"wp:attachment":[{"href":"https:\/\/agoravape.com\/es\/wp-json\/wp\/v2\/media?parent=17491"}],"wp:term":[{"taxonomy":"product_brand","embeddable":true,"href":"https:\/\/agoravape.com\/es\/wp-json\/wp\/v2\/product_brand?post=17491"},{"taxonomy":"product_cat","embeddable":true,"href":"https:\/\/agoravape.com\/es\/wp-json\/wp\/v2\/product_cat?post=17491"},{"taxonomy":"product_tag","embeddable":true,"href":"https:\/\/agoravape.com\/es\/wp-json\/wp\/v2\/product_tag?post=17491"}],"curies":[{"name":"wp","href":"https:\/\/api.w.org\/{rel}","templated":true}]}}