{"id":17532,"date":"2025-10-18T17:54:05","date_gmt":"2025-10-18T09:54:05","guid":{"rendered":"https:\/\/green-grasshopper-921422.hostingersite.com\/?post_type=product&#038;p=17532"},"modified":"2026-01-19T22:00:40","modified_gmt":"2026-01-19T14:00:40","slug":"lavande-nebula-15000-puffs-led-vape","status":"publish","type":"product","link":"https:\/\/agoravape.com\/es\/product\/lavande-nebula-15000-puffs-led-vape\/","title":{"rendered":"Vape desechable Lavande NEBULA con pantalla LED de 15\u00a0000 caladas | Sabor duradero con estado inteligente en pantalla"},"content":{"rendered":"<h2 data-v-md-heading=\"what-is-special-about-lavande-nebula-s-15000-port-led-screen-disposable-vape\" data-v-md-line=\"3\"><img loading=\"lazy\" decoding=\"async\" class=\"aligncenter size-full wp-image-17564\" src=\"https:\/\/agoravape.com\/wp-content\/uploads\/2025\/10\/Lavande-NEBULA-15K-Puffs-LED-Screen-Disposable-Vape_Agora_vape-11-scaled.webp\" alt=\"\" width=\"2560\" height=\"1440\" srcset=\"https:\/\/agoravape.com\/wp-content\/uploads\/2025\/10\/Lavande-NEBULA-15K-Puffs-LED-Screen-Disposable-Vape_Agora_vape-11-scaled.webp 2560w, https:\/\/agoravape.com\/wp-content\/uploads\/2025\/10\/Lavande-NEBULA-15K-Puffs-LED-Screen-Disposable-Vape_Agora_vape-11-scaled-1200x675.webp 1200w, https:\/\/agoravape.com\/wp-content\/uploads\/2025\/10\/Lavande-NEBULA-15K-Puffs-LED-Screen-Disposable-Vape_Agora_vape-11-300x169.webp 300w, https:\/\/agoravape.com\/wp-content\/uploads\/2025\/10\/Lavande-NEBULA-15K-Puffs-LED-Screen-Disposable-Vape_Agora_vape-11-1024x576.webp 1024w, https:\/\/agoravape.com\/wp-content\/uploads\/2025\/10\/Lavande-NEBULA-15K-Puffs-LED-Screen-Disposable-Vape_Agora_vape-11-768x432.webp 768w, https:\/\/agoravape.com\/wp-content\/uploads\/2025\/10\/Lavande-NEBULA-15K-Puffs-LED-Screen-Disposable-Vape_Agora_vape-11-1536x864.webp 1536w, https:\/\/agoravape.com\/wp-content\/uploads\/2025\/10\/Lavande-NEBULA-15K-Puffs-LED-Screen-Disposable-Vape_Agora_vape-11-2048x1152.webp 2048w\" sizes=\"auto, (max-width: 2560px) 100vw, 2560px\" \/><\/h2>\n<h2 data-v-md-heading=\"what-is-special-about-lavande-nebula-s-15000-port-led-screen-disposable-vape\" data-v-md-line=\"3\">\u00bfQu\u00e9 tiene de especial el vaporizador desechable con pantalla LED de 15000 puertos de Lavande NEBULA?<\/h2>\n<p data-v-md-line=\"4\">Si est\u00e1s cansado de cambiar de vaporizador cada pocos d\u00edas, este producto te facilitar\u00e1 la vida. Lavande NEBULA tiene una bater\u00eda de larga duraci\u00f3n de hasta 15\u00a0000 puertos y est\u00e1 equipado con una pr\u00e1ctica pantalla LED que te permite controlar su estado en cualquier momento.<\/p>\n<p data-v-md-line=\"6\">Si buscas una experiencia de vapeo sencilla y f\u00e1cil de usar sin renunciar a la sofisticaci\u00f3n, este producto es la opci\u00f3n ideal. Olv\u00eddate de configuraciones tediosas y de adivinar. La resistencia de malla proporciona una textura consistente y se carga f\u00e1cilmente a trav\u00e9s de la interfaz Tipo-C cuando lo necesites.<\/p>\n<h2 data-v-md-heading=\"excellent-performance-worry-free\" data-v-md-line=\"8\">Excellent performance, worry free<\/h2>\n<p data-v-md-line=\"9\">El n\u00facleo de NEBULA es una resistencia de malla de 1,2 \u03a9, que garantiza un sabor puro y estable de principio a fin en cada bocado. Las pantallas LED ofrecen informaci\u00f3n visual r\u00e1pida, lo que te permite conocer f\u00e1cilmente el estado actual. Cuando la bater\u00eda est\u00e9 baja, puedes usar el cable de datos tipo C que ya tengas para cargarlo. Con dispositivos de alta capacidad, es normal que te preocupes por la duraci\u00f3n de la bater\u00eda, pero la funci\u00f3n de carga r\u00e1pida tipo C lo hace f\u00e1cil y sin complicaciones.<\/p>\n<h2 data-v-md-heading=\"specification-overview\" data-v-md-line=\"11\">Specification Overview<\/h2>\n<ul data-v-md-line=\"12\">\n<li>Capacidad de succi\u00f3n: hasta 15000 bocados<\/li>\n<li>Concentraci\u00f3n de nicotina: Los fabricantes ofrecen dos opciones: 2% (20 mg) y 5%<\/li>\n<li>Capacidad de e-l\u00edquido: 15 mililitros<\/li>\n<li>Bater\u00eda: bater\u00eda recargable de 550 mAh<\/li>\n<li>N\u00facleo atomizador: bobina de malla de 1,2 \u03a9<\/li>\n<li>Pantalla: Pantalla LED integrada<\/li>\n<li>Principio de funcionamiento: No requiere configuraci\u00f3n: abrir, inhalar y cargar seg\u00fan sea necesario<\/li>\n<li>Carga: puerto USB tipo C est\u00e1ndar<\/li>\n<li>Status: Ready to use out of the box<\/li>\n<\/ul>\n<p data-v-md-line=\"22\">Declaraci\u00f3n de cumplimiento: La concentraci\u00f3n y la capacidad de nicotina var\u00edan seg\u00fan el pa\u00eds\/regi\u00f3n. Ofrecemos productos que cumplen con los requisitos de las normativas locales.<\/p>\n<h2 data-v-md-heading=\"for-you-and-your-business\" data-v-md-line=\"24\">For you and your business<\/h2>\n<p data-v-md-line=\"25\">C\u00f3mpralo t\u00fa mismo: f\u00e1cil y c\u00f3modo. A\u00f1\u00e1delo al carrito para empezar a usarlo. Si tienes una tienda f\u00edsica o en l\u00ednea, puedes comprar Lavande NEBULA al por mayor, con 100 unidades por caja. El peso de la caja es de 7,26 kg, lo que te facilita planificar los gastos de env\u00edo.<\/p>\n<p data-v-md-line=\"27\">Trabajamos con socios de confianza como UPS, DPD y DHL para ofrecer servicios de Entrega con Derechos Pagados (DDP), lo que permite procesar los aranceles con antelaci\u00f3n y evitar imprevistos con la aduana. Esto se traduce en entregas m\u00e1s r\u00e1pidas y menos complicaciones.<\/p>\n<h2 data-v-md-heading=\"why-do-you-like-it\" data-v-md-line=\"29\">Why do you like it<\/h2>\n<ul data-v-md-line=\"30\">\n<li>Succi\u00f3n masiva: hasta 15 000 bocanadas, lo que significa menos pedidos repetidos y m\u00e1s d\u00edas sin preocupaciones<\/li>\n<li>Selecci\u00f3n de nicotina: elija un contenido de nicotina del 2% o del 5% seg\u00fan la oferta y la preferencia del mercado.<\/li>\n<li>Recargable: la interfaz de carga tipo C te ayuda a utilizar cada gota de e-l\u00edquido<\/li>\n<li>N\u00facleo atomizador de malla: cada succi\u00f3n puede brindar un sabor suave y consistente.<\/li>\n<li>Pantalla LED: Estado claro y r\u00e1pido de un vistazo, lo que le permite saber la cantidad restante en cualquier momento<\/li>\n<\/ul>\n<h2 data-v-md-heading=\"why-choose-to-collaborate-with-agoravape\" data-v-md-line=\"36\">Why choose to collaborate with AgoraVape?<\/h2>\n<p data-v-md-line=\"37\">Solo suministramos productos 100 % genuinos de fabricantes verificados. Con el vaporizador desechable Lavande NEBULA 15K con pantalla LED, disfrutar\u00e1 de precios de mayorista con descuento, soporte t\u00e9cnico confiable y entregas r\u00e1pidas y fiables en Europa. \u00bfNecesita un presupuesto o un plan de pedidos personalizado? Cont\u00e1ctenos y le proporcionaremos un dispositivo que sus clientes seguramente comprar\u00e1n.<\/p>\n<p data-v-md-line=\"39\">Este producto tiene l\u00edmite de edad. Solo para mayores de 18 a\u00f1os. Consulte la normativa local antes de comprarlo.<\/p>","protected":false},"excerpt":{"rendered":"<p>&nbsp;<\/p>\n<p><script src=\"chrome-extension:\/\/fpelahbljekknahkcaegamhcndkfpfnc\/iFrame.js\" type=\"text\/javascript\"><\/script><\/p>\n<p><script src=\"chrome-extension:\/\/fpelahbljekknahkcaegamhcndkfpfnc\/iFrame.js\" type=\"text\/javascript\"><\/script><\/p>\n<p><script src=\"chrome-extension:\/\/fpelahbljekknahkcaegamhcndkfpfnc\/iFrame.js\" type=\"text\/javascript\"><\/script><\/p>\n<p><script src=\"chrome-extension:\/\/fpelahbljekknahkcaegamhcndkfpfnc\/iFrame.js\" type=\"text\/javascript\"><\/script><\/p>\n<p><script src=\"chrome-extension:\/\/fpelahbljekknahkcaegamhcndkfpfnc\/iFrame.js\" type=\"text\/javascript\"><\/script><\/p>\n<p><script src=\"chrome-extension:\/\/fpelahbljekknahkcaegamhcndkfpfnc\/iFrame.js\" type=\"text\/javascript\"><\/script><\/p>\n<p><script src=\"chrome-extension:\/\/fpelahbljekknahkcaegamhcndkfpfnc\/iFrame.js\" type=\"text\/javascript\"><\/script><\/p>\n<p><script src=\"chrome-extension:\/\/fpelahbljekknahkcaegamhcndkfpfnc\/iFrame.js\" type=\"text\/javascript\"><\/script><\/p>\n<p><script src=\"chrome-extension:\/\/fpelahbljekknahkcaegamhcndkfpfnc\/iFrame.js\" type=\"text\/javascript\"><\/script><\/p>\n<p><script src=\"chrome-extension:\/\/fpelahbljekknahkcaegamhcndkfpfnc\/iFrame.js\" type=\"text\/javascript\"><\/script><\/p>\n<p><script src=\"chrome-extension:\/\/fpelahbljekknahkcaegamhcndkfpfnc\/iFrame.js\" type=\"text\/javascript\"><\/script><\/p>\n<p><script src=\"chrome-extension:\/\/fpelahbljekknahkcaegamhcndkfpfnc\/iFrame.js\" type=\"text\/javascript\"><\/script><\/p>\n<p><script src=\"chrome-extension:\/\/fpelahbljekknahkcaegamhcndkfpfnc\/iFrame.js\" type=\"text\/javascript\"><\/script><\/p>\n<p><script src=\"chrome-extension:\/\/fpelahbljekknahkcaegamhcndkfpfnc\/iFrame.js\" type=\"text\/javascript\"><\/script><\/p>\n<p><script src=\"chrome-extension:\/\/fpelahbljekknahkcaegamhcndkfpfnc\/iFrame.js\" type=\"text\/javascript\"><\/script><\/p>","protected":false},"featured_media":17563,"comment_status":"open","ping_status":"closed","template":"","meta":[],"product_brand":[235],"product_cat":[124,185,1635,189,174,175,162,193,191,173,186,180,190,192],"product_tag":[],"class_list":{"0":"post-17532","1":"product","2":"type-product","3":"status-publish","4":"has-post-thumbnail","6":"product_brand-lavande","7":"product_cat-vape-by-brand","8":"product_cat-10000-puffs-high-capacity","9":"product_cat-15000-puffs","10":"product_cat-20mg-standard-nicotine-vapes","11":"product_cat-fruit-flavors","12":"product_cat-icy-mint","13":"product_cat-lavande","14":"product_cat-mesh-coil","15":"product_cat-rechargeable-disposables","16":"product_cat-vape-by-flavor-profile","17":"product_cat-vape-by-nicotine-strength","18":"product_cat-vape-by-puff-count","19":"product_cat-vape-by-feature-or-type","20":"product_cat-vapes-with-screens","22":"first","23":"onbackorder","24":"shipping-taxable","25":"purchasable","26":"product-type-variable","27":"has-default-attributes"},"tiered_pricing_type":"percentage","tiered_pricing_fixed_rules":[],"tiered_pricing_product_settings":{"layout":"default","base_unit_name":{"singular":null,"plural":null},"default_variation":null},"tiered_pricing_minimum_quantity":50,"tiered_pricing_roles_data":[],"tiered_pricing_percentage_rules":{"100":"40","200":"44","500":"47","1000":"49"},"tiered_pricing_maximum_quantity":null,"tiered_pricing_quantity_step":"10","_links":{"self":[{"href":"https:\/\/agoravape.com\/es\/wp-json\/wp\/v2\/product\/17532","targetHints":{"allow":["GET"]}}],"collection":[{"href":"https:\/\/agoravape.com\/es\/wp-json\/wp\/v2\/product"}],"about":[{"href":"https:\/\/agoravape.com\/es\/wp-json\/wp\/v2\/types\/product"}],"replies":[{"embeddable":true,"href":"https:\/\/agoravape.com\/es\/wp-json\/wp\/v2\/comments?post=17532"}],"version-history":[{"count":0,"href":"https:\/\/agoravape.com\/es\/wp-json\/wp\/v2\/product\/17532\/revisions"}],"wp:featuredmedia":[{"embeddable":true,"href":"https:\/\/agoravape.com\/es\/wp-json\/wp\/v2\/media\/17563"}],"wp:attachment":[{"href":"https:\/\/agoravape.com\/es\/wp-json\/wp\/v2\/media?parent=17532"}],"wp:term":[{"taxonomy":"product_brand","embeddable":true,"href":"https:\/\/agoravape.com\/es\/wp-json\/wp\/v2\/product_brand?post=17532"},{"taxonomy":"product_cat","embeddable":true,"href":"https:\/\/agoravape.com\/es\/wp-json\/wp\/v2\/product_cat?post=17532"},{"taxonomy":"product_tag","embeddable":true,"href":"https:\/\/agoravape.com\/es\/wp-json\/wp\/v2\/product_tag?post=17532"}],"curies":[{"name":"wp","href":"https:\/\/api.w.org\/{rel}","templated":true}]}}