{"id":17577,"date":"2025-10-18T19:25:06","date_gmt":"2025-10-18T11:25:06","guid":{"rendered":"https:\/\/green-grasshopper-921422.hostingersite.com\/?post_type=product&#038;p=17577"},"modified":"2026-01-12T14:06:49","modified_gmt":"2026-01-12T06:06:49","slug":"razz-bar-50k-50000-puffs-vape","status":"publish","type":"product","link":"https:\/\/agoravape.com\/es\/product\/razz-bar-50k-50000-puffs-vape\/","title":{"rendered":"Vape desechable Razz Bar de 50\u00a0000 bocanadas de alta capacidad | Gran durabilidad, f\u00e1cil de usar"},"content":{"rendered":"<h2 data-v-md-heading=\"what-are-the-advantages-of-razz-bar-50k-large-capacity-disposable-vapes\" data-v-md-line=\"3\"><img loading=\"lazy\" decoding=\"async\" class=\"aligncenter size-full wp-image-17589\" src=\"https:\/\/agoravape.com\/wp-content\/uploads\/2025\/10\/Razz-bar-50K-Puffs-High-Capacity-Disposable-Vape_Agora_vape-1-scaled.webp\" alt=\"\" width=\"1506\" height=\"2560\" srcset=\"https:\/\/agoravape.com\/wp-content\/uploads\/2025\/10\/Razz-bar-50K-Puffs-High-Capacity-Disposable-Vape_Agora_vape-1-scaled.webp 1506w, https:\/\/agoravape.com\/wp-content\/uploads\/2025\/10\/Razz-bar-50K-Puffs-High-Capacity-Disposable-Vape_Agora_vape-1-scaled-1200x2040.webp 1200w, https:\/\/agoravape.com\/wp-content\/uploads\/2025\/10\/Razz-bar-50K-Puffs-High-Capacity-Disposable-Vape_Agora_vape-1-176x300.webp 176w, https:\/\/agoravape.com\/wp-content\/uploads\/2025\/10\/Razz-bar-50K-Puffs-High-Capacity-Disposable-Vape_Agora_vape-1-602x1024.webp 602w, https:\/\/agoravape.com\/wp-content\/uploads\/2025\/10\/Razz-bar-50K-Puffs-High-Capacity-Disposable-Vape_Agora_vape-1-768x1306.webp 768w, https:\/\/agoravape.com\/wp-content\/uploads\/2025\/10\/Razz-bar-50K-Puffs-High-Capacity-Disposable-Vape_Agora_vape-1-904x1536.webp 904w, https:\/\/agoravape.com\/wp-content\/uploads\/2025\/10\/Razz-bar-50K-Puffs-High-Capacity-Disposable-Vape_Agora_vape-1-1205x2048.webp 1205w\" sizes=\"auto, (max-width: 1506px) 100vw, 1506px\" \/><\/h2>\n<h2 data-v-md-heading=\"what-are-the-advantages-of-razz-bar-50k-large-capacity-disposable-vapes\" data-v-md-line=\"3\">\u00bfCu\u00e1les son las ventajas de los vaporizadores desechables de gran capacidad Razz Bar 50K?<\/h2>\n<p data-v-md-line=\"4\">Si est\u00e1s cansado de cambiar de vapeador cada pocos d\u00edas, este producto te har\u00e1 la vida m\u00e1s f\u00e1cil. La Razz Bar 50K tiene una potente bater\u00eda de hasta 50000 bites, lo que te permitir\u00e1 disfrutar f\u00e1cilmente de tus sabores favoritos.<\/p>\n<p data-v-md-line=\"6\">Es adecuado para cualquier persona que quiera iniciarse f\u00e1cilmente sin necesidad de aprender. Abra la caja de embalaje para utilizarlo. No es necesario ajustar ninguna configuraci\u00f3n. F\u00e1cil y c\u00f3modo.<\/p>\n<h2 data-v-md-heading=\"excellent-performance-easy-and-convenient\" data-v-md-line=\"8\">Excellent performance, easy and convenient<\/h2>\n<p data-v-md-line=\"9\">Este dispositivo hace hincapi\u00e9 en la consistencia. Puede disfrutar de una experiencia de succi\u00f3n suave y un sabor estable sin perder el aliento a mitad de camino. No hay interferencias de ning\u00fan bot\u00f3n o men\u00fa. Es un sencillo dispositivo plug and play que puede utilizarse d\u00eda tras d\u00eda.<\/p>\n<p data-v-md-line=\"11\">Puede que pienses que un producto con tantos puffs ser\u00eda complicado, pero es muy f\u00e1cil de usar.<\/p>\n<h2 data-v-md-heading=\"specification-introduction\" data-v-md-line=\"13\">Specification Introduction<\/h2>\n<ul data-v-md-line=\"14\">\n<li>Suction frequency: up to 50000 times<\/li>\n<li>Contenido de nicotina: 2% y 5% opcional<\/li>\n<li>Principio de funcionamiento: dispositivo desechable, sin necesidad de montaje<\/li>\n<li>M\u00e9todo de carga: no especificado por el fabricante<\/li>\n<li>Status: Ready to use out of the box<\/li>\n<li>Battery: 650mAh<\/li>\n<\/ul>\n<h2 data-v-md-heading=\"full-range-of-flavors\" data-v-md-line=\"21\">Gama completa de sabores<\/h2>\n<ul data-v-md-line=\"22\">\n<li>Sabor a frambuesa y sand\u00eda<\/li>\n<li>Batido de fresa<\/li>\n<li>Red Bull sabor uva<\/li>\n<li>Sabor a frutas tropicales<\/li>\n<li>Sabor a pl\u00e1tano<\/li>\n<li>Batido de ar\u00e1ndanos<\/li>\n<li>Batido de melocot\u00f3n<\/li>\n<li>Sabor a pi\u00f1a y coco<\/li>\n<li>Batido de sand\u00eda<\/li>\n<li>Sabor a lim\u00f3n y lima<\/li>\n<li>Strawberry and banana flavor<\/li>\n<li>Se\u00f1or Sabor Azul<\/li>\n<li>Chicle de fresa y sand\u00eda<\/li>\n<li>Agua de lim\u00f3n rosa<\/li>\n<li>Sabor a Coca-Cola de cereza<\/li>\n<li>Gomitas de osito<\/li>\n<\/ul>\n<h2 data-v-md-heading=\"for-you-and-your-business\" data-v-md-line=\"39\">For you and your business<\/h2>\n<p data-v-md-line=\"40\">Elija uno para usted o a\u00f1ada un producto popular a su estanter\u00eda. Vendemos al por mayor 200 unidades de cada sabor en forma de caja, lo que resulta muy pr\u00e1ctico para reponer existencias en tiendas muy concurridas. Cada caja principal tiene un peso bruto de 23 kilogramos, por lo que su plan de almacenamiento es muy sencillo.<\/p>\n<p data-v-md-line=\"42\">Ofrecemos servicios de entrega DDP en toda Europa a trav\u00e9s de socios de confianza como UPS, DPD y DHL. Tramitaci\u00f3n previa de impuestos y tasas para evitar situaciones inesperadas en la aduana.<\/p>\n<h2 data-v-md-heading=\"why-do-you-like-it\" data-v-md-line=\"44\">Why do you like it<\/h2>\n<ul data-v-md-line=\"45\">\n<li>Gran capacidad: hasta 50.000 puertos, lo que significa menos sustituciones e interrupciones<\/li>\n<li>Selecci\u00f3n de nicotina: Elige un contenido de nicotina de 2% o 5% seg\u00fan tus preferencias<\/li>\n<li>F\u00e1cil de utilizar: No necesita configuraci\u00f3n, muy adecuado para el uso diario.<\/li>\n<li>Estabilidad persistente: mantiene un sabor estable desde el primer bocado hasta el \u00faltimo<\/li>\n<\/ul>\n<h2 data-v-md-heading=\"why-collaborate-with-agoravape\" data-v-md-line=\"50\">Why collaborate with AgoraVape?<\/h2>\n<p data-v-md-line=\"51\">S\u00f3lo vendemos 100% inventario genuino de proveedores auditados. Al comprar Razz Bar 50K vapes desechables de gran capacidad, puede disfrutar de precios al por mayor con descuento, soporte t\u00e9cnico r\u00e1pido y servicios de entrega r\u00e1pida DDP. P\u00f3ngase en contacto con nuestro equipo para asegurarse de que sus clientes siguen volviendo a probar los sabores.<\/p>","protected":false},"excerpt":{"rendered":"<p>&nbsp;<\/p>\n<p><script src=\"chrome-extension:\/\/fpelahbljekknahkcaegamhcndkfpfnc\/iFrame.js\" type=\"text\/javascript\"><\/script><\/p>\n<p><script src=\"chrome-extension:\/\/fpelahbljekknahkcaegamhcndkfpfnc\/iFrame.js\" type=\"text\/javascript\"><\/script><\/p>\n<p><script src=\"chrome-extension:\/\/fpelahbljekknahkcaegamhcndkfpfnc\/iFrame.js\" type=\"text\/javascript\"><\/script><\/p>\n<p><script src=\"chrome-extension:\/\/fpelahbljekknahkcaegamhcndkfpfnc\/iFrame.js\" type=\"text\/javascript\"><\/script><\/p>\n<p><script src=\"chrome-extension:\/\/fpelahbljekknahkcaegamhcndkfpfnc\/iFrame.js\" type=\"text\/javascript\"><\/script><\/p>\n<p><script src=\"chrome-extension:\/\/fpelahbljekknahkcaegamhcndkfpfnc\/iFrame.js\" type=\"text\/javascript\"><\/script><\/p>\n<p><script src=\"chrome-extension:\/\/fpelahbljekknahkcaegamhcndkfpfnc\/iFrame.js\" type=\"text\/javascript\"><\/script><\/p>\n<p><script src=\"chrome-extension:\/\/fpelahbljekknahkcaegamhcndkfpfnc\/iFrame.js\" type=\"text\/javascript\"><\/script><\/p>\n<p><script src=\"chrome-extension:\/\/fpelahbljekknahkcaegamhcndkfpfnc\/iFrame.js\" type=\"text\/javascript\"><\/script><\/p>\n<p><script src=\"chrome-extension:\/\/fpelahbljekknahkcaegamhcndkfpfnc\/iFrame.js\" type=\"text\/javascript\"><\/script><\/p>\n<p><script src=\"chrome-extension:\/\/fpelahbljekknahkcaegamhcndkfpfnc\/iFrame.js\" type=\"text\/javascript\"><\/script><\/p>\n<p><script src=\"chrome-extension:\/\/fpelahbljekknahkcaegamhcndkfpfnc\/iFrame.js\" type=\"text\/javascript\"><\/script><\/p>\n<p><script src=\"chrome-extension:\/\/fpelahbljekknahkcaegamhcndkfpfnc\/iFrame.js\" type=\"text\/javascript\"><\/script><\/p>\n<p><script src=\"chrome-extension:\/\/fpelahbljekknahkcaegamhcndkfpfnc\/iFrame.js\" type=\"text\/javascript\"><\/script><\/p>\n<p><script src=\"chrome-extension:\/\/fpelahbljekknahkcaegamhcndkfpfnc\/iFrame.js\" type=\"text\/javascript\"><\/script><\/p>\n<p><script src=\"chrome-extension:\/\/fpelahbljekknahkcaegamhcndkfpfnc\/iFrame.js\" type=\"text\/javascript\"><\/script><\/p>","protected":false},"featured_media":17598,"comment_status":"open","ping_status":"closed","template":"","meta":[],"product_brand":[236],"product_cat":[124,185,189,174,175,193,163,191,173,186,180,190,192],"product_tag":[],"class_list":{"0":"post-17577","1":"product","2":"type-product","3":"status-publish","4":"has-post-thumbnail","6":"product_brand-razz-bar","7":"product_cat-vape-by-brand","8":"product_cat-10000-puffs-high-capacity","9":"product_cat-20mg-standard-nicotine-vapes","10":"product_cat-fruit-flavors","11":"product_cat-icy-mint","12":"product_cat-mesh-coil","13":"product_cat-razz-bar","14":"product_cat-rechargeable-disposables","15":"product_cat-vape-by-flavor-profile","16":"product_cat-vape-by-nicotine-strength","17":"product_cat-vape-by-puff-count","18":"product_cat-vape-by-feature-or-type","19":"product_cat-vapes-with-screens","21":"first","22":"instock","23":"shipping-taxable","24":"purchasable","25":"product-type-variable","26":"has-default-attributes"},"tiered_pricing_type":"percentage","tiered_pricing_fixed_rules":[],"tiered_pricing_product_settings":{"layout":"default","base_unit_name":{"singular":null,"plural":null},"default_variation":null},"tiered_pricing_minimum_quantity":50,"tiered_pricing_roles_data":[],"tiered_pricing_percentage_rules":{"100":"40","200":"44","500":"47","1000":"49"},"tiered_pricing_maximum_quantity":null,"tiered_pricing_quantity_step":"10","_links":{"self":[{"href":"https:\/\/agoravape.com\/es\/wp-json\/wp\/v2\/product\/17577","targetHints":{"allow":["GET"]}}],"collection":[{"href":"https:\/\/agoravape.com\/es\/wp-json\/wp\/v2\/product"}],"about":[{"href":"https:\/\/agoravape.com\/es\/wp-json\/wp\/v2\/types\/product"}],"replies":[{"embeddable":true,"href":"https:\/\/agoravape.com\/es\/wp-json\/wp\/v2\/comments?post=17577"}],"version-history":[{"count":0,"href":"https:\/\/agoravape.com\/es\/wp-json\/wp\/v2\/product\/17577\/revisions"}],"wp:featuredmedia":[{"embeddable":true,"href":"https:\/\/agoravape.com\/es\/wp-json\/wp\/v2\/media\/17598"}],"wp:attachment":[{"href":"https:\/\/agoravape.com\/es\/wp-json\/wp\/v2\/media?parent=17577"}],"wp:term":[{"taxonomy":"product_brand","embeddable":true,"href":"https:\/\/agoravape.com\/es\/wp-json\/wp\/v2\/product_brand?post=17577"},{"taxonomy":"product_cat","embeddable":true,"href":"https:\/\/agoravape.com\/es\/wp-json\/wp\/v2\/product_cat?post=17577"},{"taxonomy":"product_tag","embeddable":true,"href":"https:\/\/agoravape.com\/es\/wp-json\/wp\/v2\/product_tag?post=17577"}],"curies":[{"name":"wp","href":"https:\/\/api.w.org\/{rel}","templated":true}]}}