{"id":17606,"date":"2025-10-18T19:36:37","date_gmt":"2025-10-18T11:36:37","guid":{"rendered":"https:\/\/green-grasshopper-921422.hostingersite.com\/?post_type=product&#038;p=17606"},"modified":"2026-01-19T22:00:34","modified_gmt":"2026-01-19T14:00:34","slug":"razz-bar-45000-caladas-vape","status":"publish","type":"product","link":"https:\/\/agoravape.com\/es\/product\/razz-bar-45000-puffs-vape\/","title":{"rendered":"Razz Bar 45000 caladas, vaporizador desechable de larga duraci\u00f3n | Gran cantidad de caladas, uso sencillo"},"content":{"rendered":"<h2 data-v-md-heading=\"what-is-special-about-razz-bar-45000-long-lasting-disposable-vapes\" data-v-md-line=\"3\"><img loading=\"lazy\" decoding=\"async\" class=\"aligncenter size-full wp-image-17629\" src=\"https:\/\/agoravape.com\/wp-content\/uploads\/2025\/10\/Razz-bar-45000-Puffs-Long-Lasting-Disposable-Vape_Agora_vape-6.webp\" alt=\"\" width=\"2000\" height=\"2000\" srcset=\"https:\/\/agoravape.com\/wp-content\/uploads\/2025\/10\/Razz-bar-45000-Puffs-Long-Lasting-Disposable-Vape_Agora_vape-6.webp 2000w, https:\/\/agoravape.com\/wp-content\/uploads\/2025\/10\/Razz-bar-45000-Puffs-Long-Lasting-Disposable-Vape_Agora_vape-6-600x600.webp 600w, https:\/\/agoravape.com\/wp-content\/uploads\/2025\/10\/Razz-bar-45000-Puffs-Long-Lasting-Disposable-Vape_Agora_vape-6-1200x1200.webp 1200w, https:\/\/agoravape.com\/wp-content\/uploads\/2025\/10\/Razz-bar-45000-Puffs-Long-Lasting-Disposable-Vape_Agora_vape-6-300x300.webp 300w, https:\/\/agoravape.com\/wp-content\/uploads\/2025\/10\/Razz-bar-45000-Puffs-Long-Lasting-Disposable-Vape_Agora_vape-6-1024x1024.webp 1024w, https:\/\/agoravape.com\/wp-content\/uploads\/2025\/10\/Razz-bar-45000-Puffs-Long-Lasting-Disposable-Vape_Agora_vape-6-150x150.webp 150w, https:\/\/agoravape.com\/wp-content\/uploads\/2025\/10\/Razz-bar-45000-Puffs-Long-Lasting-Disposable-Vape_Agora_vape-6-768x768.webp 768w, https:\/\/agoravape.com\/wp-content\/uploads\/2025\/10\/Razz-bar-45000-Puffs-Long-Lasting-Disposable-Vape_Agora_vape-6-1536x1536.webp 1536w\" sizes=\"auto, (max-width: 2000px) 100vw, 2000px\" \/><\/h2>\n<h2 data-v-md-heading=\"what-is-special-about-razz-bar-45000-long-lasting-disposable-vapes\" data-v-md-line=\"3\">\u00bfQu\u00e9 tienen de especial los vapes desechables de larga duraci\u00f3n Razz Bar 45000?<\/h2>\n<p data-v-md-line=\"4\">Si est\u00e1s cansado de los vapes desechables que se rompen los viernes, este producto seguro que te llamar\u00e1 la atenci\u00f3n. El vapeador Razz Bar 45000 est\u00e1 dise\u00f1ado para quienes buscan simplicidad, durabilidad y precio asequible. Sin botones ni men\u00fa, solo desliza suavemente para disfrutar.<\/p>\n<p data-v-md-line=\"6\">Un simple recordatorio: La capacidad nominal de 45\u00a0000 puertos es bastante impresionante. Est\u00e1 dise\u00f1ada para un uso prolongado y es ideal para usuarios habituales que no desean cambiar de dispositivo cada pocos d\u00edas. Si reside en la UE, necesita la opci\u00f3n de un 2\u00a0% de contenido de nicotina y debe consultar la normativa local. Los vapeadores de alta gama suelen superar el l\u00edmite est\u00e1ndar de TPD para vapeadores desechables precargados, por lo que la disponibilidad puede variar seg\u00fan el pa\u00eds o la regi\u00f3n.<\/p>\n<h2 data-v-md-heading=\"excellent-performance-easy-and-convenient\" data-v-md-line=\"8\">Excellent performance, easy and convenient<\/h2>\n<p data-v-md-line=\"9\">Disfruta de un sabor constante desde el primer bocado hasta el \u00faltimo. El n\u00facleo atomizador mantiene el vapor uniforme, as\u00ed que no te aburrir\u00e1s ni una semana despu\u00e9s. Solo dale una calada para activarlo y comenzar tu experiencia exclusiva. Para cargar la bater\u00eda, solo necesitas un cable USB est\u00e1ndar. Simple y pr\u00e1ctico.<\/p>\n<h2 data-v-md-heading=\"specification-introduction\" data-v-md-line=\"11\">Specification Introduction<\/h2>\n<p data-v-md-line=\"12\"><strong>N\u00famero de succiones<\/strong>:hasta 45000 succiones<br \/>\n<strong>Contenido de nicotina<\/strong>:2% y 5% opcional<br \/>\n<strong>Uso<\/strong>:Toma una bocanada para activar<br \/>\n<strong>Cargando<\/strong>: Interfaz de carga USB est\u00e1ndar<br \/>\n<strong>Estado<\/strong>Listo para usar al desempaquetarlo<\/p>\n<h2 data-v-md-heading=\"multiple-flavor-options\" data-v-md-line=\"18\">Multiple flavor options<\/h2>\n<ul data-v-md-line=\"19\">\n<li>Sabor a sangre de tigre<\/li>\n<li>Strawberry Ice<\/li>\n<li>Strawberry and banana flavor<\/li>\n<li>Sabor de ensue\u00f1o de verano<\/li>\n<li>Sabor a frutas tropicales<\/li>\n<li>Pista de hielo azul<\/li>\n<li>Peach Ice<\/li>\n<li>Helado de fresa, frambuesa y cereza<\/li>\n<li>Watermelon Ice<\/li>\n<li>Drag\u00f3n Negro de Hielo<\/li>\n<li>Amor 66<\/li>\n<li>Sabor a fruta extra\u00f1a de fresa<\/li>\n<li>Sabor a Coca-Cola de cereza<\/li>\n<li>Sabor a pi\u00f1a y coco<\/li>\n<li>Sabor a lim\u00f3n y lima<\/li>\n<li>Se\u00f1or Sabor Azul<\/li>\n<\/ul>\n<h2 data-v-md-heading=\"born-for-you-and-your-business\" data-v-md-line=\"36\">Nacido para ti y tu negocio<\/h2>\n<p data-v-md-line=\"37\">Puedes comprar el e-l\u00edquido Razz Bar por 45\u00a0000 caladas para uso personal o para tu tienda. La caja de cart\u00f3n al por mayor contiene 200 unidades, lo que te facilita la planificaci\u00f3n de tus existencias. Ofrecemos servicios de entrega DDP a trav\u00e9s de socios de confianza como UPS, DPD y DHL, lo que permite procesar los aranceles con antelaci\u00f3n para evitar imprevistos en la aduana.<\/p>\n<p data-v-md-line=\"39\">Otro consejo pr\u00e1ctico: Seg\u00fan la normativa de la UE, la capacidad m\u00e1xima del l\u00edquido desechable preinstalado es de 2 mililitros y el contenido m\u00e1ximo de nicotina es de 20 miligramos por mililitro. El 2 % de las opciones cumple con el l\u00edmite de contenido de nicotina. Es posible que las especificaciones y la capacidad del equipo no cumplan con los requisitos de todos los mercados de la UE, por lo que le recomendamos consultar la normativa local o a nuestro equipo antes de realizar pedidos al por mayor.<\/p>\n<h2 data-v-md-heading=\"why-do-you-like-it\" data-v-md-line=\"41\">Why do you like it<\/h2>\n<p data-v-md-line=\"42\"><strong>Succi\u00f3n masiva<\/strong>:Dura m\u00e1s, por lo que no es necesario comprar otros nuevos con frecuencia.<br \/>\n<strong>Selecci\u00f3n de la concentraci\u00f3n de nicotina<\/strong>:Elige la concentraci\u00f3n que se adapte a tus h\u00e1bitos diarios.<br \/>\n<strong>Recargable<\/strong>:Puedes utilizar cualquier e-l\u00edquido adquirido.<br \/>\n<strong>Rendimiento estable de la bobina<\/strong>:El sabor es siempre suave.<\/p>\n<h2 data-v-md-heading=\"why-collaborate-with-agoravape\" data-v-md-line=\"47\">Why collaborate with AgoraVape?<\/h2>\n<p data-v-md-line=\"48\">Solo vendemos productos originales y no tenemos ninguna duda al respecto. Los clientes comerciales pueden disfrutar de precios al por mayor con descuento, soporte confiable y entrega r\u00e1pida DDP en toda Europa para los vapeadores desechables de larga duraci\u00f3n Razz Bar 45000. Si necesita asesoramiento sobre el cumplimiento normativo o combinaciones de sabores, cont\u00e1ctenos. Nos comprometemos a crear productos que sus clientes querr\u00e1n volver a probar.<\/p>","protected":false},"excerpt":{"rendered":"<p>&nbsp;<\/p>\n<p><script src=\"chrome-extension:\/\/fpelahbljekknahkcaegamhcndkfpfnc\/iFrame.js\" type=\"text\/javascript\"><\/script><\/p>\n<p><script src=\"chrome-extension:\/\/fpelahbljekknahkcaegamhcndkfpfnc\/iFrame.js\" type=\"text\/javascript\"><\/script><\/p>\n<p><script src=\"chrome-extension:\/\/fpelahbljekknahkcaegamhcndkfpfnc\/iFrame.js\" type=\"text\/javascript\"><\/script><\/p>\n<p><script src=\"chrome-extension:\/\/fpelahbljekknahkcaegamhcndkfpfnc\/iFrame.js\" type=\"text\/javascript\"><\/script><\/p>\n<p><script src=\"chrome-extension:\/\/fpelahbljekknahkcaegamhcndkfpfnc\/iFrame.js\" type=\"text\/javascript\"><\/script><\/p>\n<p><script src=\"chrome-extension:\/\/fpelahbljekknahkcaegamhcndkfpfnc\/iFrame.js\" type=\"text\/javascript\"><\/script><\/p>\n<p><script src=\"chrome-extension:\/\/fpelahbljekknahkcaegamhcndkfpfnc\/iFrame.js\" type=\"text\/javascript\"><\/script><\/p>\n<p><script src=\"chrome-extension:\/\/fpelahbljekknahkcaegamhcndkfpfnc\/iFrame.js\" type=\"text\/javascript\"><\/script><\/p>\n<p><script src=\"chrome-extension:\/\/fpelahbljekknahkcaegamhcndkfpfnc\/iFrame.js\" type=\"text\/javascript\"><\/script><\/p>\n<p><script src=\"chrome-extension:\/\/fpelahbljekknahkcaegamhcndkfpfnc\/iFrame.js\" type=\"text\/javascript\"><\/script><\/p>\n<p><script src=\"chrome-extension:\/\/fpelahbljekknahkcaegamhcndkfpfnc\/iFrame.js\" type=\"text\/javascript\"><\/script><\/p>\n<p><script src=\"chrome-extension:\/\/fpelahbljekknahkcaegamhcndkfpfnc\/iFrame.js\" type=\"text\/javascript\"><\/script><\/p>\n<p><script src=\"chrome-extension:\/\/fpelahbljekknahkcaegamhcndkfpfnc\/iFrame.js\" type=\"text\/javascript\"><\/script><\/p>\n<p><script src=\"chrome-extension:\/\/fpelahbljekknahkcaegamhcndkfpfnc\/iFrame.js\" type=\"text\/javascript\"><\/script><\/p>\n<p><script src=\"chrome-extension:\/\/fpelahbljekknahkcaegamhcndkfpfnc\/iFrame.js\" type=\"text\/javascript\"><\/script><\/p>\n<p><script src=\"chrome-extension:\/\/fpelahbljekknahkcaegamhcndkfpfnc\/iFrame.js\" type=\"text\/javascript\"><\/script><\/p>","protected":false},"featured_media":17632,"comment_status":"open","ping_status":"closed","template":"","meta":[],"product_brand":[236],"product_cat":[124,185,189,1640,194,174,175,193,163,191,173,186,180,190,192],"product_tag":[],"class_list":{"0":"post-17606","1":"product","2":"type-product","3":"status-publish","4":"has-post-thumbnail","6":"product_brand-razz-bar","7":"product_cat-vape-by-brand","8":"product_cat-10000-puffs-high-capacity","9":"product_cat-20mg-standard-nicotine-vapes","10":"product_cat-45000-puffs","11":"product_cat-adjustable-airflow","12":"product_cat-fruit-flavors","13":"product_cat-icy-mint","14":"product_cat-mesh-coil","15":"product_cat-razz-bar","16":"product_cat-rechargeable-disposables","17":"product_cat-vape-by-flavor-profile","18":"product_cat-vape-by-nicotine-strength","19":"product_cat-vape-by-puff-count","20":"product_cat-vape-by-feature-or-type","21":"product_cat-vapes-with-screens","23":"first","24":"onbackorder","25":"shipping-taxable","26":"purchasable","27":"product-type-variable","28":"has-default-attributes"},"tiered_pricing_type":"percentage","tiered_pricing_fixed_rules":[],"tiered_pricing_product_settings":{"layout":"default","base_unit_name":{"singular":null,"plural":null},"default_variation":null},"tiered_pricing_minimum_quantity":50,"tiered_pricing_roles_data":[],"tiered_pricing_percentage_rules":{"100":"40","200":"44","500":"47","1000":"49"},"tiered_pricing_maximum_quantity":null,"tiered_pricing_quantity_step":"10","_links":{"self":[{"href":"https:\/\/agoravape.com\/es\/wp-json\/wp\/v2\/product\/17606","targetHints":{"allow":["GET"]}}],"collection":[{"href":"https:\/\/agoravape.com\/es\/wp-json\/wp\/v2\/product"}],"about":[{"href":"https:\/\/agoravape.com\/es\/wp-json\/wp\/v2\/types\/product"}],"replies":[{"embeddable":true,"href":"https:\/\/agoravape.com\/es\/wp-json\/wp\/v2\/comments?post=17606"}],"version-history":[{"count":0,"href":"https:\/\/agoravape.com\/es\/wp-json\/wp\/v2\/product\/17606\/revisions"}],"wp:featuredmedia":[{"embeddable":true,"href":"https:\/\/agoravape.com\/es\/wp-json\/wp\/v2\/media\/17632"}],"wp:attachment":[{"href":"https:\/\/agoravape.com\/es\/wp-json\/wp\/v2\/media?parent=17606"}],"wp:term":[{"taxonomy":"product_brand","embeddable":true,"href":"https:\/\/agoravape.com\/es\/wp-json\/wp\/v2\/product_brand?post=17606"},{"taxonomy":"product_cat","embeddable":true,"href":"https:\/\/agoravape.com\/es\/wp-json\/wp\/v2\/product_cat?post=17606"},{"taxonomy":"product_tag","embeddable":true,"href":"https:\/\/agoravape.com\/es\/wp-json\/wp\/v2\/product_tag?post=17606"}],"curies":[{"name":"wp","href":"https:\/\/api.w.org\/{rel}","templated":true}]}}